{"id":44474,"date":"2022-12-11T11:32:54","date_gmt":"2022-12-11T11:32:54","guid":{"rendered":"https:\/\/kindaj.com\/?post_type=product&#038;p=44474"},"modified":"2025-12-21T11:34:40","modified_gmt":"2025-12-21T11:34:40","slug":"30-przepisow-do-cookby-sniadanie-obiad-i-kolacja-dla-dzieci-rozszerzajacych-diete","status":"publish","type":"product","link":"https:\/\/kindaj.com\/pl\/sklep\/produkty-cyfrowe\/30-przepisow-do-cookby-sniadanie-obiad-i-kolacja-dla-dzieci-rozszerzajacych-diete\/","title":{"rendered":"30 przepis\u00f3w do cookby. \u015aniadanie, obiad i kolacja dla dzieci rozszerzaj\u0105cych diet\u0119."},"content":{"rendered":"<p>\u201e30 przepis\u00f3w do cookby. \u015aniadanie, obiad i kolacja dla dzieci rozszerzaj\u0105cych diet\u0119\u201d to ksi\u0105\u017cka w formie cyfrowej posiadaj\u0105ca 38 stron. Jest kontynuacj\u0105 pierwszego eBooka &#8222;<a href=\"https:\/\/kindaj.com\/pl\/sklep\/produkty-cyfrowe\/jak-rozszerzac-diete-niemowlaka-dzien-po-dniu-50-pierwszych-dni\/\">Jak rozszerza\u0107 diet\u0119 niemowlaka dzie\u0144 po dniu (&#8230;)<\/a>&#8221; wprowadzaj\u0105cego do rozszerzania diety i zawiera a\u017c 30 gotowych przepis\u00f3w do przygotowania w robocie gotuj\u0105cym <a href=\"https:\/\/kindaj.com\/pl\/sklep\/by\/robot-kuchenny-do-gotowania-na-parze-kindaj-cookby\/\">kindaj cookby<\/a>. Przepisy zaprezentowane w tym eBooku sa\u0328 przeznaczone do stworzenia ro\u0301z\u0307norodnych posi\u0142ko\u0301w dla dzieci rozszerzaja\u0328cych diete\u0328, kto\u0301re przesz\u0142y pomys\u0301lnie pierwszy etap rozszerzania diety &#8211; wykluczenie reakcji alergicznych. Wszystkie przepisy zaproponowane w tym eBooku przyrza\u0328dzisz w \u0142atwy sposo\u0301b w robocie gotuja\u0328cym na parze kindaj cookby ze sk\u0142adniko\u0301w doste\u0328pnych praktycznie w kaz\u0307dym sklepie. Znaczna wie\u0328kszos\u0301c\u0301 prezentowanych posi\u0142ko\u0301w jest gotowa do podania od razu.<\/p>\n<p>eBooka otrzymujesz w formacie PDF na podany przy zakupie adres e-mail. Pobierz go na swoje urz\u0105dzenie i korzystaj tyle ile potrzebujesz.<\/p>\n","protected":false},"excerpt":{"rendered":"<p>\u201e30 przepis\u00f3w do cookby. \u015aniadanie, obiad i kolacja dla dzieci rozszerzaj\u0105cych diet\u0119\u201d to ksi\u0105\u017cka w formie cyfrowej posiadaj\u0105ca 38 stron. Jest kontynuacj\u0105 pierwszego eBooka &#8222;Jak rozszerza\u0107 diet\u0119 niemowlaka dzie\u0144 po dniu (&#8230;)&#8221; wprowadzaj\u0105cego do rozszerzania diety i zawiera a\u017c 30 gotowych przepis\u00f3w do przygotowania w robocie gotuj\u0105cym kindaj cookby. Przepisy zaprezentowane w tym eBooku sa\u0328 [&hellip;]<\/p>\n","protected":false},"featured_media":44529,"template":"","meta":{"_acf_changed":false},"product_brand":[],"product_cat":[410],"product_tag":[],"class_list":{"0":"post-44474","1":"product","2":"type-product","3":"status-publish","4":"has-post-thumbnail","6":"product_cat-produkty-cyfrowe","8":"first","9":"instock","10":"downloadable","11":"virtual","12":"taxable","13":"purchasable","14":"product-type-simple"},"acf":[],"yoast_head":"<!-- This site is optimized with the Yoast SEO plugin v27.2 - https:\/\/yoast.com\/product\/yoast-seo-wordpress\/ -->\n<title>kindaj - 30 przepis\u00f3w do cookby. \u015aniadanie, obiad i kolacja - eBook<\/title>\n<meta name=\"description\" content=\"Sprawd\u017a eBooka 30 przepis\u00f3w do cookby. \u015aniadanie, obiad i kolacja dla dzieci rozszerzaj\u0105cych diet\u0119. Gotuj proste przepisy w robocie gotuj\u0105cym kindaj cookby.\" \/>\n<meta name=\"robots\" content=\"index, follow, max-snippet:-1, max-image-preview:large, max-video-preview:-1\" \/>\n<link rel=\"canonical\" href=\"https:\/\/kindaj.com\/pl\/sklep\/produkty-cyfrowe\/30-przepisow-do-cookby-sniadanie-obiad-i-kolacja-dla-dzieci-rozszerzajacych-diete\/\" \/>\n<meta property=\"og:locale\" content=\"pl_PL\" \/>\n<meta property=\"og:type\" content=\"article\" \/>\n<meta property=\"og:title\" content=\"kindaj - 30 przepis\u00f3w do cookby. \u015aniadanie, obiad i kolacja - eBook\" \/>\n<meta property=\"og:description\" content=\"Sprawd\u017a eBooka 30 przepis\u00f3w do cookby. \u015aniadanie, obiad i kolacja dla dzieci rozszerzaj\u0105cych diet\u0119. Gotuj proste przepisy w robocie gotuj\u0105cym kindaj cookby.\" \/>\n<meta property=\"og:url\" content=\"https:\/\/kindaj.com\/pl\/sklep\/produkty-cyfrowe\/30-przepisow-do-cookby-sniadanie-obiad-i-kolacja-dla-dzieci-rozszerzajacych-diete\/\" \/>\n<meta property=\"og:site_name\" content=\"kindaj\" \/>\n<meta property=\"article:modified_time\" content=\"2025-12-21T11:34:40+00:00\" \/>\n<meta property=\"og:image\" content=\"https:\/\/kindaj.com\/wp-content\/uploads\/2022\/12\/okladka-z-ramka\u0328-ebook-30-przepiso\u0301w-do-cookby.png\" \/>\n\t<meta property=\"og:image:width\" content=\"1178\" \/>\n\t<meta property=\"og:image:height\" content=\"1172\" \/>\n\t<meta property=\"og:image:type\" content=\"image\/png\" \/>\n<meta name=\"twitter:card\" content=\"summary_large_image\" \/>\n<meta name=\"twitter:label1\" content=\"Szacowany czas czytania\" \/>\n\t<meta name=\"twitter:data1\" content=\"1 minuta\" \/>\n<script type=\"application\/ld+json\" class=\"yoast-schema-graph\">{\"@context\":\"https:\/\/schema.org\",\"@graph\":[{\"@type\":\"WebPage\",\"@id\":\"https:\/\/kindaj.com\/pl\/sklep\/produkty-cyfrowe\/30-przepisow-do-cookby-sniadanie-obiad-i-kolacja-dla-dzieci-rozszerzajacych-diete\/\",\"url\":\"https:\/\/kindaj.com\/pl\/sklep\/produkty-cyfrowe\/30-przepisow-do-cookby-sniadanie-obiad-i-kolacja-dla-dzieci-rozszerzajacych-diete\/\",\"name\":\"kindaj - 30 przepis\u00f3w do cookby. \u015aniadanie, obiad i kolacja - eBook\",\"isPartOf\":{\"@id\":\"https:\/\/kindaj.com\/pl\/#website\"},\"primaryImageOfPage\":{\"@id\":\"https:\/\/kindaj.com\/pl\/sklep\/produkty-cyfrowe\/30-przepisow-do-cookby-sniadanie-obiad-i-kolacja-dla-dzieci-rozszerzajacych-diete\/#primaryimage\"},\"image\":{\"@id\":\"https:\/\/kindaj.com\/pl\/sklep\/produkty-cyfrowe\/30-przepisow-do-cookby-sniadanie-obiad-i-kolacja-dla-dzieci-rozszerzajacych-diete\/#primaryimage\"},\"thumbnailUrl\":\"https:\/\/i0.wp.com\/kindaj.com\/wp-content\/uploads\/2022\/12\/okladka-z-ramka%CC%A8-ebook-30-przepiso%CC%81w-do-cookby.png?fit=1178%2C1172&ssl=1\",\"datePublished\":\"2022-12-11T11:32:54+00:00\",\"dateModified\":\"2025-12-21T11:34:40+00:00\",\"description\":\"Sprawd\u017a eBooka 30 przepis\u00f3w do cookby. \u015aniadanie, obiad i kolacja dla dzieci rozszerzaj\u0105cych diet\u0119. Gotuj proste przepisy w robocie gotuj\u0105cym kindaj cookby.\",\"breadcrumb\":{\"@id\":\"https:\/\/kindaj.com\/pl\/sklep\/produkty-cyfrowe\/30-przepisow-do-cookby-sniadanie-obiad-i-kolacja-dla-dzieci-rozszerzajacych-diete\/#breadcrumb\"},\"inLanguage\":\"pl-PL\",\"potentialAction\":[{\"@type\":\"ReadAction\",\"target\":[\"https:\/\/kindaj.com\/pl\/sklep\/produkty-cyfrowe\/30-przepisow-do-cookby-sniadanie-obiad-i-kolacja-dla-dzieci-rozszerzajacych-diete\/\"]}]},{\"@type\":\"ImageObject\",\"inLanguage\":\"pl-PL\",\"@id\":\"https:\/\/kindaj.com\/pl\/sklep\/produkty-cyfrowe\/30-przepisow-do-cookby-sniadanie-obiad-i-kolacja-dla-dzieci-rozszerzajacych-diete\/#primaryimage\",\"url\":\"https:\/\/i0.wp.com\/kindaj.com\/wp-content\/uploads\/2022\/12\/okladka-z-ramka%CC%A8-ebook-30-przepiso%CC%81w-do-cookby.png?fit=1178%2C1172&ssl=1\",\"contentUrl\":\"https:\/\/i0.wp.com\/kindaj.com\/wp-content\/uploads\/2022\/12\/okladka-z-ramka%CC%A8-ebook-30-przepiso%CC%81w-do-cookby.png?fit=1178%2C1172&ssl=1\",\"width\":1178,\"height\":1172,\"caption\":\"30 przepis\u00f3w do kindaj cookby. \u015aniadanie, obiad i kolacja dla dzieci rozszerzaj\u0105cych diet\u0119. ok\u0142adka\"},{\"@type\":\"BreadcrumbList\",\"@id\":\"https:\/\/kindaj.com\/pl\/sklep\/produkty-cyfrowe\/30-przepisow-do-cookby-sniadanie-obiad-i-kolacja-dla-dzieci-rozszerzajacych-diete\/#breadcrumb\",\"itemListElement\":[{\"@type\":\"ListItem\",\"position\":1,\"name\":\"strona g\u0142\u00f3wna\",\"item\":\"https:\/\/kindaj.com\/pl\/\"},{\"@type\":\"ListItem\",\"position\":2,\"name\":\"sklep\",\"item\":\"https:\/\/kindaj.com\/pl\/sklep\/\"},{\"@type\":\"ListItem\",\"position\":3,\"name\":\"produkty cyfrowe\",\"item\":\"https:\/\/kindaj.com\/pl\/kategoria-produktu\/produkty-cyfrowe\/\"},{\"@type\":\"ListItem\",\"position\":4,\"name\":\"30 przepis\u00f3w do cookby. \u015aniadanie, obiad i kolacja dla dzieci rozszerzaj\u0105cych diet\u0119.\"}]},{\"@type\":\"WebSite\",\"@id\":\"https:\/\/kindaj.com\/pl\/#website\",\"url\":\"https:\/\/kindaj.com\/pl\/\",\"name\":\"kindaj\",\"description\":\"minimalistyczne produkty dla dzieci i niemowl\u0105t\",\"publisher\":{\"@id\":\"https:\/\/kindaj.com\/pl\/#organization\"},\"potentialAction\":[{\"@type\":\"SearchAction\",\"target\":{\"@type\":\"EntryPoint\",\"urlTemplate\":\"https:\/\/kindaj.com\/pl\/?s={search_term_string}\"},\"query-input\":{\"@type\":\"PropertyValueSpecification\",\"valueRequired\":true,\"valueName\":\"search_term_string\"}}],\"inLanguage\":\"pl-PL\"},{\"@type\":\"Organization\",\"@id\":\"https:\/\/kindaj.com\/pl\/#organization\",\"name\":\"kindaj.com\",\"url\":\"https:\/\/kindaj.com\/pl\/\",\"logo\":{\"@type\":\"ImageObject\",\"inLanguage\":\"pl-PL\",\"@id\":\"https:\/\/kindaj.com\/pl\/#\/schema\/logo\/image\/\",\"url\":\"https:\/\/i0.wp.com\/kindaj.com\/wp-content\/uploads\/2021\/02\/kindaj_logo.jpg?fit=2000%2C2000&ssl=1\",\"contentUrl\":\"https:\/\/i0.wp.com\/kindaj.com\/wp-content\/uploads\/2021\/02\/kindaj_logo.jpg?fit=2000%2C2000&ssl=1\",\"width\":2000,\"height\":2000,\"caption\":\"kindaj.com\"},\"image\":{\"@id\":\"https:\/\/kindaj.com\/pl\/#\/schema\/logo\/image\/\"}}]}<\/script>\n<!-- \/ Yoast SEO plugin. -->","yoast_head_json":{"title":"kindaj - 30 przepis\u00f3w do cookby. \u015aniadanie, obiad i kolacja - eBook","description":"Sprawd\u017a eBooka 30 przepis\u00f3w do cookby. \u015aniadanie, obiad i kolacja dla dzieci rozszerzaj\u0105cych diet\u0119. Gotuj proste przepisy w robocie gotuj\u0105cym kindaj cookby.","robots":{"index":"index","follow":"follow","max-snippet":"max-snippet:-1","max-image-preview":"max-image-preview:large","max-video-preview":"max-video-preview:-1"},"canonical":"https:\/\/kindaj.com\/pl\/sklep\/produkty-cyfrowe\/30-przepisow-do-cookby-sniadanie-obiad-i-kolacja-dla-dzieci-rozszerzajacych-diete\/","og_locale":"pl_PL","og_type":"article","og_title":"kindaj - 30 przepis\u00f3w do cookby. \u015aniadanie, obiad i kolacja - eBook","og_description":"Sprawd\u017a eBooka 30 przepis\u00f3w do cookby. \u015aniadanie, obiad i kolacja dla dzieci rozszerzaj\u0105cych diet\u0119. Gotuj proste przepisy w robocie gotuj\u0105cym kindaj cookby.","og_url":"https:\/\/kindaj.com\/pl\/sklep\/produkty-cyfrowe\/30-przepisow-do-cookby-sniadanie-obiad-i-kolacja-dla-dzieci-rozszerzajacych-diete\/","og_site_name":"kindaj","article_modified_time":"2025-12-21T11:34:40+00:00","og_image":[{"width":1178,"height":1172,"url":"https:\/\/kindaj.com\/wp-content\/uploads\/2022\/12\/okladka-z-ramka\u0328-ebook-30-przepiso\u0301w-do-cookby.png","type":"image\/png"}],"twitter_card":"summary_large_image","twitter_misc":{"Szacowany czas czytania":"1 minuta"},"schema":{"@context":"https:\/\/schema.org","@graph":[{"@type":"WebPage","@id":"https:\/\/kindaj.com\/pl\/sklep\/produkty-cyfrowe\/30-przepisow-do-cookby-sniadanie-obiad-i-kolacja-dla-dzieci-rozszerzajacych-diete\/","url":"https:\/\/kindaj.com\/pl\/sklep\/produkty-cyfrowe\/30-przepisow-do-cookby-sniadanie-obiad-i-kolacja-dla-dzieci-rozszerzajacych-diete\/","name":"kindaj - 30 przepis\u00f3w do cookby. \u015aniadanie, obiad i kolacja - eBook","isPartOf":{"@id":"https:\/\/kindaj.com\/pl\/#website"},"primaryImageOfPage":{"@id":"https:\/\/kindaj.com\/pl\/sklep\/produkty-cyfrowe\/30-przepisow-do-cookby-sniadanie-obiad-i-kolacja-dla-dzieci-rozszerzajacych-diete\/#primaryimage"},"image":{"@id":"https:\/\/kindaj.com\/pl\/sklep\/produkty-cyfrowe\/30-przepisow-do-cookby-sniadanie-obiad-i-kolacja-dla-dzieci-rozszerzajacych-diete\/#primaryimage"},"thumbnailUrl":"https:\/\/i0.wp.com\/kindaj.com\/wp-content\/uploads\/2022\/12\/okladka-z-ramka%CC%A8-ebook-30-przepiso%CC%81w-do-cookby.png?fit=1178%2C1172&ssl=1","datePublished":"2022-12-11T11:32:54+00:00","dateModified":"2025-12-21T11:34:40+00:00","description":"Sprawd\u017a eBooka 30 przepis\u00f3w do cookby. \u015aniadanie, obiad i kolacja dla dzieci rozszerzaj\u0105cych diet\u0119. Gotuj proste przepisy w robocie gotuj\u0105cym kindaj cookby.","breadcrumb":{"@id":"https:\/\/kindaj.com\/pl\/sklep\/produkty-cyfrowe\/30-przepisow-do-cookby-sniadanie-obiad-i-kolacja-dla-dzieci-rozszerzajacych-diete\/#breadcrumb"},"inLanguage":"pl-PL","potentialAction":[{"@type":"ReadAction","target":["https:\/\/kindaj.com\/pl\/sklep\/produkty-cyfrowe\/30-przepisow-do-cookby-sniadanie-obiad-i-kolacja-dla-dzieci-rozszerzajacych-diete\/"]}]},{"@type":"ImageObject","inLanguage":"pl-PL","@id":"https:\/\/kindaj.com\/pl\/sklep\/produkty-cyfrowe\/30-przepisow-do-cookby-sniadanie-obiad-i-kolacja-dla-dzieci-rozszerzajacych-diete\/#primaryimage","url":"https:\/\/i0.wp.com\/kindaj.com\/wp-content\/uploads\/2022\/12\/okladka-z-ramka%CC%A8-ebook-30-przepiso%CC%81w-do-cookby.png?fit=1178%2C1172&ssl=1","contentUrl":"https:\/\/i0.wp.com\/kindaj.com\/wp-content\/uploads\/2022\/12\/okladka-z-ramka%CC%A8-ebook-30-przepiso%CC%81w-do-cookby.png?fit=1178%2C1172&ssl=1","width":1178,"height":1172,"caption":"30 przepis\u00f3w do kindaj cookby. \u015aniadanie, obiad i kolacja dla dzieci rozszerzaj\u0105cych diet\u0119. ok\u0142adka"},{"@type":"BreadcrumbList","@id":"https:\/\/kindaj.com\/pl\/sklep\/produkty-cyfrowe\/30-przepisow-do-cookby-sniadanie-obiad-i-kolacja-dla-dzieci-rozszerzajacych-diete\/#breadcrumb","itemListElement":[{"@type":"ListItem","position":1,"name":"strona g\u0142\u00f3wna","item":"https:\/\/kindaj.com\/pl\/"},{"@type":"ListItem","position":2,"name":"sklep","item":"https:\/\/kindaj.com\/pl\/sklep\/"},{"@type":"ListItem","position":3,"name":"produkty cyfrowe","item":"https:\/\/kindaj.com\/pl\/kategoria-produktu\/produkty-cyfrowe\/"},{"@type":"ListItem","position":4,"name":"30 przepis\u00f3w do cookby. \u015aniadanie, obiad i kolacja dla dzieci rozszerzaj\u0105cych diet\u0119."}]},{"@type":"WebSite","@id":"https:\/\/kindaj.com\/pl\/#website","url":"https:\/\/kindaj.com\/pl\/","name":"kindaj","description":"minimalistyczne produkty dla dzieci i niemowl\u0105t","publisher":{"@id":"https:\/\/kindaj.com\/pl\/#organization"},"potentialAction":[{"@type":"SearchAction","target":{"@type":"EntryPoint","urlTemplate":"https:\/\/kindaj.com\/pl\/?s={search_term_string}"},"query-input":{"@type":"PropertyValueSpecification","valueRequired":true,"valueName":"search_term_string"}}],"inLanguage":"pl-PL"},{"@type":"Organization","@id":"https:\/\/kindaj.com\/pl\/#organization","name":"kindaj.com","url":"https:\/\/kindaj.com\/pl\/","logo":{"@type":"ImageObject","inLanguage":"pl-PL","@id":"https:\/\/kindaj.com\/pl\/#\/schema\/logo\/image\/","url":"https:\/\/i0.wp.com\/kindaj.com\/wp-content\/uploads\/2021\/02\/kindaj_logo.jpg?fit=2000%2C2000&ssl=1","contentUrl":"https:\/\/i0.wp.com\/kindaj.com\/wp-content\/uploads\/2021\/02\/kindaj_logo.jpg?fit=2000%2C2000&ssl=1","width":2000,"height":2000,"caption":"kindaj.com"},"image":{"@id":"https:\/\/kindaj.com\/pl\/#\/schema\/logo\/image\/"}}]}},"jetpack_sharing_enabled":true,"_links":{"self":[{"href":"https:\/\/kindaj.com\/pl\/wp-json\/wp\/v2\/product\/44474","targetHints":{"allow":["GET"]}}],"collection":[{"href":"https:\/\/kindaj.com\/pl\/wp-json\/wp\/v2\/product"}],"about":[{"href":"https:\/\/kindaj.com\/pl\/wp-json\/wp\/v2\/types\/product"}],"version-history":[{"count":0,"href":"https:\/\/kindaj.com\/pl\/wp-json\/wp\/v2\/product\/44474\/revisions"}],"wp:featuredmedia":[{"embeddable":true,"href":"https:\/\/kindaj.com\/pl\/wp-json\/wp\/v2\/media\/44529"}],"wp:attachment":[{"href":"https:\/\/kindaj.com\/pl\/wp-json\/wp\/v2\/media?parent=44474"}],"wp:term":[{"taxonomy":"product_brand","embeddable":true,"href":"https:\/\/kindaj.com\/pl\/wp-json\/wp\/v2\/product_brand?post=44474"},{"taxonomy":"product_cat","embeddable":true,"href":"https:\/\/kindaj.com\/pl\/wp-json\/wp\/v2\/product_cat?post=44474"},{"taxonomy":"product_tag","embeddable":true,"href":"https:\/\/kindaj.com\/pl\/wp-json\/wp\/v2\/product_tag?post=44474"}],"curies":[{"name":"wp","href":"https:\/\/api.w.org\/{rel}","templated":true}]}}