{"id":42153,"date":"2022-06-21T10:39:35","date_gmt":"2022-06-21T10:39:35","guid":{"rendered":"https:\/\/kindaj.com\/?post_type=product&#038;p=42153"},"modified":"2025-12-21T11:34:40","modified_gmt":"2025-12-21T11:34:40","slug":"jak-rozszerzac-diete-niemowlaka-dzien-po-dniu-50-pierwszych-dni","status":"publish","type":"product","link":"https:\/\/kindaj.com\/pl\/sklep\/produkty-cyfrowe\/jak-rozszerzac-diete-niemowlaka-dzien-po-dniu-50-pierwszych-dni\/","title":{"rendered":"Jak rozszerza\u0107 diet\u0119 niemowlaka dzie\u0144 po dniu. 50 pierwszych dni."},"content":{"rendered":"<p><span style=\"font-weight: 400;\">&#8222;Jak rozszerza\u0107 diet\u0119 niemowlaka dzie\u0144 po dniu. 50 pierwszych dni\u201d to ksi\u0105\u017cka w formie cyfrowej posiadaj\u0105ca 28 stron. Skierowana jest do rodzic\u00f3w rozpoczynaj\u0105cych przygod\u0119 z rozszerzaniem diety swojego dziecka, kt\u00f3rzy s\u0105 zieleni w tym temacie. <\/span><span style=\"font-weight: 400;\">Zadaniem tej ksi\u0105\u017cki jest ukazanie informacji niezb\u0119dnych do zrozumienia jak i kiedy rozpocz\u0105\u0107 rozszerzanie diety niemowlaka u zdrowego, urodzonego o czasie dziecka w kr\u00f3tki, przyswajalny spos\u00f3b oraz przeprowadzenie rodzica przez pierwsze 50 dni rozszerzania diety krok po kroku. <\/span><span style=\"font-weight: 400;\"><br \/>\n<\/span><span style=\"font-weight: 400;\">Cz\u0119\u015b\u0107 teoretyczn\u0105 stworzono na podstawie obowi\u0105zuj\u0105cych zalece\u0144 dotycz\u0105cych rozszerzania diety niemowlaka. Jest ona przedstawiona w formie pyta\u0144 i odpowiedzi dla \u0142atwiejszego przyswojenia informacji.<\/span><span style=\"font-weight: 400;\"><br \/>\n<\/span><span style=\"font-weight: 400;\">Cz\u0119\u015b\u0107 praktyczn\u0105 eBooka stworzono pod okiem dietetyka. Ma ona na celu poprowadzi\u0107 rodzica za r\u0119k\u0119 w pierwszych 50 dniach rozszerzania diety niemowlaka. Sk\u0142ada si\u0119 ona z tabeli (sk\u0142adniki i spos\u00f3b przygotowania rozpisane dzie\u0144 po dniu) oraz dodatkowych 6 przepis\u00f3w bogatych w sk\u0142adniki od\u017cywcze do przygotowania w robocie <a href=\"https:\/\/kindaj.com\/pl\/sklep\/by\/robot-kuchenny-do-gotowania-na-parze-kindaj-cookby\/\">kindaj cookby<\/a>.<\/span><\/p>\n<p><span style=\"font-weight: 400;\">eBooka otrzymujesz w formacie PDF na podany przy zakupie adres e-mail. Pobierz go na swoje urz\u0105dzenie i korzystaj tyle ile potrzebujesz.<\/span><\/p>\n","protected":false},"excerpt":{"rendered":"<p>&#8222;Jak rozszerza\u0107 diet\u0119 niemowlaka dzie\u0144 po dniu. 50 pierwszych dni\u201d to ksi\u0105\u017cka w formie cyfrowej posiadaj\u0105ca 28 stron. Skierowana jest do rodzic\u00f3w rozpoczynaj\u0105cych przygod\u0119 z rozszerzaniem diety swojego dziecka, kt\u00f3rzy s\u0105 zieleni w tym temacie. Zadaniem tej ksi\u0105\u017cki jest ukazanie informacji niezb\u0119dnych do zrozumienia jak i kiedy rozpocz\u0105\u0107 rozszerzanie diety niemowlaka u zdrowego, urodzonego o [&hellip;]<\/p>\n","protected":false},"featured_media":44520,"template":"","meta":{"_acf_changed":false},"product_brand":[],"product_cat":[410],"product_tag":[],"class_list":{"0":"post-42153","1":"product","2":"type-product","3":"status-publish","4":"has-post-thumbnail","6":"product_cat-produkty-cyfrowe","8":"first","9":"instock","10":"downloadable","11":"virtual","12":"taxable","13":"purchasable","14":"product-type-simple"},"acf":[],"yoast_head":"<!-- This site is optimized with the Yoast SEO plugin v27.2 - https:\/\/yoast.com\/product\/yoast-seo-wordpress\/ -->\n<title>Jak rozszerza\u0107 diet\u0119 niemowlaka dzie\u0144 po dniu | eBook | kindaj<\/title>\n<meta name=\"description\" content=\"Sprawd\u017a ebooka &quot;Jak rozszerza\u0107 diet\u0119 niemowlaka dzie\u0144 po dniu. 50 pierwszych dni.&quot; Dowiedz si\u0119 kiedy i jak zacz\u0105\u0107 rozszerza\u0107 diet\u0119 dziecka.\" \/>\n<meta name=\"robots\" content=\"index, follow, max-snippet:-1, max-image-preview:large, max-video-preview:-1\" \/>\n<link rel=\"canonical\" href=\"https:\/\/kindaj.com\/pl\/sklep\/produkty-cyfrowe\/jak-rozszerzac-diete-niemowlaka-dzien-po-dniu-50-pierwszych-dni\/\" \/>\n<meta property=\"og:locale\" content=\"pl_PL\" \/>\n<meta property=\"og:type\" content=\"article\" \/>\n<meta property=\"og:title\" content=\"Jak rozszerza\u0107 diet\u0119 niemowlaka dzie\u0144 po dniu. 50 pierwszych dni.\" \/>\n<meta property=\"og:description\" content=\"Sprawd\u017a ebooka &quot;Jak rozszerza\u0107 diet\u0119 niemowlaka dzie\u0144 po dniu. 50 pierwszych dni.&quot; Dowiedz si\u0119 kiedy i jak zacz\u0105\u0107 rozszerza\u0107 diet\u0119 dziecka.\" \/>\n<meta property=\"og:url\" content=\"https:\/\/kindaj.com\/pl\/sklep\/produkty-cyfrowe\/jak-rozszerzac-diete-niemowlaka-dzien-po-dniu-50-pierwszych-dni\/\" \/>\n<meta property=\"og:site_name\" content=\"kindaj\" \/>\n<meta property=\"article:modified_time\" content=\"2025-12-21T11:34:40+00:00\" \/>\n<meta property=\"og:image\" content=\"https:\/\/kindaj.com\/wp-content\/uploads\/2022\/06\/Projekt-bez-tytulu-3.png\" \/>\n\t<meta property=\"og:image:width\" content=\"1080\" \/>\n\t<meta property=\"og:image:height\" content=\"1080\" \/>\n\t<meta property=\"og:image:type\" content=\"image\/png\" \/>\n<meta name=\"twitter:card\" content=\"summary_large_image\" \/>\n<meta name=\"twitter:label1\" content=\"Szacowany czas czytania\" \/>\n\t<meta name=\"twitter:data1\" content=\"1 minuta\" \/>\n<script type=\"application\/ld+json\" class=\"yoast-schema-graph\">{\"@context\":\"https:\/\/schema.org\",\"@graph\":[{\"@type\":\"WebPage\",\"@id\":\"https:\/\/kindaj.com\/pl\/sklep\/produkty-cyfrowe\/jak-rozszerzac-diete-niemowlaka-dzien-po-dniu-50-pierwszych-dni\/\",\"url\":\"https:\/\/kindaj.com\/pl\/sklep\/produkty-cyfrowe\/jak-rozszerzac-diete-niemowlaka-dzien-po-dniu-50-pierwszych-dni\/\",\"name\":\"Jak rozszerza\u0107 diet\u0119 niemowlaka dzie\u0144 po dniu | eBook | kindaj\",\"isPartOf\":{\"@id\":\"https:\/\/kindaj.com\/pl\/#website\"},\"primaryImageOfPage\":{\"@id\":\"https:\/\/kindaj.com\/pl\/sklep\/produkty-cyfrowe\/jak-rozszerzac-diete-niemowlaka-dzien-po-dniu-50-pierwszych-dni\/#primaryimage\"},\"image\":{\"@id\":\"https:\/\/kindaj.com\/pl\/sklep\/produkty-cyfrowe\/jak-rozszerzac-diete-niemowlaka-dzien-po-dniu-50-pierwszych-dni\/#primaryimage\"},\"thumbnailUrl\":\"https:\/\/i0.wp.com\/kindaj.com\/wp-content\/uploads\/2022\/06\/okladka-z-ramka%CC%A8-ebook-jak-rozszerzac%CC%81-diete%CC%A8.png?fit=1178%2C1172&ssl=1\",\"datePublished\":\"2022-06-21T10:39:35+00:00\",\"dateModified\":\"2025-12-21T11:34:40+00:00\",\"description\":\"Sprawd\u017a ebooka \\\"Jak rozszerza\u0107 diet\u0119 niemowlaka dzie\u0144 po dniu. 50 pierwszych dni.\\\" Dowiedz si\u0119 kiedy i jak zacz\u0105\u0107 rozszerza\u0107 diet\u0119 dziecka.\",\"breadcrumb\":{\"@id\":\"https:\/\/kindaj.com\/pl\/sklep\/produkty-cyfrowe\/jak-rozszerzac-diete-niemowlaka-dzien-po-dniu-50-pierwszych-dni\/#breadcrumb\"},\"inLanguage\":\"pl-PL\",\"potentialAction\":[{\"@type\":\"ReadAction\",\"target\":[\"https:\/\/kindaj.com\/pl\/sklep\/produkty-cyfrowe\/jak-rozszerzac-diete-niemowlaka-dzien-po-dniu-50-pierwszych-dni\/\"]}]},{\"@type\":\"ImageObject\",\"inLanguage\":\"pl-PL\",\"@id\":\"https:\/\/kindaj.com\/pl\/sklep\/produkty-cyfrowe\/jak-rozszerzac-diete-niemowlaka-dzien-po-dniu-50-pierwszych-dni\/#primaryimage\",\"url\":\"https:\/\/i0.wp.com\/kindaj.com\/wp-content\/uploads\/2022\/06\/okladka-z-ramka%CC%A8-ebook-jak-rozszerzac%CC%81-diete%CC%A8.png?fit=1178%2C1172&ssl=1\",\"contentUrl\":\"https:\/\/i0.wp.com\/kindaj.com\/wp-content\/uploads\/2022\/06\/okladka-z-ramka%CC%A8-ebook-jak-rozszerzac%CC%81-diete%CC%A8.png?fit=1178%2C1172&ssl=1\",\"width\":1178,\"height\":1172,\"caption\":\"jak rozszerza\u0107 diet\u0119 niemowlaka dzie\u0144 po dniu. 50 pierwszych dni. ebook - ok\u0142adka\"},{\"@type\":\"BreadcrumbList\",\"@id\":\"https:\/\/kindaj.com\/pl\/sklep\/produkty-cyfrowe\/jak-rozszerzac-diete-niemowlaka-dzien-po-dniu-50-pierwszych-dni\/#breadcrumb\",\"itemListElement\":[{\"@type\":\"ListItem\",\"position\":1,\"name\":\"strona g\u0142\u00f3wna\",\"item\":\"https:\/\/kindaj.com\/pl\/\"},{\"@type\":\"ListItem\",\"position\":2,\"name\":\"sklep\",\"item\":\"https:\/\/kindaj.com\/pl\/sklep\/\"},{\"@type\":\"ListItem\",\"position\":3,\"name\":\"produkty cyfrowe\",\"item\":\"https:\/\/kindaj.com\/pl\/kategoria-produktu\/produkty-cyfrowe\/\"},{\"@type\":\"ListItem\",\"position\":4,\"name\":\"Jak rozszerza\u0107 diet\u0119 niemowlaka dzie\u0144 po dniu. 50 pierwszych dni.\"}]},{\"@type\":\"WebSite\",\"@id\":\"https:\/\/kindaj.com\/pl\/#website\",\"url\":\"https:\/\/kindaj.com\/pl\/\",\"name\":\"kindaj\",\"description\":\"minimalistyczne produkty dla dzieci i niemowl\u0105t\",\"publisher\":{\"@id\":\"https:\/\/kindaj.com\/pl\/#organization\"},\"potentialAction\":[{\"@type\":\"SearchAction\",\"target\":{\"@type\":\"EntryPoint\",\"urlTemplate\":\"https:\/\/kindaj.com\/pl\/?s={search_term_string}\"},\"query-input\":{\"@type\":\"PropertyValueSpecification\",\"valueRequired\":true,\"valueName\":\"search_term_string\"}}],\"inLanguage\":\"pl-PL\"},{\"@type\":\"Organization\",\"@id\":\"https:\/\/kindaj.com\/pl\/#organization\",\"name\":\"kindaj.com\",\"url\":\"https:\/\/kindaj.com\/pl\/\",\"logo\":{\"@type\":\"ImageObject\",\"inLanguage\":\"pl-PL\",\"@id\":\"https:\/\/kindaj.com\/pl\/#\/schema\/logo\/image\/\",\"url\":\"https:\/\/i0.wp.com\/kindaj.com\/wp-content\/uploads\/2021\/02\/kindaj_logo.jpg?fit=2000%2C2000&ssl=1\",\"contentUrl\":\"https:\/\/i0.wp.com\/kindaj.com\/wp-content\/uploads\/2021\/02\/kindaj_logo.jpg?fit=2000%2C2000&ssl=1\",\"width\":2000,\"height\":2000,\"caption\":\"kindaj.com\"},\"image\":{\"@id\":\"https:\/\/kindaj.com\/pl\/#\/schema\/logo\/image\/\"}}]}<\/script>\n<!-- \/ Yoast SEO plugin. -->","yoast_head_json":{"title":"Jak rozszerza\u0107 diet\u0119 niemowlaka dzie\u0144 po dniu | eBook | kindaj","description":"Sprawd\u017a ebooka \"Jak rozszerza\u0107 diet\u0119 niemowlaka dzie\u0144 po dniu. 50 pierwszych dni.\" Dowiedz si\u0119 kiedy i jak zacz\u0105\u0107 rozszerza\u0107 diet\u0119 dziecka.","robots":{"index":"index","follow":"follow","max-snippet":"max-snippet:-1","max-image-preview":"max-image-preview:large","max-video-preview":"max-video-preview:-1"},"canonical":"https:\/\/kindaj.com\/pl\/sklep\/produkty-cyfrowe\/jak-rozszerzac-diete-niemowlaka-dzien-po-dniu-50-pierwszych-dni\/","og_locale":"pl_PL","og_type":"article","og_title":"Jak rozszerza\u0107 diet\u0119 niemowlaka dzie\u0144 po dniu. 50 pierwszych dni.","og_description":"Sprawd\u017a ebooka \"Jak rozszerza\u0107 diet\u0119 niemowlaka dzie\u0144 po dniu. 50 pierwszych dni.\" Dowiedz si\u0119 kiedy i jak zacz\u0105\u0107 rozszerza\u0107 diet\u0119 dziecka.","og_url":"https:\/\/kindaj.com\/pl\/sklep\/produkty-cyfrowe\/jak-rozszerzac-diete-niemowlaka-dzien-po-dniu-50-pierwszych-dni\/","og_site_name":"kindaj","article_modified_time":"2025-12-21T11:34:40+00:00","og_image":[{"width":1080,"height":1080,"url":"https:\/\/kindaj.com\/wp-content\/uploads\/2022\/06\/Projekt-bez-tytulu-3.png","type":"image\/png"}],"twitter_card":"summary_large_image","twitter_misc":{"Szacowany czas czytania":"1 minuta"},"schema":{"@context":"https:\/\/schema.org","@graph":[{"@type":"WebPage","@id":"https:\/\/kindaj.com\/pl\/sklep\/produkty-cyfrowe\/jak-rozszerzac-diete-niemowlaka-dzien-po-dniu-50-pierwszych-dni\/","url":"https:\/\/kindaj.com\/pl\/sklep\/produkty-cyfrowe\/jak-rozszerzac-diete-niemowlaka-dzien-po-dniu-50-pierwszych-dni\/","name":"Jak rozszerza\u0107 diet\u0119 niemowlaka dzie\u0144 po dniu | eBook | kindaj","isPartOf":{"@id":"https:\/\/kindaj.com\/pl\/#website"},"primaryImageOfPage":{"@id":"https:\/\/kindaj.com\/pl\/sklep\/produkty-cyfrowe\/jak-rozszerzac-diete-niemowlaka-dzien-po-dniu-50-pierwszych-dni\/#primaryimage"},"image":{"@id":"https:\/\/kindaj.com\/pl\/sklep\/produkty-cyfrowe\/jak-rozszerzac-diete-niemowlaka-dzien-po-dniu-50-pierwszych-dni\/#primaryimage"},"thumbnailUrl":"https:\/\/i0.wp.com\/kindaj.com\/wp-content\/uploads\/2022\/06\/okladka-z-ramka%CC%A8-ebook-jak-rozszerzac%CC%81-diete%CC%A8.png?fit=1178%2C1172&ssl=1","datePublished":"2022-06-21T10:39:35+00:00","dateModified":"2025-12-21T11:34:40+00:00","description":"Sprawd\u017a ebooka \"Jak rozszerza\u0107 diet\u0119 niemowlaka dzie\u0144 po dniu. 50 pierwszych dni.\" Dowiedz si\u0119 kiedy i jak zacz\u0105\u0107 rozszerza\u0107 diet\u0119 dziecka.","breadcrumb":{"@id":"https:\/\/kindaj.com\/pl\/sklep\/produkty-cyfrowe\/jak-rozszerzac-diete-niemowlaka-dzien-po-dniu-50-pierwszych-dni\/#breadcrumb"},"inLanguage":"pl-PL","potentialAction":[{"@type":"ReadAction","target":["https:\/\/kindaj.com\/pl\/sklep\/produkty-cyfrowe\/jak-rozszerzac-diete-niemowlaka-dzien-po-dniu-50-pierwszych-dni\/"]}]},{"@type":"ImageObject","inLanguage":"pl-PL","@id":"https:\/\/kindaj.com\/pl\/sklep\/produkty-cyfrowe\/jak-rozszerzac-diete-niemowlaka-dzien-po-dniu-50-pierwszych-dni\/#primaryimage","url":"https:\/\/i0.wp.com\/kindaj.com\/wp-content\/uploads\/2022\/06\/okladka-z-ramka%CC%A8-ebook-jak-rozszerzac%CC%81-diete%CC%A8.png?fit=1178%2C1172&ssl=1","contentUrl":"https:\/\/i0.wp.com\/kindaj.com\/wp-content\/uploads\/2022\/06\/okladka-z-ramka%CC%A8-ebook-jak-rozszerzac%CC%81-diete%CC%A8.png?fit=1178%2C1172&ssl=1","width":1178,"height":1172,"caption":"jak rozszerza\u0107 diet\u0119 niemowlaka dzie\u0144 po dniu. 50 pierwszych dni. ebook - ok\u0142adka"},{"@type":"BreadcrumbList","@id":"https:\/\/kindaj.com\/pl\/sklep\/produkty-cyfrowe\/jak-rozszerzac-diete-niemowlaka-dzien-po-dniu-50-pierwszych-dni\/#breadcrumb","itemListElement":[{"@type":"ListItem","position":1,"name":"strona g\u0142\u00f3wna","item":"https:\/\/kindaj.com\/pl\/"},{"@type":"ListItem","position":2,"name":"sklep","item":"https:\/\/kindaj.com\/pl\/sklep\/"},{"@type":"ListItem","position":3,"name":"produkty cyfrowe","item":"https:\/\/kindaj.com\/pl\/kategoria-produktu\/produkty-cyfrowe\/"},{"@type":"ListItem","position":4,"name":"Jak rozszerza\u0107 diet\u0119 niemowlaka dzie\u0144 po dniu. 50 pierwszych dni."}]},{"@type":"WebSite","@id":"https:\/\/kindaj.com\/pl\/#website","url":"https:\/\/kindaj.com\/pl\/","name":"kindaj","description":"minimalistyczne produkty dla dzieci i niemowl\u0105t","publisher":{"@id":"https:\/\/kindaj.com\/pl\/#organization"},"potentialAction":[{"@type":"SearchAction","target":{"@type":"EntryPoint","urlTemplate":"https:\/\/kindaj.com\/pl\/?s={search_term_string}"},"query-input":{"@type":"PropertyValueSpecification","valueRequired":true,"valueName":"search_term_string"}}],"inLanguage":"pl-PL"},{"@type":"Organization","@id":"https:\/\/kindaj.com\/pl\/#organization","name":"kindaj.com","url":"https:\/\/kindaj.com\/pl\/","logo":{"@type":"ImageObject","inLanguage":"pl-PL","@id":"https:\/\/kindaj.com\/pl\/#\/schema\/logo\/image\/","url":"https:\/\/i0.wp.com\/kindaj.com\/wp-content\/uploads\/2021\/02\/kindaj_logo.jpg?fit=2000%2C2000&ssl=1","contentUrl":"https:\/\/i0.wp.com\/kindaj.com\/wp-content\/uploads\/2021\/02\/kindaj_logo.jpg?fit=2000%2C2000&ssl=1","width":2000,"height":2000,"caption":"kindaj.com"},"image":{"@id":"https:\/\/kindaj.com\/pl\/#\/schema\/logo\/image\/"}}]}},"jetpack_sharing_enabled":true,"_links":{"self":[{"href":"https:\/\/kindaj.com\/pl\/wp-json\/wp\/v2\/product\/42153","targetHints":{"allow":["GET"]}}],"collection":[{"href":"https:\/\/kindaj.com\/pl\/wp-json\/wp\/v2\/product"}],"about":[{"href":"https:\/\/kindaj.com\/pl\/wp-json\/wp\/v2\/types\/product"}],"version-history":[{"count":0,"href":"https:\/\/kindaj.com\/pl\/wp-json\/wp\/v2\/product\/42153\/revisions"}],"wp:featuredmedia":[{"embeddable":true,"href":"https:\/\/kindaj.com\/pl\/wp-json\/wp\/v2\/media\/44520"}],"wp:attachment":[{"href":"https:\/\/kindaj.com\/pl\/wp-json\/wp\/v2\/media?parent=42153"}],"wp:term":[{"taxonomy":"product_brand","embeddable":true,"href":"https:\/\/kindaj.com\/pl\/wp-json\/wp\/v2\/product_brand?post=42153"},{"taxonomy":"product_cat","embeddable":true,"href":"https:\/\/kindaj.com\/pl\/wp-json\/wp\/v2\/product_cat?post=42153"},{"taxonomy":"product_tag","embeddable":true,"href":"https:\/\/kindaj.com\/pl\/wp-json\/wp\/v2\/product_tag?post=42153"}],"curies":[{"name":"wp","href":"https:\/\/api.w.org\/{rel}","templated":true}]}}