{"id":30513,"date":"2021-02-25T12:25:08","date_gmt":"2021-02-25T12:25:08","guid":{"rendered":"https:\/\/kindaj.com\/?post_type=product&#038;p=30513"},"modified":"2025-12-21T11:34:41","modified_gmt":"2025-12-21T11:34:41","slug":"t-shirt-blue-candy","status":"publish","type":"product","link":"https:\/\/kindaj.com\/pl\/sklep\/bonbon\/t-shirt-blue-candy\/","title":{"rendered":"T-shirt Blue Candy"},"content":{"rendered":"<p><span style=\"font-weight: 400;\">T-shirt <a href=\"https:\/\/kindaj.com\/pl\/kategoria-produktu\/bonbon\/\">Blue Candy<\/a> uszyto z wysokiej jako\u015bci, mi\u0119kkiej w dotyku i przyjaznej dla sk\u00f3ry dziecka, <\/span><span style=\"font-weight: 400;\">bawe\u0142ny. <\/span><span style=\"font-weight: 400;\">Prosty kr\u00f3j sprawia, \u017ce koszulka nie ogranicza ruch\u00f3w i jest \u015bwietn\u0105 baz\u0105 wielu stylizacji. Dodatkowo t-shirt posiada dwa bezniklowe napy na ramieniu. Brak wszytej metki w \u015brodku ubranka, pozwala unikn\u0105\u0107 podra\u017cnie\u0144 delikatnej i wra\u017cliwej sk\u00f3ry dziecka.<br \/>\nWz\u00f3r na ubraniu jest unikatowy, poniewa\u017c zaprojektowa\u0142a go specjalnie dla marki kindaj m\u0142oda Mama &#8211; artystka z Krakowa.\u00a0Po\u0142\u0105czenie granatu i bieli pasuje zar\u00f3wno dla ch\u0142opca, jak i dziewczynki.<br \/>\n<\/span><\/p>\n","protected":false},"excerpt":{"rendered":"<p>Najni\u017csza cena z 30 dni przed obni\u017ck\u0105: 14.99 z\u0142<\/p>\n","protected":false},"featured_media":31575,"template":"","meta":{"_acf_changed":false},"product_brand":[],"product_cat":[17],"product_tag":[],"class_list":{"0":"post-30513","1":"product","2":"type-product","3":"status-publish","4":"has-post-thumbnail","6":"product_cat-bonbon","8":"first","9":"instock","10":"sale","11":"taxable","12":"shipping-taxable","13":"purchasable","14":"product-type-variable"},"acf":[],"yoast_head":"<!-- This site is optimized with the Yoast SEO plugin v27.2 - https:\/\/yoast.com\/product\/yoast-seo-wordpress\/ -->\n<title>T-shirt Blue Candy - bawe\u0142na 100% - dla dzieci i niemowl\u0105t - kindaj<\/title>\n<meta name=\"description\" content=\"T-shirt dla dzieci i niemowl\u0105t z kolekcji bonbon blue candy, 100% bawe\u0142na. Mi\u0119kki i przyjazny dziecku. Posiada kilka nap\u00f3w na ramieniu.\" \/>\n<meta name=\"robots\" content=\"index, follow, max-snippet:-1, max-image-preview:large, max-video-preview:-1\" \/>\n<link rel=\"canonical\" href=\"https:\/\/kindaj.com\/pl\/sklep\/bonbon\/t-shirt-blue-candy\/\" \/>\n<meta property=\"og:locale\" content=\"pl_PL\" \/>\n<meta property=\"og:type\" content=\"article\" \/>\n<meta property=\"og:title\" content=\"T-shirt Blue Candy - bawe\u0142na 100% - dla dzieci i niemowl\u0105t - kindaj\" \/>\n<meta property=\"og:description\" content=\"T-shirt dla dzieci i niemowl\u0105t z kolekcji bonbon blue candy, 100% bawe\u0142na. Mi\u0119kki i przyjazny dziecku. Posiada kilka nap\u00f3w na ramieniu.\" \/>\n<meta property=\"og:url\" content=\"https:\/\/kindaj.com\/pl\/sklep\/bonbon\/t-shirt-blue-candy\/\" \/>\n<meta property=\"og:site_name\" content=\"kindaj\" \/>\n<meta property=\"article:modified_time\" content=\"2025-12-21T11:34:41+00:00\" \/>\n<meta property=\"og:image\" content=\"https:\/\/kindaj.com\/wp-content\/uploads\/2021\/02\/BONBON0081-BONBON0082-BONBON0083-BONBON0084-BONBON0085-BONBON0086_01_k_m.jpg\" \/>\n\t<meta property=\"og:image:width\" content=\"2500\" \/>\n\t<meta property=\"og:image:height\" content=\"2500\" \/>\n\t<meta property=\"og:image:type\" content=\"image\/jpeg\" \/>\n<meta name=\"twitter:card\" content=\"summary_large_image\" \/>\n<meta name=\"twitter:label1\" content=\"Szacowany czas czytania\" \/>\n\t<meta name=\"twitter:data1\" content=\"1 minuta\" \/>\n<script type=\"application\/ld+json\" class=\"yoast-schema-graph\">{\"@context\":\"https:\/\/schema.org\",\"@graph\":[{\"@type\":\"WebPage\",\"@id\":\"https:\/\/kindaj.com\/pl\/sklep\/bonbon\/t-shirt-blue-candy\/\",\"url\":\"https:\/\/kindaj.com\/pl\/sklep\/bonbon\/t-shirt-blue-candy\/\",\"name\":\"T-shirt Blue Candy - bawe\u0142na 100% - dla dzieci i niemowl\u0105t - kindaj\",\"isPartOf\":{\"@id\":\"https:\/\/kindaj.com\/pl\/#website\"},\"primaryImageOfPage\":{\"@id\":\"https:\/\/kindaj.com\/pl\/sklep\/bonbon\/t-shirt-blue-candy\/#primaryimage\"},\"image\":{\"@id\":\"https:\/\/kindaj.com\/pl\/sklep\/bonbon\/t-shirt-blue-candy\/#primaryimage\"},\"thumbnailUrl\":\"https:\/\/i0.wp.com\/kindaj.com\/wp-content\/uploads\/2021\/02\/BONBON0081-BONBON0082-BONBON0083-BONBON0084-BONBON0085-BONBON0086_01_k_m.jpg?fit=2500%2C2500&ssl=1\",\"datePublished\":\"2021-02-25T12:25:08+00:00\",\"dateModified\":\"2025-12-21T11:34:41+00:00\",\"description\":\"T-shirt dla dzieci i niemowl\u0105t z kolekcji bonbon blue candy, 100% bawe\u0142na. Mi\u0119kki i przyjazny dziecku. Posiada kilka nap\u00f3w na ramieniu.\",\"breadcrumb\":{\"@id\":\"https:\/\/kindaj.com\/pl\/sklep\/bonbon\/t-shirt-blue-candy\/#breadcrumb\"},\"inLanguage\":\"pl-PL\",\"potentialAction\":[{\"@type\":\"ReadAction\",\"target\":[\"https:\/\/kindaj.com\/pl\/sklep\/bonbon\/t-shirt-blue-candy\/\"]}]},{\"@type\":\"ImageObject\",\"inLanguage\":\"pl-PL\",\"@id\":\"https:\/\/kindaj.com\/pl\/sklep\/bonbon\/t-shirt-blue-candy\/#primaryimage\",\"url\":\"https:\/\/i0.wp.com\/kindaj.com\/wp-content\/uploads\/2021\/02\/BONBON0081-BONBON0082-BONBON0083-BONBON0084-BONBON0085-BONBON0086_01_k_m.jpg?fit=2500%2C2500&ssl=1\",\"contentUrl\":\"https:\/\/i0.wp.com\/kindaj.com\/wp-content\/uploads\/2021\/02\/BONBON0081-BONBON0082-BONBON0083-BONBON0084-BONBON0085-BONBON0086_01_k_m.jpg?fit=2500%2C2500&ssl=1\",\"width\":2500,\"height\":2500,\"caption\":\"t-shirt dzieci niemowl\u0105t bawe\u0142na w granatowe cukierki bonbon kindaj\"},{\"@type\":\"BreadcrumbList\",\"@id\":\"https:\/\/kindaj.com\/pl\/sklep\/bonbon\/t-shirt-blue-candy\/#breadcrumb\",\"itemListElement\":[{\"@type\":\"ListItem\",\"position\":1,\"name\":\"strona g\u0142\u00f3wna\",\"item\":\"https:\/\/kindaj.com\/pl\/\"},{\"@type\":\"ListItem\",\"position\":2,\"name\":\"sklep\",\"item\":\"https:\/\/kindaj.com\/pl\/sklep\/\"},{\"@type\":\"ListItem\",\"position\":3,\"name\":\"bonbon\",\"item\":\"https:\/\/kindaj.com\/pl\/kategoria-produktu\/bonbon\/\"},{\"@type\":\"ListItem\",\"position\":4,\"name\":\"T-shirt Blue Candy\"}]},{\"@type\":\"WebSite\",\"@id\":\"https:\/\/kindaj.com\/pl\/#website\",\"url\":\"https:\/\/kindaj.com\/pl\/\",\"name\":\"kindaj\",\"description\":\"minimalistyczne produkty dla dzieci i niemowl\u0105t\",\"publisher\":{\"@id\":\"https:\/\/kindaj.com\/pl\/#organization\"},\"potentialAction\":[{\"@type\":\"SearchAction\",\"target\":{\"@type\":\"EntryPoint\",\"urlTemplate\":\"https:\/\/kindaj.com\/pl\/?s={search_term_string}\"},\"query-input\":{\"@type\":\"PropertyValueSpecification\",\"valueRequired\":true,\"valueName\":\"search_term_string\"}}],\"inLanguage\":\"pl-PL\"},{\"@type\":\"Organization\",\"@id\":\"https:\/\/kindaj.com\/pl\/#organization\",\"name\":\"kindaj.com\",\"url\":\"https:\/\/kindaj.com\/pl\/\",\"logo\":{\"@type\":\"ImageObject\",\"inLanguage\":\"pl-PL\",\"@id\":\"https:\/\/kindaj.com\/pl\/#\/schema\/logo\/image\/\",\"url\":\"https:\/\/i0.wp.com\/kindaj.com\/wp-content\/uploads\/2021\/02\/kindaj_logo.jpg?fit=2000%2C2000&ssl=1\",\"contentUrl\":\"https:\/\/i0.wp.com\/kindaj.com\/wp-content\/uploads\/2021\/02\/kindaj_logo.jpg?fit=2000%2C2000&ssl=1\",\"width\":2000,\"height\":2000,\"caption\":\"kindaj.com\"},\"image\":{\"@id\":\"https:\/\/kindaj.com\/pl\/#\/schema\/logo\/image\/\"}}]}<\/script>\n<!-- \/ Yoast SEO plugin. -->","yoast_head_json":{"title":"T-shirt Blue Candy - bawe\u0142na 100% - dla dzieci i niemowl\u0105t - kindaj","description":"T-shirt dla dzieci i niemowl\u0105t z kolekcji bonbon blue candy, 100% bawe\u0142na. Mi\u0119kki i przyjazny dziecku. Posiada kilka nap\u00f3w na ramieniu.","robots":{"index":"index","follow":"follow","max-snippet":"max-snippet:-1","max-image-preview":"max-image-preview:large","max-video-preview":"max-video-preview:-1"},"canonical":"https:\/\/kindaj.com\/pl\/sklep\/bonbon\/t-shirt-blue-candy\/","og_locale":"pl_PL","og_type":"article","og_title":"T-shirt Blue Candy - bawe\u0142na 100% - dla dzieci i niemowl\u0105t - kindaj","og_description":"T-shirt dla dzieci i niemowl\u0105t z kolekcji bonbon blue candy, 100% bawe\u0142na. Mi\u0119kki i przyjazny dziecku. Posiada kilka nap\u00f3w na ramieniu.","og_url":"https:\/\/kindaj.com\/pl\/sklep\/bonbon\/t-shirt-blue-candy\/","og_site_name":"kindaj","article_modified_time":"2025-12-21T11:34:41+00:00","og_image":[{"width":2500,"height":2500,"url":"https:\/\/kindaj.com\/wp-content\/uploads\/2021\/02\/BONBON0081-BONBON0082-BONBON0083-BONBON0084-BONBON0085-BONBON0086_01_k_m.jpg","type":"image\/jpeg"}],"twitter_card":"summary_large_image","twitter_misc":{"Szacowany czas czytania":"1 minuta"},"schema":{"@context":"https:\/\/schema.org","@graph":[{"@type":"WebPage","@id":"https:\/\/kindaj.com\/pl\/sklep\/bonbon\/t-shirt-blue-candy\/","url":"https:\/\/kindaj.com\/pl\/sklep\/bonbon\/t-shirt-blue-candy\/","name":"T-shirt Blue Candy - bawe\u0142na 100% - dla dzieci i niemowl\u0105t - kindaj","isPartOf":{"@id":"https:\/\/kindaj.com\/pl\/#website"},"primaryImageOfPage":{"@id":"https:\/\/kindaj.com\/pl\/sklep\/bonbon\/t-shirt-blue-candy\/#primaryimage"},"image":{"@id":"https:\/\/kindaj.com\/pl\/sklep\/bonbon\/t-shirt-blue-candy\/#primaryimage"},"thumbnailUrl":"https:\/\/i0.wp.com\/kindaj.com\/wp-content\/uploads\/2021\/02\/BONBON0081-BONBON0082-BONBON0083-BONBON0084-BONBON0085-BONBON0086_01_k_m.jpg?fit=2500%2C2500&ssl=1","datePublished":"2021-02-25T12:25:08+00:00","dateModified":"2025-12-21T11:34:41+00:00","description":"T-shirt dla dzieci i niemowl\u0105t z kolekcji bonbon blue candy, 100% bawe\u0142na. Mi\u0119kki i przyjazny dziecku. Posiada kilka nap\u00f3w na ramieniu.","breadcrumb":{"@id":"https:\/\/kindaj.com\/pl\/sklep\/bonbon\/t-shirt-blue-candy\/#breadcrumb"},"inLanguage":"pl-PL","potentialAction":[{"@type":"ReadAction","target":["https:\/\/kindaj.com\/pl\/sklep\/bonbon\/t-shirt-blue-candy\/"]}]},{"@type":"ImageObject","inLanguage":"pl-PL","@id":"https:\/\/kindaj.com\/pl\/sklep\/bonbon\/t-shirt-blue-candy\/#primaryimage","url":"https:\/\/i0.wp.com\/kindaj.com\/wp-content\/uploads\/2021\/02\/BONBON0081-BONBON0082-BONBON0083-BONBON0084-BONBON0085-BONBON0086_01_k_m.jpg?fit=2500%2C2500&ssl=1","contentUrl":"https:\/\/i0.wp.com\/kindaj.com\/wp-content\/uploads\/2021\/02\/BONBON0081-BONBON0082-BONBON0083-BONBON0084-BONBON0085-BONBON0086_01_k_m.jpg?fit=2500%2C2500&ssl=1","width":2500,"height":2500,"caption":"t-shirt dzieci niemowl\u0105t bawe\u0142na w granatowe cukierki bonbon kindaj"},{"@type":"BreadcrumbList","@id":"https:\/\/kindaj.com\/pl\/sklep\/bonbon\/t-shirt-blue-candy\/#breadcrumb","itemListElement":[{"@type":"ListItem","position":1,"name":"strona g\u0142\u00f3wna","item":"https:\/\/kindaj.com\/pl\/"},{"@type":"ListItem","position":2,"name":"sklep","item":"https:\/\/kindaj.com\/pl\/sklep\/"},{"@type":"ListItem","position":3,"name":"bonbon","item":"https:\/\/kindaj.com\/pl\/kategoria-produktu\/bonbon\/"},{"@type":"ListItem","position":4,"name":"T-shirt Blue Candy"}]},{"@type":"WebSite","@id":"https:\/\/kindaj.com\/pl\/#website","url":"https:\/\/kindaj.com\/pl\/","name":"kindaj","description":"minimalistyczne produkty dla dzieci i niemowl\u0105t","publisher":{"@id":"https:\/\/kindaj.com\/pl\/#organization"},"potentialAction":[{"@type":"SearchAction","target":{"@type":"EntryPoint","urlTemplate":"https:\/\/kindaj.com\/pl\/?s={search_term_string}"},"query-input":{"@type":"PropertyValueSpecification","valueRequired":true,"valueName":"search_term_string"}}],"inLanguage":"pl-PL"},{"@type":"Organization","@id":"https:\/\/kindaj.com\/pl\/#organization","name":"kindaj.com","url":"https:\/\/kindaj.com\/pl\/","logo":{"@type":"ImageObject","inLanguage":"pl-PL","@id":"https:\/\/kindaj.com\/pl\/#\/schema\/logo\/image\/","url":"https:\/\/i0.wp.com\/kindaj.com\/wp-content\/uploads\/2021\/02\/kindaj_logo.jpg?fit=2000%2C2000&ssl=1","contentUrl":"https:\/\/i0.wp.com\/kindaj.com\/wp-content\/uploads\/2021\/02\/kindaj_logo.jpg?fit=2000%2C2000&ssl=1","width":2000,"height":2000,"caption":"kindaj.com"},"image":{"@id":"https:\/\/kindaj.com\/pl\/#\/schema\/logo\/image\/"}}]}},"jetpack_sharing_enabled":true,"_links":{"self":[{"href":"https:\/\/kindaj.com\/pl\/wp-json\/wp\/v2\/product\/30513","targetHints":{"allow":["GET"]}}],"collection":[{"href":"https:\/\/kindaj.com\/pl\/wp-json\/wp\/v2\/product"}],"about":[{"href":"https:\/\/kindaj.com\/pl\/wp-json\/wp\/v2\/types\/product"}],"version-history":[{"count":0,"href":"https:\/\/kindaj.com\/pl\/wp-json\/wp\/v2\/product\/30513\/revisions"}],"wp:featuredmedia":[{"embeddable":true,"href":"https:\/\/kindaj.com\/pl\/wp-json\/wp\/v2\/media\/31575"}],"wp:attachment":[{"href":"https:\/\/kindaj.com\/pl\/wp-json\/wp\/v2\/media?parent=30513"}],"wp:term":[{"taxonomy":"product_brand","embeddable":true,"href":"https:\/\/kindaj.com\/pl\/wp-json\/wp\/v2\/product_brand?post=30513"},{"taxonomy":"product_cat","embeddable":true,"href":"https:\/\/kindaj.com\/pl\/wp-json\/wp\/v2\/product_cat?post=30513"},{"taxonomy":"product_tag","embeddable":true,"href":"https:\/\/kindaj.com\/pl\/wp-json\/wp\/v2\/product_tag?post=30513"}],"curies":[{"name":"wp","href":"https:\/\/api.w.org\/{rel}","templated":true}]}}