{"id":30427,"date":"2021-02-24T13:34:17","date_gmt":"2021-02-24T13:34:17","guid":{"rendered":"https:\/\/kindaj.com\/?post_type=product&#038;p=30427"},"modified":"2026-01-12T11:23:07","modified_gmt":"2026-01-12T11:23:07","slug":"kocyk-tkany-bawelniany-dark-grey","status":"publish","type":"product","link":"https:\/\/kindaj.com\/pl\/sklep\/bonbon\/kocyk-tkany-bawelniany-dark-grey\/","title":{"rendered":"Kocyk tkany bawe\u0142niany dark grey"},"content":{"rendered":"<p><span style=\"font-weight: 400;\">Kocyk tkany dla dzieci i niemowl\u0105t <\/span><span style=\"font-weight: 400;\">z kolekcji <a href=\"https:\/\/kindaj.com\/pl\/kategoria-produktu\/bonbon\/\">bonbon<\/a> zo<\/span><span style=\"font-weight: 400;\">sta\u0142 wyprodukowany w Polsce z wysokogatunkowej 100% bawe\u0142ny. Naturalny, mi\u0119kki materia\u0142 jest bezpieczny oraz nie powoduje podra\u017cnie\u0144 delikatnej i wra\u017cliwej sk\u00f3ry dziecka. Bawe\u0142niany kocyk zapewnia ciep\u0142o jednocze\u015bnie przepuszczaj\u0105c powietrze.<\/span><span style=\"font-weight: 400;\"> Kocyk jest ca\u0142oroczny wi\u0119c sprawdzi si\u0119 o ka\u017cdej porze roku. Wspaniale nadaje si\u0119 jako okrycie do w\u00f3zka lub \u0142\u00f3\u017ceczka oraz idealnie wkomponuje si\u0119 w wystr\u00f3j dzieci\u0119cego pokoju. Tkany kocyk charakteryzuje bardzo dok\u0142adne i staranne wykonanie.<br \/>\nKocyk wyst\u0119puje w standardowym rozmiarze 80 x 100 cm i mo\u017cna go pra\u0107 w pralce w niskiej temperaturze.<\/span><\/p>\n","protected":false},"excerpt":{"rendered":"<p>Najni\u017csza cena z 30 dni przed obni\u017ck\u0105: 79,99 z\u0142. Cena regularna: 99,99 z\u0142<\/p>\n","protected":false},"featured_media":30879,"template":"","meta":{"_acf_changed":false},"product_brand":[],"product_cat":[17],"product_tag":[],"class_list":{"0":"post-30427","1":"product","2":"type-product","3":"status-publish","4":"has-post-thumbnail","6":"product_cat-bonbon","8":"first","9":"instock","10":"sale","11":"taxable","12":"shipping-taxable","13":"purchasable","14":"product-type-simple"},"acf":[],"yoast_head":"<!-- This site is optimized with the Yoast SEO plugin v27.2 - https:\/\/yoast.com\/product\/yoast-seo-wordpress\/ -->\n<title>Kocyk tkany bawe\u0142niany dark grey - dla dzieci i niemowl\u0105t - kindaj<\/title>\n<meta name=\"description\" content=\"Kocyk tkany dla dzieci i niemowl\u0105t z kolekcji bonbon zosta\u0142 wyprodukowany w Polsce z wysokogatunkowej 100% bawe\u0142ny. Wybierz kolor dla siebie.\" \/>\n<meta name=\"robots\" content=\"index, follow, max-snippet:-1, max-image-preview:large, max-video-preview:-1\" \/>\n<link rel=\"canonical\" href=\"https:\/\/kindaj.com\/pl\/sklep\/bonbon\/kocyk-tkany-bawelniany-dark-grey\/\" \/>\n<meta property=\"og:locale\" content=\"pl_PL\" \/>\n<meta property=\"og:type\" content=\"article\" \/>\n<meta property=\"og:title\" content=\"Kocyk tkany bawe\u0142niany dark grey - dla dzieci i niemowl\u0105t - kindaj\" \/>\n<meta property=\"og:description\" content=\"Kocyk tkany dla dzieci i niemowl\u0105t z kolekcji bonbon zosta\u0142 wyprodukowany w Polsce z wysokogatunkowej 100% bawe\u0142ny. Wybierz kolor dla siebie.\" \/>\n<meta property=\"og:url\" content=\"https:\/\/kindaj.com\/pl\/sklep\/bonbon\/kocyk-tkany-bawelniany-dark-grey\/\" \/>\n<meta property=\"og:site_name\" content=\"kindaj\" \/>\n<meta property=\"article:modified_time\" content=\"2026-01-12T11:23:07+00:00\" \/>\n<meta property=\"og:image\" content=\"https:\/\/kindaj.com\/wp-content\/uploads\/2021\/02\/BONBON1001_01_k_m.jpg\" \/>\n\t<meta property=\"og:image:width\" content=\"2500\" \/>\n\t<meta property=\"og:image:height\" content=\"2500\" \/>\n\t<meta property=\"og:image:type\" content=\"image\/jpeg\" \/>\n<meta name=\"twitter:card\" content=\"summary_large_image\" \/>\n<meta name=\"twitter:label1\" content=\"Szacowany czas czytania\" \/>\n\t<meta name=\"twitter:data1\" content=\"1 minuta\" \/>\n<script type=\"application\/ld+json\" class=\"yoast-schema-graph\">{\"@context\":\"https:\/\/schema.org\",\"@graph\":[{\"@type\":\"WebPage\",\"@id\":\"https:\/\/kindaj.com\/pl\/sklep\/bonbon\/kocyk-tkany-bawelniany-dark-grey\/\",\"url\":\"https:\/\/kindaj.com\/pl\/sklep\/bonbon\/kocyk-tkany-bawelniany-dark-grey\/\",\"name\":\"Kocyk tkany bawe\u0142niany dark grey - dla dzieci i niemowl\u0105t - kindaj\",\"isPartOf\":{\"@id\":\"https:\/\/kindaj.com\/pl\/#website\"},\"primaryImageOfPage\":{\"@id\":\"https:\/\/kindaj.com\/pl\/sklep\/bonbon\/kocyk-tkany-bawelniany-dark-grey\/#primaryimage\"},\"image\":{\"@id\":\"https:\/\/kindaj.com\/pl\/sklep\/bonbon\/kocyk-tkany-bawelniany-dark-grey\/#primaryimage\"},\"thumbnailUrl\":\"https:\/\/i0.wp.com\/kindaj.com\/wp-content\/uploads\/2021\/02\/BONBON1001_01_k_m.jpg?fit=2500%2C2500&ssl=1\",\"datePublished\":\"2021-02-24T13:34:17+00:00\",\"dateModified\":\"2026-01-12T11:23:07+00:00\",\"description\":\"Kocyk tkany dla dzieci i niemowl\u0105t z kolekcji bonbon zosta\u0142 wyprodukowany w Polsce z wysokogatunkowej 100% bawe\u0142ny. Wybierz kolor dla siebie.\",\"breadcrumb\":{\"@id\":\"https:\/\/kindaj.com\/pl\/sklep\/bonbon\/kocyk-tkany-bawelniany-dark-grey\/#breadcrumb\"},\"inLanguage\":\"pl-PL\",\"potentialAction\":[{\"@type\":\"ReadAction\",\"target\":[\"https:\/\/kindaj.com\/pl\/sklep\/bonbon\/kocyk-tkany-bawelniany-dark-grey\/\"]}]},{\"@type\":\"ImageObject\",\"inLanguage\":\"pl-PL\",\"@id\":\"https:\/\/kindaj.com\/pl\/sklep\/bonbon\/kocyk-tkany-bawelniany-dark-grey\/#primaryimage\",\"url\":\"https:\/\/i0.wp.com\/kindaj.com\/wp-content\/uploads\/2021\/02\/BONBON1001_01_k_m.jpg?fit=2500%2C2500&ssl=1\",\"contentUrl\":\"https:\/\/i0.wp.com\/kindaj.com\/wp-content\/uploads\/2021\/02\/BONBON1001_01_k_m.jpg?fit=2500%2C2500&ssl=1\",\"width\":2500,\"height\":2500,\"caption\":\"tkany kocyk dzieci\u0119cy niemowl\u0119cy z bawe\u0142ny w kolorze szarym\"},{\"@type\":\"BreadcrumbList\",\"@id\":\"https:\/\/kindaj.com\/pl\/sklep\/bonbon\/kocyk-tkany-bawelniany-dark-grey\/#breadcrumb\",\"itemListElement\":[{\"@type\":\"ListItem\",\"position\":1,\"name\":\"strona g\u0142\u00f3wna\",\"item\":\"https:\/\/kindaj.com\/pl\/\"},{\"@type\":\"ListItem\",\"position\":2,\"name\":\"sklep\",\"item\":\"https:\/\/kindaj.com\/pl\/sklep\/\"},{\"@type\":\"ListItem\",\"position\":3,\"name\":\"bonbon\",\"item\":\"https:\/\/kindaj.com\/pl\/kategoria-produktu\/bonbon\/\"},{\"@type\":\"ListItem\",\"position\":4,\"name\":\"Kocyk tkany bawe\u0142niany dark grey\"}]},{\"@type\":\"WebSite\",\"@id\":\"https:\/\/kindaj.com\/pl\/#website\",\"url\":\"https:\/\/kindaj.com\/pl\/\",\"name\":\"kindaj\",\"description\":\"minimalistyczne produkty dla dzieci i niemowl\u0105t\",\"publisher\":{\"@id\":\"https:\/\/kindaj.com\/pl\/#organization\"},\"potentialAction\":[{\"@type\":\"SearchAction\",\"target\":{\"@type\":\"EntryPoint\",\"urlTemplate\":\"https:\/\/kindaj.com\/pl\/?s={search_term_string}\"},\"query-input\":{\"@type\":\"PropertyValueSpecification\",\"valueRequired\":true,\"valueName\":\"search_term_string\"}}],\"inLanguage\":\"pl-PL\"},{\"@type\":\"Organization\",\"@id\":\"https:\/\/kindaj.com\/pl\/#organization\",\"name\":\"kindaj.com\",\"url\":\"https:\/\/kindaj.com\/pl\/\",\"logo\":{\"@type\":\"ImageObject\",\"inLanguage\":\"pl-PL\",\"@id\":\"https:\/\/kindaj.com\/pl\/#\/schema\/logo\/image\/\",\"url\":\"https:\/\/i0.wp.com\/kindaj.com\/wp-content\/uploads\/2021\/02\/kindaj_logo.jpg?fit=2000%2C2000&ssl=1\",\"contentUrl\":\"https:\/\/i0.wp.com\/kindaj.com\/wp-content\/uploads\/2021\/02\/kindaj_logo.jpg?fit=2000%2C2000&ssl=1\",\"width\":2000,\"height\":2000,\"caption\":\"kindaj.com\"},\"image\":{\"@id\":\"https:\/\/kindaj.com\/pl\/#\/schema\/logo\/image\/\"}}]}<\/script>\n<!-- \/ Yoast SEO plugin. -->","yoast_head_json":{"title":"Kocyk tkany bawe\u0142niany dark grey - dla dzieci i niemowl\u0105t - kindaj","description":"Kocyk tkany dla dzieci i niemowl\u0105t z kolekcji bonbon zosta\u0142 wyprodukowany w Polsce z wysokogatunkowej 100% bawe\u0142ny. Wybierz kolor dla siebie.","robots":{"index":"index","follow":"follow","max-snippet":"max-snippet:-1","max-image-preview":"max-image-preview:large","max-video-preview":"max-video-preview:-1"},"canonical":"https:\/\/kindaj.com\/pl\/sklep\/bonbon\/kocyk-tkany-bawelniany-dark-grey\/","og_locale":"pl_PL","og_type":"article","og_title":"Kocyk tkany bawe\u0142niany dark grey - dla dzieci i niemowl\u0105t - kindaj","og_description":"Kocyk tkany dla dzieci i niemowl\u0105t z kolekcji bonbon zosta\u0142 wyprodukowany w Polsce z wysokogatunkowej 100% bawe\u0142ny. Wybierz kolor dla siebie.","og_url":"https:\/\/kindaj.com\/pl\/sklep\/bonbon\/kocyk-tkany-bawelniany-dark-grey\/","og_site_name":"kindaj","article_modified_time":"2026-01-12T11:23:07+00:00","og_image":[{"width":2500,"height":2500,"url":"https:\/\/kindaj.com\/wp-content\/uploads\/2021\/02\/BONBON1001_01_k_m.jpg","type":"image\/jpeg"}],"twitter_card":"summary_large_image","twitter_misc":{"Szacowany czas czytania":"1 minuta"},"schema":{"@context":"https:\/\/schema.org","@graph":[{"@type":"WebPage","@id":"https:\/\/kindaj.com\/pl\/sklep\/bonbon\/kocyk-tkany-bawelniany-dark-grey\/","url":"https:\/\/kindaj.com\/pl\/sklep\/bonbon\/kocyk-tkany-bawelniany-dark-grey\/","name":"Kocyk tkany bawe\u0142niany dark grey - dla dzieci i niemowl\u0105t - kindaj","isPartOf":{"@id":"https:\/\/kindaj.com\/pl\/#website"},"primaryImageOfPage":{"@id":"https:\/\/kindaj.com\/pl\/sklep\/bonbon\/kocyk-tkany-bawelniany-dark-grey\/#primaryimage"},"image":{"@id":"https:\/\/kindaj.com\/pl\/sklep\/bonbon\/kocyk-tkany-bawelniany-dark-grey\/#primaryimage"},"thumbnailUrl":"https:\/\/i0.wp.com\/kindaj.com\/wp-content\/uploads\/2021\/02\/BONBON1001_01_k_m.jpg?fit=2500%2C2500&ssl=1","datePublished":"2021-02-24T13:34:17+00:00","dateModified":"2026-01-12T11:23:07+00:00","description":"Kocyk tkany dla dzieci i niemowl\u0105t z kolekcji bonbon zosta\u0142 wyprodukowany w Polsce z wysokogatunkowej 100% bawe\u0142ny. Wybierz kolor dla siebie.","breadcrumb":{"@id":"https:\/\/kindaj.com\/pl\/sklep\/bonbon\/kocyk-tkany-bawelniany-dark-grey\/#breadcrumb"},"inLanguage":"pl-PL","potentialAction":[{"@type":"ReadAction","target":["https:\/\/kindaj.com\/pl\/sklep\/bonbon\/kocyk-tkany-bawelniany-dark-grey\/"]}]},{"@type":"ImageObject","inLanguage":"pl-PL","@id":"https:\/\/kindaj.com\/pl\/sklep\/bonbon\/kocyk-tkany-bawelniany-dark-grey\/#primaryimage","url":"https:\/\/i0.wp.com\/kindaj.com\/wp-content\/uploads\/2021\/02\/BONBON1001_01_k_m.jpg?fit=2500%2C2500&ssl=1","contentUrl":"https:\/\/i0.wp.com\/kindaj.com\/wp-content\/uploads\/2021\/02\/BONBON1001_01_k_m.jpg?fit=2500%2C2500&ssl=1","width":2500,"height":2500,"caption":"tkany kocyk dzieci\u0119cy niemowl\u0119cy z bawe\u0142ny w kolorze szarym"},{"@type":"BreadcrumbList","@id":"https:\/\/kindaj.com\/pl\/sklep\/bonbon\/kocyk-tkany-bawelniany-dark-grey\/#breadcrumb","itemListElement":[{"@type":"ListItem","position":1,"name":"strona g\u0142\u00f3wna","item":"https:\/\/kindaj.com\/pl\/"},{"@type":"ListItem","position":2,"name":"sklep","item":"https:\/\/kindaj.com\/pl\/sklep\/"},{"@type":"ListItem","position":3,"name":"bonbon","item":"https:\/\/kindaj.com\/pl\/kategoria-produktu\/bonbon\/"},{"@type":"ListItem","position":4,"name":"Kocyk tkany bawe\u0142niany dark grey"}]},{"@type":"WebSite","@id":"https:\/\/kindaj.com\/pl\/#website","url":"https:\/\/kindaj.com\/pl\/","name":"kindaj","description":"minimalistyczne produkty dla dzieci i niemowl\u0105t","publisher":{"@id":"https:\/\/kindaj.com\/pl\/#organization"},"potentialAction":[{"@type":"SearchAction","target":{"@type":"EntryPoint","urlTemplate":"https:\/\/kindaj.com\/pl\/?s={search_term_string}"},"query-input":{"@type":"PropertyValueSpecification","valueRequired":true,"valueName":"search_term_string"}}],"inLanguage":"pl-PL"},{"@type":"Organization","@id":"https:\/\/kindaj.com\/pl\/#organization","name":"kindaj.com","url":"https:\/\/kindaj.com\/pl\/","logo":{"@type":"ImageObject","inLanguage":"pl-PL","@id":"https:\/\/kindaj.com\/pl\/#\/schema\/logo\/image\/","url":"https:\/\/i0.wp.com\/kindaj.com\/wp-content\/uploads\/2021\/02\/kindaj_logo.jpg?fit=2000%2C2000&ssl=1","contentUrl":"https:\/\/i0.wp.com\/kindaj.com\/wp-content\/uploads\/2021\/02\/kindaj_logo.jpg?fit=2000%2C2000&ssl=1","width":2000,"height":2000,"caption":"kindaj.com"},"image":{"@id":"https:\/\/kindaj.com\/pl\/#\/schema\/logo\/image\/"}}]}},"jetpack_sharing_enabled":true,"_links":{"self":[{"href":"https:\/\/kindaj.com\/pl\/wp-json\/wp\/v2\/product\/30427","targetHints":{"allow":["GET"]}}],"collection":[{"href":"https:\/\/kindaj.com\/pl\/wp-json\/wp\/v2\/product"}],"about":[{"href":"https:\/\/kindaj.com\/pl\/wp-json\/wp\/v2\/types\/product"}],"version-history":[{"count":0,"href":"https:\/\/kindaj.com\/pl\/wp-json\/wp\/v2\/product\/30427\/revisions"}],"wp:featuredmedia":[{"embeddable":true,"href":"https:\/\/kindaj.com\/pl\/wp-json\/wp\/v2\/media\/30879"}],"wp:attachment":[{"href":"https:\/\/kindaj.com\/pl\/wp-json\/wp\/v2\/media?parent=30427"}],"wp:term":[{"taxonomy":"product_brand","embeddable":true,"href":"https:\/\/kindaj.com\/pl\/wp-json\/wp\/v2\/product_brand?post=30427"},{"taxonomy":"product_cat","embeddable":true,"href":"https:\/\/kindaj.com\/pl\/wp-json\/wp\/v2\/product_cat?post=30427"},{"taxonomy":"product_tag","embeddable":true,"href":"https:\/\/kindaj.com\/pl\/wp-json\/wp\/v2\/product_tag?post=30427"}],"curies":[{"name":"wp","href":"https:\/\/api.w.org\/{rel}","templated":true}]}}