{"id":30409,"date":"2021-02-24T13:20:19","date_gmt":"2021-02-24T13:20:19","guid":{"rendered":"https:\/\/kindaj.com\/?post_type=product&#038;p=30409"},"modified":"2026-02-17T09:28:52","modified_gmt":"2026-02-17T09:28:52","slug":"lyzeczki-silikonowe-one-spoon-cream-pink","status":"publish","type":"product","link":"https:\/\/kindaj.com\/pl\/sklep\/one-classic\/lyzeczki-silikonowe-one-spoon-cream-pink\/","title":{"rendered":"\u0141y\u017ceczki silikonowe one spoon cream pink"},"content":{"rendered":"<p>Silikonowe \u0142y\u017ceczki one spoon z <a href=\"https:\/\/kindaj.com\/pl\/kategoria-produktu\/one-classic\/\">kolekcji one classic<\/a> to niezast\u0105pione sztu\u0107ce dla najm\u0142odszych dzieci, ucz\u0105cych si\u0119 samodzielnego jedzenia. Mi\u0119kki silikon, z kt\u00f3rego wykonano \u0142y\u017ceczki nie podra\u017cnia delikatnych dzi\u0105se\u0142 dziecka. \u0141y\u017ceczki s\u0105 specjalnie wyprofilowane &#8211; szersza silikonowa r\u0105czka gwarantuje pewny chwyt i nie b\u0119dzie si\u0119 \u015blizga\u0107, co u\u0142atwi dziecku jedzenie. \u0141y\u017ceczki posiadaj\u0105 r\u00f3wnie\u017c przyssawki, kt\u00f3re zapobiegn\u0105 ich zgubieniu lub b\u0119d\u0105 dodatkow\u0105 atrakcj\u0105 dla malucha.<\/p>\n","protected":false},"excerpt":{"rendered":"<p>Najni\u017csza cena z 30 dni przed obni\u017ck\u0105: 15,99 z\u0142, cena regularna: 29,99 z\u0142<\/p>\n<p>&nbsp;<\/p>\n","protected":false},"featured_media":30871,"template":"","meta":{"_acf_changed":false},"product_brand":[],"product_cat":[21],"product_tag":[],"class_list":{"0":"post-30409","1":"product","2":"type-product","3":"status-publish","4":"has-post-thumbnail","6":"product_cat-one-classic","8":"first","9":"instock","10":"sale","11":"taxable","12":"shipping-taxable","13":"purchasable","14":"product-type-simple"},"acf":[],"yoast_head":"<!-- This site is optimized with the Yoast SEO plugin v27.5 - https:\/\/yoast.com\/product\/yoast-seo-wordpress\/ -->\n<title>Sztu\u0107ce dla dzieci - \u0141y\u017ceczki silikonowe one spoon cream pink - kindaj<\/title>\n<meta name=\"description\" content=\"Silikonowe \u0142y\u017ceczki one spoon to idealne sztu\u0107ce dla dzieci do rozpocz\u0119cia przygody z pierwszymi posi\u0142kami sta\u0142ymi. Stw\u00f3rz sw\u00f3j zestaw naczy\u0144\" \/>\n<meta name=\"robots\" content=\"index, follow, max-snippet:-1, max-image-preview:large, max-video-preview:-1\" \/>\n<link rel=\"canonical\" href=\"https:\/\/kindaj.com\/pl\/sklep\/one-classic\/lyzeczki-silikonowe-one-spoon-cream-pink\/\" \/>\n<meta property=\"og:locale\" content=\"pl_PL\" \/>\n<meta property=\"og:type\" content=\"article\" \/>\n<meta property=\"og:title\" content=\"Sztu\u0107ce dla dzieci - \u0141y\u017ceczki silikonowe one spoon cream pink - kindaj\" \/>\n<meta property=\"og:description\" content=\"Silikonowe \u0142y\u017ceczki one spoon to idealne sztu\u0107ce dla dzieci do rozpocz\u0119cia przygody z pierwszymi posi\u0142kami sta\u0142ymi. Stw\u00f3rz sw\u00f3j zestaw naczy\u0144\" \/>\n<meta property=\"og:url\" content=\"https:\/\/kindaj.com\/pl\/sklep\/one-classic\/lyzeczki-silikonowe-one-spoon-cream-pink\/\" \/>\n<meta property=\"og:site_name\" content=\"kindaj\" \/>\n<meta property=\"article:modified_time\" content=\"2026-02-17T09:28:52+00:00\" \/>\n<meta property=\"og:image\" content=\"https:\/\/kindaj.com\/wp-content\/uploads\/2021\/02\/ONE0015_k.jpg\" \/>\n\t<meta property=\"og:image:width\" content=\"1389\" \/>\n\t<meta property=\"og:image:height\" content=\"1389\" \/>\n\t<meta property=\"og:image:type\" content=\"image\/jpeg\" \/>\n<meta name=\"twitter:card\" content=\"summary_large_image\" \/>\n<meta name=\"twitter:label1\" content=\"Szacowany czas czytania\" \/>\n\t<meta name=\"twitter:data1\" content=\"1 minuta\" \/>\n<script type=\"application\/ld+json\" class=\"yoast-schema-graph\">{\"@context\":\"https:\\\/\\\/schema.org\",\"@graph\":[{\"@type\":\"WebPage\",\"@id\":\"https:\\\/\\\/kindaj.com\\\/pl\\\/sklep\\\/one-classic\\\/lyzeczki-silikonowe-one-spoon-cream-pink\\\/\",\"url\":\"https:\\\/\\\/kindaj.com\\\/pl\\\/sklep\\\/one-classic\\\/lyzeczki-silikonowe-one-spoon-cream-pink\\\/\",\"name\":\"Sztu\u0107ce dla dzieci - \u0141y\u017ceczki silikonowe one spoon cream pink - kindaj\",\"isPartOf\":{\"@id\":\"https:\\\/\\\/kindaj.com\\\/pl\\\/#website\"},\"primaryImageOfPage\":{\"@id\":\"https:\\\/\\\/kindaj.com\\\/pl\\\/sklep\\\/one-classic\\\/lyzeczki-silikonowe-one-spoon-cream-pink\\\/#primaryimage\"},\"image\":{\"@id\":\"https:\\\/\\\/kindaj.com\\\/pl\\\/sklep\\\/one-classic\\\/lyzeczki-silikonowe-one-spoon-cream-pink\\\/#primaryimage\"},\"thumbnailUrl\":\"https:\\\/\\\/i0.wp.com\\\/kindaj.com\\\/wp-content\\\/uploads\\\/2021\\\/02\\\/ONE0015_k.jpg?fit=1389%2C1389&ssl=1\",\"datePublished\":\"2021-02-24T13:20:19+00:00\",\"dateModified\":\"2026-02-17T09:28:52+00:00\",\"description\":\"Silikonowe \u0142y\u017ceczki one spoon to idealne sztu\u0107ce dla dzieci do rozpocz\u0119cia przygody z pierwszymi posi\u0142kami sta\u0142ymi. Stw\u00f3rz sw\u00f3j zestaw naczy\u0144\",\"breadcrumb\":{\"@id\":\"https:\\\/\\\/kindaj.com\\\/pl\\\/sklep\\\/one-classic\\\/lyzeczki-silikonowe-one-spoon-cream-pink\\\/#breadcrumb\"},\"inLanguage\":\"pl-PL\",\"potentialAction\":[{\"@type\":\"ReadAction\",\"target\":[\"https:\\\/\\\/kindaj.com\\\/pl\\\/sklep\\\/one-classic\\\/lyzeczki-silikonowe-one-spoon-cream-pink\\\/\"]}]},{\"@type\":\"ImageObject\",\"inLanguage\":\"pl-PL\",\"@id\":\"https:\\\/\\\/kindaj.com\\\/pl\\\/sklep\\\/one-classic\\\/lyzeczki-silikonowe-one-spoon-cream-pink\\\/#primaryimage\",\"url\":\"https:\\\/\\\/i0.wp.com\\\/kindaj.com\\\/wp-content\\\/uploads\\\/2021\\\/02\\\/ONE0015_k.jpg?fit=1389%2C1389&ssl=1\",\"contentUrl\":\"https:\\\/\\\/i0.wp.com\\\/kindaj.com\\\/wp-content\\\/uploads\\\/2021\\\/02\\\/ONE0015_k.jpg?fit=1389%2C1389&ssl=1\",\"width\":1389,\"height\":1389,\"caption\":\"silikonowe \u0142y\u017ceczki dla dzieci do pierwszych posi\u0142k\u00f3w szeroki trzonek kolor cream pink\"},{\"@type\":\"BreadcrumbList\",\"@id\":\"https:\\\/\\\/kindaj.com\\\/pl\\\/sklep\\\/one-classic\\\/lyzeczki-silikonowe-one-spoon-cream-pink\\\/#breadcrumb\",\"itemListElement\":[{\"@type\":\"ListItem\",\"position\":1,\"name\":\"strona g\u0142\u00f3wna\",\"item\":\"https:\\\/\\\/kindaj.com\\\/pl\\\/\"},{\"@type\":\"ListItem\",\"position\":2,\"name\":\"sklep\",\"item\":\"https:\\\/\\\/kindaj.com\\\/pl\\\/sklep\\\/\"},{\"@type\":\"ListItem\",\"position\":3,\"name\":\"one classic\",\"item\":\"https:\\\/\\\/kindaj.com\\\/pl\\\/kategoria-produktu\\\/one-classic\\\/\"},{\"@type\":\"ListItem\",\"position\":4,\"name\":\"\u0141y\u017ceczki silikonowe one spoon cream pink\"}]},{\"@type\":\"WebSite\",\"@id\":\"https:\\\/\\\/kindaj.com\\\/pl\\\/#website\",\"url\":\"https:\\\/\\\/kindaj.com\\\/pl\\\/\",\"name\":\"kindaj\",\"description\":\"minimalistyczne produkty dla dzieci i niemowl\u0105t\",\"publisher\":{\"@id\":\"https:\\\/\\\/kindaj.com\\\/pl\\\/#organization\"},\"potentialAction\":[{\"@type\":\"SearchAction\",\"target\":{\"@type\":\"EntryPoint\",\"urlTemplate\":\"https:\\\/\\\/kindaj.com\\\/pl\\\/?s={search_term_string}\"},\"query-input\":{\"@type\":\"PropertyValueSpecification\",\"valueRequired\":true,\"valueName\":\"search_term_string\"}}],\"inLanguage\":\"pl-PL\"},{\"@type\":\"Organization\",\"@id\":\"https:\\\/\\\/kindaj.com\\\/pl\\\/#organization\",\"name\":\"kindaj.com\",\"url\":\"https:\\\/\\\/kindaj.com\\\/pl\\\/\",\"logo\":{\"@type\":\"ImageObject\",\"inLanguage\":\"pl-PL\",\"@id\":\"https:\\\/\\\/kindaj.com\\\/pl\\\/#\\\/schema\\\/logo\\\/image\\\/\",\"url\":\"https:\\\/\\\/i0.wp.com\\\/kindaj.com\\\/wp-content\\\/uploads\\\/2021\\\/02\\\/kindaj_logo.jpg?fit=2000%2C2000&ssl=1\",\"contentUrl\":\"https:\\\/\\\/i0.wp.com\\\/kindaj.com\\\/wp-content\\\/uploads\\\/2021\\\/02\\\/kindaj_logo.jpg?fit=2000%2C2000&ssl=1\",\"width\":2000,\"height\":2000,\"caption\":\"kindaj.com\"},\"image\":{\"@id\":\"https:\\\/\\\/kindaj.com\\\/pl\\\/#\\\/schema\\\/logo\\\/image\\\/\"}}]}<\/script>\n<!-- \/ Yoast SEO plugin. -->","yoast_head_json":{"title":"Sztu\u0107ce dla dzieci - \u0141y\u017ceczki silikonowe one spoon cream pink - kindaj","description":"Silikonowe \u0142y\u017ceczki one spoon to idealne sztu\u0107ce dla dzieci do rozpocz\u0119cia przygody z pierwszymi posi\u0142kami sta\u0142ymi. Stw\u00f3rz sw\u00f3j zestaw naczy\u0144","robots":{"index":"index","follow":"follow","max-snippet":"max-snippet:-1","max-image-preview":"max-image-preview:large","max-video-preview":"max-video-preview:-1"},"canonical":"https:\/\/kindaj.com\/pl\/sklep\/one-classic\/lyzeczki-silikonowe-one-spoon-cream-pink\/","og_locale":"pl_PL","og_type":"article","og_title":"Sztu\u0107ce dla dzieci - \u0141y\u017ceczki silikonowe one spoon cream pink - kindaj","og_description":"Silikonowe \u0142y\u017ceczki one spoon to idealne sztu\u0107ce dla dzieci do rozpocz\u0119cia przygody z pierwszymi posi\u0142kami sta\u0142ymi. Stw\u00f3rz sw\u00f3j zestaw naczy\u0144","og_url":"https:\/\/kindaj.com\/pl\/sklep\/one-classic\/lyzeczki-silikonowe-one-spoon-cream-pink\/","og_site_name":"kindaj","article_modified_time":"2026-02-17T09:28:52+00:00","og_image":[{"width":1389,"height":1389,"url":"https:\/\/kindaj.com\/wp-content\/uploads\/2021\/02\/ONE0015_k.jpg","type":"image\/jpeg"}],"twitter_card":"summary_large_image","twitter_misc":{"Szacowany czas czytania":"1 minuta"},"schema":{"@context":"https:\/\/schema.org","@graph":[{"@type":"WebPage","@id":"https:\/\/kindaj.com\/pl\/sklep\/one-classic\/lyzeczki-silikonowe-one-spoon-cream-pink\/","url":"https:\/\/kindaj.com\/pl\/sklep\/one-classic\/lyzeczki-silikonowe-one-spoon-cream-pink\/","name":"Sztu\u0107ce dla dzieci - \u0141y\u017ceczki silikonowe one spoon cream pink - kindaj","isPartOf":{"@id":"https:\/\/kindaj.com\/pl\/#website"},"primaryImageOfPage":{"@id":"https:\/\/kindaj.com\/pl\/sklep\/one-classic\/lyzeczki-silikonowe-one-spoon-cream-pink\/#primaryimage"},"image":{"@id":"https:\/\/kindaj.com\/pl\/sklep\/one-classic\/lyzeczki-silikonowe-one-spoon-cream-pink\/#primaryimage"},"thumbnailUrl":"https:\/\/i0.wp.com\/kindaj.com\/wp-content\/uploads\/2021\/02\/ONE0015_k.jpg?fit=1389%2C1389&ssl=1","datePublished":"2021-02-24T13:20:19+00:00","dateModified":"2026-02-17T09:28:52+00:00","description":"Silikonowe \u0142y\u017ceczki one spoon to idealne sztu\u0107ce dla dzieci do rozpocz\u0119cia przygody z pierwszymi posi\u0142kami sta\u0142ymi. Stw\u00f3rz sw\u00f3j zestaw naczy\u0144","breadcrumb":{"@id":"https:\/\/kindaj.com\/pl\/sklep\/one-classic\/lyzeczki-silikonowe-one-spoon-cream-pink\/#breadcrumb"},"inLanguage":"pl-PL","potentialAction":[{"@type":"ReadAction","target":["https:\/\/kindaj.com\/pl\/sklep\/one-classic\/lyzeczki-silikonowe-one-spoon-cream-pink\/"]}]},{"@type":"ImageObject","inLanguage":"pl-PL","@id":"https:\/\/kindaj.com\/pl\/sklep\/one-classic\/lyzeczki-silikonowe-one-spoon-cream-pink\/#primaryimage","url":"https:\/\/i0.wp.com\/kindaj.com\/wp-content\/uploads\/2021\/02\/ONE0015_k.jpg?fit=1389%2C1389&ssl=1","contentUrl":"https:\/\/i0.wp.com\/kindaj.com\/wp-content\/uploads\/2021\/02\/ONE0015_k.jpg?fit=1389%2C1389&ssl=1","width":1389,"height":1389,"caption":"silikonowe \u0142y\u017ceczki dla dzieci do pierwszych posi\u0142k\u00f3w szeroki trzonek kolor cream pink"},{"@type":"BreadcrumbList","@id":"https:\/\/kindaj.com\/pl\/sklep\/one-classic\/lyzeczki-silikonowe-one-spoon-cream-pink\/#breadcrumb","itemListElement":[{"@type":"ListItem","position":1,"name":"strona g\u0142\u00f3wna","item":"https:\/\/kindaj.com\/pl\/"},{"@type":"ListItem","position":2,"name":"sklep","item":"https:\/\/kindaj.com\/pl\/sklep\/"},{"@type":"ListItem","position":3,"name":"one classic","item":"https:\/\/kindaj.com\/pl\/kategoria-produktu\/one-classic\/"},{"@type":"ListItem","position":4,"name":"\u0141y\u017ceczki silikonowe one spoon cream pink"}]},{"@type":"WebSite","@id":"https:\/\/kindaj.com\/pl\/#website","url":"https:\/\/kindaj.com\/pl\/","name":"kindaj","description":"minimalistyczne produkty dla dzieci i niemowl\u0105t","publisher":{"@id":"https:\/\/kindaj.com\/pl\/#organization"},"potentialAction":[{"@type":"SearchAction","target":{"@type":"EntryPoint","urlTemplate":"https:\/\/kindaj.com\/pl\/?s={search_term_string}"},"query-input":{"@type":"PropertyValueSpecification","valueRequired":true,"valueName":"search_term_string"}}],"inLanguage":"pl-PL"},{"@type":"Organization","@id":"https:\/\/kindaj.com\/pl\/#organization","name":"kindaj.com","url":"https:\/\/kindaj.com\/pl\/","logo":{"@type":"ImageObject","inLanguage":"pl-PL","@id":"https:\/\/kindaj.com\/pl\/#\/schema\/logo\/image\/","url":"https:\/\/i0.wp.com\/kindaj.com\/wp-content\/uploads\/2021\/02\/kindaj_logo.jpg?fit=2000%2C2000&ssl=1","contentUrl":"https:\/\/i0.wp.com\/kindaj.com\/wp-content\/uploads\/2021\/02\/kindaj_logo.jpg?fit=2000%2C2000&ssl=1","width":2000,"height":2000,"caption":"kindaj.com"},"image":{"@id":"https:\/\/kindaj.com\/pl\/#\/schema\/logo\/image\/"}}]}},"jetpack_sharing_enabled":true,"_links":{"self":[{"href":"https:\/\/kindaj.com\/pl\/wp-json\/wp\/v2\/product\/30409","targetHints":{"allow":["GET"]}}],"collection":[{"href":"https:\/\/kindaj.com\/pl\/wp-json\/wp\/v2\/product"}],"about":[{"href":"https:\/\/kindaj.com\/pl\/wp-json\/wp\/v2\/types\/product"}],"version-history":[{"count":1,"href":"https:\/\/kindaj.com\/pl\/wp-json\/wp\/v2\/product\/30409\/revisions"}],"predecessor-version":[{"id":54029,"href":"https:\/\/kindaj.com\/pl\/wp-json\/wp\/v2\/product\/30409\/revisions\/54029"}],"wp:featuredmedia":[{"embeddable":true,"href":"https:\/\/kindaj.com\/pl\/wp-json\/wp\/v2\/media\/30871"}],"wp:attachment":[{"href":"https:\/\/kindaj.com\/pl\/wp-json\/wp\/v2\/media?parent=30409"}],"wp:term":[{"taxonomy":"product_brand","embeddable":true,"href":"https:\/\/kindaj.com\/pl\/wp-json\/wp\/v2\/product_brand?post=30409"},{"taxonomy":"product_cat","embeddable":true,"href":"https:\/\/kindaj.com\/pl\/wp-json\/wp\/v2\/product_cat?post=30409"},{"taxonomy":"product_tag","embeddable":true,"href":"https:\/\/kindaj.com\/pl\/wp-json\/wp\/v2\/product_tag?post=30409"}],"curies":[{"name":"wp","href":"https:\/\/api.w.org\/{rel}","templated":true}]}}