{"id":30406,"date":"2021-02-24T13:15:41","date_gmt":"2021-02-24T13:15:41","guid":{"rendered":"https:\/\/kindaj.com\/?post_type=product&#038;p=30406"},"modified":"2026-04-23T17:04:02","modified_gmt":"2026-04-23T17:04:02","slug":"nakretki-na-butelki-do-przechowywania-one-classiccap-gray-violet","status":"publish","type":"product","link":"https:\/\/kindaj.com\/pl\/sklep\/one-classic\/nakretki-na-butelki-do-przechowywania-one-classiccap-gray-violet\/","title":{"rendered":"Nakr\u0119tki na butelki do przechowywania one classicCAP gray violet"},"content":{"rendered":"<p><span style=\"font-weight: 400;\">Nakr\u0119tki<\/span><span style=\"font-weight: 400;\"> one classicCAP zaprojektowano do u\u017cytku ze<\/span><span style=\"font-weight: 400;\"> szklan\u0105 butelk\u0105 do karmienia <a href=\"https:\/\/kindaj.com\/pl\/sklep\/one-classic\/butelka-do-karmienia-szklana-one-classic120-cream-pink\/\">one classic120<\/a> oraz <a href=\"https:\/\/kindaj.com\/pl\/sklep\/one-classic\/butelka-do-karmienia-szklana-one-classic240-cream-pink\/\">one classic<\/a><\/span><span style=\"font-weight: 400;\">240. Dzi\u0119ki nakr\u0119tce przekszta\u0142cisz butelk\u0119 w pojemnik do przechowywania \u017cywno\u015bci. Nakr\u0119tka posiada uszczelk\u0119<\/span><span style=\"font-weight: 400;\">, kt\u00f3ra zapewnia szczelno\u015b\u0107 i zapobiega rozlewaniu si\u0119 p\u0142yn\u00f3w. Zakr\u0119tki<\/span><span style=\"font-weight: 400;\"> maj\u0105 eleganckie, matowe wyko\u0144czenie a ich kolory dopasowano do butelek. Dzi\u0119ki praktycznym nakr\u0119tkom szklana butelka pos\u0142u\u017cy Ci o wiele d\u0142u\u017cej.<br \/>\n<\/span>Nakr\u0119tki kupujesz w dwupaku.<\/p>\n","protected":false},"excerpt":{"rendered":"<p>Najni\u017csza cena z 30 dni przed obni\u017ck\u0105: 14,99 z\u0142<\/p>\n","protected":false},"featured_media":30454,"template":"","meta":{"_acf_changed":false},"product_brand":[],"product_cat":[21],"product_tag":[],"class_list":{"0":"post-30406","1":"product","2":"type-product","3":"status-publish","4":"has-post-thumbnail","6":"product_cat-one-classic","8":"first","9":"instock","10":"sale","11":"taxable","12":"shipping-taxable","13":"purchasable","14":"product-type-simple"},"acf":[],"yoast_head":"<!-- This site is optimized with the Yoast SEO plugin v27.2 - https:\/\/yoast.com\/product\/yoast-seo-wordpress\/ -->\n<title>Nakr\u0119tki na butelki do przechowywania one classicCAP gray violet - kindaj<\/title>\n<meta name=\"description\" content=\"Nakr\u0119tki classicCap do butelki one classic120 oraz one classic240. Dzi\u0119ki nakr\u0119tkom przekszta\u0142cisz butelk\u0119 do karmienia w pojemnik na \u017cywno\u015b\u0107\" \/>\n<meta name=\"robots\" content=\"index, follow, max-snippet:-1, max-image-preview:large, max-video-preview:-1\" \/>\n<link rel=\"canonical\" href=\"https:\/\/kindaj.com\/pl\/sklep\/one-classic\/nakretki-na-butelki-do-przechowywania-one-classiccap-gray-violet\/\" \/>\n<meta property=\"og:locale\" content=\"pl_PL\" \/>\n<meta property=\"og:type\" content=\"article\" \/>\n<meta property=\"og:title\" content=\"Nakr\u0119tki na butelki do przechowywania one classicCAP gray violet - kindaj\" \/>\n<meta property=\"og:description\" content=\"Nakr\u0119tki classicCap do butelki one classic120 oraz one classic240. Dzi\u0119ki nakr\u0119tkom przekszta\u0142cisz butelk\u0119 do karmienia w pojemnik na \u017cywno\u015b\u0107\" \/>\n<meta property=\"og:url\" content=\"https:\/\/kindaj.com\/pl\/sklep\/one-classic\/nakretki-na-butelki-do-przechowywania-one-classiccap-gray-violet\/\" \/>\n<meta property=\"og:site_name\" content=\"kindaj\" \/>\n<meta property=\"article:modified_time\" content=\"2026-04-23T17:04:02+00:00\" \/>\n<meta property=\"og:image\" content=\"https:\/\/kindaj.com\/wp-content\/uploads\/2021\/02\/ONE0014_01_k_m.jpg\" \/>\n\t<meta property=\"og:image:width\" content=\"2500\" \/>\n\t<meta property=\"og:image:height\" content=\"2500\" \/>\n\t<meta property=\"og:image:type\" content=\"image\/jpeg\" \/>\n<meta name=\"twitter:card\" content=\"summary_large_image\" \/>\n<meta name=\"twitter:label1\" content=\"Szacowany czas czytania\" \/>\n\t<meta name=\"twitter:data1\" content=\"1 minuta\" \/>\n<script type=\"application\/ld+json\" class=\"yoast-schema-graph\">{\"@context\":\"https:\/\/schema.org\",\"@graph\":[{\"@type\":\"WebPage\",\"@id\":\"https:\/\/kindaj.com\/pl\/sklep\/one-classic\/nakretki-na-butelki-do-przechowywania-one-classiccap-gray-violet\/\",\"url\":\"https:\/\/kindaj.com\/pl\/sklep\/one-classic\/nakretki-na-butelki-do-przechowywania-one-classiccap-gray-violet\/\",\"name\":\"Nakr\u0119tki na butelki do przechowywania one classicCAP gray violet - kindaj\",\"isPartOf\":{\"@id\":\"https:\/\/kindaj.com\/pl\/#website\"},\"primaryImageOfPage\":{\"@id\":\"https:\/\/kindaj.com\/pl\/sklep\/one-classic\/nakretki-na-butelki-do-przechowywania-one-classiccap-gray-violet\/#primaryimage\"},\"image\":{\"@id\":\"https:\/\/kindaj.com\/pl\/sklep\/one-classic\/nakretki-na-butelki-do-przechowywania-one-classiccap-gray-violet\/#primaryimage\"},\"thumbnailUrl\":\"https:\/\/i0.wp.com\/kindaj.com\/wp-content\/uploads\/2021\/02\/ONE0014_01_k_m.jpg?fit=2500%2C2500&ssl=1\",\"datePublished\":\"2021-02-24T13:15:41+00:00\",\"dateModified\":\"2026-04-23T17:04:02+00:00\",\"description\":\"Nakr\u0119tki classicCap do butelki one classic120 oraz one classic240. Dzi\u0119ki nakr\u0119tkom przekszta\u0142cisz butelk\u0119 do karmienia w pojemnik na \u017cywno\u015b\u0107\",\"breadcrumb\":{\"@id\":\"https:\/\/kindaj.com\/pl\/sklep\/one-classic\/nakretki-na-butelki-do-przechowywania-one-classiccap-gray-violet\/#breadcrumb\"},\"inLanguage\":\"pl-PL\",\"potentialAction\":[{\"@type\":\"ReadAction\",\"target\":[\"https:\/\/kindaj.com\/pl\/sklep\/one-classic\/nakretki-na-butelki-do-przechowywania-one-classiccap-gray-violet\/\"]}]},{\"@type\":\"ImageObject\",\"inLanguage\":\"pl-PL\",\"@id\":\"https:\/\/kindaj.com\/pl\/sklep\/one-classic\/nakretki-na-butelki-do-przechowywania-one-classiccap-gray-violet\/#primaryimage\",\"url\":\"https:\/\/i0.wp.com\/kindaj.com\/wp-content\/uploads\/2021\/02\/ONE0014_01_k_m.jpg?fit=2500%2C2500&ssl=1\",\"contentUrl\":\"https:\/\/i0.wp.com\/kindaj.com\/wp-content\/uploads\/2021\/02\/ONE0014_01_k_m.jpg?fit=2500%2C2500&ssl=1\",\"width\":2500,\"height\":2500,\"caption\":\"nakr\u0119tki do butelki one classic tworzywo sztuczne matowe w kolorze gray violet\"},{\"@type\":\"BreadcrumbList\",\"@id\":\"https:\/\/kindaj.com\/pl\/sklep\/one-classic\/nakretki-na-butelki-do-przechowywania-one-classiccap-gray-violet\/#breadcrumb\",\"itemListElement\":[{\"@type\":\"ListItem\",\"position\":1,\"name\":\"strona g\u0142\u00f3wna\",\"item\":\"https:\/\/kindaj.com\/pl\/\"},{\"@type\":\"ListItem\",\"position\":2,\"name\":\"sklep\",\"item\":\"https:\/\/kindaj.com\/pl\/sklep\/\"},{\"@type\":\"ListItem\",\"position\":3,\"name\":\"one classic\",\"item\":\"https:\/\/kindaj.com\/pl\/kategoria-produktu\/one-classic\/\"},{\"@type\":\"ListItem\",\"position\":4,\"name\":\"Nakr\u0119tki na butelki do przechowywania one classicCAP gray violet\"}]},{\"@type\":\"WebSite\",\"@id\":\"https:\/\/kindaj.com\/pl\/#website\",\"url\":\"https:\/\/kindaj.com\/pl\/\",\"name\":\"kindaj\",\"description\":\"minimalistyczne produkty dla dzieci i niemowl\u0105t\",\"publisher\":{\"@id\":\"https:\/\/kindaj.com\/pl\/#organization\"},\"potentialAction\":[{\"@type\":\"SearchAction\",\"target\":{\"@type\":\"EntryPoint\",\"urlTemplate\":\"https:\/\/kindaj.com\/pl\/?s={search_term_string}\"},\"query-input\":{\"@type\":\"PropertyValueSpecification\",\"valueRequired\":true,\"valueName\":\"search_term_string\"}}],\"inLanguage\":\"pl-PL\"},{\"@type\":\"Organization\",\"@id\":\"https:\/\/kindaj.com\/pl\/#organization\",\"name\":\"kindaj.com\",\"url\":\"https:\/\/kindaj.com\/pl\/\",\"logo\":{\"@type\":\"ImageObject\",\"inLanguage\":\"pl-PL\",\"@id\":\"https:\/\/kindaj.com\/pl\/#\/schema\/logo\/image\/\",\"url\":\"https:\/\/i0.wp.com\/kindaj.com\/wp-content\/uploads\/2021\/02\/kindaj_logo.jpg?fit=2000%2C2000&ssl=1\",\"contentUrl\":\"https:\/\/i0.wp.com\/kindaj.com\/wp-content\/uploads\/2021\/02\/kindaj_logo.jpg?fit=2000%2C2000&ssl=1\",\"width\":2000,\"height\":2000,\"caption\":\"kindaj.com\"},\"image\":{\"@id\":\"https:\/\/kindaj.com\/pl\/#\/schema\/logo\/image\/\"}}]}<\/script>\n<!-- \/ Yoast SEO plugin. -->","yoast_head_json":{"title":"Nakr\u0119tki na butelki do przechowywania one classicCAP gray violet - kindaj","description":"Nakr\u0119tki classicCap do butelki one classic120 oraz one classic240. Dzi\u0119ki nakr\u0119tkom przekszta\u0142cisz butelk\u0119 do karmienia w pojemnik na \u017cywno\u015b\u0107","robots":{"index":"index","follow":"follow","max-snippet":"max-snippet:-1","max-image-preview":"max-image-preview:large","max-video-preview":"max-video-preview:-1"},"canonical":"https:\/\/kindaj.com\/pl\/sklep\/one-classic\/nakretki-na-butelki-do-przechowywania-one-classiccap-gray-violet\/","og_locale":"pl_PL","og_type":"article","og_title":"Nakr\u0119tki na butelki do przechowywania one classicCAP gray violet - kindaj","og_description":"Nakr\u0119tki classicCap do butelki one classic120 oraz one classic240. Dzi\u0119ki nakr\u0119tkom przekszta\u0142cisz butelk\u0119 do karmienia w pojemnik na \u017cywno\u015b\u0107","og_url":"https:\/\/kindaj.com\/pl\/sklep\/one-classic\/nakretki-na-butelki-do-przechowywania-one-classiccap-gray-violet\/","og_site_name":"kindaj","article_modified_time":"2026-04-23T17:04:02+00:00","og_image":[{"width":2500,"height":2500,"url":"https:\/\/kindaj.com\/wp-content\/uploads\/2021\/02\/ONE0014_01_k_m.jpg","type":"image\/jpeg"}],"twitter_card":"summary_large_image","twitter_misc":{"Szacowany czas czytania":"1 minuta"},"schema":{"@context":"https:\/\/schema.org","@graph":[{"@type":"WebPage","@id":"https:\/\/kindaj.com\/pl\/sklep\/one-classic\/nakretki-na-butelki-do-przechowywania-one-classiccap-gray-violet\/","url":"https:\/\/kindaj.com\/pl\/sklep\/one-classic\/nakretki-na-butelki-do-przechowywania-one-classiccap-gray-violet\/","name":"Nakr\u0119tki na butelki do przechowywania one classicCAP gray violet - kindaj","isPartOf":{"@id":"https:\/\/kindaj.com\/pl\/#website"},"primaryImageOfPage":{"@id":"https:\/\/kindaj.com\/pl\/sklep\/one-classic\/nakretki-na-butelki-do-przechowywania-one-classiccap-gray-violet\/#primaryimage"},"image":{"@id":"https:\/\/kindaj.com\/pl\/sklep\/one-classic\/nakretki-na-butelki-do-przechowywania-one-classiccap-gray-violet\/#primaryimage"},"thumbnailUrl":"https:\/\/i0.wp.com\/kindaj.com\/wp-content\/uploads\/2021\/02\/ONE0014_01_k_m.jpg?fit=2500%2C2500&ssl=1","datePublished":"2021-02-24T13:15:41+00:00","dateModified":"2026-04-23T17:04:02+00:00","description":"Nakr\u0119tki classicCap do butelki one classic120 oraz one classic240. Dzi\u0119ki nakr\u0119tkom przekszta\u0142cisz butelk\u0119 do karmienia w pojemnik na \u017cywno\u015b\u0107","breadcrumb":{"@id":"https:\/\/kindaj.com\/pl\/sklep\/one-classic\/nakretki-na-butelki-do-przechowywania-one-classiccap-gray-violet\/#breadcrumb"},"inLanguage":"pl-PL","potentialAction":[{"@type":"ReadAction","target":["https:\/\/kindaj.com\/pl\/sklep\/one-classic\/nakretki-na-butelki-do-przechowywania-one-classiccap-gray-violet\/"]}]},{"@type":"ImageObject","inLanguage":"pl-PL","@id":"https:\/\/kindaj.com\/pl\/sklep\/one-classic\/nakretki-na-butelki-do-przechowywania-one-classiccap-gray-violet\/#primaryimage","url":"https:\/\/i0.wp.com\/kindaj.com\/wp-content\/uploads\/2021\/02\/ONE0014_01_k_m.jpg?fit=2500%2C2500&ssl=1","contentUrl":"https:\/\/i0.wp.com\/kindaj.com\/wp-content\/uploads\/2021\/02\/ONE0014_01_k_m.jpg?fit=2500%2C2500&ssl=1","width":2500,"height":2500,"caption":"nakr\u0119tki do butelki one classic tworzywo sztuczne matowe w kolorze gray violet"},{"@type":"BreadcrumbList","@id":"https:\/\/kindaj.com\/pl\/sklep\/one-classic\/nakretki-na-butelki-do-przechowywania-one-classiccap-gray-violet\/#breadcrumb","itemListElement":[{"@type":"ListItem","position":1,"name":"strona g\u0142\u00f3wna","item":"https:\/\/kindaj.com\/pl\/"},{"@type":"ListItem","position":2,"name":"sklep","item":"https:\/\/kindaj.com\/pl\/sklep\/"},{"@type":"ListItem","position":3,"name":"one classic","item":"https:\/\/kindaj.com\/pl\/kategoria-produktu\/one-classic\/"},{"@type":"ListItem","position":4,"name":"Nakr\u0119tki na butelki do przechowywania one classicCAP gray violet"}]},{"@type":"WebSite","@id":"https:\/\/kindaj.com\/pl\/#website","url":"https:\/\/kindaj.com\/pl\/","name":"kindaj","description":"minimalistyczne produkty dla dzieci i niemowl\u0105t","publisher":{"@id":"https:\/\/kindaj.com\/pl\/#organization"},"potentialAction":[{"@type":"SearchAction","target":{"@type":"EntryPoint","urlTemplate":"https:\/\/kindaj.com\/pl\/?s={search_term_string}"},"query-input":{"@type":"PropertyValueSpecification","valueRequired":true,"valueName":"search_term_string"}}],"inLanguage":"pl-PL"},{"@type":"Organization","@id":"https:\/\/kindaj.com\/pl\/#organization","name":"kindaj.com","url":"https:\/\/kindaj.com\/pl\/","logo":{"@type":"ImageObject","inLanguage":"pl-PL","@id":"https:\/\/kindaj.com\/pl\/#\/schema\/logo\/image\/","url":"https:\/\/i0.wp.com\/kindaj.com\/wp-content\/uploads\/2021\/02\/kindaj_logo.jpg?fit=2000%2C2000&ssl=1","contentUrl":"https:\/\/i0.wp.com\/kindaj.com\/wp-content\/uploads\/2021\/02\/kindaj_logo.jpg?fit=2000%2C2000&ssl=1","width":2000,"height":2000,"caption":"kindaj.com"},"image":{"@id":"https:\/\/kindaj.com\/pl\/#\/schema\/logo\/image\/"}}]}},"jetpack_sharing_enabled":true,"_links":{"self":[{"href":"https:\/\/kindaj.com\/pl\/wp-json\/wp\/v2\/product\/30406","targetHints":{"allow":["GET"]}}],"collection":[{"href":"https:\/\/kindaj.com\/pl\/wp-json\/wp\/v2\/product"}],"about":[{"href":"https:\/\/kindaj.com\/pl\/wp-json\/wp\/v2\/types\/product"}],"version-history":[{"count":0,"href":"https:\/\/kindaj.com\/pl\/wp-json\/wp\/v2\/product\/30406\/revisions"}],"wp:featuredmedia":[{"embeddable":true,"href":"https:\/\/kindaj.com\/pl\/wp-json\/wp\/v2\/media\/30454"}],"wp:attachment":[{"href":"https:\/\/kindaj.com\/pl\/wp-json\/wp\/v2\/media?parent=30406"}],"wp:term":[{"taxonomy":"product_brand","embeddable":true,"href":"https:\/\/kindaj.com\/pl\/wp-json\/wp\/v2\/product_brand?post=30406"},{"taxonomy":"product_cat","embeddable":true,"href":"https:\/\/kindaj.com\/pl\/wp-json\/wp\/v2\/product_cat?post=30406"},{"taxonomy":"product_tag","embeddable":true,"href":"https:\/\/kindaj.com\/pl\/wp-json\/wp\/v2\/product_tag?post=30406"}],"curies":[{"name":"wp","href":"https:\/\/api.w.org\/{rel}","templated":true}]}}