{"id":30393,"date":"2021-02-24T13:01:17","date_gmt":"2021-02-24T13:01:17","guid":{"rendered":"https:\/\/kindaj.com\/?post_type=product&#038;p=30393"},"modified":"2025-12-21T11:34:42","modified_gmt":"2025-12-21T11:34:42","slug":"smoczki-uspokajajace-one-calmness-cream-pink","status":"publish","type":"product","link":"https:\/\/kindaj.com\/pl\/sklep\/one-classic\/smoczki-uspokajajace-one-calmness-cream-pink\/","title":{"rendered":"Smoczki uspokajaj\u0105ce one calmness cream pink"},"content":{"rendered":"<p><span style=\"font-weight: 400;\">Smoczki uspokajaj\u0105ce <a href=\"https:\/\/kindaj.com\/pl\/kategoria-produktu\/one-classic\/\">one calmness<\/a> maj\u0105 specjalny kszta\u0142t <\/span><span style=\"font-weight: 400;\">gumki, kt\u00f3ry jest odpowiedni dla dzieci od narodzin, a\u017c do 12 miesi\u0105ca \u017cycia. Wykonano je z bezpiecznego, bezzapachowego i mi\u0119kkiego silikonu, dzi\u0119ki temu przynosz\u0105 dziecku ukojenie, jednocze\u015bnie nie zaburzaj\u0105c rozwoju zgryzu. Smoczki <\/span><span style=\"font-weight: 400;\">one calmness mo\u017cna my\u0107 w zmywarce, a tak\u017ce<\/span><span style=\"font-weight: 400;\"> u\u017cywa\u0107 <\/span><span style=\"font-weight: 400;\">w sterylizatorze elektrycznym lub mikrofalowym.<\/span><\/p>\n<p>Smoczki uspokajaj\u0105ce one calmness kupujesz w dwupaku.<\/p>\n","protected":false},"excerpt":{"rendered":"<p>Najni\u017csza cena z 30 dni przed obni\u017ck\u0105: 11,99 z\u0142, cena regularna: 15,99 z\u0142<\/p>\n","protected":false},"featured_media":30413,"template":"","meta":{"_acf_changed":false},"product_brand":[],"product_cat":[21],"product_tag":[],"class_list":{"0":"post-30393","1":"product","2":"type-product","3":"status-publish","4":"has-post-thumbnail","6":"product_cat-one-classic","8":"first","9":"instock","10":"sale","11":"taxable","12":"shipping-taxable","13":"purchasable","14":"product-type-simple"},"acf":[],"yoast_head":"<!-- This site is optimized with the Yoast SEO plugin v27.2 - https:\/\/yoast.com\/product\/yoast-seo-wordpress\/ -->\n<title>Smoczki uspokajaj\u0105ce one calmness cream pink - kindaj<\/title>\n<meta name=\"description\" content=\"Smoczki uspokajaj\u0105ce one calmness maj\u0105 specjalny kszta\u0142t gumki, kt\u00f3ry jest odpowiedni dla dzieci 0-12m. Wykonane z mi\u0119kkiego silikonu.\" \/>\n<meta name=\"robots\" content=\"index, follow, max-snippet:-1, max-image-preview:large, max-video-preview:-1\" \/>\n<link rel=\"canonical\" href=\"https:\/\/kindaj.com\/pl\/sklep\/one-classic\/smoczki-uspokajajace-one-calmness-cream-pink\/\" \/>\n<meta property=\"og:locale\" content=\"pl_PL\" \/>\n<meta property=\"og:type\" content=\"article\" \/>\n<meta property=\"og:title\" content=\"Smoczki uspokajaj\u0105ce one calmness cream pink - kindaj\" \/>\n<meta property=\"og:description\" content=\"Smoczki uspokajaj\u0105ce one calmness maj\u0105 specjalny kszta\u0142t gumki, kt\u00f3ry jest odpowiedni dla dzieci 0-12m. Wykonane z mi\u0119kkiego silikonu.\" \/>\n<meta property=\"og:url\" content=\"https:\/\/kindaj.com\/pl\/sklep\/one-classic\/smoczki-uspokajajace-one-calmness-cream-pink\/\" \/>\n<meta property=\"og:site_name\" content=\"kindaj\" \/>\n<meta property=\"article:modified_time\" content=\"2025-12-21T11:34:42+00:00\" \/>\n<meta property=\"og:image\" content=\"https:\/\/kindaj.com\/wp-content\/uploads\/2021\/02\/ONE0009_01_k_m.jpg\" \/>\n\t<meta property=\"og:image:width\" content=\"2500\" \/>\n\t<meta property=\"og:image:height\" content=\"2500\" \/>\n\t<meta property=\"og:image:type\" content=\"image\/jpeg\" \/>\n<meta name=\"twitter:card\" content=\"summary_large_image\" \/>\n<meta name=\"twitter:label1\" content=\"Szacowany czas czytania\" \/>\n\t<meta name=\"twitter:data1\" content=\"1 minuta\" \/>\n<script type=\"application\/ld+json\" class=\"yoast-schema-graph\">{\"@context\":\"https:\/\/schema.org\",\"@graph\":[{\"@type\":\"WebPage\",\"@id\":\"https:\/\/kindaj.com\/pl\/sklep\/one-classic\/smoczki-uspokajajace-one-calmness-cream-pink\/\",\"url\":\"https:\/\/kindaj.com\/pl\/sklep\/one-classic\/smoczki-uspokajajace-one-calmness-cream-pink\/\",\"name\":\"Smoczki uspokajaj\u0105ce one calmness cream pink - kindaj\",\"isPartOf\":{\"@id\":\"https:\/\/kindaj.com\/pl\/#website\"},\"primaryImageOfPage\":{\"@id\":\"https:\/\/kindaj.com\/pl\/sklep\/one-classic\/smoczki-uspokajajace-one-calmness-cream-pink\/#primaryimage\"},\"image\":{\"@id\":\"https:\/\/kindaj.com\/pl\/sklep\/one-classic\/smoczki-uspokajajace-one-calmness-cream-pink\/#primaryimage\"},\"thumbnailUrl\":\"https:\/\/i0.wp.com\/kindaj.com\/wp-content\/uploads\/2021\/02\/ONE0009_01_k_m.jpg?fit=2500%2C2500&ssl=1\",\"datePublished\":\"2021-02-24T13:01:17+00:00\",\"dateModified\":\"2025-12-21T11:34:42+00:00\",\"description\":\"Smoczki uspokajaj\u0105ce one calmness maj\u0105 specjalny kszta\u0142t gumki, kt\u00f3ry jest odpowiedni dla dzieci 0-12m. Wykonane z mi\u0119kkiego silikonu.\",\"breadcrumb\":{\"@id\":\"https:\/\/kindaj.com\/pl\/sklep\/one-classic\/smoczki-uspokajajace-one-calmness-cream-pink\/#breadcrumb\"},\"inLanguage\":\"pl-PL\",\"potentialAction\":[{\"@type\":\"ReadAction\",\"target\":[\"https:\/\/kindaj.com\/pl\/sklep\/one-classic\/smoczki-uspokajajace-one-calmness-cream-pink\/\"]}]},{\"@type\":\"ImageObject\",\"inLanguage\":\"pl-PL\",\"@id\":\"https:\/\/kindaj.com\/pl\/sklep\/one-classic\/smoczki-uspokajajace-one-calmness-cream-pink\/#primaryimage\",\"url\":\"https:\/\/i0.wp.com\/kindaj.com\/wp-content\/uploads\/2021\/02\/ONE0009_01_k_m.jpg?fit=2500%2C2500&ssl=1\",\"contentUrl\":\"https:\/\/i0.wp.com\/kindaj.com\/wp-content\/uploads\/2021\/02\/ONE0009_01_k_m.jpg?fit=2500%2C2500&ssl=1\",\"width\":2500,\"height\":2500,\"caption\":\"smoczki uspokajaj\u0105ce okr\u0105g\u0142a gumka wyprofilowana tarcza kolor cream pink\"},{\"@type\":\"BreadcrumbList\",\"@id\":\"https:\/\/kindaj.com\/pl\/sklep\/one-classic\/smoczki-uspokajajace-one-calmness-cream-pink\/#breadcrumb\",\"itemListElement\":[{\"@type\":\"ListItem\",\"position\":1,\"name\":\"strona g\u0142\u00f3wna\",\"item\":\"https:\/\/kindaj.com\/pl\/\"},{\"@type\":\"ListItem\",\"position\":2,\"name\":\"sklep\",\"item\":\"https:\/\/kindaj.com\/pl\/sklep\/\"},{\"@type\":\"ListItem\",\"position\":3,\"name\":\"one classic\",\"item\":\"https:\/\/kindaj.com\/pl\/kategoria-produktu\/one-classic\/\"},{\"@type\":\"ListItem\",\"position\":4,\"name\":\"Smoczki uspokajaj\u0105ce one calmness cream pink\"}]},{\"@type\":\"WebSite\",\"@id\":\"https:\/\/kindaj.com\/pl\/#website\",\"url\":\"https:\/\/kindaj.com\/pl\/\",\"name\":\"kindaj\",\"description\":\"minimalistyczne produkty dla dzieci i niemowl\u0105t\",\"publisher\":{\"@id\":\"https:\/\/kindaj.com\/pl\/#organization\"},\"potentialAction\":[{\"@type\":\"SearchAction\",\"target\":{\"@type\":\"EntryPoint\",\"urlTemplate\":\"https:\/\/kindaj.com\/pl\/?s={search_term_string}\"},\"query-input\":{\"@type\":\"PropertyValueSpecification\",\"valueRequired\":true,\"valueName\":\"search_term_string\"}}],\"inLanguage\":\"pl-PL\"},{\"@type\":\"Organization\",\"@id\":\"https:\/\/kindaj.com\/pl\/#organization\",\"name\":\"kindaj.com\",\"url\":\"https:\/\/kindaj.com\/pl\/\",\"logo\":{\"@type\":\"ImageObject\",\"inLanguage\":\"pl-PL\",\"@id\":\"https:\/\/kindaj.com\/pl\/#\/schema\/logo\/image\/\",\"url\":\"https:\/\/i0.wp.com\/kindaj.com\/wp-content\/uploads\/2021\/02\/kindaj_logo.jpg?fit=2000%2C2000&ssl=1\",\"contentUrl\":\"https:\/\/i0.wp.com\/kindaj.com\/wp-content\/uploads\/2021\/02\/kindaj_logo.jpg?fit=2000%2C2000&ssl=1\",\"width\":2000,\"height\":2000,\"caption\":\"kindaj.com\"},\"image\":{\"@id\":\"https:\/\/kindaj.com\/pl\/#\/schema\/logo\/image\/\"}}]}<\/script>\n<!-- \/ Yoast SEO plugin. -->","yoast_head_json":{"title":"Smoczki uspokajaj\u0105ce one calmness cream pink - kindaj","description":"Smoczki uspokajaj\u0105ce one calmness maj\u0105 specjalny kszta\u0142t gumki, kt\u00f3ry jest odpowiedni dla dzieci 0-12m. Wykonane z mi\u0119kkiego silikonu.","robots":{"index":"index","follow":"follow","max-snippet":"max-snippet:-1","max-image-preview":"max-image-preview:large","max-video-preview":"max-video-preview:-1"},"canonical":"https:\/\/kindaj.com\/pl\/sklep\/one-classic\/smoczki-uspokajajace-one-calmness-cream-pink\/","og_locale":"pl_PL","og_type":"article","og_title":"Smoczki uspokajaj\u0105ce one calmness cream pink - kindaj","og_description":"Smoczki uspokajaj\u0105ce one calmness maj\u0105 specjalny kszta\u0142t gumki, kt\u00f3ry jest odpowiedni dla dzieci 0-12m. Wykonane z mi\u0119kkiego silikonu.","og_url":"https:\/\/kindaj.com\/pl\/sklep\/one-classic\/smoczki-uspokajajace-one-calmness-cream-pink\/","og_site_name":"kindaj","article_modified_time":"2025-12-21T11:34:42+00:00","og_image":[{"width":2500,"height":2500,"url":"https:\/\/kindaj.com\/wp-content\/uploads\/2021\/02\/ONE0009_01_k_m.jpg","type":"image\/jpeg"}],"twitter_card":"summary_large_image","twitter_misc":{"Szacowany czas czytania":"1 minuta"},"schema":{"@context":"https:\/\/schema.org","@graph":[{"@type":"WebPage","@id":"https:\/\/kindaj.com\/pl\/sklep\/one-classic\/smoczki-uspokajajace-one-calmness-cream-pink\/","url":"https:\/\/kindaj.com\/pl\/sklep\/one-classic\/smoczki-uspokajajace-one-calmness-cream-pink\/","name":"Smoczki uspokajaj\u0105ce one calmness cream pink - kindaj","isPartOf":{"@id":"https:\/\/kindaj.com\/pl\/#website"},"primaryImageOfPage":{"@id":"https:\/\/kindaj.com\/pl\/sklep\/one-classic\/smoczki-uspokajajace-one-calmness-cream-pink\/#primaryimage"},"image":{"@id":"https:\/\/kindaj.com\/pl\/sklep\/one-classic\/smoczki-uspokajajace-one-calmness-cream-pink\/#primaryimage"},"thumbnailUrl":"https:\/\/i0.wp.com\/kindaj.com\/wp-content\/uploads\/2021\/02\/ONE0009_01_k_m.jpg?fit=2500%2C2500&ssl=1","datePublished":"2021-02-24T13:01:17+00:00","dateModified":"2025-12-21T11:34:42+00:00","description":"Smoczki uspokajaj\u0105ce one calmness maj\u0105 specjalny kszta\u0142t gumki, kt\u00f3ry jest odpowiedni dla dzieci 0-12m. Wykonane z mi\u0119kkiego silikonu.","breadcrumb":{"@id":"https:\/\/kindaj.com\/pl\/sklep\/one-classic\/smoczki-uspokajajace-one-calmness-cream-pink\/#breadcrumb"},"inLanguage":"pl-PL","potentialAction":[{"@type":"ReadAction","target":["https:\/\/kindaj.com\/pl\/sklep\/one-classic\/smoczki-uspokajajace-one-calmness-cream-pink\/"]}]},{"@type":"ImageObject","inLanguage":"pl-PL","@id":"https:\/\/kindaj.com\/pl\/sklep\/one-classic\/smoczki-uspokajajace-one-calmness-cream-pink\/#primaryimage","url":"https:\/\/i0.wp.com\/kindaj.com\/wp-content\/uploads\/2021\/02\/ONE0009_01_k_m.jpg?fit=2500%2C2500&ssl=1","contentUrl":"https:\/\/i0.wp.com\/kindaj.com\/wp-content\/uploads\/2021\/02\/ONE0009_01_k_m.jpg?fit=2500%2C2500&ssl=1","width":2500,"height":2500,"caption":"smoczki uspokajaj\u0105ce okr\u0105g\u0142a gumka wyprofilowana tarcza kolor cream pink"},{"@type":"BreadcrumbList","@id":"https:\/\/kindaj.com\/pl\/sklep\/one-classic\/smoczki-uspokajajace-one-calmness-cream-pink\/#breadcrumb","itemListElement":[{"@type":"ListItem","position":1,"name":"strona g\u0142\u00f3wna","item":"https:\/\/kindaj.com\/pl\/"},{"@type":"ListItem","position":2,"name":"sklep","item":"https:\/\/kindaj.com\/pl\/sklep\/"},{"@type":"ListItem","position":3,"name":"one classic","item":"https:\/\/kindaj.com\/pl\/kategoria-produktu\/one-classic\/"},{"@type":"ListItem","position":4,"name":"Smoczki uspokajaj\u0105ce one calmness cream pink"}]},{"@type":"WebSite","@id":"https:\/\/kindaj.com\/pl\/#website","url":"https:\/\/kindaj.com\/pl\/","name":"kindaj","description":"minimalistyczne produkty dla dzieci i niemowl\u0105t","publisher":{"@id":"https:\/\/kindaj.com\/pl\/#organization"},"potentialAction":[{"@type":"SearchAction","target":{"@type":"EntryPoint","urlTemplate":"https:\/\/kindaj.com\/pl\/?s={search_term_string}"},"query-input":{"@type":"PropertyValueSpecification","valueRequired":true,"valueName":"search_term_string"}}],"inLanguage":"pl-PL"},{"@type":"Organization","@id":"https:\/\/kindaj.com\/pl\/#organization","name":"kindaj.com","url":"https:\/\/kindaj.com\/pl\/","logo":{"@type":"ImageObject","inLanguage":"pl-PL","@id":"https:\/\/kindaj.com\/pl\/#\/schema\/logo\/image\/","url":"https:\/\/i0.wp.com\/kindaj.com\/wp-content\/uploads\/2021\/02\/kindaj_logo.jpg?fit=2000%2C2000&ssl=1","contentUrl":"https:\/\/i0.wp.com\/kindaj.com\/wp-content\/uploads\/2021\/02\/kindaj_logo.jpg?fit=2000%2C2000&ssl=1","width":2000,"height":2000,"caption":"kindaj.com"},"image":{"@id":"https:\/\/kindaj.com\/pl\/#\/schema\/logo\/image\/"}}]}},"jetpack_sharing_enabled":true,"_links":{"self":[{"href":"https:\/\/kindaj.com\/pl\/wp-json\/wp\/v2\/product\/30393","targetHints":{"allow":["GET"]}}],"collection":[{"href":"https:\/\/kindaj.com\/pl\/wp-json\/wp\/v2\/product"}],"about":[{"href":"https:\/\/kindaj.com\/pl\/wp-json\/wp\/v2\/types\/product"}],"version-history":[{"count":0,"href":"https:\/\/kindaj.com\/pl\/wp-json\/wp\/v2\/product\/30393\/revisions"}],"wp:featuredmedia":[{"embeddable":true,"href":"https:\/\/kindaj.com\/pl\/wp-json\/wp\/v2\/media\/30413"}],"wp:attachment":[{"href":"https:\/\/kindaj.com\/pl\/wp-json\/wp\/v2\/media?parent=30393"}],"wp:term":[{"taxonomy":"product_brand","embeddable":true,"href":"https:\/\/kindaj.com\/pl\/wp-json\/wp\/v2\/product_brand?post=30393"},{"taxonomy":"product_cat","embeddable":true,"href":"https:\/\/kindaj.com\/pl\/wp-json\/wp\/v2\/product_cat?post=30393"},{"taxonomy":"product_tag","embeddable":true,"href":"https:\/\/kindaj.com\/pl\/wp-json\/wp\/v2\/product_tag?post=30393"}],"curies":[{"name":"wp","href":"https:\/\/api.w.org\/{rel}","templated":true}]}}