{"id":30373,"date":"2021-02-24T12:45:11","date_gmt":"2021-02-24T12:45:11","guid":{"rendered":"https:\/\/kindaj.com\/?post_type=product&#038;p=30373"},"modified":"2026-02-16T12:11:43","modified_gmt":"2026-02-16T12:11:43","slug":"smoczki-do-butelki-one-classic-xl-przeplyw-kaszka","status":"publish","type":"product","link":"https:\/\/kindaj.com\/pl\/sklep\/one-classic\/smoczki-do-butelki-one-classic-xl-przeplyw-kaszka\/","title":{"rendered":"Smoczki do butelki one classic XL przep\u0142yw kaszka"},"content":{"rendered":"<p><span style=\"font-weight: 400;\">Antykolkowe smoczki <\/span><span style=\"font-weight: 400;\">one classic XL<\/span><span style=\"font-weight: 400;\"> o przep\u0142ywie kaszka. Przeznaczone wy\u0142\u0105cznie do stosowania jako smoczki wymienne do butelki szklanej <a href=\"https:\/\/kindaj.com\/pl\/kategoria-produktu\/one-classic\/\">one classic240<\/a> oraz <a href=\"https:\/\/kindaj.com\/pl\/kategoria-produktu\/one-classic\/\">one classic120<\/a>. Smoczki wykonano z przezroczystego, bezzapachowego i bezsmakowego silikonu wysokiej jako\u015bci. Silikon jest delikatny dla wra\u017cliwych dzi\u0105se\u0142 niemowl\u0105t a kszta\u0142t smoczk\u00f3w akceptowany przez wi\u0119kszo\u015b\u0107 dzieci.<\/span><span style=\"font-weight: 400;\">\u00a0System antykolkowy<\/span><span style=\"font-weight: 400;\"> redukuje ilo\u015b\u0107 powietrza po\u0142ykanego przez dziecko podczas karmienia.<br \/>\n<\/span>Smoczki do butelki one classic kupujesz w dwupaku. Rozmiar XL rekomendujemy dla dzieci 9m+.<\/p>\n","protected":false},"excerpt":{"rendered":"<p>Najni\u017csza cena z 30 dni przed obni\u017ck\u0105: 14,99 z\u0142<\/p>\n","protected":false},"featured_media":30377,"template":"","meta":{"_acf_changed":false},"product_brand":[],"product_cat":[21],"product_tag":[],"class_list":{"0":"post-30373","1":"product","2":"type-product","3":"status-publish","4":"has-post-thumbnail","6":"product_cat-one-classic","8":"first","9":"instock","10":"sale","11":"taxable","12":"shipping-taxable","13":"purchasable","14":"product-type-simple"},"acf":[],"yoast_head":"<!-- This site is optimized with the Yoast SEO plugin v27.2 - https:\/\/yoast.com\/product\/yoast-seo-wordpress\/ -->\n<title>Smoczki do butelki one classic XL przep\u0142yw kaszka - kindaj<\/title>\n<meta name=\"description\" content=\"Antykolkowe smoczki, przep\u0142yw kaszka (rozmiar XL). Do stosowania wy\u0142\u0105cznie ze szklanymi butelkami z kolekcji one classic. Wybierz rozmiar.\" \/>\n<meta name=\"robots\" content=\"index, follow, max-snippet:-1, max-image-preview:large, max-video-preview:-1\" \/>\n<link rel=\"canonical\" href=\"https:\/\/kindaj.com\/pl\/sklep\/one-classic\/smoczki-do-butelki-one-classic-xl-przeplyw-kaszka\/\" \/>\n<meta property=\"og:locale\" content=\"pl_PL\" \/>\n<meta property=\"og:type\" content=\"article\" \/>\n<meta property=\"og:title\" content=\"Smoczki do butelki one classic XL przep\u0142yw kaszka - kindaj\" \/>\n<meta property=\"og:description\" content=\"Antykolkowe smoczki, przep\u0142yw kaszka (rozmiar XL). Do stosowania wy\u0142\u0105cznie ze szklanymi butelkami z kolekcji one classic. Wybierz rozmiar.\" \/>\n<meta property=\"og:url\" content=\"https:\/\/kindaj.com\/pl\/sklep\/one-classic\/smoczki-do-butelki-one-classic-xl-przeplyw-kaszka\/\" \/>\n<meta property=\"og:site_name\" content=\"kindaj\" \/>\n<meta property=\"article:modified_time\" content=\"2026-02-16T12:11:43+00:00\" \/>\n<meta property=\"og:image\" content=\"https:\/\/kindaj.com\/wp-content\/uploads\/2021\/02\/ONE0005_01_k_m.jpg\" \/>\n\t<meta property=\"og:image:width\" content=\"2500\" \/>\n\t<meta property=\"og:image:height\" content=\"2500\" \/>\n\t<meta property=\"og:image:type\" content=\"image\/jpeg\" \/>\n<meta name=\"twitter:card\" content=\"summary_large_image\" \/>\n<meta name=\"twitter:label1\" content=\"Szacowany czas czytania\" \/>\n\t<meta name=\"twitter:data1\" content=\"1 minuta\" \/>\n<script type=\"application\/ld+json\" class=\"yoast-schema-graph\">{\"@context\":\"https:\/\/schema.org\",\"@graph\":[{\"@type\":\"WebPage\",\"@id\":\"https:\/\/kindaj.com\/pl\/sklep\/one-classic\/smoczki-do-butelki-one-classic-xl-przeplyw-kaszka\/\",\"url\":\"https:\/\/kindaj.com\/pl\/sklep\/one-classic\/smoczki-do-butelki-one-classic-xl-przeplyw-kaszka\/\",\"name\":\"Smoczki do butelki one classic XL przep\u0142yw kaszka - kindaj\",\"isPartOf\":{\"@id\":\"https:\/\/kindaj.com\/pl\/#website\"},\"primaryImageOfPage\":{\"@id\":\"https:\/\/kindaj.com\/pl\/sklep\/one-classic\/smoczki-do-butelki-one-classic-xl-przeplyw-kaszka\/#primaryimage\"},\"image\":{\"@id\":\"https:\/\/kindaj.com\/pl\/sklep\/one-classic\/smoczki-do-butelki-one-classic-xl-przeplyw-kaszka\/#primaryimage\"},\"thumbnailUrl\":\"https:\/\/i0.wp.com\/kindaj.com\/wp-content\/uploads\/2021\/02\/ONE0005_01_k_m.jpg?fit=2500%2C2500&ssl=1\",\"datePublished\":\"2021-02-24T12:45:11+00:00\",\"dateModified\":\"2026-02-16T12:11:43+00:00\",\"description\":\"Antykolkowe smoczki, przep\u0142yw kaszka (rozmiar XL). Do stosowania wy\u0142\u0105cznie ze szklanymi butelkami z kolekcji one classic. Wybierz rozmiar.\",\"breadcrumb\":{\"@id\":\"https:\/\/kindaj.com\/pl\/sklep\/one-classic\/smoczki-do-butelki-one-classic-xl-przeplyw-kaszka\/#breadcrumb\"},\"inLanguage\":\"pl-PL\",\"potentialAction\":[{\"@type\":\"ReadAction\",\"target\":[\"https:\/\/kindaj.com\/pl\/sklep\/one-classic\/smoczki-do-butelki-one-classic-xl-przeplyw-kaszka\/\"]}]},{\"@type\":\"ImageObject\",\"inLanguage\":\"pl-PL\",\"@id\":\"https:\/\/kindaj.com\/pl\/sklep\/one-classic\/smoczki-do-butelki-one-classic-xl-przeplyw-kaszka\/#primaryimage\",\"url\":\"https:\/\/i0.wp.com\/kindaj.com\/wp-content\/uploads\/2021\/02\/ONE0005_01_k_m.jpg?fit=2500%2C2500&ssl=1\",\"contentUrl\":\"https:\/\/i0.wp.com\/kindaj.com\/wp-content\/uploads\/2021\/02\/ONE0005_01_k_m.jpg?fit=2500%2C2500&ssl=1\",\"width\":2500,\"height\":2500,\"caption\":\"silikonowe smoczki antykolkowe dwupak do butelek one classic\"},{\"@type\":\"BreadcrumbList\",\"@id\":\"https:\/\/kindaj.com\/pl\/sklep\/one-classic\/smoczki-do-butelki-one-classic-xl-przeplyw-kaszka\/#breadcrumb\",\"itemListElement\":[{\"@type\":\"ListItem\",\"position\":1,\"name\":\"strona g\u0142\u00f3wna\",\"item\":\"https:\/\/kindaj.com\/pl\/\"},{\"@type\":\"ListItem\",\"position\":2,\"name\":\"sklep\",\"item\":\"https:\/\/kindaj.com\/pl\/sklep\/\"},{\"@type\":\"ListItem\",\"position\":3,\"name\":\"one classic\",\"item\":\"https:\/\/kindaj.com\/pl\/kategoria-produktu\/one-classic\/\"},{\"@type\":\"ListItem\",\"position\":4,\"name\":\"Smoczki do butelki one classic XL przep\u0142yw kaszka\"}]},{\"@type\":\"WebSite\",\"@id\":\"https:\/\/kindaj.com\/pl\/#website\",\"url\":\"https:\/\/kindaj.com\/pl\/\",\"name\":\"kindaj\",\"description\":\"minimalistyczne produkty dla dzieci i niemowl\u0105t\",\"publisher\":{\"@id\":\"https:\/\/kindaj.com\/pl\/#organization\"},\"potentialAction\":[{\"@type\":\"SearchAction\",\"target\":{\"@type\":\"EntryPoint\",\"urlTemplate\":\"https:\/\/kindaj.com\/pl\/?s={search_term_string}\"},\"query-input\":{\"@type\":\"PropertyValueSpecification\",\"valueRequired\":true,\"valueName\":\"search_term_string\"}}],\"inLanguage\":\"pl-PL\"},{\"@type\":\"Organization\",\"@id\":\"https:\/\/kindaj.com\/pl\/#organization\",\"name\":\"kindaj.com\",\"url\":\"https:\/\/kindaj.com\/pl\/\",\"logo\":{\"@type\":\"ImageObject\",\"inLanguage\":\"pl-PL\",\"@id\":\"https:\/\/kindaj.com\/pl\/#\/schema\/logo\/image\/\",\"url\":\"https:\/\/i0.wp.com\/kindaj.com\/wp-content\/uploads\/2021\/02\/kindaj_logo.jpg?fit=2000%2C2000&ssl=1\",\"contentUrl\":\"https:\/\/i0.wp.com\/kindaj.com\/wp-content\/uploads\/2021\/02\/kindaj_logo.jpg?fit=2000%2C2000&ssl=1\",\"width\":2000,\"height\":2000,\"caption\":\"kindaj.com\"},\"image\":{\"@id\":\"https:\/\/kindaj.com\/pl\/#\/schema\/logo\/image\/\"}}]}<\/script>\n<!-- \/ Yoast SEO plugin. -->","yoast_head_json":{"title":"Smoczki do butelki one classic XL przep\u0142yw kaszka - kindaj","description":"Antykolkowe smoczki, przep\u0142yw kaszka (rozmiar XL). Do stosowania wy\u0142\u0105cznie ze szklanymi butelkami z kolekcji one classic. Wybierz rozmiar.","robots":{"index":"index","follow":"follow","max-snippet":"max-snippet:-1","max-image-preview":"max-image-preview:large","max-video-preview":"max-video-preview:-1"},"canonical":"https:\/\/kindaj.com\/pl\/sklep\/one-classic\/smoczki-do-butelki-one-classic-xl-przeplyw-kaszka\/","og_locale":"pl_PL","og_type":"article","og_title":"Smoczki do butelki one classic XL przep\u0142yw kaszka - kindaj","og_description":"Antykolkowe smoczki, przep\u0142yw kaszka (rozmiar XL). Do stosowania wy\u0142\u0105cznie ze szklanymi butelkami z kolekcji one classic. Wybierz rozmiar.","og_url":"https:\/\/kindaj.com\/pl\/sklep\/one-classic\/smoczki-do-butelki-one-classic-xl-przeplyw-kaszka\/","og_site_name":"kindaj","article_modified_time":"2026-02-16T12:11:43+00:00","og_image":[{"width":2500,"height":2500,"url":"https:\/\/kindaj.com\/wp-content\/uploads\/2021\/02\/ONE0005_01_k_m.jpg","type":"image\/jpeg"}],"twitter_card":"summary_large_image","twitter_misc":{"Szacowany czas czytania":"1 minuta"},"schema":{"@context":"https:\/\/schema.org","@graph":[{"@type":"WebPage","@id":"https:\/\/kindaj.com\/pl\/sklep\/one-classic\/smoczki-do-butelki-one-classic-xl-przeplyw-kaszka\/","url":"https:\/\/kindaj.com\/pl\/sklep\/one-classic\/smoczki-do-butelki-one-classic-xl-przeplyw-kaszka\/","name":"Smoczki do butelki one classic XL przep\u0142yw kaszka - kindaj","isPartOf":{"@id":"https:\/\/kindaj.com\/pl\/#website"},"primaryImageOfPage":{"@id":"https:\/\/kindaj.com\/pl\/sklep\/one-classic\/smoczki-do-butelki-one-classic-xl-przeplyw-kaszka\/#primaryimage"},"image":{"@id":"https:\/\/kindaj.com\/pl\/sklep\/one-classic\/smoczki-do-butelki-one-classic-xl-przeplyw-kaszka\/#primaryimage"},"thumbnailUrl":"https:\/\/i0.wp.com\/kindaj.com\/wp-content\/uploads\/2021\/02\/ONE0005_01_k_m.jpg?fit=2500%2C2500&ssl=1","datePublished":"2021-02-24T12:45:11+00:00","dateModified":"2026-02-16T12:11:43+00:00","description":"Antykolkowe smoczki, przep\u0142yw kaszka (rozmiar XL). Do stosowania wy\u0142\u0105cznie ze szklanymi butelkami z kolekcji one classic. Wybierz rozmiar.","breadcrumb":{"@id":"https:\/\/kindaj.com\/pl\/sklep\/one-classic\/smoczki-do-butelki-one-classic-xl-przeplyw-kaszka\/#breadcrumb"},"inLanguage":"pl-PL","potentialAction":[{"@type":"ReadAction","target":["https:\/\/kindaj.com\/pl\/sklep\/one-classic\/smoczki-do-butelki-one-classic-xl-przeplyw-kaszka\/"]}]},{"@type":"ImageObject","inLanguage":"pl-PL","@id":"https:\/\/kindaj.com\/pl\/sklep\/one-classic\/smoczki-do-butelki-one-classic-xl-przeplyw-kaszka\/#primaryimage","url":"https:\/\/i0.wp.com\/kindaj.com\/wp-content\/uploads\/2021\/02\/ONE0005_01_k_m.jpg?fit=2500%2C2500&ssl=1","contentUrl":"https:\/\/i0.wp.com\/kindaj.com\/wp-content\/uploads\/2021\/02\/ONE0005_01_k_m.jpg?fit=2500%2C2500&ssl=1","width":2500,"height":2500,"caption":"silikonowe smoczki antykolkowe dwupak do butelek one classic"},{"@type":"BreadcrumbList","@id":"https:\/\/kindaj.com\/pl\/sklep\/one-classic\/smoczki-do-butelki-one-classic-xl-przeplyw-kaszka\/#breadcrumb","itemListElement":[{"@type":"ListItem","position":1,"name":"strona g\u0142\u00f3wna","item":"https:\/\/kindaj.com\/pl\/"},{"@type":"ListItem","position":2,"name":"sklep","item":"https:\/\/kindaj.com\/pl\/sklep\/"},{"@type":"ListItem","position":3,"name":"one classic","item":"https:\/\/kindaj.com\/pl\/kategoria-produktu\/one-classic\/"},{"@type":"ListItem","position":4,"name":"Smoczki do butelki one classic XL przep\u0142yw kaszka"}]},{"@type":"WebSite","@id":"https:\/\/kindaj.com\/pl\/#website","url":"https:\/\/kindaj.com\/pl\/","name":"kindaj","description":"minimalistyczne produkty dla dzieci i niemowl\u0105t","publisher":{"@id":"https:\/\/kindaj.com\/pl\/#organization"},"potentialAction":[{"@type":"SearchAction","target":{"@type":"EntryPoint","urlTemplate":"https:\/\/kindaj.com\/pl\/?s={search_term_string}"},"query-input":{"@type":"PropertyValueSpecification","valueRequired":true,"valueName":"search_term_string"}}],"inLanguage":"pl-PL"},{"@type":"Organization","@id":"https:\/\/kindaj.com\/pl\/#organization","name":"kindaj.com","url":"https:\/\/kindaj.com\/pl\/","logo":{"@type":"ImageObject","inLanguage":"pl-PL","@id":"https:\/\/kindaj.com\/pl\/#\/schema\/logo\/image\/","url":"https:\/\/i0.wp.com\/kindaj.com\/wp-content\/uploads\/2021\/02\/kindaj_logo.jpg?fit=2000%2C2000&ssl=1","contentUrl":"https:\/\/i0.wp.com\/kindaj.com\/wp-content\/uploads\/2021\/02\/kindaj_logo.jpg?fit=2000%2C2000&ssl=1","width":2000,"height":2000,"caption":"kindaj.com"},"image":{"@id":"https:\/\/kindaj.com\/pl\/#\/schema\/logo\/image\/"}}]}},"jetpack_sharing_enabled":true,"_links":{"self":[{"href":"https:\/\/kindaj.com\/pl\/wp-json\/wp\/v2\/product\/30373","targetHints":{"allow":["GET"]}}],"collection":[{"href":"https:\/\/kindaj.com\/pl\/wp-json\/wp\/v2\/product"}],"about":[{"href":"https:\/\/kindaj.com\/pl\/wp-json\/wp\/v2\/types\/product"}],"version-history":[{"count":0,"href":"https:\/\/kindaj.com\/pl\/wp-json\/wp\/v2\/product\/30373\/revisions"}],"wp:featuredmedia":[{"embeddable":true,"href":"https:\/\/kindaj.com\/pl\/wp-json\/wp\/v2\/media\/30377"}],"wp:attachment":[{"href":"https:\/\/kindaj.com\/pl\/wp-json\/wp\/v2\/media?parent=30373"}],"wp:term":[{"taxonomy":"product_brand","embeddable":true,"href":"https:\/\/kindaj.com\/pl\/wp-json\/wp\/v2\/product_brand?post=30373"},{"taxonomy":"product_cat","embeddable":true,"href":"https:\/\/kindaj.com\/pl\/wp-json\/wp\/v2\/product_cat?post=30373"},{"taxonomy":"product_tag","embeddable":true,"href":"https:\/\/kindaj.com\/pl\/wp-json\/wp\/v2\/product_tag?post=30373"}],"curies":[{"name":"wp","href":"https:\/\/api.w.org\/{rel}","templated":true}]}}