{"id":30298,"date":"2021-02-24T12:17:29","date_gmt":"2021-02-24T12:17:29","guid":{"rendered":"https:\/\/kindaj.com\/?post_type=product&#038;p=30298"},"modified":"2026-03-30T21:14:48","modified_gmt":"2026-03-30T21:14:48","slug":"kubek-silikonowy-kindaj-basic-cream-pink","status":"publish","type":"product","link":"https:\/\/kindaj.com\/pl\/sklep\/basic\/kubek-silikonowy-kindaj-basic-cream-pink\/","title":{"rendered":"Kubek silikonowy kindaj basic cream pink"},"content":{"rendered":"<p>Kubek otwarty dla dzieci i niemowl\u0105t marki kindaj z <a href=\"https:\/\/kindaj.com\/pl\/kategoria-produktu\/basic\/\">kolekcji basic<\/a> sprawdzi si\u0119 idealnie jako kolejny krok w nauce picia zaraz po butelce. Ze wzgl\u0119du na swoj\u0105 wielko\u015b\u0107 mo\u017ce r\u00f3wnie\u017c pos\u0142u\u017cy\u0107 do podawania lek\u00f3w. Kubek wyprodukowano z bezpiecznego silikonu spo\u017cywczego. Naczynie ma zaokr\u0105glone, g\u0142adkie brzegi, kt\u00f3re s\u0105 bezpieczne w u\u017cytkowaniu i nie podra\u017cniaj\u0105 delikatnych dzi\u0105se\u0142 dziecka. Kubek zaprojektowano specjalnie dla ma\u0142ych r\u0105czek. Posiada wywa\u017con\u0105, antypo\u015blizgow\u0105 podstaw\u0119, kt\u00f3ra zapewnia jego stabilno\u015b\u0107. Silikon jest wytrzyma\u0142y i odporny na upadki, dlatego pos\u0142u\u017cy przez d\u0142ugi czas.<\/p>\n<p>Zgodnie z zaleceniami <a href=\"https:\/\/ncez.pzh.gov.pl\/dzieci-i-mlodziez\/rozszerzanie-diety-niemowlat\/\" target=\"_blank\" rel=\"noopener\">Narodowego Centrum Edukacji \u017bywieniowej<\/a> oko\u0142o 6 miesi\u0105ca \u017cycia dziecka nale\u017cy zacz\u0105\u0107 nauk\u0119 picia z kubka otwartego\u00a0d\u0105\u017c\u0105c do ca\u0142kowitego wycofania butelki po uko\u0144czeniu 1. roku \u017cycia. Na pocz\u0105tek przydadz\u0105 si\u0119 ma\u0142e kubeczki wielko\u015bci kieliszka dlatego kubek z kolekcji basic sprawdzi si\u0119 idealnie.<\/p>\n<p>Sprawd\u017a jak zestaw basic wygl\u0105da w u\u017cyciu:<a href=\"https:\/\/www.instagram.com\/p\/CMJmDHkF1tk\/\"> kliknij tu.<\/a><\/p>\n","protected":false},"excerpt":{"rendered":"<p>Najni\u017csza cena z 30 dni przed obni\u017ck\u0105: 16,99 z\u0142<\/p>\n","protected":false},"featured_media":30356,"template":"","meta":{"_acf_changed":false},"product_brand":[],"product_cat":[18],"product_tag":[],"class_list":{"0":"post-30298","1":"product","2":"type-product","3":"status-publish","4":"has-post-thumbnail","6":"product_cat-basic","8":"first","9":"instock","10":"sale","11":"taxable","12":"shipping-taxable","13":"purchasable","14":"product-type-simple"},"acf":[],"yoast_head":"<!-- This site is optimized with the Yoast SEO plugin v27.2 - https:\/\/yoast.com\/product\/yoast-seo-wordpress\/ -->\n<title>Silikonowy kubek otwarty dla dzieci i niemowl\u0105t kindaj basic - kindaj<\/title>\n<meta name=\"description\" content=\"Kubek otwarty dla dzieci i niemowl\u0105t kindaj basic to idealny pierwszy krok w nauce samodzielnego picia zaraz po butelce. Stw\u00f3rz zestaw.\" \/>\n<meta name=\"robots\" content=\"index, follow, max-snippet:-1, max-image-preview:large, max-video-preview:-1\" \/>\n<link rel=\"canonical\" href=\"https:\/\/kindaj.com\/pl\/sklep\/basic\/kubek-silikonowy-kindaj-basic-cream-pink\/\" \/>\n<meta property=\"og:locale\" content=\"pl_PL\" \/>\n<meta property=\"og:type\" content=\"article\" \/>\n<meta property=\"og:title\" content=\"kindaj - Silikonowy kubek otwarty dla dzieci i niemowl\u0105t kindaj basic\" \/>\n<meta property=\"og:description\" content=\"Kubek otwarty dla dzieci i niemowl\u0105t kindaj basic to idealny pierwszy krok w nauce samodzielnego picia zaraz po butelce. Stw\u00f3rz zestaw.\" \/>\n<meta property=\"og:url\" content=\"https:\/\/kindaj.com\/pl\/sklep\/basic\/kubek-silikonowy-kindaj-basic-cream-pink\/\" \/>\n<meta property=\"og:site_name\" content=\"kindaj\" \/>\n<meta property=\"article:modified_time\" content=\"2026-03-30T21:14:48+00:00\" \/>\n<meta property=\"og:image\" content=\"https:\/\/kindaj.com\/wp-content\/uploads\/2021\/02\/KINDAJ1027_01_k_m.jpg\" \/>\n\t<meta property=\"og:image:width\" content=\"2500\" \/>\n\t<meta property=\"og:image:height\" content=\"2500\" \/>\n\t<meta property=\"og:image:type\" content=\"image\/jpeg\" \/>\n<meta name=\"twitter:card\" content=\"summary_large_image\" \/>\n<meta name=\"twitter:label1\" content=\"Szacowany czas czytania\" \/>\n\t<meta name=\"twitter:data1\" content=\"2 minuty\" \/>\n<script type=\"application\/ld+json\" class=\"yoast-schema-graph\">{\"@context\":\"https:\/\/schema.org\",\"@graph\":[{\"@type\":\"WebPage\",\"@id\":\"https:\/\/kindaj.com\/pl\/sklep\/basic\/kubek-silikonowy-kindaj-basic-cream-pink\/\",\"url\":\"https:\/\/kindaj.com\/pl\/sklep\/basic\/kubek-silikonowy-kindaj-basic-cream-pink\/\",\"name\":\"Silikonowy kubek otwarty dla dzieci i niemowl\u0105t kindaj basic - kindaj\",\"isPartOf\":{\"@id\":\"https:\/\/kindaj.com\/pl\/#website\"},\"primaryImageOfPage\":{\"@id\":\"https:\/\/kindaj.com\/pl\/sklep\/basic\/kubek-silikonowy-kindaj-basic-cream-pink\/#primaryimage\"},\"image\":{\"@id\":\"https:\/\/kindaj.com\/pl\/sklep\/basic\/kubek-silikonowy-kindaj-basic-cream-pink\/#primaryimage\"},\"thumbnailUrl\":\"https:\/\/i0.wp.com\/kindaj.com\/wp-content\/uploads\/2021\/02\/KINDAJ1027_01_k_m.jpg?fit=2500%2C2500&ssl=1\",\"datePublished\":\"2021-02-24T12:17:29+00:00\",\"dateModified\":\"2026-03-30T21:14:48+00:00\",\"description\":\"Kubek otwarty dla dzieci i niemowl\u0105t kindaj basic to idealny pierwszy krok w nauce samodzielnego picia zaraz po butelce. Stw\u00f3rz zestaw.\",\"breadcrumb\":{\"@id\":\"https:\/\/kindaj.com\/pl\/sklep\/basic\/kubek-silikonowy-kindaj-basic-cream-pink\/#breadcrumb\"},\"inLanguage\":\"pl-PL\",\"potentialAction\":[{\"@type\":\"ReadAction\",\"target\":[\"https:\/\/kindaj.com\/pl\/sklep\/basic\/kubek-silikonowy-kindaj-basic-cream-pink\/\"]}]},{\"@type\":\"ImageObject\",\"inLanguage\":\"pl-PL\",\"@id\":\"https:\/\/kindaj.com\/pl\/sklep\/basic\/kubek-silikonowy-kindaj-basic-cream-pink\/#primaryimage\",\"url\":\"https:\/\/i0.wp.com\/kindaj.com\/wp-content\/uploads\/2021\/02\/KINDAJ1027_01_k_m.jpg?fit=2500%2C2500&ssl=1\",\"contentUrl\":\"https:\/\/i0.wp.com\/kindaj.com\/wp-content\/uploads\/2021\/02\/KINDAJ1027_01_k_m.jpg?fit=2500%2C2500&ssl=1\",\"width\":2500,\"height\":2500,\"caption\":\"silikonowy kubek otwarty dla dzieci i niemowl\u0105t pojemno\u015b\u0107 60 ml kolor cream pink\"},{\"@type\":\"BreadcrumbList\",\"@id\":\"https:\/\/kindaj.com\/pl\/sklep\/basic\/kubek-silikonowy-kindaj-basic-cream-pink\/#breadcrumb\",\"itemListElement\":[{\"@type\":\"ListItem\",\"position\":1,\"name\":\"strona g\u0142\u00f3wna\",\"item\":\"https:\/\/kindaj.com\/pl\/\"},{\"@type\":\"ListItem\",\"position\":2,\"name\":\"sklep\",\"item\":\"https:\/\/kindaj.com\/pl\/sklep\/\"},{\"@type\":\"ListItem\",\"position\":3,\"name\":\"basic\",\"item\":\"https:\/\/kindaj.com\/pl\/kategoria-produktu\/basic\/\"},{\"@type\":\"ListItem\",\"position\":4,\"name\":\"Kubek silikonowy kindaj basic cream pink\"}]},{\"@type\":\"WebSite\",\"@id\":\"https:\/\/kindaj.com\/pl\/#website\",\"url\":\"https:\/\/kindaj.com\/pl\/\",\"name\":\"kindaj\",\"description\":\"minimalistyczne produkty dla dzieci i niemowl\u0105t\",\"publisher\":{\"@id\":\"https:\/\/kindaj.com\/pl\/#organization\"},\"potentialAction\":[{\"@type\":\"SearchAction\",\"target\":{\"@type\":\"EntryPoint\",\"urlTemplate\":\"https:\/\/kindaj.com\/pl\/?s={search_term_string}\"},\"query-input\":{\"@type\":\"PropertyValueSpecification\",\"valueRequired\":true,\"valueName\":\"search_term_string\"}}],\"inLanguage\":\"pl-PL\"},{\"@type\":\"Organization\",\"@id\":\"https:\/\/kindaj.com\/pl\/#organization\",\"name\":\"kindaj.com\",\"url\":\"https:\/\/kindaj.com\/pl\/\",\"logo\":{\"@type\":\"ImageObject\",\"inLanguage\":\"pl-PL\",\"@id\":\"https:\/\/kindaj.com\/pl\/#\/schema\/logo\/image\/\",\"url\":\"https:\/\/i0.wp.com\/kindaj.com\/wp-content\/uploads\/2021\/02\/kindaj_logo.jpg?fit=2000%2C2000&ssl=1\",\"contentUrl\":\"https:\/\/i0.wp.com\/kindaj.com\/wp-content\/uploads\/2021\/02\/kindaj_logo.jpg?fit=2000%2C2000&ssl=1\",\"width\":2000,\"height\":2000,\"caption\":\"kindaj.com\"},\"image\":{\"@id\":\"https:\/\/kindaj.com\/pl\/#\/schema\/logo\/image\/\"}}]}<\/script>\n<!-- \/ Yoast SEO plugin. -->","yoast_head_json":{"title":"Silikonowy kubek otwarty dla dzieci i niemowl\u0105t kindaj basic - kindaj","description":"Kubek otwarty dla dzieci i niemowl\u0105t kindaj basic to idealny pierwszy krok w nauce samodzielnego picia zaraz po butelce. Stw\u00f3rz zestaw.","robots":{"index":"index","follow":"follow","max-snippet":"max-snippet:-1","max-image-preview":"max-image-preview:large","max-video-preview":"max-video-preview:-1"},"canonical":"https:\/\/kindaj.com\/pl\/sklep\/basic\/kubek-silikonowy-kindaj-basic-cream-pink\/","og_locale":"pl_PL","og_type":"article","og_title":"kindaj - Silikonowy kubek otwarty dla dzieci i niemowl\u0105t kindaj basic","og_description":"Kubek otwarty dla dzieci i niemowl\u0105t kindaj basic to idealny pierwszy krok w nauce samodzielnego picia zaraz po butelce. Stw\u00f3rz zestaw.","og_url":"https:\/\/kindaj.com\/pl\/sklep\/basic\/kubek-silikonowy-kindaj-basic-cream-pink\/","og_site_name":"kindaj","article_modified_time":"2026-03-30T21:14:48+00:00","og_image":[{"width":2500,"height":2500,"url":"https:\/\/kindaj.com\/wp-content\/uploads\/2021\/02\/KINDAJ1027_01_k_m.jpg","type":"image\/jpeg"}],"twitter_card":"summary_large_image","twitter_misc":{"Szacowany czas czytania":"2 minuty"},"schema":{"@context":"https:\/\/schema.org","@graph":[{"@type":"WebPage","@id":"https:\/\/kindaj.com\/pl\/sklep\/basic\/kubek-silikonowy-kindaj-basic-cream-pink\/","url":"https:\/\/kindaj.com\/pl\/sklep\/basic\/kubek-silikonowy-kindaj-basic-cream-pink\/","name":"Silikonowy kubek otwarty dla dzieci i niemowl\u0105t kindaj basic - kindaj","isPartOf":{"@id":"https:\/\/kindaj.com\/pl\/#website"},"primaryImageOfPage":{"@id":"https:\/\/kindaj.com\/pl\/sklep\/basic\/kubek-silikonowy-kindaj-basic-cream-pink\/#primaryimage"},"image":{"@id":"https:\/\/kindaj.com\/pl\/sklep\/basic\/kubek-silikonowy-kindaj-basic-cream-pink\/#primaryimage"},"thumbnailUrl":"https:\/\/i0.wp.com\/kindaj.com\/wp-content\/uploads\/2021\/02\/KINDAJ1027_01_k_m.jpg?fit=2500%2C2500&ssl=1","datePublished":"2021-02-24T12:17:29+00:00","dateModified":"2026-03-30T21:14:48+00:00","description":"Kubek otwarty dla dzieci i niemowl\u0105t kindaj basic to idealny pierwszy krok w nauce samodzielnego picia zaraz po butelce. Stw\u00f3rz zestaw.","breadcrumb":{"@id":"https:\/\/kindaj.com\/pl\/sklep\/basic\/kubek-silikonowy-kindaj-basic-cream-pink\/#breadcrumb"},"inLanguage":"pl-PL","potentialAction":[{"@type":"ReadAction","target":["https:\/\/kindaj.com\/pl\/sklep\/basic\/kubek-silikonowy-kindaj-basic-cream-pink\/"]}]},{"@type":"ImageObject","inLanguage":"pl-PL","@id":"https:\/\/kindaj.com\/pl\/sklep\/basic\/kubek-silikonowy-kindaj-basic-cream-pink\/#primaryimage","url":"https:\/\/i0.wp.com\/kindaj.com\/wp-content\/uploads\/2021\/02\/KINDAJ1027_01_k_m.jpg?fit=2500%2C2500&ssl=1","contentUrl":"https:\/\/i0.wp.com\/kindaj.com\/wp-content\/uploads\/2021\/02\/KINDAJ1027_01_k_m.jpg?fit=2500%2C2500&ssl=1","width":2500,"height":2500,"caption":"silikonowy kubek otwarty dla dzieci i niemowl\u0105t pojemno\u015b\u0107 60 ml kolor cream pink"},{"@type":"BreadcrumbList","@id":"https:\/\/kindaj.com\/pl\/sklep\/basic\/kubek-silikonowy-kindaj-basic-cream-pink\/#breadcrumb","itemListElement":[{"@type":"ListItem","position":1,"name":"strona g\u0142\u00f3wna","item":"https:\/\/kindaj.com\/pl\/"},{"@type":"ListItem","position":2,"name":"sklep","item":"https:\/\/kindaj.com\/pl\/sklep\/"},{"@type":"ListItem","position":3,"name":"basic","item":"https:\/\/kindaj.com\/pl\/kategoria-produktu\/basic\/"},{"@type":"ListItem","position":4,"name":"Kubek silikonowy kindaj basic cream pink"}]},{"@type":"WebSite","@id":"https:\/\/kindaj.com\/pl\/#website","url":"https:\/\/kindaj.com\/pl\/","name":"kindaj","description":"minimalistyczne produkty dla dzieci i niemowl\u0105t","publisher":{"@id":"https:\/\/kindaj.com\/pl\/#organization"},"potentialAction":[{"@type":"SearchAction","target":{"@type":"EntryPoint","urlTemplate":"https:\/\/kindaj.com\/pl\/?s={search_term_string}"},"query-input":{"@type":"PropertyValueSpecification","valueRequired":true,"valueName":"search_term_string"}}],"inLanguage":"pl-PL"},{"@type":"Organization","@id":"https:\/\/kindaj.com\/pl\/#organization","name":"kindaj.com","url":"https:\/\/kindaj.com\/pl\/","logo":{"@type":"ImageObject","inLanguage":"pl-PL","@id":"https:\/\/kindaj.com\/pl\/#\/schema\/logo\/image\/","url":"https:\/\/i0.wp.com\/kindaj.com\/wp-content\/uploads\/2021\/02\/kindaj_logo.jpg?fit=2000%2C2000&ssl=1","contentUrl":"https:\/\/i0.wp.com\/kindaj.com\/wp-content\/uploads\/2021\/02\/kindaj_logo.jpg?fit=2000%2C2000&ssl=1","width":2000,"height":2000,"caption":"kindaj.com"},"image":{"@id":"https:\/\/kindaj.com\/pl\/#\/schema\/logo\/image\/"}}]}},"jetpack_sharing_enabled":true,"_links":{"self":[{"href":"https:\/\/kindaj.com\/pl\/wp-json\/wp\/v2\/product\/30298","targetHints":{"allow":["GET"]}}],"collection":[{"href":"https:\/\/kindaj.com\/pl\/wp-json\/wp\/v2\/product"}],"about":[{"href":"https:\/\/kindaj.com\/pl\/wp-json\/wp\/v2\/types\/product"}],"version-history":[{"count":1,"href":"https:\/\/kindaj.com\/pl\/wp-json\/wp\/v2\/product\/30298\/revisions"}],"predecessor-version":[{"id":54064,"href":"https:\/\/kindaj.com\/pl\/wp-json\/wp\/v2\/product\/30298\/revisions\/54064"}],"wp:featuredmedia":[{"embeddable":true,"href":"https:\/\/kindaj.com\/pl\/wp-json\/wp\/v2\/media\/30356"}],"wp:attachment":[{"href":"https:\/\/kindaj.com\/pl\/wp-json\/wp\/v2\/media?parent=30298"}],"wp:term":[{"taxonomy":"product_brand","embeddable":true,"href":"https:\/\/kindaj.com\/pl\/wp-json\/wp\/v2\/product_brand?post=30298"},{"taxonomy":"product_cat","embeddable":true,"href":"https:\/\/kindaj.com\/pl\/wp-json\/wp\/v2\/product_cat?post=30298"},{"taxonomy":"product_tag","embeddable":true,"href":"https:\/\/kindaj.com\/pl\/wp-json\/wp\/v2\/product_tag?post=30298"}],"curies":[{"name":"wp","href":"https:\/\/api.w.org\/{rel}","templated":true}]}}