{"id":30247,"date":"2021-02-24T11:51:27","date_gmt":"2021-02-24T11:51:27","guid":{"rendered":"https:\/\/kindaj.com\/?post_type=product&#038;p=30247"},"modified":"2026-05-10T08:30:25","modified_gmt":"2026-05-10T08:30:25","slug":"miska-silikonowa-kindaj-basic-cream-pink","status":"publish","type":"product","link":"https:\/\/kindaj.com\/pl\/sklep\/basic\/miska-silikonowa-kindaj-basic-cream-pink\/","title":{"rendered":"Miska silikonowa kindaj basic cream pink"},"content":{"rendered":"<p>Miska dla dzieci i niemowl\u0105t marki kindaj z <a href=\"https:\/\/kindaj.com\/pl\/kategoria-produktu\/basic\/\">kolekcji basic<\/a> posiada przyssawk\u0119. Zapobiega ona przesuwaniu si\u0119 lub zrzuceniu naczynia przez dziecko podczas jedzenia. Misk\u0119 kindaj wyprodukowano z bezpiecznego silikonu spo\u017cywczego dzi\u0119ki temu mo\u017cesz poda\u0107 w niej ulubiony posi\u0142ek Twojego dziecka. Silikon jest wytrzyma\u0142y i odporny na upadki, dlatego pos\u0142u\u017cy przez d\u0142ugi czas. Naczynie ma zaokr\u0105glone, g\u0142adkie brzegi, kt\u00f3re s\u0105 bezpieczne w u\u017cytkowaniu.<br \/>\nJe\u017celi chcesz mocno przyssa\u0107 misk\u0119 zaleca si\u0119 docisn\u0105\u0107 jej \u015brodek do powierzchni blatu jeszcze przed jej zape\u0142nieniem.<\/p>\n<p>Sprawd\u017a jak zestaw basic wygl\u0105da w u\u017cyciu:<a href=\"https:\/\/www.instagram.com\/p\/CMJmDHkF1tk\/\"> kliknij tu.<\/a><\/p>\n","protected":false},"excerpt":{"rendered":"<p>Najni\u017csza cena z 30 dni przed obni\u017ck\u0105: 27,99 z\u0142<\/p>\n","protected":false},"featured_media":30299,"template":"","meta":{"_acf_changed":false},"product_brand":[],"product_cat":[18],"product_tag":[],"class_list":{"0":"post-30247","1":"product","2":"type-product","3":"status-publish","4":"has-post-thumbnail","6":"product_cat-basic","8":"first","9":"instock","10":"sale","11":"taxable","12":"shipping-taxable","13":"purchasable","14":"product-type-simple"},"acf":[],"yoast_head":"<!-- This site is optimized with the Yoast SEO plugin v27.5 - https:\/\/yoast.com\/product\/yoast-seo-wordpress\/ -->\n<title>Silikonowa miska dla dzieci i niemowl\u0105t z przyssawk\u0105 kindaj basic - kindaj<\/title>\n<meta name=\"description\" content=\"Miska dla dzieci i niemowl\u0105t kindaj basic posiada przyssawk\u0119 i zosta\u0142a wyprodukowana z bezpiecznego silikonu. Stw\u00f3rz zestaw z kolekcji basic.\" \/>\n<meta name=\"robots\" content=\"index, follow, max-snippet:-1, max-image-preview:large, max-video-preview:-1\" \/>\n<link rel=\"canonical\" href=\"https:\/\/kindaj.com\/pl\/sklep\/basic\/miska-silikonowa-kindaj-basic-cream-pink\/\" \/>\n<meta property=\"og:locale\" content=\"pl_PL\" \/>\n<meta property=\"og:type\" content=\"article\" \/>\n<meta property=\"og:title\" content=\"kindaj - Silikonowa miska dla dzieci i niemowl\u0105t z przyssawk\u0105 kindaj basic\" \/>\n<meta property=\"og:description\" content=\"Miska dla dzieci i niemowl\u0105t kindaj basic posiada przyssawk\u0119 i zosta\u0142a wyprodukowana z bezpiecznego silikonu.\" \/>\n<meta property=\"og:url\" content=\"https:\/\/kindaj.com\/pl\/sklep\/basic\/miska-silikonowa-kindaj-basic-cream-pink\/\" \/>\n<meta property=\"og:site_name\" content=\"kindaj\" \/>\n<meta property=\"article:modified_time\" content=\"2026-05-10T08:30:25+00:00\" \/>\n<meta property=\"og:image\" content=\"https:\/\/kindaj.com\/wp-content\/uploads\/2021\/02\/KINDAJ1023_01_k_m.jpg\" \/>\n\t<meta property=\"og:image:width\" content=\"2500\" \/>\n\t<meta property=\"og:image:height\" content=\"2500\" \/>\n\t<meta property=\"og:image:type\" content=\"image\/jpeg\" \/>\n<meta name=\"twitter:card\" content=\"summary_large_image\" \/>\n<meta name=\"twitter:label1\" content=\"Szacowany czas czytania\" \/>\n\t<meta name=\"twitter:data1\" content=\"1 minuta\" \/>\n<script type=\"application\/ld+json\" class=\"yoast-schema-graph\">{\"@context\":\"https:\\\/\\\/schema.org\",\"@graph\":[{\"@type\":\"WebPage\",\"@id\":\"https:\\\/\\\/kindaj.com\\\/pl\\\/sklep\\\/basic\\\/miska-silikonowa-kindaj-basic-cream-pink\\\/\",\"url\":\"https:\\\/\\\/kindaj.com\\\/pl\\\/sklep\\\/basic\\\/miska-silikonowa-kindaj-basic-cream-pink\\\/\",\"name\":\"Silikonowa miska dla dzieci i niemowl\u0105t z przyssawk\u0105 kindaj basic - kindaj\",\"isPartOf\":{\"@id\":\"https:\\\/\\\/kindaj.com\\\/pl\\\/#website\"},\"primaryImageOfPage\":{\"@id\":\"https:\\\/\\\/kindaj.com\\\/pl\\\/sklep\\\/basic\\\/miska-silikonowa-kindaj-basic-cream-pink\\\/#primaryimage\"},\"image\":{\"@id\":\"https:\\\/\\\/kindaj.com\\\/pl\\\/sklep\\\/basic\\\/miska-silikonowa-kindaj-basic-cream-pink\\\/#primaryimage\"},\"thumbnailUrl\":\"https:\\\/\\\/i0.wp.com\\\/kindaj.com\\\/wp-content\\\/uploads\\\/2021\\\/02\\\/KINDAJ1023_01_k_m.jpg?fit=2500%2C2500&ssl=1\",\"datePublished\":\"2021-02-24T11:51:27+00:00\",\"dateModified\":\"2026-05-10T08:30:25+00:00\",\"description\":\"Miska dla dzieci i niemowl\u0105t kindaj basic posiada przyssawk\u0119 i zosta\u0142a wyprodukowana z bezpiecznego silikonu. Stw\u00f3rz zestaw z kolekcji basic.\",\"breadcrumb\":{\"@id\":\"https:\\\/\\\/kindaj.com\\\/pl\\\/sklep\\\/basic\\\/miska-silikonowa-kindaj-basic-cream-pink\\\/#breadcrumb\"},\"inLanguage\":\"pl-PL\",\"potentialAction\":[{\"@type\":\"ReadAction\",\"target\":[\"https:\\\/\\\/kindaj.com\\\/pl\\\/sklep\\\/basic\\\/miska-silikonowa-kindaj-basic-cream-pink\\\/\"]}]},{\"@type\":\"ImageObject\",\"inLanguage\":\"pl-PL\",\"@id\":\"https:\\\/\\\/kindaj.com\\\/pl\\\/sklep\\\/basic\\\/miska-silikonowa-kindaj-basic-cream-pink\\\/#primaryimage\",\"url\":\"https:\\\/\\\/i0.wp.com\\\/kindaj.com\\\/wp-content\\\/uploads\\\/2021\\\/02\\\/KINDAJ1023_01_k_m.jpg?fit=2500%2C2500&ssl=1\",\"contentUrl\":\"https:\\\/\\\/i0.wp.com\\\/kindaj.com\\\/wp-content\\\/uploads\\\/2021\\\/02\\\/KINDAJ1023_01_k_m.jpg?fit=2500%2C2500&ssl=1\",\"width\":2500,\"height\":2500,\"caption\":\"silikonowa miska z przyssawk\u0105 dla dzieci i niemowl\u0105t logo kindaj pojemno\u015b\u0107 300 ml kolor cream pink\"},{\"@type\":\"BreadcrumbList\",\"@id\":\"https:\\\/\\\/kindaj.com\\\/pl\\\/sklep\\\/basic\\\/miska-silikonowa-kindaj-basic-cream-pink\\\/#breadcrumb\",\"itemListElement\":[{\"@type\":\"ListItem\",\"position\":1,\"name\":\"strona g\u0142\u00f3wna\",\"item\":\"https:\\\/\\\/kindaj.com\\\/pl\\\/\"},{\"@type\":\"ListItem\",\"position\":2,\"name\":\"sklep\",\"item\":\"https:\\\/\\\/kindaj.com\\\/pl\\\/sklep\\\/\"},{\"@type\":\"ListItem\",\"position\":3,\"name\":\"basic\",\"item\":\"https:\\\/\\\/kindaj.com\\\/pl\\\/kategoria-produktu\\\/basic\\\/\"},{\"@type\":\"ListItem\",\"position\":4,\"name\":\"Miska silikonowa kindaj basic cream pink\"}]},{\"@type\":\"WebSite\",\"@id\":\"https:\\\/\\\/kindaj.com\\\/pl\\\/#website\",\"url\":\"https:\\\/\\\/kindaj.com\\\/pl\\\/\",\"name\":\"kindaj\",\"description\":\"minimalistyczne produkty dla dzieci i niemowl\u0105t\",\"publisher\":{\"@id\":\"https:\\\/\\\/kindaj.com\\\/pl\\\/#organization\"},\"potentialAction\":[{\"@type\":\"SearchAction\",\"target\":{\"@type\":\"EntryPoint\",\"urlTemplate\":\"https:\\\/\\\/kindaj.com\\\/pl\\\/?s={search_term_string}\"},\"query-input\":{\"@type\":\"PropertyValueSpecification\",\"valueRequired\":true,\"valueName\":\"search_term_string\"}}],\"inLanguage\":\"pl-PL\"},{\"@type\":\"Organization\",\"@id\":\"https:\\\/\\\/kindaj.com\\\/pl\\\/#organization\",\"name\":\"kindaj.com\",\"url\":\"https:\\\/\\\/kindaj.com\\\/pl\\\/\",\"logo\":{\"@type\":\"ImageObject\",\"inLanguage\":\"pl-PL\",\"@id\":\"https:\\\/\\\/kindaj.com\\\/pl\\\/#\\\/schema\\\/logo\\\/image\\\/\",\"url\":\"https:\\\/\\\/i0.wp.com\\\/kindaj.com\\\/wp-content\\\/uploads\\\/2021\\\/02\\\/kindaj_logo.jpg?fit=2000%2C2000&ssl=1\",\"contentUrl\":\"https:\\\/\\\/i0.wp.com\\\/kindaj.com\\\/wp-content\\\/uploads\\\/2021\\\/02\\\/kindaj_logo.jpg?fit=2000%2C2000&ssl=1\",\"width\":2000,\"height\":2000,\"caption\":\"kindaj.com\"},\"image\":{\"@id\":\"https:\\\/\\\/kindaj.com\\\/pl\\\/#\\\/schema\\\/logo\\\/image\\\/\"}}]}<\/script>\n<!-- \/ Yoast SEO plugin. -->","yoast_head_json":{"title":"Silikonowa miska dla dzieci i niemowl\u0105t z przyssawk\u0105 kindaj basic - kindaj","description":"Miska dla dzieci i niemowl\u0105t kindaj basic posiada przyssawk\u0119 i zosta\u0142a wyprodukowana z bezpiecznego silikonu. Stw\u00f3rz zestaw z kolekcji basic.","robots":{"index":"index","follow":"follow","max-snippet":"max-snippet:-1","max-image-preview":"max-image-preview:large","max-video-preview":"max-video-preview:-1"},"canonical":"https:\/\/kindaj.com\/pl\/sklep\/basic\/miska-silikonowa-kindaj-basic-cream-pink\/","og_locale":"pl_PL","og_type":"article","og_title":"kindaj - Silikonowa miska dla dzieci i niemowl\u0105t z przyssawk\u0105 kindaj basic","og_description":"Miska dla dzieci i niemowl\u0105t kindaj basic posiada przyssawk\u0119 i zosta\u0142a wyprodukowana z bezpiecznego silikonu.","og_url":"https:\/\/kindaj.com\/pl\/sklep\/basic\/miska-silikonowa-kindaj-basic-cream-pink\/","og_site_name":"kindaj","article_modified_time":"2026-05-10T08:30:25+00:00","og_image":[{"width":2500,"height":2500,"url":"https:\/\/kindaj.com\/wp-content\/uploads\/2021\/02\/KINDAJ1023_01_k_m.jpg","type":"image\/jpeg"}],"twitter_card":"summary_large_image","twitter_misc":{"Szacowany czas czytania":"1 minuta"},"schema":{"@context":"https:\/\/schema.org","@graph":[{"@type":"WebPage","@id":"https:\/\/kindaj.com\/pl\/sklep\/basic\/miska-silikonowa-kindaj-basic-cream-pink\/","url":"https:\/\/kindaj.com\/pl\/sklep\/basic\/miska-silikonowa-kindaj-basic-cream-pink\/","name":"Silikonowa miska dla dzieci i niemowl\u0105t z przyssawk\u0105 kindaj basic - kindaj","isPartOf":{"@id":"https:\/\/kindaj.com\/pl\/#website"},"primaryImageOfPage":{"@id":"https:\/\/kindaj.com\/pl\/sklep\/basic\/miska-silikonowa-kindaj-basic-cream-pink\/#primaryimage"},"image":{"@id":"https:\/\/kindaj.com\/pl\/sklep\/basic\/miska-silikonowa-kindaj-basic-cream-pink\/#primaryimage"},"thumbnailUrl":"https:\/\/i0.wp.com\/kindaj.com\/wp-content\/uploads\/2021\/02\/KINDAJ1023_01_k_m.jpg?fit=2500%2C2500&ssl=1","datePublished":"2021-02-24T11:51:27+00:00","dateModified":"2026-05-10T08:30:25+00:00","description":"Miska dla dzieci i niemowl\u0105t kindaj basic posiada przyssawk\u0119 i zosta\u0142a wyprodukowana z bezpiecznego silikonu. Stw\u00f3rz zestaw z kolekcji basic.","breadcrumb":{"@id":"https:\/\/kindaj.com\/pl\/sklep\/basic\/miska-silikonowa-kindaj-basic-cream-pink\/#breadcrumb"},"inLanguage":"pl-PL","potentialAction":[{"@type":"ReadAction","target":["https:\/\/kindaj.com\/pl\/sklep\/basic\/miska-silikonowa-kindaj-basic-cream-pink\/"]}]},{"@type":"ImageObject","inLanguage":"pl-PL","@id":"https:\/\/kindaj.com\/pl\/sklep\/basic\/miska-silikonowa-kindaj-basic-cream-pink\/#primaryimage","url":"https:\/\/i0.wp.com\/kindaj.com\/wp-content\/uploads\/2021\/02\/KINDAJ1023_01_k_m.jpg?fit=2500%2C2500&ssl=1","contentUrl":"https:\/\/i0.wp.com\/kindaj.com\/wp-content\/uploads\/2021\/02\/KINDAJ1023_01_k_m.jpg?fit=2500%2C2500&ssl=1","width":2500,"height":2500,"caption":"silikonowa miska z przyssawk\u0105 dla dzieci i niemowl\u0105t logo kindaj pojemno\u015b\u0107 300 ml kolor cream pink"},{"@type":"BreadcrumbList","@id":"https:\/\/kindaj.com\/pl\/sklep\/basic\/miska-silikonowa-kindaj-basic-cream-pink\/#breadcrumb","itemListElement":[{"@type":"ListItem","position":1,"name":"strona g\u0142\u00f3wna","item":"https:\/\/kindaj.com\/pl\/"},{"@type":"ListItem","position":2,"name":"sklep","item":"https:\/\/kindaj.com\/pl\/sklep\/"},{"@type":"ListItem","position":3,"name":"basic","item":"https:\/\/kindaj.com\/pl\/kategoria-produktu\/basic\/"},{"@type":"ListItem","position":4,"name":"Miska silikonowa kindaj basic cream pink"}]},{"@type":"WebSite","@id":"https:\/\/kindaj.com\/pl\/#website","url":"https:\/\/kindaj.com\/pl\/","name":"kindaj","description":"minimalistyczne produkty dla dzieci i niemowl\u0105t","publisher":{"@id":"https:\/\/kindaj.com\/pl\/#organization"},"potentialAction":[{"@type":"SearchAction","target":{"@type":"EntryPoint","urlTemplate":"https:\/\/kindaj.com\/pl\/?s={search_term_string}"},"query-input":{"@type":"PropertyValueSpecification","valueRequired":true,"valueName":"search_term_string"}}],"inLanguage":"pl-PL"},{"@type":"Organization","@id":"https:\/\/kindaj.com\/pl\/#organization","name":"kindaj.com","url":"https:\/\/kindaj.com\/pl\/","logo":{"@type":"ImageObject","inLanguage":"pl-PL","@id":"https:\/\/kindaj.com\/pl\/#\/schema\/logo\/image\/","url":"https:\/\/i0.wp.com\/kindaj.com\/wp-content\/uploads\/2021\/02\/kindaj_logo.jpg?fit=2000%2C2000&ssl=1","contentUrl":"https:\/\/i0.wp.com\/kindaj.com\/wp-content\/uploads\/2021\/02\/kindaj_logo.jpg?fit=2000%2C2000&ssl=1","width":2000,"height":2000,"caption":"kindaj.com"},"image":{"@id":"https:\/\/kindaj.com\/pl\/#\/schema\/logo\/image\/"}}]}},"jetpack_sharing_enabled":true,"_links":{"self":[{"href":"https:\/\/kindaj.com\/pl\/wp-json\/wp\/v2\/product\/30247","targetHints":{"allow":["GET"]}}],"collection":[{"href":"https:\/\/kindaj.com\/pl\/wp-json\/wp\/v2\/product"}],"about":[{"href":"https:\/\/kindaj.com\/pl\/wp-json\/wp\/v2\/types\/product"}],"version-history":[{"count":1,"href":"https:\/\/kindaj.com\/pl\/wp-json\/wp\/v2\/product\/30247\/revisions"}],"predecessor-version":[{"id":54066,"href":"https:\/\/kindaj.com\/pl\/wp-json\/wp\/v2\/product\/30247\/revisions\/54066"}],"wp:featuredmedia":[{"embeddable":true,"href":"https:\/\/kindaj.com\/pl\/wp-json\/wp\/v2\/media\/30299"}],"wp:attachment":[{"href":"https:\/\/kindaj.com\/pl\/wp-json\/wp\/v2\/media?parent=30247"}],"wp:term":[{"taxonomy":"product_brand","embeddable":true,"href":"https:\/\/kindaj.com\/pl\/wp-json\/wp\/v2\/product_brand?post=30247"},{"taxonomy":"product_cat","embeddable":true,"href":"https:\/\/kindaj.com\/pl\/wp-json\/wp\/v2\/product_cat?post=30247"},{"taxonomy":"product_tag","embeddable":true,"href":"https:\/\/kindaj.com\/pl\/wp-json\/wp\/v2\/product_tag?post=30247"}],"curies":[{"name":"wp","href":"https:\/\/api.w.org\/{rel}","templated":true}]}}