{"id":30243,"date":"2021-02-24T11:44:43","date_gmt":"2021-02-24T11:44:43","guid":{"rendered":"https:\/\/kindaj.com\/?post_type=product&#038;p=30243"},"modified":"2026-03-24T10:02:34","modified_gmt":"2026-03-24T10:02:34","slug":"talerz-silikonowy-kindaj-basic-cream-pink","status":"publish","type":"product","link":"https:\/\/kindaj.com\/pl\/sklep\/basic\/talerz-silikonowy-kindaj-basic-cream-pink\/","title":{"rendered":"Talerz silikonowy kindaj basic cream pink"},"content":{"rendered":"<p>Talerz dla dzieci i niemowl\u0105t marki kindaj z kolekcji basic posiada wywa\u017con\u0105, antypo\u015blizgow\u0105 podstaw\u0119. Zapewnia ona stabilno\u015b\u0107 oraz utrudnia zsuni\u0119cie przez dziecko talerza z blatu podczas jedzenia. Talerz wyprodukowano z bezpiecznego spo\u017cywczego silikonu. Silikon jest wytrzyma\u0142y i odporny na upadki, dlatego pos\u0142u\u017cy Ci przez d\u0142ugi czas. Naczynie ma zaokr\u0105glone, g\u0142adkie brzegi, kt\u00f3re s\u0105 bezpieczne w u\u017cytkowaniu. Talerz kindaj basic wspiera metod\u0119 karmienia BLW. Ze wzgl\u0119du na sw\u00f3j rozmiar mo\u017ce s\u0142u\u017cy\u0107 jako podk\u0142adka pod <a href=\"https:\/\/kindaj.com\/pl\/sklep\/basic\/miska-silikonowa-kindaj-basic-cream-pink\/\">misk\u0119 kindaj basic.<\/a><\/p>\n<p>Sprawd\u017a jak zestaw basic wygl\u0105da w u\u017cyciu:<a href=\"https:\/\/www.instagram.com\/p\/CMJmDHkF1tk\/\"> kliknij tu.<\/a><\/p>\n","protected":false},"excerpt":{"rendered":"<p>Najni\u017csza cena z 30 dni przed obni\u017ck\u0105: 59,99 z\u0142<\/p>\n","protected":false},"featured_media":30281,"template":"","meta":{"_acf_changed":false},"product_brand":[],"product_cat":[18],"product_tag":[],"class_list":{"0":"post-30243","1":"product","2":"type-product","3":"status-publish","4":"has-post-thumbnail","6":"product_cat-basic","8":"first","9":"instock","10":"sale","11":"taxable","12":"shipping-taxable","13":"purchasable","14":"product-type-simple"},"acf":[],"yoast_head":"<!-- This site is optimized with the Yoast SEO plugin v27.2 - https:\/\/yoast.com\/product\/yoast-seo-wordpress\/ -->\n<title>Silikonowy talerz dla dzieci z kolekcji kindaj basic - kindaj<\/title>\n<meta name=\"description\" content=\"Silikonowy talerz dla dzieci kindaj basic ma wywa\u017con\u0105, antypo\u015blizgow\u0105 podstaw\u0119. Talerz mo\u017ce pos\u0142u\u017cy\u0107 jako mata pod misk\u0119 kindaj basic.\" \/>\n<meta name=\"robots\" content=\"index, follow, max-snippet:-1, max-image-preview:large, max-video-preview:-1\" \/>\n<link rel=\"canonical\" href=\"https:\/\/kindaj.com\/pl\/sklep\/basic\/talerz-silikonowy-kindaj-basic-cream-pink\/\" \/>\n<meta property=\"og:locale\" content=\"pl_PL\" \/>\n<meta property=\"og:type\" content=\"article\" \/>\n<meta property=\"og:title\" content=\"kindaj - Silikonowy talerz dla dzieci z kolekcji kindaj basic\" \/>\n<meta property=\"og:description\" content=\"Silikonowy talerz dla dzieci kindaj basic ma wywa\u017con\u0105, antypo\u015blizgow\u0105 podstaw\u0119. Talerz mo\u017ce pos\u0142u\u017cy\u0107 jako mata pod misk\u0119 kindaj basic.\" \/>\n<meta property=\"og:url\" content=\"https:\/\/kindaj.com\/pl\/sklep\/basic\/talerz-silikonowy-kindaj-basic-cream-pink\/\" \/>\n<meta property=\"og:site_name\" content=\"kindaj\" \/>\n<meta property=\"article:modified_time\" content=\"2026-03-24T10:02:34+00:00\" \/>\n<meta property=\"og:image\" content=\"https:\/\/kindaj.com\/wp-content\/uploads\/2021\/02\/KINDAJ1025_01_k_m.jpg\" \/>\n\t<meta property=\"og:image:width\" content=\"2500\" \/>\n\t<meta property=\"og:image:height\" content=\"2500\" \/>\n\t<meta property=\"og:image:type\" content=\"image\/jpeg\" \/>\n<meta name=\"twitter:card\" content=\"summary_large_image\" \/>\n<meta name=\"twitter:label1\" content=\"Szacowany czas czytania\" \/>\n\t<meta name=\"twitter:data1\" content=\"1 minuta\" \/>\n<script type=\"application\/ld+json\" class=\"yoast-schema-graph\">{\"@context\":\"https:\/\/schema.org\",\"@graph\":[{\"@type\":\"WebPage\",\"@id\":\"https:\/\/kindaj.com\/pl\/sklep\/basic\/talerz-silikonowy-kindaj-basic-cream-pink\/\",\"url\":\"https:\/\/kindaj.com\/pl\/sklep\/basic\/talerz-silikonowy-kindaj-basic-cream-pink\/\",\"name\":\"Silikonowy talerz dla dzieci z kolekcji kindaj basic - kindaj\",\"isPartOf\":{\"@id\":\"https:\/\/kindaj.com\/pl\/#website\"},\"primaryImageOfPage\":{\"@id\":\"https:\/\/kindaj.com\/pl\/sklep\/basic\/talerz-silikonowy-kindaj-basic-cream-pink\/#primaryimage\"},\"image\":{\"@id\":\"https:\/\/kindaj.com\/pl\/sklep\/basic\/talerz-silikonowy-kindaj-basic-cream-pink\/#primaryimage\"},\"thumbnailUrl\":\"https:\/\/i0.wp.com\/kindaj.com\/wp-content\/uploads\/2021\/02\/KINDAJ1025_01_k_m.jpg?fit=2500%2C2500&ssl=1\",\"datePublished\":\"2021-02-24T11:44:43+00:00\",\"dateModified\":\"2026-03-24T10:02:34+00:00\",\"description\":\"Silikonowy talerz dla dzieci kindaj basic ma wywa\u017con\u0105, antypo\u015blizgow\u0105 podstaw\u0119. Talerz mo\u017ce pos\u0142u\u017cy\u0107 jako mata pod misk\u0119 kindaj basic.\",\"breadcrumb\":{\"@id\":\"https:\/\/kindaj.com\/pl\/sklep\/basic\/talerz-silikonowy-kindaj-basic-cream-pink\/#breadcrumb\"},\"inLanguage\":\"pl-PL\",\"potentialAction\":[{\"@type\":\"ReadAction\",\"target\":[\"https:\/\/kindaj.com\/pl\/sklep\/basic\/talerz-silikonowy-kindaj-basic-cream-pink\/\"]}]},{\"@type\":\"ImageObject\",\"inLanguage\":\"pl-PL\",\"@id\":\"https:\/\/kindaj.com\/pl\/sklep\/basic\/talerz-silikonowy-kindaj-basic-cream-pink\/#primaryimage\",\"url\":\"https:\/\/i0.wp.com\/kindaj.com\/wp-content\/uploads\/2021\/02\/KINDAJ1025_01_k_m.jpg?fit=2500%2C2500&ssl=1\",\"contentUrl\":\"https:\/\/i0.wp.com\/kindaj.com\/wp-content\/uploads\/2021\/02\/KINDAJ1025_01_k_m.jpg?fit=2500%2C2500&ssl=1\",\"width\":2500,\"height\":2500,\"caption\":\"silikonowy okr\u0105g\u0142y talerz. Kolor cream pink. Na \u015brodku logo kindaj.\"},{\"@type\":\"BreadcrumbList\",\"@id\":\"https:\/\/kindaj.com\/pl\/sklep\/basic\/talerz-silikonowy-kindaj-basic-cream-pink\/#breadcrumb\",\"itemListElement\":[{\"@type\":\"ListItem\",\"position\":1,\"name\":\"strona g\u0142\u00f3wna\",\"item\":\"https:\/\/kindaj.com\/pl\/\"},{\"@type\":\"ListItem\",\"position\":2,\"name\":\"sklep\",\"item\":\"https:\/\/kindaj.com\/pl\/sklep\/\"},{\"@type\":\"ListItem\",\"position\":3,\"name\":\"basic\",\"item\":\"https:\/\/kindaj.com\/pl\/kategoria-produktu\/basic\/\"},{\"@type\":\"ListItem\",\"position\":4,\"name\":\"Talerz silikonowy kindaj basic cream pink\"}]},{\"@type\":\"WebSite\",\"@id\":\"https:\/\/kindaj.com\/pl\/#website\",\"url\":\"https:\/\/kindaj.com\/pl\/\",\"name\":\"kindaj\",\"description\":\"minimalistyczne produkty dla dzieci i niemowl\u0105t\",\"publisher\":{\"@id\":\"https:\/\/kindaj.com\/pl\/#organization\"},\"potentialAction\":[{\"@type\":\"SearchAction\",\"target\":{\"@type\":\"EntryPoint\",\"urlTemplate\":\"https:\/\/kindaj.com\/pl\/?s={search_term_string}\"},\"query-input\":{\"@type\":\"PropertyValueSpecification\",\"valueRequired\":true,\"valueName\":\"search_term_string\"}}],\"inLanguage\":\"pl-PL\"},{\"@type\":\"Organization\",\"@id\":\"https:\/\/kindaj.com\/pl\/#organization\",\"name\":\"kindaj.com\",\"url\":\"https:\/\/kindaj.com\/pl\/\",\"logo\":{\"@type\":\"ImageObject\",\"inLanguage\":\"pl-PL\",\"@id\":\"https:\/\/kindaj.com\/pl\/#\/schema\/logo\/image\/\",\"url\":\"https:\/\/i0.wp.com\/kindaj.com\/wp-content\/uploads\/2021\/02\/kindaj_logo.jpg?fit=2000%2C2000&ssl=1\",\"contentUrl\":\"https:\/\/i0.wp.com\/kindaj.com\/wp-content\/uploads\/2021\/02\/kindaj_logo.jpg?fit=2000%2C2000&ssl=1\",\"width\":2000,\"height\":2000,\"caption\":\"kindaj.com\"},\"image\":{\"@id\":\"https:\/\/kindaj.com\/pl\/#\/schema\/logo\/image\/\"}}]}<\/script>\n<!-- \/ Yoast SEO plugin. -->","yoast_head_json":{"title":"Silikonowy talerz dla dzieci z kolekcji kindaj basic - kindaj","description":"Silikonowy talerz dla dzieci kindaj basic ma wywa\u017con\u0105, antypo\u015blizgow\u0105 podstaw\u0119. Talerz mo\u017ce pos\u0142u\u017cy\u0107 jako mata pod misk\u0119 kindaj basic.","robots":{"index":"index","follow":"follow","max-snippet":"max-snippet:-1","max-image-preview":"max-image-preview:large","max-video-preview":"max-video-preview:-1"},"canonical":"https:\/\/kindaj.com\/pl\/sklep\/basic\/talerz-silikonowy-kindaj-basic-cream-pink\/","og_locale":"pl_PL","og_type":"article","og_title":"kindaj - Silikonowy talerz dla dzieci z kolekcji kindaj basic","og_description":"Silikonowy talerz dla dzieci kindaj basic ma wywa\u017con\u0105, antypo\u015blizgow\u0105 podstaw\u0119. Talerz mo\u017ce pos\u0142u\u017cy\u0107 jako mata pod misk\u0119 kindaj basic.","og_url":"https:\/\/kindaj.com\/pl\/sklep\/basic\/talerz-silikonowy-kindaj-basic-cream-pink\/","og_site_name":"kindaj","article_modified_time":"2026-03-24T10:02:34+00:00","og_image":[{"width":2500,"height":2500,"url":"https:\/\/kindaj.com\/wp-content\/uploads\/2021\/02\/KINDAJ1025_01_k_m.jpg","type":"image\/jpeg"}],"twitter_card":"summary_large_image","twitter_misc":{"Szacowany czas czytania":"1 minuta"},"schema":{"@context":"https:\/\/schema.org","@graph":[{"@type":"WebPage","@id":"https:\/\/kindaj.com\/pl\/sklep\/basic\/talerz-silikonowy-kindaj-basic-cream-pink\/","url":"https:\/\/kindaj.com\/pl\/sklep\/basic\/talerz-silikonowy-kindaj-basic-cream-pink\/","name":"Silikonowy talerz dla dzieci z kolekcji kindaj basic - kindaj","isPartOf":{"@id":"https:\/\/kindaj.com\/pl\/#website"},"primaryImageOfPage":{"@id":"https:\/\/kindaj.com\/pl\/sklep\/basic\/talerz-silikonowy-kindaj-basic-cream-pink\/#primaryimage"},"image":{"@id":"https:\/\/kindaj.com\/pl\/sklep\/basic\/talerz-silikonowy-kindaj-basic-cream-pink\/#primaryimage"},"thumbnailUrl":"https:\/\/i0.wp.com\/kindaj.com\/wp-content\/uploads\/2021\/02\/KINDAJ1025_01_k_m.jpg?fit=2500%2C2500&ssl=1","datePublished":"2021-02-24T11:44:43+00:00","dateModified":"2026-03-24T10:02:34+00:00","description":"Silikonowy talerz dla dzieci kindaj basic ma wywa\u017con\u0105, antypo\u015blizgow\u0105 podstaw\u0119. Talerz mo\u017ce pos\u0142u\u017cy\u0107 jako mata pod misk\u0119 kindaj basic.","breadcrumb":{"@id":"https:\/\/kindaj.com\/pl\/sklep\/basic\/talerz-silikonowy-kindaj-basic-cream-pink\/#breadcrumb"},"inLanguage":"pl-PL","potentialAction":[{"@type":"ReadAction","target":["https:\/\/kindaj.com\/pl\/sklep\/basic\/talerz-silikonowy-kindaj-basic-cream-pink\/"]}]},{"@type":"ImageObject","inLanguage":"pl-PL","@id":"https:\/\/kindaj.com\/pl\/sklep\/basic\/talerz-silikonowy-kindaj-basic-cream-pink\/#primaryimage","url":"https:\/\/i0.wp.com\/kindaj.com\/wp-content\/uploads\/2021\/02\/KINDAJ1025_01_k_m.jpg?fit=2500%2C2500&ssl=1","contentUrl":"https:\/\/i0.wp.com\/kindaj.com\/wp-content\/uploads\/2021\/02\/KINDAJ1025_01_k_m.jpg?fit=2500%2C2500&ssl=1","width":2500,"height":2500,"caption":"silikonowy okr\u0105g\u0142y talerz. Kolor cream pink. Na \u015brodku logo kindaj."},{"@type":"BreadcrumbList","@id":"https:\/\/kindaj.com\/pl\/sklep\/basic\/talerz-silikonowy-kindaj-basic-cream-pink\/#breadcrumb","itemListElement":[{"@type":"ListItem","position":1,"name":"strona g\u0142\u00f3wna","item":"https:\/\/kindaj.com\/pl\/"},{"@type":"ListItem","position":2,"name":"sklep","item":"https:\/\/kindaj.com\/pl\/sklep\/"},{"@type":"ListItem","position":3,"name":"basic","item":"https:\/\/kindaj.com\/pl\/kategoria-produktu\/basic\/"},{"@type":"ListItem","position":4,"name":"Talerz silikonowy kindaj basic cream pink"}]},{"@type":"WebSite","@id":"https:\/\/kindaj.com\/pl\/#website","url":"https:\/\/kindaj.com\/pl\/","name":"kindaj","description":"minimalistyczne produkty dla dzieci i niemowl\u0105t","publisher":{"@id":"https:\/\/kindaj.com\/pl\/#organization"},"potentialAction":[{"@type":"SearchAction","target":{"@type":"EntryPoint","urlTemplate":"https:\/\/kindaj.com\/pl\/?s={search_term_string}"},"query-input":{"@type":"PropertyValueSpecification","valueRequired":true,"valueName":"search_term_string"}}],"inLanguage":"pl-PL"},{"@type":"Organization","@id":"https:\/\/kindaj.com\/pl\/#organization","name":"kindaj.com","url":"https:\/\/kindaj.com\/pl\/","logo":{"@type":"ImageObject","inLanguage":"pl-PL","@id":"https:\/\/kindaj.com\/pl\/#\/schema\/logo\/image\/","url":"https:\/\/i0.wp.com\/kindaj.com\/wp-content\/uploads\/2021\/02\/kindaj_logo.jpg?fit=2000%2C2000&ssl=1","contentUrl":"https:\/\/i0.wp.com\/kindaj.com\/wp-content\/uploads\/2021\/02\/kindaj_logo.jpg?fit=2000%2C2000&ssl=1","width":2000,"height":2000,"caption":"kindaj.com"},"image":{"@id":"https:\/\/kindaj.com\/pl\/#\/schema\/logo\/image\/"}}]}},"jetpack_sharing_enabled":true,"_links":{"self":[{"href":"https:\/\/kindaj.com\/pl\/wp-json\/wp\/v2\/product\/30243","targetHints":{"allow":["GET"]}}],"collection":[{"href":"https:\/\/kindaj.com\/pl\/wp-json\/wp\/v2\/product"}],"about":[{"href":"https:\/\/kindaj.com\/pl\/wp-json\/wp\/v2\/types\/product"}],"version-history":[{"count":1,"href":"https:\/\/kindaj.com\/pl\/wp-json\/wp\/v2\/product\/30243\/revisions"}],"predecessor-version":[{"id":54068,"href":"https:\/\/kindaj.com\/pl\/wp-json\/wp\/v2\/product\/30243\/revisions\/54068"}],"wp:featuredmedia":[{"embeddable":true,"href":"https:\/\/kindaj.com\/pl\/wp-json\/wp\/v2\/media\/30281"}],"wp:attachment":[{"href":"https:\/\/kindaj.com\/pl\/wp-json\/wp\/v2\/media?parent=30243"}],"wp:term":[{"taxonomy":"product_brand","embeddable":true,"href":"https:\/\/kindaj.com\/pl\/wp-json\/wp\/v2\/product_brand?post=30243"},{"taxonomy":"product_cat","embeddable":true,"href":"https:\/\/kindaj.com\/pl\/wp-json\/wp\/v2\/product_cat?post=30243"},{"taxonomy":"product_tag","embeddable":true,"href":"https:\/\/kindaj.com\/pl\/wp-json\/wp\/v2\/product_tag?post=30243"}],"curies":[{"name":"wp","href":"https:\/\/api.w.org\/{rel}","templated":true}]}}