{"id":30175,"date":"2021-02-23T12:26:54","date_gmt":"2021-02-23T12:26:54","guid":{"rendered":"https:\/\/kindaj.com\/?post_type=product&#038;p=30175"},"modified":"2026-04-24T06:23:07","modified_gmt":"2026-04-24T06:23:07","slug":"podgrzewacz-do-chusteczek-nawilzanych-kindaj-wipeby","status":"publish","type":"product","link":"https:\/\/kindaj.com\/pl\/sklep\/by\/podgrzewacz-do-chusteczek-nawilzanych-kindaj-wipeby\/","title":{"rendered":"Podgrzewacz do chusteczek nawil\u017canych kindaj wipeby"},"content":{"rendered":"<p><span style=\"font-weight: 400;\">Podgrzewacz do chusteczek nawil\u017canych <a href=\"https:\/\/kindaj.com\/pl\/sklep\/by\/podgrzewacz-do-chusteczek-nawilzanych-kindaj-wipeby\/\">kindaj wipeby<\/a> pozwala na podgrzanie chusteczek nawil\u017canych przed ich u\u017cyciem aby piel\u0119gnacja dziecka by\u0142a przyjemniejsza. Wipeby posiada r\u00f3wnie\u017c dodatkow\u0105 szuflad\u0119 do podgrzewania maseczek do twarzy w p\u0142achcie. Podgrzewacz wymaga pod\u0142\u0105czenia do kontaktu i<\/span><span style=\"font-weight: 400;\"> mie\u015bci ok. 100 sztuk chusteczek nawil\u017canych. Wipeby utrzymuje ciep\u0142o podgrzanych chusteczek dop\u00f3ki ich nie wykorzystasz. Dzi\u0119ki obiegowi zamkni\u0119temu panuj\u0105cemu w komorze nie wysusza ich<\/span><span style=\"font-weight: 400;\">.\u00a0<\/span><\/p>\n","protected":false},"excerpt":{"rendered":"<p>Najni\u017csza cena z 30 dni przed obni\u017ck\u0105: 99,99 z\u0142, cena regularna: 149,99 z\u0142<\/p>\n","protected":false},"featured_media":30264,"template":"","meta":{"_acf_changed":false},"product_brand":[],"product_cat":[16],"product_tag":[],"class_list":{"0":"post-30175","1":"product","2":"type-product","3":"status-publish","4":"has-post-thumbnail","6":"product_cat-by","8":"first","9":"outofstock","10":"sale","11":"taxable","12":"shipping-taxable","13":"purchasable","14":"product-type-simple"},"acf":[],"yoast_head":"<!-- This site is optimized with the Yoast SEO plugin v27.5 - https:\/\/yoast.com\/product\/yoast-seo-wordpress\/ -->\n<title>Podgrzewacz do chusteczek nawil\u017canych kindaj wipeby - kindaj<\/title>\n<meta name=\"description\" content=\"Podgrzewacz do chusteczek nawil\u017canych i maseczek w p\u0142achcie kindaj wipeby. Dzi\u0119ki niemu chusteczki nawil\u017cane s\u0105 zawsze ciep\u0142e.\" \/>\n<meta name=\"robots\" content=\"index, follow, max-snippet:-1, max-image-preview:large, max-video-preview:-1\" \/>\n<link rel=\"canonical\" href=\"https:\/\/kindaj.com\/pl\/sklep\/by\/podgrzewacz-do-chusteczek-nawilzanych-kindaj-wipeby\/\" \/>\n<meta property=\"og:locale\" content=\"pl_PL\" \/>\n<meta property=\"og:type\" content=\"article\" \/>\n<meta property=\"og:title\" content=\"kindaj - Podgrzewacz do chusteczek nawil\u017canych kindaj wipeby\" \/>\n<meta property=\"og:description\" content=\"Podgrzewacz do chusteczek nawil\u017canych i maseczek w p\u0142achcie kindaj wipeby. Dzi\u0119ki niemu chusteczki nawil\u017cane s\u0105 zawsze ciep\u0142e.\" \/>\n<meta property=\"og:url\" content=\"https:\/\/kindaj.com\/pl\/sklep\/by\/podgrzewacz-do-chusteczek-nawilzanych-kindaj-wipeby\/\" \/>\n<meta property=\"og:site_name\" content=\"kindaj\" \/>\n<meta property=\"article:modified_time\" content=\"2026-04-24T06:23:07+00:00\" \/>\n<meta property=\"og:image\" content=\"https:\/\/kindaj.com\/wp-content\/uploads\/2021\/02\/KINDAJ2001_k_2_n.jpg\" \/>\n\t<meta property=\"og:image:width\" content=\"2500\" \/>\n\t<meta property=\"og:image:height\" content=\"2500\" \/>\n\t<meta property=\"og:image:type\" content=\"image\/jpeg\" \/>\n<meta name=\"twitter:card\" content=\"summary_large_image\" \/>\n<meta name=\"twitter:label1\" content=\"Szacowany czas czytania\" \/>\n\t<meta name=\"twitter:data1\" content=\"1 minuta\" \/>\n<script type=\"application\/ld+json\" class=\"yoast-schema-graph\">{\"@context\":\"https:\\\/\\\/schema.org\",\"@graph\":[{\"@type\":\"WebPage\",\"@id\":\"https:\\\/\\\/kindaj.com\\\/pl\\\/sklep\\\/by\\\/podgrzewacz-do-chusteczek-nawilzanych-kindaj-wipeby\\\/\",\"url\":\"https:\\\/\\\/kindaj.com\\\/pl\\\/sklep\\\/by\\\/podgrzewacz-do-chusteczek-nawilzanych-kindaj-wipeby\\\/\",\"name\":\"Podgrzewacz do chusteczek nawil\u017canych kindaj wipeby - kindaj\",\"isPartOf\":{\"@id\":\"https:\\\/\\\/kindaj.com\\\/pl\\\/#website\"},\"primaryImageOfPage\":{\"@id\":\"https:\\\/\\\/kindaj.com\\\/pl\\\/sklep\\\/by\\\/podgrzewacz-do-chusteczek-nawilzanych-kindaj-wipeby\\\/#primaryimage\"},\"image\":{\"@id\":\"https:\\\/\\\/kindaj.com\\\/pl\\\/sklep\\\/by\\\/podgrzewacz-do-chusteczek-nawilzanych-kindaj-wipeby\\\/#primaryimage\"},\"thumbnailUrl\":\"https:\\\/\\\/i0.wp.com\\\/kindaj.com\\\/wp-content\\\/uploads\\\/2021\\\/02\\\/KINDAJ2001_k_2_n.jpg?fit=2500%2C2500&ssl=1\",\"datePublished\":\"2021-02-23T12:26:54+00:00\",\"dateModified\":\"2026-04-24T06:23:07+00:00\",\"description\":\"Podgrzewacz do chusteczek nawil\u017canych i maseczek w p\u0142achcie kindaj wipeby. Dzi\u0119ki niemu chusteczki nawil\u017cane s\u0105 zawsze ciep\u0142e.\",\"breadcrumb\":{\"@id\":\"https:\\\/\\\/kindaj.com\\\/pl\\\/sklep\\\/by\\\/podgrzewacz-do-chusteczek-nawilzanych-kindaj-wipeby\\\/#breadcrumb\"},\"inLanguage\":\"pl-PL\",\"potentialAction\":[{\"@type\":\"ReadAction\",\"target\":[\"https:\\\/\\\/kindaj.com\\\/pl\\\/sklep\\\/by\\\/podgrzewacz-do-chusteczek-nawilzanych-kindaj-wipeby\\\/\"]}]},{\"@type\":\"ImageObject\",\"inLanguage\":\"pl-PL\",\"@id\":\"https:\\\/\\\/kindaj.com\\\/pl\\\/sklep\\\/by\\\/podgrzewacz-do-chusteczek-nawilzanych-kindaj-wipeby\\\/#primaryimage\",\"url\":\"https:\\\/\\\/i0.wp.com\\\/kindaj.com\\\/wp-content\\\/uploads\\\/2021\\\/02\\\/KINDAJ2001_k_2_n.jpg?fit=2500%2C2500&ssl=1\",\"contentUrl\":\"https:\\\/\\\/i0.wp.com\\\/kindaj.com\\\/wp-content\\\/uploads\\\/2021\\\/02\\\/KINDAJ2001_k_2_n.jpg?fit=2500%2C2500&ssl=1\",\"width\":2500,\"height\":2500,\"caption\":\"podgrzewacz do chusteczek nawil\u017canych w kolorze bia\u0142ym. Posiada szuflad\u0119 do podgrzania maseczek w p\u0142achcie.\"},{\"@type\":\"BreadcrumbList\",\"@id\":\"https:\\\/\\\/kindaj.com\\\/pl\\\/sklep\\\/by\\\/podgrzewacz-do-chusteczek-nawilzanych-kindaj-wipeby\\\/#breadcrumb\",\"itemListElement\":[{\"@type\":\"ListItem\",\"position\":1,\"name\":\"strona g\u0142\u00f3wna\",\"item\":\"https:\\\/\\\/kindaj.com\\\/pl\\\/\"},{\"@type\":\"ListItem\",\"position\":2,\"name\":\"sklep\",\"item\":\"https:\\\/\\\/kindaj.com\\\/pl\\\/sklep\\\/\"},{\"@type\":\"ListItem\",\"position\":3,\"name\":\"-by\",\"item\":\"https:\\\/\\\/kindaj.com\\\/pl\\\/kategoria-produktu\\\/by\\\/\"},{\"@type\":\"ListItem\",\"position\":4,\"name\":\"Podgrzewacz do chusteczek nawil\u017canych kindaj wipeby\"}]},{\"@type\":\"WebSite\",\"@id\":\"https:\\\/\\\/kindaj.com\\\/pl\\\/#website\",\"url\":\"https:\\\/\\\/kindaj.com\\\/pl\\\/\",\"name\":\"kindaj\",\"description\":\"minimalistyczne produkty dla dzieci i niemowl\u0105t\",\"publisher\":{\"@id\":\"https:\\\/\\\/kindaj.com\\\/pl\\\/#organization\"},\"potentialAction\":[{\"@type\":\"SearchAction\",\"target\":{\"@type\":\"EntryPoint\",\"urlTemplate\":\"https:\\\/\\\/kindaj.com\\\/pl\\\/?s={search_term_string}\"},\"query-input\":{\"@type\":\"PropertyValueSpecification\",\"valueRequired\":true,\"valueName\":\"search_term_string\"}}],\"inLanguage\":\"pl-PL\"},{\"@type\":\"Organization\",\"@id\":\"https:\\\/\\\/kindaj.com\\\/pl\\\/#organization\",\"name\":\"kindaj.com\",\"url\":\"https:\\\/\\\/kindaj.com\\\/pl\\\/\",\"logo\":{\"@type\":\"ImageObject\",\"inLanguage\":\"pl-PL\",\"@id\":\"https:\\\/\\\/kindaj.com\\\/pl\\\/#\\\/schema\\\/logo\\\/image\\\/\",\"url\":\"https:\\\/\\\/i0.wp.com\\\/kindaj.com\\\/wp-content\\\/uploads\\\/2021\\\/02\\\/kindaj_logo.jpg?fit=2000%2C2000&ssl=1\",\"contentUrl\":\"https:\\\/\\\/i0.wp.com\\\/kindaj.com\\\/wp-content\\\/uploads\\\/2021\\\/02\\\/kindaj_logo.jpg?fit=2000%2C2000&ssl=1\",\"width\":2000,\"height\":2000,\"caption\":\"kindaj.com\"},\"image\":{\"@id\":\"https:\\\/\\\/kindaj.com\\\/pl\\\/#\\\/schema\\\/logo\\\/image\\\/\"}}]}<\/script>\n<!-- \/ Yoast SEO plugin. -->","yoast_head_json":{"title":"Podgrzewacz do chusteczek nawil\u017canych kindaj wipeby - kindaj","description":"Podgrzewacz do chusteczek nawil\u017canych i maseczek w p\u0142achcie kindaj wipeby. Dzi\u0119ki niemu chusteczki nawil\u017cane s\u0105 zawsze ciep\u0142e.","robots":{"index":"index","follow":"follow","max-snippet":"max-snippet:-1","max-image-preview":"max-image-preview:large","max-video-preview":"max-video-preview:-1"},"canonical":"https:\/\/kindaj.com\/pl\/sklep\/by\/podgrzewacz-do-chusteczek-nawilzanych-kindaj-wipeby\/","og_locale":"pl_PL","og_type":"article","og_title":"kindaj - Podgrzewacz do chusteczek nawil\u017canych kindaj wipeby","og_description":"Podgrzewacz do chusteczek nawil\u017canych i maseczek w p\u0142achcie kindaj wipeby. Dzi\u0119ki niemu chusteczki nawil\u017cane s\u0105 zawsze ciep\u0142e.","og_url":"https:\/\/kindaj.com\/pl\/sklep\/by\/podgrzewacz-do-chusteczek-nawilzanych-kindaj-wipeby\/","og_site_name":"kindaj","article_modified_time":"2026-04-24T06:23:07+00:00","og_image":[{"width":2500,"height":2500,"url":"https:\/\/kindaj.com\/wp-content\/uploads\/2021\/02\/KINDAJ2001_k_2_n.jpg","type":"image\/jpeg"}],"twitter_card":"summary_large_image","twitter_misc":{"Szacowany czas czytania":"1 minuta"},"schema":{"@context":"https:\/\/schema.org","@graph":[{"@type":"WebPage","@id":"https:\/\/kindaj.com\/pl\/sklep\/by\/podgrzewacz-do-chusteczek-nawilzanych-kindaj-wipeby\/","url":"https:\/\/kindaj.com\/pl\/sklep\/by\/podgrzewacz-do-chusteczek-nawilzanych-kindaj-wipeby\/","name":"Podgrzewacz do chusteczek nawil\u017canych kindaj wipeby - kindaj","isPartOf":{"@id":"https:\/\/kindaj.com\/pl\/#website"},"primaryImageOfPage":{"@id":"https:\/\/kindaj.com\/pl\/sklep\/by\/podgrzewacz-do-chusteczek-nawilzanych-kindaj-wipeby\/#primaryimage"},"image":{"@id":"https:\/\/kindaj.com\/pl\/sklep\/by\/podgrzewacz-do-chusteczek-nawilzanych-kindaj-wipeby\/#primaryimage"},"thumbnailUrl":"https:\/\/i0.wp.com\/kindaj.com\/wp-content\/uploads\/2021\/02\/KINDAJ2001_k_2_n.jpg?fit=2500%2C2500&ssl=1","datePublished":"2021-02-23T12:26:54+00:00","dateModified":"2026-04-24T06:23:07+00:00","description":"Podgrzewacz do chusteczek nawil\u017canych i maseczek w p\u0142achcie kindaj wipeby. Dzi\u0119ki niemu chusteczki nawil\u017cane s\u0105 zawsze ciep\u0142e.","breadcrumb":{"@id":"https:\/\/kindaj.com\/pl\/sklep\/by\/podgrzewacz-do-chusteczek-nawilzanych-kindaj-wipeby\/#breadcrumb"},"inLanguage":"pl-PL","potentialAction":[{"@type":"ReadAction","target":["https:\/\/kindaj.com\/pl\/sklep\/by\/podgrzewacz-do-chusteczek-nawilzanych-kindaj-wipeby\/"]}]},{"@type":"ImageObject","inLanguage":"pl-PL","@id":"https:\/\/kindaj.com\/pl\/sklep\/by\/podgrzewacz-do-chusteczek-nawilzanych-kindaj-wipeby\/#primaryimage","url":"https:\/\/i0.wp.com\/kindaj.com\/wp-content\/uploads\/2021\/02\/KINDAJ2001_k_2_n.jpg?fit=2500%2C2500&ssl=1","contentUrl":"https:\/\/i0.wp.com\/kindaj.com\/wp-content\/uploads\/2021\/02\/KINDAJ2001_k_2_n.jpg?fit=2500%2C2500&ssl=1","width":2500,"height":2500,"caption":"podgrzewacz do chusteczek nawil\u017canych w kolorze bia\u0142ym. Posiada szuflad\u0119 do podgrzania maseczek w p\u0142achcie."},{"@type":"BreadcrumbList","@id":"https:\/\/kindaj.com\/pl\/sklep\/by\/podgrzewacz-do-chusteczek-nawilzanych-kindaj-wipeby\/#breadcrumb","itemListElement":[{"@type":"ListItem","position":1,"name":"strona g\u0142\u00f3wna","item":"https:\/\/kindaj.com\/pl\/"},{"@type":"ListItem","position":2,"name":"sklep","item":"https:\/\/kindaj.com\/pl\/sklep\/"},{"@type":"ListItem","position":3,"name":"-by","item":"https:\/\/kindaj.com\/pl\/kategoria-produktu\/by\/"},{"@type":"ListItem","position":4,"name":"Podgrzewacz do chusteczek nawil\u017canych kindaj wipeby"}]},{"@type":"WebSite","@id":"https:\/\/kindaj.com\/pl\/#website","url":"https:\/\/kindaj.com\/pl\/","name":"kindaj","description":"minimalistyczne produkty dla dzieci i niemowl\u0105t","publisher":{"@id":"https:\/\/kindaj.com\/pl\/#organization"},"potentialAction":[{"@type":"SearchAction","target":{"@type":"EntryPoint","urlTemplate":"https:\/\/kindaj.com\/pl\/?s={search_term_string}"},"query-input":{"@type":"PropertyValueSpecification","valueRequired":true,"valueName":"search_term_string"}}],"inLanguage":"pl-PL"},{"@type":"Organization","@id":"https:\/\/kindaj.com\/pl\/#organization","name":"kindaj.com","url":"https:\/\/kindaj.com\/pl\/","logo":{"@type":"ImageObject","inLanguage":"pl-PL","@id":"https:\/\/kindaj.com\/pl\/#\/schema\/logo\/image\/","url":"https:\/\/i0.wp.com\/kindaj.com\/wp-content\/uploads\/2021\/02\/kindaj_logo.jpg?fit=2000%2C2000&ssl=1","contentUrl":"https:\/\/i0.wp.com\/kindaj.com\/wp-content\/uploads\/2021\/02\/kindaj_logo.jpg?fit=2000%2C2000&ssl=1","width":2000,"height":2000,"caption":"kindaj.com"},"image":{"@id":"https:\/\/kindaj.com\/pl\/#\/schema\/logo\/image\/"}}]}},"jetpack_sharing_enabled":true,"_links":{"self":[{"href":"https:\/\/kindaj.com\/pl\/wp-json\/wp\/v2\/product\/30175","targetHints":{"allow":["GET"]}}],"collection":[{"href":"https:\/\/kindaj.com\/pl\/wp-json\/wp\/v2\/product"}],"about":[{"href":"https:\/\/kindaj.com\/pl\/wp-json\/wp\/v2\/types\/product"}],"version-history":[{"count":1,"href":"https:\/\/kindaj.com\/pl\/wp-json\/wp\/v2\/product\/30175\/revisions"}],"predecessor-version":[{"id":54062,"href":"https:\/\/kindaj.com\/pl\/wp-json\/wp\/v2\/product\/30175\/revisions\/54062"}],"wp:featuredmedia":[{"embeddable":true,"href":"https:\/\/kindaj.com\/pl\/wp-json\/wp\/v2\/media\/30264"}],"wp:attachment":[{"href":"https:\/\/kindaj.com\/pl\/wp-json\/wp\/v2\/media?parent=30175"}],"wp:term":[{"taxonomy":"product_brand","embeddable":true,"href":"https:\/\/kindaj.com\/pl\/wp-json\/wp\/v2\/product_brand?post=30175"},{"taxonomy":"product_cat","embeddable":true,"href":"https:\/\/kindaj.com\/pl\/wp-json\/wp\/v2\/product_cat?post=30175"},{"taxonomy":"product_tag","embeddable":true,"href":"https:\/\/kindaj.com\/pl\/wp-json\/wp\/v2\/product_tag?post=30175"}],"curies":[{"name":"wp","href":"https:\/\/api.w.org\/{rel}","templated":true}]}}