{"id":30162,"date":"2021-02-23T11:55:33","date_gmt":"2021-02-23T11:55:33","guid":{"rendered":"https:\/\/kindaj.com\/?post_type=product&#038;p=30162"},"modified":"2026-02-17T09:24:52","modified_gmt":"2026-02-17T09:24:52","slug":"laktator-elektryczny-podwojny-z-funkcja-aspiratora-kataru-kindaj-milkby","status":"publish","type":"product","link":"https:\/\/kindaj.com\/pl\/sklep\/by\/laktator-elektryczny-podwojny-z-funkcja-aspiratora-kataru-kindaj-milkby\/","title":{"rendered":"Laktator elektryczny podw\u00f3jny z funkcj\u0105 aspiratora kataru kindaj milkby"},"content":{"rendered":"<p><span style=\"font-weight: 400;\">Laktator elektryczny, podw\u00f3jny, dwufazowy z funkcj\u0105 aspiratora kataru kindaj milkby jest lekki, cichy i bezprzewodowy. M<\/span><span style=\"font-weight: 400;\">a 9 poziom\u00f3w ssania, tryb, kt\u00f3ry pozwala na wyci\u0105gni\u0119cie p\u0142askiego lub wkl\u0119s\u0142ego sutka, a tak\u017ce ko\u0144c\u00f3wk\u0119 s\u0142u\u017c\u0105c\u0105 jako podr\u0119czny aspirator kataru. Posiada tak\u017ce intuicyjny, dotykowy panel sterowania. Milkby pozwala pracowa\u0107 w trybie pojedynczym a tak\u017ce podw\u00f3jnym w zale\u017cno\u015bci od tego czego oczekuje u\u017cytkownik w danym momencie. W zestawie z laktatorem znajduj\u0105 si\u0119 dwie butelki o pojemno\u015bci 160 ml, pozwalaj\u0105ce na odci\u0105gni\u0119cie i przechowanie pokarmu.<\/span><\/p>\n<p><span style=\"font-weight: 400;\">Uwaga! Laktator kindaj milkby jest kompatybilny z <a href=\"https:\/\/kindaj.com\/pl\/kategoria-produktu\/one-classic\/\">butelkami do karmienia one classic.<\/a> Aby korzysta\u0107 z butelki one classic wraz z laktatorem kindaj milkby w\u0142\u00f3\u017c uszczelk\u0119 znajduj\u0105c\u0105 si\u0119 w <a href=\"https:\/\/kindaj.com\/pl\/sklep\/one-classic\/nakretki-na-butelki-do-przechowywania-one-classiccap-gray-violet\/\">nakr\u0119tce classicCap<\/a> pomi\u0119dzy korpus pompy laktatora a gwint <a href=\"https:\/\/kindaj.com\/pl\/sklep\/one-classic\/butelka-do-karmienia-szklana-one-classic120-gray-violet\/\">butelki<\/a>. Zakr\u0119\u0107. Butelka one classic i nakr\u0119tka classicCap do kupienia osobno.<\/span><\/p>\n<p>Laktator kindaj milkby jest \u0142atwy w utrzymaniu czysto\u015bci. Wszystkie elementy mo\u017cna szybko roz\u0142o\u017cy\u0107, umy\u0107 a nast\u0119pnie bez problemu z\u0142o\u017cy\u0107. Milkby posiada lejek (o \u015brednicy 8,5 cm i otworze 2 cm) wykonany z tworzywa sztucznego pokrytego silikonow\u0105 nak\u0142adk\u0105 (\u015bci\u0105galna). Praktycznie w ka\u017cdym wybranym trybie pracy mo\u017cesz dostosowa\u0107 moc ssania do swoich potrzeb. Zrobisz to zar\u00f3wno w trybie stymulacji, odci\u0105gania czy aspiratora kataru.<\/p>\n<p>Laktator kindaj milkby zosta\u0142 wybrany jako najlepszy spo\u015br\u00f3d testowanych przez specjalist\u0119 A.Rakowskiego &#8211; <a href=\"https:\/\/arturrakowski.pl\/arturtestuje-laktator-elektryczny\/\">zobacz ranking tu.\u00a0<\/a><\/p>\n","protected":false},"excerpt":{"rendered":"<p>Najni\u017csza cena z 30 dni przed obni\u017ck\u0105: 149,99 z\u0142, cena regularna: 299,99 z\u0142<\/p>\n","protected":false},"featured_media":30254,"template":"","meta":{"_acf_changed":false},"product_brand":[],"product_cat":[16],"product_tag":[],"class_list":{"0":"post-30162","1":"product","2":"type-product","3":"status-publish","4":"has-post-thumbnail","6":"product_cat-by","8":"first","9":"instock","10":"sale","11":"taxable","12":"shipping-taxable","13":"purchasable","14":"product-type-simple"},"acf":[],"yoast_head":"<!-- This site is optimized with the Yoast SEO plugin v27.2 - https:\/\/yoast.com\/product\/yoast-seo-wordpress\/ -->\n<title>Laktator podw\u00f3jny bezprzewodowy z funkcj\u0105 aspiratora kataru - kindaj<\/title>\n<meta name=\"description\" content=\"Laktator podw\u00f3jny bezprzewodowy z funkcj\u0105 aspiratora kataru kindaj milkby. Ma 9 poziom\u00f3w mocy i tryb wyci\u0105gania p\u0142askiego sutka.\" \/>\n<meta name=\"robots\" content=\"index, follow, max-snippet:-1, max-image-preview:large, max-video-preview:-1\" \/>\n<link rel=\"canonical\" href=\"https:\/\/kindaj.com\/pl\/sklep\/by\/laktator-elektryczny-podwojny-z-funkcja-aspiratora-kataru-kindaj-milkby\/\" \/>\n<meta property=\"og:locale\" content=\"pl_PL\" \/>\n<meta property=\"og:type\" content=\"article\" \/>\n<meta property=\"og:title\" content=\"kindaj - Laktator podw\u00f3jny bezprzewodowy z funkcj\u0105 aspiratora kataru\" \/>\n<meta property=\"og:description\" content=\"Laktator podw\u00f3jny bezprzewodowy z funkcj\u0105 aspiratora kataru kindaj milkby. Ma 9 poziom\u00f3w mocy i tryb wyci\u0105gania p\u0142askiego sutka.\" \/>\n<meta property=\"og:url\" content=\"https:\/\/kindaj.com\/pl\/sklep\/by\/laktator-elektryczny-podwojny-z-funkcja-aspiratora-kataru-kindaj-milkby\/\" \/>\n<meta property=\"og:site_name\" content=\"kindaj\" \/>\n<meta property=\"article:modified_time\" content=\"2026-02-17T09:24:52+00:00\" \/>\n<meta property=\"og:image\" content=\"https:\/\/kindaj.com\/wp-content\/uploads\/2021\/02\/DSC08433.jpg\" \/>\n\t<meta property=\"og:image:width\" content=\"2500\" \/>\n\t<meta property=\"og:image:height\" content=\"2500\" \/>\n\t<meta property=\"og:image:type\" content=\"image\/jpeg\" \/>\n<meta name=\"twitter:card\" content=\"summary_large_image\" \/>\n<meta name=\"twitter:label1\" content=\"Szacowany czas czytania\" \/>\n\t<meta name=\"twitter:data1\" content=\"2 minuty\" \/>\n<script type=\"application\/ld+json\" class=\"yoast-schema-graph\">{\"@context\":\"https:\/\/schema.org\",\"@graph\":[{\"@type\":\"WebPage\",\"@id\":\"https:\/\/kindaj.com\/pl\/sklep\/by\/laktator-elektryczny-podwojny-z-funkcja-aspiratora-kataru-kindaj-milkby\/\",\"url\":\"https:\/\/kindaj.com\/pl\/sklep\/by\/laktator-elektryczny-podwojny-z-funkcja-aspiratora-kataru-kindaj-milkby\/\",\"name\":\"Laktator podw\u00f3jny bezprzewodowy z funkcj\u0105 aspiratora kataru - kindaj\",\"isPartOf\":{\"@id\":\"https:\/\/kindaj.com\/pl\/#website\"},\"primaryImageOfPage\":{\"@id\":\"https:\/\/kindaj.com\/pl\/sklep\/by\/laktator-elektryczny-podwojny-z-funkcja-aspiratora-kataru-kindaj-milkby\/#primaryimage\"},\"image\":{\"@id\":\"https:\/\/kindaj.com\/pl\/sklep\/by\/laktator-elektryczny-podwojny-z-funkcja-aspiratora-kataru-kindaj-milkby\/#primaryimage\"},\"thumbnailUrl\":\"https:\/\/i0.wp.com\/kindaj.com\/wp-content\/uploads\/2021\/02\/DSC08433.jpg?fit=2500%2C2500&ssl=1\",\"datePublished\":\"2021-02-23T11:55:33+00:00\",\"dateModified\":\"2026-02-17T09:24:52+00:00\",\"description\":\"Laktator podw\u00f3jny bezprzewodowy z funkcj\u0105 aspiratora kataru kindaj milkby. Ma 9 poziom\u00f3w mocy i tryb wyci\u0105gania p\u0142askiego sutka.\",\"breadcrumb\":{\"@id\":\"https:\/\/kindaj.com\/pl\/sklep\/by\/laktator-elektryczny-podwojny-z-funkcja-aspiratora-kataru-kindaj-milkby\/#breadcrumb\"},\"inLanguage\":\"pl-PL\",\"potentialAction\":[{\"@type\":\"ReadAction\",\"target\":[\"https:\/\/kindaj.com\/pl\/sklep\/by\/laktator-elektryczny-podwojny-z-funkcja-aspiratora-kataru-kindaj-milkby\/\"]}]},{\"@type\":\"ImageObject\",\"inLanguage\":\"pl-PL\",\"@id\":\"https:\/\/kindaj.com\/pl\/sklep\/by\/laktator-elektryczny-podwojny-z-funkcja-aspiratora-kataru-kindaj-milkby\/#primaryimage\",\"url\":\"https:\/\/i0.wp.com\/kindaj.com\/wp-content\/uploads\/2021\/02\/DSC08433.jpg?fit=2500%2C2500&ssl=1\",\"contentUrl\":\"https:\/\/i0.wp.com\/kindaj.com\/wp-content\/uploads\/2021\/02\/DSC08433.jpg?fit=2500%2C2500&ssl=1\",\"width\":2500,\"height\":2500,\"caption\":\"Laktator podw\u00f3jny elektryczny w kolorze bia\u0142ym z ciemno szarymi elementami. Dwie butelki.\"},{\"@type\":\"BreadcrumbList\",\"@id\":\"https:\/\/kindaj.com\/pl\/sklep\/by\/laktator-elektryczny-podwojny-z-funkcja-aspiratora-kataru-kindaj-milkby\/#breadcrumb\",\"itemListElement\":[{\"@type\":\"ListItem\",\"position\":1,\"name\":\"strona g\u0142\u00f3wna\",\"item\":\"https:\/\/kindaj.com\/pl\/\"},{\"@type\":\"ListItem\",\"position\":2,\"name\":\"sklep\",\"item\":\"https:\/\/kindaj.com\/pl\/sklep\/\"},{\"@type\":\"ListItem\",\"position\":3,\"name\":\"-by\",\"item\":\"https:\/\/kindaj.com\/pl\/kategoria-produktu\/by\/\"},{\"@type\":\"ListItem\",\"position\":4,\"name\":\"Laktator elektryczny podw\u00f3jny z funkcj\u0105 aspiratora kataru kindaj milkby\"}]},{\"@type\":\"WebSite\",\"@id\":\"https:\/\/kindaj.com\/pl\/#website\",\"url\":\"https:\/\/kindaj.com\/pl\/\",\"name\":\"kindaj\",\"description\":\"minimalistyczne produkty dla dzieci i niemowl\u0105t\",\"publisher\":{\"@id\":\"https:\/\/kindaj.com\/pl\/#organization\"},\"potentialAction\":[{\"@type\":\"SearchAction\",\"target\":{\"@type\":\"EntryPoint\",\"urlTemplate\":\"https:\/\/kindaj.com\/pl\/?s={search_term_string}\"},\"query-input\":{\"@type\":\"PropertyValueSpecification\",\"valueRequired\":true,\"valueName\":\"search_term_string\"}}],\"inLanguage\":\"pl-PL\"},{\"@type\":\"Organization\",\"@id\":\"https:\/\/kindaj.com\/pl\/#organization\",\"name\":\"kindaj.com\",\"url\":\"https:\/\/kindaj.com\/pl\/\",\"logo\":{\"@type\":\"ImageObject\",\"inLanguage\":\"pl-PL\",\"@id\":\"https:\/\/kindaj.com\/pl\/#\/schema\/logo\/image\/\",\"url\":\"https:\/\/i0.wp.com\/kindaj.com\/wp-content\/uploads\/2021\/02\/kindaj_logo.jpg?fit=2000%2C2000&ssl=1\",\"contentUrl\":\"https:\/\/i0.wp.com\/kindaj.com\/wp-content\/uploads\/2021\/02\/kindaj_logo.jpg?fit=2000%2C2000&ssl=1\",\"width\":2000,\"height\":2000,\"caption\":\"kindaj.com\"},\"image\":{\"@id\":\"https:\/\/kindaj.com\/pl\/#\/schema\/logo\/image\/\"}}]}<\/script>\n<!-- \/ Yoast SEO plugin. -->","yoast_head_json":{"title":"Laktator podw\u00f3jny bezprzewodowy z funkcj\u0105 aspiratora kataru - kindaj","description":"Laktator podw\u00f3jny bezprzewodowy z funkcj\u0105 aspiratora kataru kindaj milkby. Ma 9 poziom\u00f3w mocy i tryb wyci\u0105gania p\u0142askiego sutka.","robots":{"index":"index","follow":"follow","max-snippet":"max-snippet:-1","max-image-preview":"max-image-preview:large","max-video-preview":"max-video-preview:-1"},"canonical":"https:\/\/kindaj.com\/pl\/sklep\/by\/laktator-elektryczny-podwojny-z-funkcja-aspiratora-kataru-kindaj-milkby\/","og_locale":"pl_PL","og_type":"article","og_title":"kindaj - Laktator podw\u00f3jny bezprzewodowy z funkcj\u0105 aspiratora kataru","og_description":"Laktator podw\u00f3jny bezprzewodowy z funkcj\u0105 aspiratora kataru kindaj milkby. Ma 9 poziom\u00f3w mocy i tryb wyci\u0105gania p\u0142askiego sutka.","og_url":"https:\/\/kindaj.com\/pl\/sklep\/by\/laktator-elektryczny-podwojny-z-funkcja-aspiratora-kataru-kindaj-milkby\/","og_site_name":"kindaj","article_modified_time":"2026-02-17T09:24:52+00:00","og_image":[{"width":2500,"height":2500,"url":"https:\/\/kindaj.com\/wp-content\/uploads\/2021\/02\/DSC08433.jpg","type":"image\/jpeg"}],"twitter_card":"summary_large_image","twitter_misc":{"Szacowany czas czytania":"2 minuty"},"schema":{"@context":"https:\/\/schema.org","@graph":[{"@type":"WebPage","@id":"https:\/\/kindaj.com\/pl\/sklep\/by\/laktator-elektryczny-podwojny-z-funkcja-aspiratora-kataru-kindaj-milkby\/","url":"https:\/\/kindaj.com\/pl\/sklep\/by\/laktator-elektryczny-podwojny-z-funkcja-aspiratora-kataru-kindaj-milkby\/","name":"Laktator podw\u00f3jny bezprzewodowy z funkcj\u0105 aspiratora kataru - kindaj","isPartOf":{"@id":"https:\/\/kindaj.com\/pl\/#website"},"primaryImageOfPage":{"@id":"https:\/\/kindaj.com\/pl\/sklep\/by\/laktator-elektryczny-podwojny-z-funkcja-aspiratora-kataru-kindaj-milkby\/#primaryimage"},"image":{"@id":"https:\/\/kindaj.com\/pl\/sklep\/by\/laktator-elektryczny-podwojny-z-funkcja-aspiratora-kataru-kindaj-milkby\/#primaryimage"},"thumbnailUrl":"https:\/\/i0.wp.com\/kindaj.com\/wp-content\/uploads\/2021\/02\/DSC08433.jpg?fit=2500%2C2500&ssl=1","datePublished":"2021-02-23T11:55:33+00:00","dateModified":"2026-02-17T09:24:52+00:00","description":"Laktator podw\u00f3jny bezprzewodowy z funkcj\u0105 aspiratora kataru kindaj milkby. Ma 9 poziom\u00f3w mocy i tryb wyci\u0105gania p\u0142askiego sutka.","breadcrumb":{"@id":"https:\/\/kindaj.com\/pl\/sklep\/by\/laktator-elektryczny-podwojny-z-funkcja-aspiratora-kataru-kindaj-milkby\/#breadcrumb"},"inLanguage":"pl-PL","potentialAction":[{"@type":"ReadAction","target":["https:\/\/kindaj.com\/pl\/sklep\/by\/laktator-elektryczny-podwojny-z-funkcja-aspiratora-kataru-kindaj-milkby\/"]}]},{"@type":"ImageObject","inLanguage":"pl-PL","@id":"https:\/\/kindaj.com\/pl\/sklep\/by\/laktator-elektryczny-podwojny-z-funkcja-aspiratora-kataru-kindaj-milkby\/#primaryimage","url":"https:\/\/i0.wp.com\/kindaj.com\/wp-content\/uploads\/2021\/02\/DSC08433.jpg?fit=2500%2C2500&ssl=1","contentUrl":"https:\/\/i0.wp.com\/kindaj.com\/wp-content\/uploads\/2021\/02\/DSC08433.jpg?fit=2500%2C2500&ssl=1","width":2500,"height":2500,"caption":"Laktator podw\u00f3jny elektryczny w kolorze bia\u0142ym z ciemno szarymi elementami. Dwie butelki."},{"@type":"BreadcrumbList","@id":"https:\/\/kindaj.com\/pl\/sklep\/by\/laktator-elektryczny-podwojny-z-funkcja-aspiratora-kataru-kindaj-milkby\/#breadcrumb","itemListElement":[{"@type":"ListItem","position":1,"name":"strona g\u0142\u00f3wna","item":"https:\/\/kindaj.com\/pl\/"},{"@type":"ListItem","position":2,"name":"sklep","item":"https:\/\/kindaj.com\/pl\/sklep\/"},{"@type":"ListItem","position":3,"name":"-by","item":"https:\/\/kindaj.com\/pl\/kategoria-produktu\/by\/"},{"@type":"ListItem","position":4,"name":"Laktator elektryczny podw\u00f3jny z funkcj\u0105 aspiratora kataru kindaj milkby"}]},{"@type":"WebSite","@id":"https:\/\/kindaj.com\/pl\/#website","url":"https:\/\/kindaj.com\/pl\/","name":"kindaj","description":"minimalistyczne produkty dla dzieci i niemowl\u0105t","publisher":{"@id":"https:\/\/kindaj.com\/pl\/#organization"},"potentialAction":[{"@type":"SearchAction","target":{"@type":"EntryPoint","urlTemplate":"https:\/\/kindaj.com\/pl\/?s={search_term_string}"},"query-input":{"@type":"PropertyValueSpecification","valueRequired":true,"valueName":"search_term_string"}}],"inLanguage":"pl-PL"},{"@type":"Organization","@id":"https:\/\/kindaj.com\/pl\/#organization","name":"kindaj.com","url":"https:\/\/kindaj.com\/pl\/","logo":{"@type":"ImageObject","inLanguage":"pl-PL","@id":"https:\/\/kindaj.com\/pl\/#\/schema\/logo\/image\/","url":"https:\/\/i0.wp.com\/kindaj.com\/wp-content\/uploads\/2021\/02\/kindaj_logo.jpg?fit=2000%2C2000&ssl=1","contentUrl":"https:\/\/i0.wp.com\/kindaj.com\/wp-content\/uploads\/2021\/02\/kindaj_logo.jpg?fit=2000%2C2000&ssl=1","width":2000,"height":2000,"caption":"kindaj.com"},"image":{"@id":"https:\/\/kindaj.com\/pl\/#\/schema\/logo\/image\/"}}]}},"jetpack_sharing_enabled":true,"_links":{"self":[{"href":"https:\/\/kindaj.com\/pl\/wp-json\/wp\/v2\/product\/30162","targetHints":{"allow":["GET"]}}],"collection":[{"href":"https:\/\/kindaj.com\/pl\/wp-json\/wp\/v2\/product"}],"about":[{"href":"https:\/\/kindaj.com\/pl\/wp-json\/wp\/v2\/types\/product"}],"version-history":[{"count":1,"href":"https:\/\/kindaj.com\/pl\/wp-json\/wp\/v2\/product\/30162\/revisions"}],"predecessor-version":[{"id":54017,"href":"https:\/\/kindaj.com\/pl\/wp-json\/wp\/v2\/product\/30162\/revisions\/54017"}],"wp:featuredmedia":[{"embeddable":true,"href":"https:\/\/kindaj.com\/pl\/wp-json\/wp\/v2\/media\/30254"}],"wp:attachment":[{"href":"https:\/\/kindaj.com\/pl\/wp-json\/wp\/v2\/media?parent=30162"}],"wp:term":[{"taxonomy":"product_brand","embeddable":true,"href":"https:\/\/kindaj.com\/pl\/wp-json\/wp\/v2\/product_brand?post=30162"},{"taxonomy":"product_cat","embeddable":true,"href":"https:\/\/kindaj.com\/pl\/wp-json\/wp\/v2\/product_cat?post=30162"},{"taxonomy":"product_tag","embeddable":true,"href":"https:\/\/kindaj.com\/pl\/wp-json\/wp\/v2\/product_tag?post=30162"}],"curies":[{"name":"wp","href":"https:\/\/api.w.org\/{rel}","templated":true}]}}