{"id":30072,"date":"2021-02-19T11:38:18","date_gmt":"2021-02-19T11:38:18","guid":{"rendered":"https:\/\/kindaj.com\/?post_type=product&#038;p=30072"},"modified":"2026-02-17T09:26:35","modified_gmt":"2026-02-17T09:26:35","slug":"smoczek-uspokajajacy-kindaj-colors-pink-oleander","status":"publish","type":"product","link":"https:\/\/kindaj.com\/pl\/sklep\/colors\/smoczek-uspokajajacy-kindaj-colors-pink-oleander\/","title":{"rendered":"Smoczek uspokajaj\u0105cy kindaj colors pink oleander"},"content":{"rendered":"<p>Silikonowy smoczek uspokajaj\u0105cy <a href=\"https:\/\/kindaj.com\/pl\/kategoria-produktu\/colors\/\">kindaj colors<\/a> posiada okr\u0105g\u0142\u0105 gumk\u0119 i tarcz\u0119. Wykonany w ca\u0142o\u015bci z bezpiecznego, bezzapachowego i mi\u0119kkiego silikonu, dzi\u0119ki temu przynosi dziecku ukojenie, jednocze\u015bnie nie zaburzaj\u0105c rozwoju zgryzu. Otwory wentylacyjne w tarczce zaprojektowano tak, \u017ce pozwalaj\u0105 oddycha\u0107 delikatnej sk\u00f3rze malucha, co zapobiega powstawaniu podra\u017cnie\u0144. Dodatkowo smoczek pe\u0142ni r\u00f3wnie\u017c drug\u0105 funkcj\u0119 &#8211; mo\u017cna go wykorzysta\u0107 jako gryzak. Smoczek mo\u017cna my\u0107 w zmywarce, a tak\u017ce u\u017cywa\u0107 w sterylizatorze elektrycznym lub mikrofalowym.<br \/>\nSmoczek uspokajaj\u0105cy <a href=\"https:\/\/kindaj.com\/pl\/kategoria-produktu\/colors\/\">kindaj colors<\/a> kupujesz w estetycznym, kartonowym opakowaniu.<\/p>\n<p>Zobacz jak wygl\u0105daj\u0105 smoczki colors na <a href=\"https:\/\/www.instagram.com\/tv\/CTWoejRgAHD\/\">filmie<\/a>.<\/p>\n","protected":false},"excerpt":{"rendered":"<p>Najni\u017csza cena z 30 dni przed obni\u017ck\u0105: 4,49 z\u0142. Cena regularna: 12,99 z\u0142<\/p>\n","protected":false},"featured_media":30136,"template":"","meta":{"_acf_changed":false},"product_brand":[],"product_cat":[19],"product_tag":[],"class_list":{"0":"post-30072","1":"product","2":"type-product","3":"status-publish","4":"has-post-thumbnail","6":"product_cat-colors","8":"first","9":"instock","10":"sale","11":"taxable","12":"shipping-taxable","13":"purchasable","14":"product-type-variable","15":"has-default-attributes"},"acf":[],"yoast_head":"<!-- This site is optimized with the Yoast SEO plugin v27.2 - https:\/\/yoast.com\/product\/yoast-seo-wordpress\/ -->\n<title>Smoczek uspokajaj\u0105cy kindaj colors pink oleander - kindaj<\/title>\n<meta name=\"description\" content=\"Silikonowy smoczek uspokajaj\u0105cy kindaj colors posiada okr\u0105g\u0142\u0105 gumk\u0119 i tarcz\u0119. Zosta\u0142 wykonany w ca\u0142o\u015bci z silikonu. Minimalistyczna forma.\" \/>\n<meta name=\"robots\" content=\"index, follow, max-snippet:-1, max-image-preview:large, max-video-preview:-1\" \/>\n<link rel=\"canonical\" href=\"https:\/\/kindaj.com\/pl\/sklep\/colors\/smoczek-uspokajajacy-kindaj-colors-pink-oleander\/\" \/>\n<meta property=\"og:locale\" content=\"pl_PL\" \/>\n<meta property=\"og:type\" content=\"article\" \/>\n<meta property=\"og:title\" content=\"Smoczek uspokajaj\u0105cy kindaj colors pink oleander - kindaj\" \/>\n<meta property=\"og:description\" content=\"Silikonowy smoczek uspokajaj\u0105cy kindaj colors posiada okr\u0105g\u0142\u0105 gumk\u0119 i tarcz\u0119. Zosta\u0142 wykonany w ca\u0142o\u015bci z silikonu. Minimalistyczna forma.\" \/>\n<meta property=\"og:url\" content=\"https:\/\/kindaj.com\/pl\/sklep\/colors\/smoczek-uspokajajacy-kindaj-colors-pink-oleander\/\" \/>\n<meta property=\"og:site_name\" content=\"kindaj\" \/>\n<meta property=\"article:modified_time\" content=\"2026-02-17T09:26:35+00:00\" \/>\n<meta property=\"og:image\" content=\"https:\/\/kindaj.com\/wp-content\/uploads\/2021\/02\/KINDAJ1037_02_k_m.jpg\" \/>\n\t<meta property=\"og:image:width\" content=\"2500\" \/>\n\t<meta property=\"og:image:height\" content=\"2500\" \/>\n\t<meta property=\"og:image:type\" content=\"image\/jpeg\" \/>\n<meta name=\"twitter:card\" content=\"summary_large_image\" \/>\n<meta name=\"twitter:label1\" content=\"Szacowany czas czytania\" \/>\n\t<meta name=\"twitter:data1\" content=\"1 minuta\" \/>\n<script type=\"application\/ld+json\" class=\"yoast-schema-graph\">{\"@context\":\"https:\/\/schema.org\",\"@graph\":[{\"@type\":\"WebPage\",\"@id\":\"https:\/\/kindaj.com\/pl\/sklep\/colors\/smoczek-uspokajajacy-kindaj-colors-pink-oleander\/\",\"url\":\"https:\/\/kindaj.com\/pl\/sklep\/colors\/smoczek-uspokajajacy-kindaj-colors-pink-oleander\/\",\"name\":\"Smoczek uspokajaj\u0105cy kindaj colors pink oleander - kindaj\",\"isPartOf\":{\"@id\":\"https:\/\/kindaj.com\/pl\/#website\"},\"primaryImageOfPage\":{\"@id\":\"https:\/\/kindaj.com\/pl\/sklep\/colors\/smoczek-uspokajajacy-kindaj-colors-pink-oleander\/#primaryimage\"},\"image\":{\"@id\":\"https:\/\/kindaj.com\/pl\/sklep\/colors\/smoczek-uspokajajacy-kindaj-colors-pink-oleander\/#primaryimage\"},\"thumbnailUrl\":\"https:\/\/i0.wp.com\/kindaj.com\/wp-content\/uploads\/2021\/02\/KINDAJ1037_02_k_m.jpg?fit=2500%2C2500&ssl=1\",\"datePublished\":\"2021-02-19T11:38:18+00:00\",\"dateModified\":\"2026-02-17T09:26:35+00:00\",\"description\":\"Silikonowy smoczek uspokajaj\u0105cy kindaj colors posiada okr\u0105g\u0142\u0105 gumk\u0119 i tarcz\u0119. Zosta\u0142 wykonany w ca\u0142o\u015bci z silikonu. Minimalistyczna forma.\",\"breadcrumb\":{\"@id\":\"https:\/\/kindaj.com\/pl\/sklep\/colors\/smoczek-uspokajajacy-kindaj-colors-pink-oleander\/#breadcrumb\"},\"inLanguage\":\"pl-PL\",\"potentialAction\":[{\"@type\":\"ReadAction\",\"target\":[\"https:\/\/kindaj.com\/pl\/sklep\/colors\/smoczek-uspokajajacy-kindaj-colors-pink-oleander\/\"]}]},{\"@type\":\"ImageObject\",\"inLanguage\":\"pl-PL\",\"@id\":\"https:\/\/kindaj.com\/pl\/sklep\/colors\/smoczek-uspokajajacy-kindaj-colors-pink-oleander\/#primaryimage\",\"url\":\"https:\/\/i0.wp.com\/kindaj.com\/wp-content\/uploads\/2021\/02\/KINDAJ1037_02_k_m.jpg?fit=2500%2C2500&ssl=1\",\"contentUrl\":\"https:\/\/i0.wp.com\/kindaj.com\/wp-content\/uploads\/2021\/02\/KINDAJ1037_02_k_m.jpg?fit=2500%2C2500&ssl=1\",\"width\":2500,\"height\":2500,\"caption\":\"r\u00f3\u017cowy smoczek uspokajaj\u0105cy wykonany z silikonu w rozmiarze wcze\u015bniak. Smoczek z okr\u0105g\u0142\u0105 tarcz\u0105 i gumk\u0105.\"},{\"@type\":\"BreadcrumbList\",\"@id\":\"https:\/\/kindaj.com\/pl\/sklep\/colors\/smoczek-uspokajajacy-kindaj-colors-pink-oleander\/#breadcrumb\",\"itemListElement\":[{\"@type\":\"ListItem\",\"position\":1,\"name\":\"strona g\u0142\u00f3wna\",\"item\":\"https:\/\/kindaj.com\/pl\/\"},{\"@type\":\"ListItem\",\"position\":2,\"name\":\"sklep\",\"item\":\"https:\/\/kindaj.com\/pl\/sklep\/\"},{\"@type\":\"ListItem\",\"position\":3,\"name\":\"colors\",\"item\":\"https:\/\/kindaj.com\/pl\/kategoria-produktu\/colors\/\"},{\"@type\":\"ListItem\",\"position\":4,\"name\":\"Smoczek uspokajaj\u0105cy kindaj colors pink oleander\"}]},{\"@type\":\"WebSite\",\"@id\":\"https:\/\/kindaj.com\/pl\/#website\",\"url\":\"https:\/\/kindaj.com\/pl\/\",\"name\":\"kindaj\",\"description\":\"minimalistyczne produkty dla dzieci i niemowl\u0105t\",\"publisher\":{\"@id\":\"https:\/\/kindaj.com\/pl\/#organization\"},\"potentialAction\":[{\"@type\":\"SearchAction\",\"target\":{\"@type\":\"EntryPoint\",\"urlTemplate\":\"https:\/\/kindaj.com\/pl\/?s={search_term_string}\"},\"query-input\":{\"@type\":\"PropertyValueSpecification\",\"valueRequired\":true,\"valueName\":\"search_term_string\"}}],\"inLanguage\":\"pl-PL\"},{\"@type\":\"Organization\",\"@id\":\"https:\/\/kindaj.com\/pl\/#organization\",\"name\":\"kindaj.com\",\"url\":\"https:\/\/kindaj.com\/pl\/\",\"logo\":{\"@type\":\"ImageObject\",\"inLanguage\":\"pl-PL\",\"@id\":\"https:\/\/kindaj.com\/pl\/#\/schema\/logo\/image\/\",\"url\":\"https:\/\/i0.wp.com\/kindaj.com\/wp-content\/uploads\/2021\/02\/kindaj_logo.jpg?fit=2000%2C2000&ssl=1\",\"contentUrl\":\"https:\/\/i0.wp.com\/kindaj.com\/wp-content\/uploads\/2021\/02\/kindaj_logo.jpg?fit=2000%2C2000&ssl=1\",\"width\":2000,\"height\":2000,\"caption\":\"kindaj.com\"},\"image\":{\"@id\":\"https:\/\/kindaj.com\/pl\/#\/schema\/logo\/image\/\"}}]}<\/script>\n<!-- \/ Yoast SEO plugin. -->","yoast_head_json":{"title":"Smoczek uspokajaj\u0105cy kindaj colors pink oleander - kindaj","description":"Silikonowy smoczek uspokajaj\u0105cy kindaj colors posiada okr\u0105g\u0142\u0105 gumk\u0119 i tarcz\u0119. Zosta\u0142 wykonany w ca\u0142o\u015bci z silikonu. Minimalistyczna forma.","robots":{"index":"index","follow":"follow","max-snippet":"max-snippet:-1","max-image-preview":"max-image-preview:large","max-video-preview":"max-video-preview:-1"},"canonical":"https:\/\/kindaj.com\/pl\/sklep\/colors\/smoczek-uspokajajacy-kindaj-colors-pink-oleander\/","og_locale":"pl_PL","og_type":"article","og_title":"Smoczek uspokajaj\u0105cy kindaj colors pink oleander - kindaj","og_description":"Silikonowy smoczek uspokajaj\u0105cy kindaj colors posiada okr\u0105g\u0142\u0105 gumk\u0119 i tarcz\u0119. Zosta\u0142 wykonany w ca\u0142o\u015bci z silikonu. Minimalistyczna forma.","og_url":"https:\/\/kindaj.com\/pl\/sklep\/colors\/smoczek-uspokajajacy-kindaj-colors-pink-oleander\/","og_site_name":"kindaj","article_modified_time":"2026-02-17T09:26:35+00:00","og_image":[{"width":2500,"height":2500,"url":"https:\/\/kindaj.com\/wp-content\/uploads\/2021\/02\/KINDAJ1037_02_k_m.jpg","type":"image\/jpeg"}],"twitter_card":"summary_large_image","twitter_misc":{"Szacowany czas czytania":"1 minuta"},"schema":{"@context":"https:\/\/schema.org","@graph":[{"@type":"WebPage","@id":"https:\/\/kindaj.com\/pl\/sklep\/colors\/smoczek-uspokajajacy-kindaj-colors-pink-oleander\/","url":"https:\/\/kindaj.com\/pl\/sklep\/colors\/smoczek-uspokajajacy-kindaj-colors-pink-oleander\/","name":"Smoczek uspokajaj\u0105cy kindaj colors pink oleander - kindaj","isPartOf":{"@id":"https:\/\/kindaj.com\/pl\/#website"},"primaryImageOfPage":{"@id":"https:\/\/kindaj.com\/pl\/sklep\/colors\/smoczek-uspokajajacy-kindaj-colors-pink-oleander\/#primaryimage"},"image":{"@id":"https:\/\/kindaj.com\/pl\/sklep\/colors\/smoczek-uspokajajacy-kindaj-colors-pink-oleander\/#primaryimage"},"thumbnailUrl":"https:\/\/i0.wp.com\/kindaj.com\/wp-content\/uploads\/2021\/02\/KINDAJ1037_02_k_m.jpg?fit=2500%2C2500&ssl=1","datePublished":"2021-02-19T11:38:18+00:00","dateModified":"2026-02-17T09:26:35+00:00","description":"Silikonowy smoczek uspokajaj\u0105cy kindaj colors posiada okr\u0105g\u0142\u0105 gumk\u0119 i tarcz\u0119. Zosta\u0142 wykonany w ca\u0142o\u015bci z silikonu. Minimalistyczna forma.","breadcrumb":{"@id":"https:\/\/kindaj.com\/pl\/sklep\/colors\/smoczek-uspokajajacy-kindaj-colors-pink-oleander\/#breadcrumb"},"inLanguage":"pl-PL","potentialAction":[{"@type":"ReadAction","target":["https:\/\/kindaj.com\/pl\/sklep\/colors\/smoczek-uspokajajacy-kindaj-colors-pink-oleander\/"]}]},{"@type":"ImageObject","inLanguage":"pl-PL","@id":"https:\/\/kindaj.com\/pl\/sklep\/colors\/smoczek-uspokajajacy-kindaj-colors-pink-oleander\/#primaryimage","url":"https:\/\/i0.wp.com\/kindaj.com\/wp-content\/uploads\/2021\/02\/KINDAJ1037_02_k_m.jpg?fit=2500%2C2500&ssl=1","contentUrl":"https:\/\/i0.wp.com\/kindaj.com\/wp-content\/uploads\/2021\/02\/KINDAJ1037_02_k_m.jpg?fit=2500%2C2500&ssl=1","width":2500,"height":2500,"caption":"r\u00f3\u017cowy smoczek uspokajaj\u0105cy wykonany z silikonu w rozmiarze wcze\u015bniak. Smoczek z okr\u0105g\u0142\u0105 tarcz\u0105 i gumk\u0105."},{"@type":"BreadcrumbList","@id":"https:\/\/kindaj.com\/pl\/sklep\/colors\/smoczek-uspokajajacy-kindaj-colors-pink-oleander\/#breadcrumb","itemListElement":[{"@type":"ListItem","position":1,"name":"strona g\u0142\u00f3wna","item":"https:\/\/kindaj.com\/pl\/"},{"@type":"ListItem","position":2,"name":"sklep","item":"https:\/\/kindaj.com\/pl\/sklep\/"},{"@type":"ListItem","position":3,"name":"colors","item":"https:\/\/kindaj.com\/pl\/kategoria-produktu\/colors\/"},{"@type":"ListItem","position":4,"name":"Smoczek uspokajaj\u0105cy kindaj colors pink oleander"}]},{"@type":"WebSite","@id":"https:\/\/kindaj.com\/pl\/#website","url":"https:\/\/kindaj.com\/pl\/","name":"kindaj","description":"minimalistyczne produkty dla dzieci i niemowl\u0105t","publisher":{"@id":"https:\/\/kindaj.com\/pl\/#organization"},"potentialAction":[{"@type":"SearchAction","target":{"@type":"EntryPoint","urlTemplate":"https:\/\/kindaj.com\/pl\/?s={search_term_string}"},"query-input":{"@type":"PropertyValueSpecification","valueRequired":true,"valueName":"search_term_string"}}],"inLanguage":"pl-PL"},{"@type":"Organization","@id":"https:\/\/kindaj.com\/pl\/#organization","name":"kindaj.com","url":"https:\/\/kindaj.com\/pl\/","logo":{"@type":"ImageObject","inLanguage":"pl-PL","@id":"https:\/\/kindaj.com\/pl\/#\/schema\/logo\/image\/","url":"https:\/\/i0.wp.com\/kindaj.com\/wp-content\/uploads\/2021\/02\/kindaj_logo.jpg?fit=2000%2C2000&ssl=1","contentUrl":"https:\/\/i0.wp.com\/kindaj.com\/wp-content\/uploads\/2021\/02\/kindaj_logo.jpg?fit=2000%2C2000&ssl=1","width":2000,"height":2000,"caption":"kindaj.com"},"image":{"@id":"https:\/\/kindaj.com\/pl\/#\/schema\/logo\/image\/"}}]}},"jetpack_sharing_enabled":true,"_links":{"self":[{"href":"https:\/\/kindaj.com\/pl\/wp-json\/wp\/v2\/product\/30072","targetHints":{"allow":["GET"]}}],"collection":[{"href":"https:\/\/kindaj.com\/pl\/wp-json\/wp\/v2\/product"}],"about":[{"href":"https:\/\/kindaj.com\/pl\/wp-json\/wp\/v2\/types\/product"}],"version-history":[{"count":1,"href":"https:\/\/kindaj.com\/pl\/wp-json\/wp\/v2\/product\/30072\/revisions"}],"predecessor-version":[{"id":54019,"href":"https:\/\/kindaj.com\/pl\/wp-json\/wp\/v2\/product\/30072\/revisions\/54019"}],"wp:featuredmedia":[{"embeddable":true,"href":"https:\/\/kindaj.com\/pl\/wp-json\/wp\/v2\/media\/30136"}],"wp:attachment":[{"href":"https:\/\/kindaj.com\/pl\/wp-json\/wp\/v2\/media?parent=30072"}],"wp:term":[{"taxonomy":"product_brand","embeddable":true,"href":"https:\/\/kindaj.com\/pl\/wp-json\/wp\/v2\/product_brand?post=30072"},{"taxonomy":"product_cat","embeddable":true,"href":"https:\/\/kindaj.com\/pl\/wp-json\/wp\/v2\/product_cat?post=30072"},{"taxonomy":"product_tag","embeddable":true,"href":"https:\/\/kindaj.com\/pl\/wp-json\/wp\/v2\/product_tag?post=30072"}],"curies":[{"name":"wp","href":"https:\/\/api.w.org\/{rel}","templated":true}]}}