{"id":29328,"date":"2021-02-04T11:38:08","date_gmt":"2021-02-04T11:38:08","guid":{"rendered":"https:\/\/kindaj.com\/?post_type=product&#038;p=29328"},"modified":"2025-12-21T11:34:43","modified_gmt":"2025-12-21T11:34:43","slug":"lampka-led-z-funkcja-bialego-szumu-kindaj-lulu","status":"publish","type":"product","link":"https:\/\/kindaj.com\/pl\/sklep\/lulu\/lampka-led-z-funkcja-bialego-szumu-kindaj-lulu\/","title":{"rendered":"Lampka LED z funkcj\u0105 bia\u0142ego szumu kindaj lulu"},"content":{"rendered":"<p>Lampka nocna LED z funkcj\u0105 bia\u0142ego szumu <a href=\"https:\/\/kindaj.com\/pl\/kategoria-produktu\/lulu\/\">kindaj lulu<\/a> pozwoli wyciszy\u0107 dziecko przed snem. <span style=\"font-weight: 400;\">Stuknij w szczyt urz\u0105dzenia aby <\/span><span style=\"font-weight: 400;\">w\u0142\u0105czy\u0107 lub wy\u0142\u0105czy\u0107 \u015bwiat\u0142o<\/span><span style=\"font-weight: 400;\"> lub przytrzymaj szczyt urz\u0105dzenia aby zmieni\u0107 intensywno\u015b\u0107 \u015bwiat\u0142a<\/span>. Kolor \u015bwiecenia mo\u017cesz wybra\u0107 spo\u015br\u00f3d dost\u0119pnych: niebieski, czerwony, zielony, fioletowy, limonkowy, b\u0142\u0119kitny, bia\u0142y ch\u0142odny i ciep\u0142y, t\u0119cza oraz mix. Lulu posiada 28 koj\u0105cych d\u017awi\u0119k\u00f3w a tak\u017ce tryb minutnika (po wybranym czasie urz\u0105dzenie samo si\u0119 wy\u0142\u0105czy). D\u017awi\u0119ki dost\u0119pne w urz\u0105dzeniu to m.in. bia\u0142y szum, r\u00f3\u017cowy szum, br\u0105zowy szum, odg\u0142osy przyrody oraz ko\u0142ysanki.<br \/>\nLampka jest zasilana za pomoc\u0105 kabla do\u0142\u0105czonego do zestawu i wymaga podpi\u0119cia do kontaktu (istnieje mo\u017cliwo\u015b\u0107 podpi\u0119cia do powerbanku). Lampka z funkcj\u0105 koj\u0105cych d\u017awi\u0119k\u00f3w jest lekka, ma\u0142a (zaledwie 11 x 10 cm) i \u0142atwa w obs\u0142udze. W zestawie znajdziesz lampk\u0119 (baz\u0119) &#8211; 1 szt., kabel zasilaj\u0105cy &#8211; 1 szt.<\/p>\n","protected":false},"excerpt":{"rendered":"<p>Lampka nocna LED z funkcj\u0105 bia\u0142ego szumu kindaj lulu pozwoli wyciszy\u0107 dziecko przed snem. Stuknij w szczyt urz\u0105dzenia aby w\u0142\u0105czy\u0107 lub wy\u0142\u0105czy\u0107 \u015bwiat\u0142o lub przytrzymaj szczyt urz\u0105dzenia aby zmieni\u0107 intensywno\u015b\u0107 \u015bwiat\u0142a. Kolor \u015bwiecenia mo\u017cesz wybra\u0107 spo\u015br\u00f3d dost\u0119pnych: niebieski, czerwony, zielony, fioletowy, limonkowy, b\u0142\u0119kitny, bia\u0142y ch\u0142odny i ciep\u0142y, t\u0119cza oraz mix. Lulu posiada 28 koj\u0105cych d\u017awi\u0119k\u00f3w [&hellip;]<\/p>\n","protected":false},"featured_media":30317,"template":"","meta":{"_acf_changed":false},"product_brand":[],"product_cat":[20],"product_tag":[],"class_list":{"0":"post-29328","1":"product","2":"type-product","3":"status-publish","4":"has-post-thumbnail","6":"product_cat-lulu","8":"first","9":"outofstock","10":"taxable","11":"shipping-taxable","12":"purchasable","13":"product-type-simple"},"acf":[],"yoast_head":"<!-- This site is optimized with the Yoast SEO plugin v27.2 - https:\/\/yoast.com\/product\/yoast-seo-wordpress\/ -->\n<title>Lampka LED z funkcj\u0105 bia\u0142ego szumu kindaj lulu - kindaj<\/title>\n<meta name=\"description\" content=\"Lampka nocna LED z funkcj\u0105 koj\u0105cych d\u017awi\u0119k\u00f3w w tym bia\u0142ych szum\u00f3w i ko\u0142ysanek kindaj lulu. Lampka pozwoli wyciszy\u0107 dziecko przed snem.\" \/>\n<meta name=\"robots\" content=\"index, follow, max-snippet:-1, max-image-preview:large, max-video-preview:-1\" \/>\n<link rel=\"canonical\" href=\"https:\/\/kindaj.com\/pl\/sklep\/lulu\/lampka-led-z-funkcja-bialego-szumu-kindaj-lulu\/\" \/>\n<meta property=\"og:locale\" content=\"pl_PL\" \/>\n<meta property=\"og:type\" content=\"article\" \/>\n<meta property=\"og:title\" content=\"kindaj - Lampka LED z funkcj\u0105 bia\u0142ego szumu kindaj lulu\" \/>\n<meta property=\"og:description\" content=\"Lampka nocna LED z funkcj\u0105 koj\u0105cych d\u017awi\u0119k\u00f3w w tym bia\u0142ych szum\u00f3w i ko\u0142ysanek kindaj lulu. Lampka pozwoli wyciszy\u0107 dziecko przed snem.\" \/>\n<meta property=\"og:url\" content=\"https:\/\/kindaj.com\/pl\/sklep\/lulu\/lampka-led-z-funkcja-bialego-szumu-kindaj-lulu\/\" \/>\n<meta property=\"og:site_name\" content=\"kindaj\" \/>\n<meta property=\"article:modified_time\" content=\"2025-12-21T11:34:43+00:00\" \/>\n<meta property=\"og:image\" content=\"https:\/\/kindaj.com\/wp-content\/uploads\/2021\/02\/DSC08149_k_n-1.jpg\" \/>\n\t<meta property=\"og:image:width\" content=\"2500\" \/>\n\t<meta property=\"og:image:height\" content=\"2500\" \/>\n\t<meta property=\"og:image:type\" content=\"image\/jpeg\" \/>\n<meta name=\"twitter:card\" content=\"summary_large_image\" \/>\n<meta name=\"twitter:label1\" content=\"Szacowany czas czytania\" \/>\n\t<meta name=\"twitter:data1\" content=\"1 minuta\" \/>\n<script type=\"application\/ld+json\" class=\"yoast-schema-graph\">{\"@context\":\"https:\/\/schema.org\",\"@graph\":[{\"@type\":\"WebPage\",\"@id\":\"https:\/\/kindaj.com\/pl\/sklep\/lulu\/lampka-led-z-funkcja-bialego-szumu-kindaj-lulu\/\",\"url\":\"https:\/\/kindaj.com\/pl\/sklep\/lulu\/lampka-led-z-funkcja-bialego-szumu-kindaj-lulu\/\",\"name\":\"Lampka LED z funkcj\u0105 bia\u0142ego szumu kindaj lulu - kindaj\",\"isPartOf\":{\"@id\":\"https:\/\/kindaj.com\/pl\/#website\"},\"primaryImageOfPage\":{\"@id\":\"https:\/\/kindaj.com\/pl\/sklep\/lulu\/lampka-led-z-funkcja-bialego-szumu-kindaj-lulu\/#primaryimage\"},\"image\":{\"@id\":\"https:\/\/kindaj.com\/pl\/sklep\/lulu\/lampka-led-z-funkcja-bialego-szumu-kindaj-lulu\/#primaryimage\"},\"thumbnailUrl\":\"https:\/\/i0.wp.com\/kindaj.com\/wp-content\/uploads\/2021\/02\/DSC08149_k_n-1.jpg?fit=2500%2C2500&ssl=1\",\"datePublished\":\"2021-02-04T11:38:08+00:00\",\"dateModified\":\"2025-12-21T11:34:43+00:00\",\"description\":\"Lampka nocna LED z funkcj\u0105 koj\u0105cych d\u017awi\u0119k\u00f3w w tym bia\u0142ych szum\u00f3w i ko\u0142ysanek kindaj lulu. Lampka pozwoli wyciszy\u0107 dziecko przed snem.\",\"breadcrumb\":{\"@id\":\"https:\/\/kindaj.com\/pl\/sklep\/lulu\/lampka-led-z-funkcja-bialego-szumu-kindaj-lulu\/#breadcrumb\"},\"inLanguage\":\"pl-PL\",\"potentialAction\":[{\"@type\":\"ReadAction\",\"target\":[\"https:\/\/kindaj.com\/pl\/sklep\/lulu\/lampka-led-z-funkcja-bialego-szumu-kindaj-lulu\/\"]}]},{\"@type\":\"ImageObject\",\"inLanguage\":\"pl-PL\",\"@id\":\"https:\/\/kindaj.com\/pl\/sklep\/lulu\/lampka-led-z-funkcja-bialego-szumu-kindaj-lulu\/#primaryimage\",\"url\":\"https:\/\/i0.wp.com\/kindaj.com\/wp-content\/uploads\/2021\/02\/DSC08149_k_n-1.jpg?fit=2500%2C2500&ssl=1\",\"contentUrl\":\"https:\/\/i0.wp.com\/kindaj.com\/wp-content\/uploads\/2021\/02\/DSC08149_k_n-1.jpg?fit=2500%2C2500&ssl=1\",\"width\":2500,\"height\":2500,\"caption\":\"Bia\u0142a lampka nocna LED z funkcj\u0105 koj\u0105cych d\u017awi\u0119k\u00f3w w tym bia\u0142ych szum\u00f3w i ko\u0142ysanek kindaj lulu. Lampka pozwoli wyciszy\u0107 dziecko przed snem.\"},{\"@type\":\"BreadcrumbList\",\"@id\":\"https:\/\/kindaj.com\/pl\/sklep\/lulu\/lampka-led-z-funkcja-bialego-szumu-kindaj-lulu\/#breadcrumb\",\"itemListElement\":[{\"@type\":\"ListItem\",\"position\":1,\"name\":\"strona g\u0142\u00f3wna\",\"item\":\"https:\/\/kindaj.com\/pl\/\"},{\"@type\":\"ListItem\",\"position\":2,\"name\":\"sklep\",\"item\":\"https:\/\/kindaj.com\/pl\/sklep\/\"},{\"@type\":\"ListItem\",\"position\":3,\"name\":\"lulu\",\"item\":\"https:\/\/kindaj.com\/pl\/kategoria-produktu\/lulu\/\"},{\"@type\":\"ListItem\",\"position\":4,\"name\":\"Lampka LED z funkcj\u0105 bia\u0142ego szumu kindaj lulu\"}]},{\"@type\":\"WebSite\",\"@id\":\"https:\/\/kindaj.com\/pl\/#website\",\"url\":\"https:\/\/kindaj.com\/pl\/\",\"name\":\"kindaj\",\"description\":\"minimalistyczne produkty dla dzieci i niemowl\u0105t\",\"publisher\":{\"@id\":\"https:\/\/kindaj.com\/pl\/#organization\"},\"potentialAction\":[{\"@type\":\"SearchAction\",\"target\":{\"@type\":\"EntryPoint\",\"urlTemplate\":\"https:\/\/kindaj.com\/pl\/?s={search_term_string}\"},\"query-input\":{\"@type\":\"PropertyValueSpecification\",\"valueRequired\":true,\"valueName\":\"search_term_string\"}}],\"inLanguage\":\"pl-PL\"},{\"@type\":\"Organization\",\"@id\":\"https:\/\/kindaj.com\/pl\/#organization\",\"name\":\"kindaj.com\",\"url\":\"https:\/\/kindaj.com\/pl\/\",\"logo\":{\"@type\":\"ImageObject\",\"inLanguage\":\"pl-PL\",\"@id\":\"https:\/\/kindaj.com\/pl\/#\/schema\/logo\/image\/\",\"url\":\"https:\/\/i0.wp.com\/kindaj.com\/wp-content\/uploads\/2021\/02\/kindaj_logo.jpg?fit=2000%2C2000&ssl=1\",\"contentUrl\":\"https:\/\/i0.wp.com\/kindaj.com\/wp-content\/uploads\/2021\/02\/kindaj_logo.jpg?fit=2000%2C2000&ssl=1\",\"width\":2000,\"height\":2000,\"caption\":\"kindaj.com\"},\"image\":{\"@id\":\"https:\/\/kindaj.com\/pl\/#\/schema\/logo\/image\/\"}}]}<\/script>\n<!-- \/ Yoast SEO plugin. -->","yoast_head_json":{"title":"Lampka LED z funkcj\u0105 bia\u0142ego szumu kindaj lulu - kindaj","description":"Lampka nocna LED z funkcj\u0105 koj\u0105cych d\u017awi\u0119k\u00f3w w tym bia\u0142ych szum\u00f3w i ko\u0142ysanek kindaj lulu. Lampka pozwoli wyciszy\u0107 dziecko przed snem.","robots":{"index":"index","follow":"follow","max-snippet":"max-snippet:-1","max-image-preview":"max-image-preview:large","max-video-preview":"max-video-preview:-1"},"canonical":"https:\/\/kindaj.com\/pl\/sklep\/lulu\/lampka-led-z-funkcja-bialego-szumu-kindaj-lulu\/","og_locale":"pl_PL","og_type":"article","og_title":"kindaj - Lampka LED z funkcj\u0105 bia\u0142ego szumu kindaj lulu","og_description":"Lampka nocna LED z funkcj\u0105 koj\u0105cych d\u017awi\u0119k\u00f3w w tym bia\u0142ych szum\u00f3w i ko\u0142ysanek kindaj lulu. Lampka pozwoli wyciszy\u0107 dziecko przed snem.","og_url":"https:\/\/kindaj.com\/pl\/sklep\/lulu\/lampka-led-z-funkcja-bialego-szumu-kindaj-lulu\/","og_site_name":"kindaj","article_modified_time":"2025-12-21T11:34:43+00:00","og_image":[{"width":2500,"height":2500,"url":"https:\/\/kindaj.com\/wp-content\/uploads\/2021\/02\/DSC08149_k_n-1.jpg","type":"image\/jpeg"}],"twitter_card":"summary_large_image","twitter_misc":{"Szacowany czas czytania":"1 minuta"},"schema":{"@context":"https:\/\/schema.org","@graph":[{"@type":"WebPage","@id":"https:\/\/kindaj.com\/pl\/sklep\/lulu\/lampka-led-z-funkcja-bialego-szumu-kindaj-lulu\/","url":"https:\/\/kindaj.com\/pl\/sklep\/lulu\/lampka-led-z-funkcja-bialego-szumu-kindaj-lulu\/","name":"Lampka LED z funkcj\u0105 bia\u0142ego szumu kindaj lulu - kindaj","isPartOf":{"@id":"https:\/\/kindaj.com\/pl\/#website"},"primaryImageOfPage":{"@id":"https:\/\/kindaj.com\/pl\/sklep\/lulu\/lampka-led-z-funkcja-bialego-szumu-kindaj-lulu\/#primaryimage"},"image":{"@id":"https:\/\/kindaj.com\/pl\/sklep\/lulu\/lampka-led-z-funkcja-bialego-szumu-kindaj-lulu\/#primaryimage"},"thumbnailUrl":"https:\/\/i0.wp.com\/kindaj.com\/wp-content\/uploads\/2021\/02\/DSC08149_k_n-1.jpg?fit=2500%2C2500&ssl=1","datePublished":"2021-02-04T11:38:08+00:00","dateModified":"2025-12-21T11:34:43+00:00","description":"Lampka nocna LED z funkcj\u0105 koj\u0105cych d\u017awi\u0119k\u00f3w w tym bia\u0142ych szum\u00f3w i ko\u0142ysanek kindaj lulu. Lampka pozwoli wyciszy\u0107 dziecko przed snem.","breadcrumb":{"@id":"https:\/\/kindaj.com\/pl\/sklep\/lulu\/lampka-led-z-funkcja-bialego-szumu-kindaj-lulu\/#breadcrumb"},"inLanguage":"pl-PL","potentialAction":[{"@type":"ReadAction","target":["https:\/\/kindaj.com\/pl\/sklep\/lulu\/lampka-led-z-funkcja-bialego-szumu-kindaj-lulu\/"]}]},{"@type":"ImageObject","inLanguage":"pl-PL","@id":"https:\/\/kindaj.com\/pl\/sklep\/lulu\/lampka-led-z-funkcja-bialego-szumu-kindaj-lulu\/#primaryimage","url":"https:\/\/i0.wp.com\/kindaj.com\/wp-content\/uploads\/2021\/02\/DSC08149_k_n-1.jpg?fit=2500%2C2500&ssl=1","contentUrl":"https:\/\/i0.wp.com\/kindaj.com\/wp-content\/uploads\/2021\/02\/DSC08149_k_n-1.jpg?fit=2500%2C2500&ssl=1","width":2500,"height":2500,"caption":"Bia\u0142a lampka nocna LED z funkcj\u0105 koj\u0105cych d\u017awi\u0119k\u00f3w w tym bia\u0142ych szum\u00f3w i ko\u0142ysanek kindaj lulu. Lampka pozwoli wyciszy\u0107 dziecko przed snem."},{"@type":"BreadcrumbList","@id":"https:\/\/kindaj.com\/pl\/sklep\/lulu\/lampka-led-z-funkcja-bialego-szumu-kindaj-lulu\/#breadcrumb","itemListElement":[{"@type":"ListItem","position":1,"name":"strona g\u0142\u00f3wna","item":"https:\/\/kindaj.com\/pl\/"},{"@type":"ListItem","position":2,"name":"sklep","item":"https:\/\/kindaj.com\/pl\/sklep\/"},{"@type":"ListItem","position":3,"name":"lulu","item":"https:\/\/kindaj.com\/pl\/kategoria-produktu\/lulu\/"},{"@type":"ListItem","position":4,"name":"Lampka LED z funkcj\u0105 bia\u0142ego szumu kindaj lulu"}]},{"@type":"WebSite","@id":"https:\/\/kindaj.com\/pl\/#website","url":"https:\/\/kindaj.com\/pl\/","name":"kindaj","description":"minimalistyczne produkty dla dzieci i niemowl\u0105t","publisher":{"@id":"https:\/\/kindaj.com\/pl\/#organization"},"potentialAction":[{"@type":"SearchAction","target":{"@type":"EntryPoint","urlTemplate":"https:\/\/kindaj.com\/pl\/?s={search_term_string}"},"query-input":{"@type":"PropertyValueSpecification","valueRequired":true,"valueName":"search_term_string"}}],"inLanguage":"pl-PL"},{"@type":"Organization","@id":"https:\/\/kindaj.com\/pl\/#organization","name":"kindaj.com","url":"https:\/\/kindaj.com\/pl\/","logo":{"@type":"ImageObject","inLanguage":"pl-PL","@id":"https:\/\/kindaj.com\/pl\/#\/schema\/logo\/image\/","url":"https:\/\/i0.wp.com\/kindaj.com\/wp-content\/uploads\/2021\/02\/kindaj_logo.jpg?fit=2000%2C2000&ssl=1","contentUrl":"https:\/\/i0.wp.com\/kindaj.com\/wp-content\/uploads\/2021\/02\/kindaj_logo.jpg?fit=2000%2C2000&ssl=1","width":2000,"height":2000,"caption":"kindaj.com"},"image":{"@id":"https:\/\/kindaj.com\/pl\/#\/schema\/logo\/image\/"}}]}},"jetpack_sharing_enabled":true,"_links":{"self":[{"href":"https:\/\/kindaj.com\/pl\/wp-json\/wp\/v2\/product\/29328","targetHints":{"allow":["GET"]}}],"collection":[{"href":"https:\/\/kindaj.com\/pl\/wp-json\/wp\/v2\/product"}],"about":[{"href":"https:\/\/kindaj.com\/pl\/wp-json\/wp\/v2\/types\/product"}],"version-history":[{"count":0,"href":"https:\/\/kindaj.com\/pl\/wp-json\/wp\/v2\/product\/29328\/revisions"}],"wp:featuredmedia":[{"embeddable":true,"href":"https:\/\/kindaj.com\/pl\/wp-json\/wp\/v2\/media\/30317"}],"wp:attachment":[{"href":"https:\/\/kindaj.com\/pl\/wp-json\/wp\/v2\/media?parent=29328"}],"wp:term":[{"taxonomy":"product_brand","embeddable":true,"href":"https:\/\/kindaj.com\/pl\/wp-json\/wp\/v2\/product_brand?post=29328"},{"taxonomy":"product_cat","embeddable":true,"href":"https:\/\/kindaj.com\/pl\/wp-json\/wp\/v2\/product_cat?post=29328"},{"taxonomy":"product_tag","embeddable":true,"href":"https:\/\/kindaj.com\/pl\/wp-json\/wp\/v2\/product_tag?post=29328"}],"curies":[{"name":"wp","href":"https:\/\/api.w.org\/{rel}","templated":true}]}}