{"id":29321,"date":"2021-02-04T11:32:06","date_gmt":"2021-02-04T11:32:06","guid":{"rendered":"https:\/\/kindaj.com\/?post_type=product&#038;p=29321"},"modified":"2026-01-19T18:47:29","modified_gmt":"2026-01-19T18:47:29","slug":"butelka-do-karmienia-szklana-one-classic240-cream-pink","status":"publish","type":"product","link":"https:\/\/kindaj.com\/pl\/sklep\/one-classic\/butelka-do-karmienia-szklana-one-classic240-cream-pink\/","title":{"rendered":"Butelka do karmienia szklana one classic240 cream pink"},"content":{"rendered":"<section id=\"wrapper\">\n<div class=\"container\">\n<div class=\"row\">\n<div id=\"content-wrapper\" class=\"col-lg-12 col-xs-12\">\n<section id=\"main\" class=\"product-detail product-image-thumbs-bottom product-image-thumbs product-thumbs-bottom\">\n<div class=\"row\">\n<div class=\"col-form_id-form_4666379129988496 col-md-12 col-lg-12 col-xl-12 col-sm-12 col-xs-12 col-sp-12\">\n<div class=\"product-tabs tabs\">\n<div id=\"tab-content\" class=\"tab-content\">\n<div id=\"description\" class=\"tab-pane fade active in\" role=\"tabpanel\">\n<div class=\"product-description\">\n<section id=\"wrapper\">\n<div class=\"container\">\n<div class=\"row\">\n<div id=\"content-wrapper\" class=\"col-lg-12 col-xs-12\">\n<section id=\"main\" class=\"product-detail product-image-thumbs-bottom product-image-thumbs product-thumbs-bottom\">\n<div class=\"row\">\n<div class=\"col-form_id-form_4666379129988496 col-md-12 col-lg-12 col-xl-12 col-sm-12 col-xs-12 col-sp-12\">\n<div class=\"product-tabs tabs\">\n<div id=\"tab-content\" class=\"tab-content\">\n<div id=\"description\" class=\"tab-pane fade active in\" role=\"tabpanel\">\n<div class=\"product-description\">\n<p>Szklana butelka do karmienia z serii one classic240 pokryta jest silikonem. Dzi\u0119ki temu jest odporna na zadrapania, dobrze trzyma si\u0119 w d\u0142oni i nie \u015blizga podczas u\u017cytkowania. Szk\u0142o jest ekologiczne, bezpieczne i nie zabarwia si\u0119 oraz nie przechodzi zapachem pokarm\u00f3w. Szklana butelka do karmienia one classic240 jest przeznaczona do u\u017cytku wy\u0142\u0105cznie ze smoczkami one classic <a href=\"https:\/\/kindaj.com\/pl\/sklep\/one-classic\/smoczki-do-butelki-one-classic-s-przeplyw-wolny\/\">S<\/a> \/ <a href=\"https:\/\/kindaj.com\/pl\/sklep\/one-classic\/smoczki-do-butelki-one-classic-m-przeplyw-sredni\/\">M<\/a> \/ <a href=\"https:\/\/kindaj.com\/pl\/sklep\/one-classic\/smoczki-do-butelki-one-classic-l-przeplyw-szybki\/\">L<\/a> \/ <a href=\"https:\/\/kindaj.com\/pl\/sklep\/one-classic\/smoczki-do-butelki-one-classic-xl-przeplyw-kaszka\/\">XL<\/a> (silikonowe, antykolkowe). Smoczek mo\u017cna zast\u0105pi\u0107 nakr\u0119tk\u0105 do butelki (do kupienia osobno) aby stworzy\u0107 szklany pojemnik do przechowywania pokarm\u00f3w. Butelka do karmienia jest \u0142atwa w czyszczeniu, poniewa\u017c posiada szerok\u0105 szyjk\u0119 i mo\u017cna j\u0105 my\u0107 w zmywarce. Butelk\u0119 kupujesz w zestawie ze smoczkiem one classic L o przep\u0142ywie szybkim, rekomendowanym dla dzieci 6m+.<\/p>\n<\/div>\n<p>Sprawd\u017a jak butelki one classic wypad\u0142y w te\u015bcie specjalisty A.Rakowskiego &#8211; <a href=\"https:\/\/arturrakowski.pl\/arturtestuje-butelki-one-classic\/\">przeczytaj<\/a>.<\/p>\n<\/div>\n<\/div>\n<\/div>\n<\/div>\n<\/div>\n<\/section>\n<\/div>\n<\/div>\n<\/div>\n<\/section>\n<\/div>\n<\/div>\n<\/div>\n<\/div>\n<\/div>\n<\/div>\n<\/section>\n<\/div>\n<\/div>\n<\/div>\n<\/section>\n","protected":false},"excerpt":{"rendered":"<p>Najni\u017csza cena z 30 dni przed obni\u017ck\u0105: 44,99 z\u0142, cena regularna: 59,99 z\u0142<\/p>\n","protected":false},"featured_media":30325,"template":"","meta":{"_acf_changed":false},"product_brand":[],"product_cat":[21],"product_tag":[],"class_list":{"0":"post-29321","1":"product","2":"type-product","3":"status-publish","4":"has-post-thumbnail","6":"product_cat-one-classic","8":"first","9":"instock","10":"sale","11":"taxable","12":"shipping-taxable","13":"purchasable","14":"product-type-simple"},"acf":[],"yoast_head":"<!-- This site is optimized with the Yoast SEO plugin v27.2 - https:\/\/yoast.com\/product\/yoast-seo-wordpress\/ -->\n<title>Butelka do karmienia szklana one classic240 cream pink - kindaj<\/title>\n<meta name=\"description\" content=\"Kup - Szklana butelka do karmienia pokryta jest silikonem. Posiada antykolkowy, silikonowy smoczek akceptowany przez wi\u0119kszo\u015b\u0107 niemowl\u0105t.\" \/>\n<meta name=\"robots\" content=\"index, follow, max-snippet:-1, max-image-preview:large, max-video-preview:-1\" \/>\n<link rel=\"canonical\" href=\"https:\/\/kindaj.com\/pl\/sklep\/one-classic\/butelka-do-karmienia-szklana-one-classic240-cream-pink\/\" \/>\n<meta property=\"og:locale\" content=\"pl_PL\" \/>\n<meta property=\"og:type\" content=\"article\" \/>\n<meta property=\"og:title\" content=\"kindaj - Butelka do karmienia szklana one classic240 cream pink\" \/>\n<meta property=\"og:description\" content=\"Kup - Szklana butelka do karmienia pokryta jest silikonem. Posiada antykolkowy, silikonowy smoczek akceptowany przez wi\u0119kszo\u015b\u0107 niemowl\u0105t.\" \/>\n<meta property=\"og:url\" content=\"https:\/\/kindaj.com\/pl\/sklep\/one-classic\/butelka-do-karmienia-szklana-one-classic240-cream-pink\/\" \/>\n<meta property=\"og:site_name\" content=\"kindaj\" \/>\n<meta property=\"article:modified_time\" content=\"2026-01-19T18:47:29+00:00\" \/>\n<meta property=\"og:image\" content=\"https:\/\/kindaj.com\/wp-content\/uploads\/2021\/02\/ONE0001_01_k_m.jpg\" \/>\n\t<meta property=\"og:image:width\" content=\"2500\" \/>\n\t<meta property=\"og:image:height\" content=\"2500\" \/>\n\t<meta property=\"og:image:type\" content=\"image\/jpeg\" \/>\n<meta name=\"twitter:card\" content=\"summary_large_image\" \/>\n<meta name=\"twitter:label1\" content=\"Szacowany czas czytania\" \/>\n\t<meta name=\"twitter:data1\" content=\"1 minuta\" \/>\n<script type=\"application\/ld+json\" class=\"yoast-schema-graph\">{\"@context\":\"https:\/\/schema.org\",\"@graph\":[{\"@type\":\"WebPage\",\"@id\":\"https:\/\/kindaj.com\/pl\/sklep\/one-classic\/butelka-do-karmienia-szklana-one-classic240-cream-pink\/\",\"url\":\"https:\/\/kindaj.com\/pl\/sklep\/one-classic\/butelka-do-karmienia-szklana-one-classic240-cream-pink\/\",\"name\":\"Butelka do karmienia szklana one classic240 cream pink - kindaj\",\"isPartOf\":{\"@id\":\"https:\/\/kindaj.com\/pl\/#website\"},\"primaryImageOfPage\":{\"@id\":\"https:\/\/kindaj.com\/pl\/sklep\/one-classic\/butelka-do-karmienia-szklana-one-classic240-cream-pink\/#primaryimage\"},\"image\":{\"@id\":\"https:\/\/kindaj.com\/pl\/sklep\/one-classic\/butelka-do-karmienia-szklana-one-classic240-cream-pink\/#primaryimage\"},\"thumbnailUrl\":\"https:\/\/i0.wp.com\/kindaj.com\/wp-content\/uploads\/2021\/02\/ONE0001_01_k_m.jpg?fit=2500%2C2500&ssl=1\",\"datePublished\":\"2021-02-04T11:32:06+00:00\",\"dateModified\":\"2026-01-19T18:47:29+00:00\",\"description\":\"Kup - Szklana butelka do karmienia pokryta jest silikonem. Posiada antykolkowy, silikonowy smoczek akceptowany przez wi\u0119kszo\u015b\u0107 niemowl\u0105t.\",\"breadcrumb\":{\"@id\":\"https:\/\/kindaj.com\/pl\/sklep\/one-classic\/butelka-do-karmienia-szklana-one-classic240-cream-pink\/#breadcrumb\"},\"inLanguage\":\"pl-PL\",\"potentialAction\":[{\"@type\":\"ReadAction\",\"target\":[\"https:\/\/kindaj.com\/pl\/sklep\/one-classic\/butelka-do-karmienia-szklana-one-classic240-cream-pink\/\"]}]},{\"@type\":\"ImageObject\",\"inLanguage\":\"pl-PL\",\"@id\":\"https:\/\/kindaj.com\/pl\/sklep\/one-classic\/butelka-do-karmienia-szklana-one-classic240-cream-pink\/#primaryimage\",\"url\":\"https:\/\/i0.wp.com\/kindaj.com\/wp-content\/uploads\/2021\/02\/ONE0001_01_k_m.jpg?fit=2500%2C2500&ssl=1\",\"contentUrl\":\"https:\/\/i0.wp.com\/kindaj.com\/wp-content\/uploads\/2021\/02\/ONE0001_01_k_m.jpg?fit=2500%2C2500&ssl=1\",\"width\":2500,\"height\":2500,\"caption\":\"szklana butelka do karmienia pokryta silikonem w kolorze cream pink o pojemno\u015bci 240 ml\"},{\"@type\":\"BreadcrumbList\",\"@id\":\"https:\/\/kindaj.com\/pl\/sklep\/one-classic\/butelka-do-karmienia-szklana-one-classic240-cream-pink\/#breadcrumb\",\"itemListElement\":[{\"@type\":\"ListItem\",\"position\":1,\"name\":\"strona g\u0142\u00f3wna\",\"item\":\"https:\/\/kindaj.com\/pl\/\"},{\"@type\":\"ListItem\",\"position\":2,\"name\":\"sklep\",\"item\":\"https:\/\/kindaj.com\/pl\/sklep\/\"},{\"@type\":\"ListItem\",\"position\":3,\"name\":\"one classic\",\"item\":\"https:\/\/kindaj.com\/pl\/kategoria-produktu\/one-classic\/\"},{\"@type\":\"ListItem\",\"position\":4,\"name\":\"Butelka do karmienia szklana one classic240 cream pink\"}]},{\"@type\":\"WebSite\",\"@id\":\"https:\/\/kindaj.com\/pl\/#website\",\"url\":\"https:\/\/kindaj.com\/pl\/\",\"name\":\"kindaj\",\"description\":\"minimalistyczne produkty dla dzieci i niemowl\u0105t\",\"publisher\":{\"@id\":\"https:\/\/kindaj.com\/pl\/#organization\"},\"potentialAction\":[{\"@type\":\"SearchAction\",\"target\":{\"@type\":\"EntryPoint\",\"urlTemplate\":\"https:\/\/kindaj.com\/pl\/?s={search_term_string}\"},\"query-input\":{\"@type\":\"PropertyValueSpecification\",\"valueRequired\":true,\"valueName\":\"search_term_string\"}}],\"inLanguage\":\"pl-PL\"},{\"@type\":\"Organization\",\"@id\":\"https:\/\/kindaj.com\/pl\/#organization\",\"name\":\"kindaj.com\",\"url\":\"https:\/\/kindaj.com\/pl\/\",\"logo\":{\"@type\":\"ImageObject\",\"inLanguage\":\"pl-PL\",\"@id\":\"https:\/\/kindaj.com\/pl\/#\/schema\/logo\/image\/\",\"url\":\"https:\/\/i0.wp.com\/kindaj.com\/wp-content\/uploads\/2021\/02\/kindaj_logo.jpg?fit=2000%2C2000&ssl=1\",\"contentUrl\":\"https:\/\/i0.wp.com\/kindaj.com\/wp-content\/uploads\/2021\/02\/kindaj_logo.jpg?fit=2000%2C2000&ssl=1\",\"width\":2000,\"height\":2000,\"caption\":\"kindaj.com\"},\"image\":{\"@id\":\"https:\/\/kindaj.com\/pl\/#\/schema\/logo\/image\/\"}}]}<\/script>\n<!-- \/ Yoast SEO plugin. -->","yoast_head_json":{"title":"Butelka do karmienia szklana one classic240 cream pink - kindaj","description":"Kup - Szklana butelka do karmienia pokryta jest silikonem. Posiada antykolkowy, silikonowy smoczek akceptowany przez wi\u0119kszo\u015b\u0107 niemowl\u0105t.","robots":{"index":"index","follow":"follow","max-snippet":"max-snippet:-1","max-image-preview":"max-image-preview:large","max-video-preview":"max-video-preview:-1"},"canonical":"https:\/\/kindaj.com\/pl\/sklep\/one-classic\/butelka-do-karmienia-szklana-one-classic240-cream-pink\/","og_locale":"pl_PL","og_type":"article","og_title":"kindaj - Butelka do karmienia szklana one classic240 cream pink","og_description":"Kup - Szklana butelka do karmienia pokryta jest silikonem. Posiada antykolkowy, silikonowy smoczek akceptowany przez wi\u0119kszo\u015b\u0107 niemowl\u0105t.","og_url":"https:\/\/kindaj.com\/pl\/sklep\/one-classic\/butelka-do-karmienia-szklana-one-classic240-cream-pink\/","og_site_name":"kindaj","article_modified_time":"2026-01-19T18:47:29+00:00","og_image":[{"width":2500,"height":2500,"url":"https:\/\/kindaj.com\/wp-content\/uploads\/2021\/02\/ONE0001_01_k_m.jpg","type":"image\/jpeg"}],"twitter_card":"summary_large_image","twitter_misc":{"Szacowany czas czytania":"1 minuta"},"schema":{"@context":"https:\/\/schema.org","@graph":[{"@type":"WebPage","@id":"https:\/\/kindaj.com\/pl\/sklep\/one-classic\/butelka-do-karmienia-szklana-one-classic240-cream-pink\/","url":"https:\/\/kindaj.com\/pl\/sklep\/one-classic\/butelka-do-karmienia-szklana-one-classic240-cream-pink\/","name":"Butelka do karmienia szklana one classic240 cream pink - kindaj","isPartOf":{"@id":"https:\/\/kindaj.com\/pl\/#website"},"primaryImageOfPage":{"@id":"https:\/\/kindaj.com\/pl\/sklep\/one-classic\/butelka-do-karmienia-szklana-one-classic240-cream-pink\/#primaryimage"},"image":{"@id":"https:\/\/kindaj.com\/pl\/sklep\/one-classic\/butelka-do-karmienia-szklana-one-classic240-cream-pink\/#primaryimage"},"thumbnailUrl":"https:\/\/i0.wp.com\/kindaj.com\/wp-content\/uploads\/2021\/02\/ONE0001_01_k_m.jpg?fit=2500%2C2500&ssl=1","datePublished":"2021-02-04T11:32:06+00:00","dateModified":"2026-01-19T18:47:29+00:00","description":"Kup - Szklana butelka do karmienia pokryta jest silikonem. Posiada antykolkowy, silikonowy smoczek akceptowany przez wi\u0119kszo\u015b\u0107 niemowl\u0105t.","breadcrumb":{"@id":"https:\/\/kindaj.com\/pl\/sklep\/one-classic\/butelka-do-karmienia-szklana-one-classic240-cream-pink\/#breadcrumb"},"inLanguage":"pl-PL","potentialAction":[{"@type":"ReadAction","target":["https:\/\/kindaj.com\/pl\/sklep\/one-classic\/butelka-do-karmienia-szklana-one-classic240-cream-pink\/"]}]},{"@type":"ImageObject","inLanguage":"pl-PL","@id":"https:\/\/kindaj.com\/pl\/sklep\/one-classic\/butelka-do-karmienia-szklana-one-classic240-cream-pink\/#primaryimage","url":"https:\/\/i0.wp.com\/kindaj.com\/wp-content\/uploads\/2021\/02\/ONE0001_01_k_m.jpg?fit=2500%2C2500&ssl=1","contentUrl":"https:\/\/i0.wp.com\/kindaj.com\/wp-content\/uploads\/2021\/02\/ONE0001_01_k_m.jpg?fit=2500%2C2500&ssl=1","width":2500,"height":2500,"caption":"szklana butelka do karmienia pokryta silikonem w kolorze cream pink o pojemno\u015bci 240 ml"},{"@type":"BreadcrumbList","@id":"https:\/\/kindaj.com\/pl\/sklep\/one-classic\/butelka-do-karmienia-szklana-one-classic240-cream-pink\/#breadcrumb","itemListElement":[{"@type":"ListItem","position":1,"name":"strona g\u0142\u00f3wna","item":"https:\/\/kindaj.com\/pl\/"},{"@type":"ListItem","position":2,"name":"sklep","item":"https:\/\/kindaj.com\/pl\/sklep\/"},{"@type":"ListItem","position":3,"name":"one classic","item":"https:\/\/kindaj.com\/pl\/kategoria-produktu\/one-classic\/"},{"@type":"ListItem","position":4,"name":"Butelka do karmienia szklana one classic240 cream pink"}]},{"@type":"WebSite","@id":"https:\/\/kindaj.com\/pl\/#website","url":"https:\/\/kindaj.com\/pl\/","name":"kindaj","description":"minimalistyczne produkty dla dzieci i niemowl\u0105t","publisher":{"@id":"https:\/\/kindaj.com\/pl\/#organization"},"potentialAction":[{"@type":"SearchAction","target":{"@type":"EntryPoint","urlTemplate":"https:\/\/kindaj.com\/pl\/?s={search_term_string}"},"query-input":{"@type":"PropertyValueSpecification","valueRequired":true,"valueName":"search_term_string"}}],"inLanguage":"pl-PL"},{"@type":"Organization","@id":"https:\/\/kindaj.com\/pl\/#organization","name":"kindaj.com","url":"https:\/\/kindaj.com\/pl\/","logo":{"@type":"ImageObject","inLanguage":"pl-PL","@id":"https:\/\/kindaj.com\/pl\/#\/schema\/logo\/image\/","url":"https:\/\/i0.wp.com\/kindaj.com\/wp-content\/uploads\/2021\/02\/kindaj_logo.jpg?fit=2000%2C2000&ssl=1","contentUrl":"https:\/\/i0.wp.com\/kindaj.com\/wp-content\/uploads\/2021\/02\/kindaj_logo.jpg?fit=2000%2C2000&ssl=1","width":2000,"height":2000,"caption":"kindaj.com"},"image":{"@id":"https:\/\/kindaj.com\/pl\/#\/schema\/logo\/image\/"}}]}},"jetpack_sharing_enabled":true,"_links":{"self":[{"href":"https:\/\/kindaj.com\/pl\/wp-json\/wp\/v2\/product\/29321","targetHints":{"allow":["GET"]}}],"collection":[{"href":"https:\/\/kindaj.com\/pl\/wp-json\/wp\/v2\/product"}],"about":[{"href":"https:\/\/kindaj.com\/pl\/wp-json\/wp\/v2\/types\/product"}],"version-history":[{"count":0,"href":"https:\/\/kindaj.com\/pl\/wp-json\/wp\/v2\/product\/29321\/revisions"}],"wp:featuredmedia":[{"embeddable":true,"href":"https:\/\/kindaj.com\/pl\/wp-json\/wp\/v2\/media\/30325"}],"wp:attachment":[{"href":"https:\/\/kindaj.com\/pl\/wp-json\/wp\/v2\/media?parent=29321"}],"wp:term":[{"taxonomy":"product_brand","embeddable":true,"href":"https:\/\/kindaj.com\/pl\/wp-json\/wp\/v2\/product_brand?post=29321"},{"taxonomy":"product_cat","embeddable":true,"href":"https:\/\/kindaj.com\/pl\/wp-json\/wp\/v2\/product_cat?post=29321"},{"taxonomy":"product_tag","embeddable":true,"href":"https:\/\/kindaj.com\/pl\/wp-json\/wp\/v2\/product_tag?post=29321"}],"curies":[{"name":"wp","href":"https:\/\/api.w.org\/{rel}","templated":true}]}}