{"id":29293,"date":"2021-02-04T10:46:41","date_gmt":"2021-02-04T10:46:41","guid":{"rendered":"https:\/\/kindaj.com\/?post_type=product&#038;p=29293"},"modified":"2026-02-17T09:29:30","modified_gmt":"2026-02-17T09:29:30","slug":"podgrzewacz-do-butelek-z-funkcja-sterylizacji-kindaj-steamby","status":"publish","type":"product","link":"https:\/\/kindaj.com\/pl\/sklep\/by\/podgrzewacz-do-butelek-z-funkcja-sterylizacji-kindaj-steamby\/","title":{"rendered":"Podgrzewacz do butelek z funkcj\u0105 sterylizacji kindaj steamby"},"content":{"rendered":"<p>kindaj steamby to podgrzewacz 5w1 do p\u0142yn\u00f3w i posi\u0142k\u00f3w sta\u0142ych z funkcj\u0105 sterylizacji butelek i akcesori\u00f3w dla dzieci. Podgrzewacz posiada 5 tryb\u00f3w dzia\u0142ania: rozmra\u017canie, mleko, formu\u0142a (mm), jedzenie oraz sterylizacja. W zwi\u0105zku z tym w steamby rozmrozisz mleko mamy, podgrzejesz mleko mamy, mleko modyfikowane, posi\u0142ki sta\u0142e np. s\u0142oiczki, a tak\u017ce wysterylizujesz parowo akcesoria niemowl\u0119ce. Do ka\u017cdego trybu przypisana jest odpowiednia temperatura, dzi\u0119ki temu nie musisz si\u0119 martwi\u0107 jak\u0105 temperatur\u0119 wybra\u0107. Urz\u0105dzenie dopasuje j\u0105 za Ciebie. Temperatur\u0119 mo\u017cesz regulowa\u0107 r\u00f3wnie\u017c wed\u0142ug swoich potrzeb za pomoc\u0105 przycisku +\/-.<\/p>\n<p>Urz\u0105dzenie jest lekkie i nie zajmuje du\u017co miejsca. Posiada \u0142atwy w obs\u0142udze dotykowy panel sterowania oraz klawisz skr\u00f3tu u\u0142atwiaj\u0105cy szybkie w\u0142\u0105czenie trybu rozmra\u017cania lub trybu podgrzania mleka. Steamby po zako\u0144czonym procesie podgrzewania, przechodzi w stan czuwania. Oznacza to, \u017ce utrzyma ciep\u0142o podgrzanego p\u0142ynu a\u017c do momentu wy\u0142\u0105czenia urz\u0105dzenia za pomoc\u0105 przycisku w\u0142\u0105cz\/wy\u0142\u0105cz. Natomiast po procesie sterylizacji, steamby wy\u0142\u0105cza si\u0119 automatycznie.<\/p>\n<p>Za\u0142o\u017ceniem steamby nie jest bicie rekord\u00f3w w szybko\u015bci podgrzewania lub sterylizacji. Steamby ma zaspokoi\u0107 potrzeby rodzic\u00f3w, kt\u00f3rzy chc\u0105 w swoim domu korzysta\u0107 z urz\u0105dzenia wielofunkcyjnego, wysokiej jako\u015bci ale przyst\u0119pnej cenie. Czas sterylizacji parowej w kindaj steamby to ok. 12 min. Czas podgrzewania to min. kilkana\u015bcie minut w zale\u017cno\u015bci od ilo\u015bci i wyj\u015bciowej temperatury p\u0142ynu w butelce.<\/p>\n<p>W podgrzewaczu elektrycznym kindaj steamby zmie\u015bcisz 2 butelki o maksymalnej wysoko\u015bci 18 i 19 cm (odpowiada to dw\u00f3m butelkom <a href=\"https:\/\/kindaj.com\/pl\/kategoria-produktu\/one-classic\/\">one classic240<\/a>) przy zamkni\u0119tej pokrywie oraz o maksymalnej \u015brednicy 7 cm.<br \/>\nKindaj steamby wyst\u0119puje w kolorze bia\u0142ym i wymaga pod\u0142\u0105czenia do kontaktu.<\/p>\n<p>Jak specjalista ocenia podgrzewacz 5w1 kindaj steamby &#8211; <a href=\"https:\/\/arturrakowski.pl\/sterylizator-do-butelek\/\">przeczytaj.<\/a><\/p>\n<p>Aby dowiedzie\u0107 si\u0119 jak dba\u0107 o higien\u0119 podgrzewacza 5w1 kindaj steamby przeczytaj (w pierwszej kolejno\u015bci) do\u0142\u0105czon\u0105 do produktu instrukcj\u0119 obs\u0142ugi. W ramach dodatkowej pomocy zostawiamy r\u00f3wnie\u017c kr\u00f3tki film &#8211; <a href=\"https:\/\/www.instagram.com\/tv\/CPa9BukAnS4\/\">zobacz.<\/a><\/p>\n","protected":false},"excerpt":{"rendered":"<p>Najni\u017csza cena z 30 dni przed obni\u017ck\u0105: 139,99 z\u0142, cena regularna: 189,99 z\u0142<\/p>\n","protected":false},"featured_media":30256,"template":"","meta":{"_acf_changed":false},"product_brand":[],"product_cat":[16],"product_tag":[],"class_list":{"0":"post-29293","1":"product","2":"type-product","3":"status-publish","4":"has-post-thumbnail","6":"product_cat-by","8":"first","9":"instock","10":"sale","11":"taxable","12":"shipping-taxable","13":"purchasable","14":"product-type-simple"},"acf":[],"yoast_head":"<!-- This site is optimized with the Yoast SEO plugin v27.5 - https:\/\/yoast.com\/product\/yoast-seo-wordpress\/ -->\n<title>Podgrzewacz do butelek z funkcj\u0105 sterylizacji kindaj steamby - kindaj<\/title>\n<meta name=\"description\" content=\"kup teraz - kindaj steamby to podgrzewacz 5w1 do p\u0142yn\u00f3w i posi\u0142k\u00f3w sta\u0142ych z funkcj\u0105 sterylizacji butelek i akcesori\u00f3w dla dzieci.\" \/>\n<meta name=\"robots\" content=\"index, follow, max-snippet:-1, max-image-preview:large, max-video-preview:-1\" \/>\n<link rel=\"canonical\" href=\"https:\/\/kindaj.com\/pl\/sklep\/by\/podgrzewacz-do-butelek-z-funkcja-sterylizacji-kindaj-steamby\/\" \/>\n<meta property=\"og:locale\" content=\"pl_PL\" \/>\n<meta property=\"og:type\" content=\"article\" \/>\n<meta property=\"og:title\" content=\"Podgrzewacz do butelek z funkcj\u0105 sterylizacji kindaj steamby - kindaj\" \/>\n<meta property=\"og:description\" content=\"kup teraz - kindaj steamby to podgrzewacz 5w1 do p\u0142yn\u00f3w i posi\u0142k\u00f3w sta\u0142ych z funkcj\u0105 sterylizacji butelek i akcesori\u00f3w dla dzieci.\" \/>\n<meta property=\"og:url\" content=\"https:\/\/kindaj.com\/pl\/sklep\/by\/podgrzewacz-do-butelek-z-funkcja-sterylizacji-kindaj-steamby\/\" \/>\n<meta property=\"og:site_name\" content=\"kindaj\" \/>\n<meta property=\"article:modified_time\" content=\"2026-02-17T09:29:30+00:00\" \/>\n<meta property=\"og:image\" content=\"https:\/\/kindaj.com\/wp-content\/uploads\/2021\/02\/KINDAJ_k_1_n.jpg\" \/>\n\t<meta property=\"og:image:width\" content=\"2500\" \/>\n\t<meta property=\"og:image:height\" content=\"2500\" \/>\n\t<meta property=\"og:image:type\" content=\"image\/jpeg\" \/>\n<meta name=\"twitter:card\" content=\"summary_large_image\" \/>\n<meta name=\"twitter:label1\" content=\"Szacowany czas czytania\" \/>\n\t<meta name=\"twitter:data1\" content=\"2 minuty\" \/>\n<script type=\"application\/ld+json\" class=\"yoast-schema-graph\">{\"@context\":\"https:\\\/\\\/schema.org\",\"@graph\":[{\"@type\":\"WebPage\",\"@id\":\"https:\\\/\\\/kindaj.com\\\/pl\\\/sklep\\\/by\\\/podgrzewacz-do-butelek-z-funkcja-sterylizacji-kindaj-steamby\\\/\",\"url\":\"https:\\\/\\\/kindaj.com\\\/pl\\\/sklep\\\/by\\\/podgrzewacz-do-butelek-z-funkcja-sterylizacji-kindaj-steamby\\\/\",\"name\":\"Podgrzewacz do butelek z funkcj\u0105 sterylizacji kindaj steamby - kindaj\",\"isPartOf\":{\"@id\":\"https:\\\/\\\/kindaj.com\\\/pl\\\/#website\"},\"primaryImageOfPage\":{\"@id\":\"https:\\\/\\\/kindaj.com\\\/pl\\\/sklep\\\/by\\\/podgrzewacz-do-butelek-z-funkcja-sterylizacji-kindaj-steamby\\\/#primaryimage\"},\"image\":{\"@id\":\"https:\\\/\\\/kindaj.com\\\/pl\\\/sklep\\\/by\\\/podgrzewacz-do-butelek-z-funkcja-sterylizacji-kindaj-steamby\\\/#primaryimage\"},\"thumbnailUrl\":\"https:\\\/\\\/i0.wp.com\\\/kindaj.com\\\/wp-content\\\/uploads\\\/2021\\\/02\\\/KINDAJ_k_1_n.jpg?fit=2500%2C2500&ssl=1\",\"datePublished\":\"2021-02-04T10:46:41+00:00\",\"dateModified\":\"2026-02-17T09:29:30+00:00\",\"description\":\"kup teraz - kindaj steamby to podgrzewacz 5w1 do p\u0142yn\u00f3w i posi\u0142k\u00f3w sta\u0142ych z funkcj\u0105 sterylizacji butelek i akcesori\u00f3w dla dzieci.\",\"breadcrumb\":{\"@id\":\"https:\\\/\\\/kindaj.com\\\/pl\\\/sklep\\\/by\\\/podgrzewacz-do-butelek-z-funkcja-sterylizacji-kindaj-steamby\\\/#breadcrumb\"},\"inLanguage\":\"pl-PL\",\"potentialAction\":[{\"@type\":\"ReadAction\",\"target\":[\"https:\\\/\\\/kindaj.com\\\/pl\\\/sklep\\\/by\\\/podgrzewacz-do-butelek-z-funkcja-sterylizacji-kindaj-steamby\\\/\"]}]},{\"@type\":\"ImageObject\",\"inLanguage\":\"pl-PL\",\"@id\":\"https:\\\/\\\/kindaj.com\\\/pl\\\/sklep\\\/by\\\/podgrzewacz-do-butelek-z-funkcja-sterylizacji-kindaj-steamby\\\/#primaryimage\",\"url\":\"https:\\\/\\\/i0.wp.com\\\/kindaj.com\\\/wp-content\\\/uploads\\\/2021\\\/02\\\/KINDAJ_k_1_n.jpg?fit=2500%2C2500&ssl=1\",\"contentUrl\":\"https:\\\/\\\/i0.wp.com\\\/kindaj.com\\\/wp-content\\\/uploads\\\/2021\\\/02\\\/KINDAJ_k_1_n.jpg?fit=2500%2C2500&ssl=1\",\"width\":2500,\"height\":2500,\"caption\":\"bia\u0142y podgrzewacz do mleka i posi\u0142k\u00f3w sta\u0142ych z funkcj\u0105 sterylizacji akcesori\u00f3w dla dzieci kindaj steamby\"},{\"@type\":\"BreadcrumbList\",\"@id\":\"https:\\\/\\\/kindaj.com\\\/pl\\\/sklep\\\/by\\\/podgrzewacz-do-butelek-z-funkcja-sterylizacji-kindaj-steamby\\\/#breadcrumb\",\"itemListElement\":[{\"@type\":\"ListItem\",\"position\":1,\"name\":\"strona g\u0142\u00f3wna\",\"item\":\"https:\\\/\\\/kindaj.com\\\/pl\\\/\"},{\"@type\":\"ListItem\",\"position\":2,\"name\":\"sklep\",\"item\":\"https:\\\/\\\/kindaj.com\\\/pl\\\/sklep\\\/\"},{\"@type\":\"ListItem\",\"position\":3,\"name\":\"-by\",\"item\":\"https:\\\/\\\/kindaj.com\\\/pl\\\/kategoria-produktu\\\/by\\\/\"},{\"@type\":\"ListItem\",\"position\":4,\"name\":\"Podgrzewacz do butelek z funkcj\u0105 sterylizacji kindaj steamby\"}]},{\"@type\":\"WebSite\",\"@id\":\"https:\\\/\\\/kindaj.com\\\/pl\\\/#website\",\"url\":\"https:\\\/\\\/kindaj.com\\\/pl\\\/\",\"name\":\"kindaj\",\"description\":\"minimalistyczne produkty dla dzieci i niemowl\u0105t\",\"publisher\":{\"@id\":\"https:\\\/\\\/kindaj.com\\\/pl\\\/#organization\"},\"potentialAction\":[{\"@type\":\"SearchAction\",\"target\":{\"@type\":\"EntryPoint\",\"urlTemplate\":\"https:\\\/\\\/kindaj.com\\\/pl\\\/?s={search_term_string}\"},\"query-input\":{\"@type\":\"PropertyValueSpecification\",\"valueRequired\":true,\"valueName\":\"search_term_string\"}}],\"inLanguage\":\"pl-PL\"},{\"@type\":\"Organization\",\"@id\":\"https:\\\/\\\/kindaj.com\\\/pl\\\/#organization\",\"name\":\"kindaj.com\",\"url\":\"https:\\\/\\\/kindaj.com\\\/pl\\\/\",\"logo\":{\"@type\":\"ImageObject\",\"inLanguage\":\"pl-PL\",\"@id\":\"https:\\\/\\\/kindaj.com\\\/pl\\\/#\\\/schema\\\/logo\\\/image\\\/\",\"url\":\"https:\\\/\\\/i0.wp.com\\\/kindaj.com\\\/wp-content\\\/uploads\\\/2021\\\/02\\\/kindaj_logo.jpg?fit=2000%2C2000&ssl=1\",\"contentUrl\":\"https:\\\/\\\/i0.wp.com\\\/kindaj.com\\\/wp-content\\\/uploads\\\/2021\\\/02\\\/kindaj_logo.jpg?fit=2000%2C2000&ssl=1\",\"width\":2000,\"height\":2000,\"caption\":\"kindaj.com\"},\"image\":{\"@id\":\"https:\\\/\\\/kindaj.com\\\/pl\\\/#\\\/schema\\\/logo\\\/image\\\/\"}}]}<\/script>\n<!-- \/ Yoast SEO plugin. -->","yoast_head_json":{"title":"Podgrzewacz do butelek z funkcj\u0105 sterylizacji kindaj steamby - kindaj","description":"kup teraz - kindaj steamby to podgrzewacz 5w1 do p\u0142yn\u00f3w i posi\u0142k\u00f3w sta\u0142ych z funkcj\u0105 sterylizacji butelek i akcesori\u00f3w dla dzieci.","robots":{"index":"index","follow":"follow","max-snippet":"max-snippet:-1","max-image-preview":"max-image-preview:large","max-video-preview":"max-video-preview:-1"},"canonical":"https:\/\/kindaj.com\/pl\/sklep\/by\/podgrzewacz-do-butelek-z-funkcja-sterylizacji-kindaj-steamby\/","og_locale":"pl_PL","og_type":"article","og_title":"Podgrzewacz do butelek z funkcj\u0105 sterylizacji kindaj steamby - kindaj","og_description":"kup teraz - kindaj steamby to podgrzewacz 5w1 do p\u0142yn\u00f3w i posi\u0142k\u00f3w sta\u0142ych z funkcj\u0105 sterylizacji butelek i akcesori\u00f3w dla dzieci.","og_url":"https:\/\/kindaj.com\/pl\/sklep\/by\/podgrzewacz-do-butelek-z-funkcja-sterylizacji-kindaj-steamby\/","og_site_name":"kindaj","article_modified_time":"2026-02-17T09:29:30+00:00","og_image":[{"width":2500,"height":2500,"url":"https:\/\/kindaj.com\/wp-content\/uploads\/2021\/02\/KINDAJ_k_1_n.jpg","type":"image\/jpeg"}],"twitter_card":"summary_large_image","twitter_misc":{"Szacowany czas czytania":"2 minuty"},"schema":{"@context":"https:\/\/schema.org","@graph":[{"@type":"WebPage","@id":"https:\/\/kindaj.com\/pl\/sklep\/by\/podgrzewacz-do-butelek-z-funkcja-sterylizacji-kindaj-steamby\/","url":"https:\/\/kindaj.com\/pl\/sklep\/by\/podgrzewacz-do-butelek-z-funkcja-sterylizacji-kindaj-steamby\/","name":"Podgrzewacz do butelek z funkcj\u0105 sterylizacji kindaj steamby - kindaj","isPartOf":{"@id":"https:\/\/kindaj.com\/pl\/#website"},"primaryImageOfPage":{"@id":"https:\/\/kindaj.com\/pl\/sklep\/by\/podgrzewacz-do-butelek-z-funkcja-sterylizacji-kindaj-steamby\/#primaryimage"},"image":{"@id":"https:\/\/kindaj.com\/pl\/sklep\/by\/podgrzewacz-do-butelek-z-funkcja-sterylizacji-kindaj-steamby\/#primaryimage"},"thumbnailUrl":"https:\/\/i0.wp.com\/kindaj.com\/wp-content\/uploads\/2021\/02\/KINDAJ_k_1_n.jpg?fit=2500%2C2500&ssl=1","datePublished":"2021-02-04T10:46:41+00:00","dateModified":"2026-02-17T09:29:30+00:00","description":"kup teraz - kindaj steamby to podgrzewacz 5w1 do p\u0142yn\u00f3w i posi\u0142k\u00f3w sta\u0142ych z funkcj\u0105 sterylizacji butelek i akcesori\u00f3w dla dzieci.","breadcrumb":{"@id":"https:\/\/kindaj.com\/pl\/sklep\/by\/podgrzewacz-do-butelek-z-funkcja-sterylizacji-kindaj-steamby\/#breadcrumb"},"inLanguage":"pl-PL","potentialAction":[{"@type":"ReadAction","target":["https:\/\/kindaj.com\/pl\/sklep\/by\/podgrzewacz-do-butelek-z-funkcja-sterylizacji-kindaj-steamby\/"]}]},{"@type":"ImageObject","inLanguage":"pl-PL","@id":"https:\/\/kindaj.com\/pl\/sklep\/by\/podgrzewacz-do-butelek-z-funkcja-sterylizacji-kindaj-steamby\/#primaryimage","url":"https:\/\/i0.wp.com\/kindaj.com\/wp-content\/uploads\/2021\/02\/KINDAJ_k_1_n.jpg?fit=2500%2C2500&ssl=1","contentUrl":"https:\/\/i0.wp.com\/kindaj.com\/wp-content\/uploads\/2021\/02\/KINDAJ_k_1_n.jpg?fit=2500%2C2500&ssl=1","width":2500,"height":2500,"caption":"bia\u0142y podgrzewacz do mleka i posi\u0142k\u00f3w sta\u0142ych z funkcj\u0105 sterylizacji akcesori\u00f3w dla dzieci kindaj steamby"},{"@type":"BreadcrumbList","@id":"https:\/\/kindaj.com\/pl\/sklep\/by\/podgrzewacz-do-butelek-z-funkcja-sterylizacji-kindaj-steamby\/#breadcrumb","itemListElement":[{"@type":"ListItem","position":1,"name":"strona g\u0142\u00f3wna","item":"https:\/\/kindaj.com\/pl\/"},{"@type":"ListItem","position":2,"name":"sklep","item":"https:\/\/kindaj.com\/pl\/sklep\/"},{"@type":"ListItem","position":3,"name":"-by","item":"https:\/\/kindaj.com\/pl\/kategoria-produktu\/by\/"},{"@type":"ListItem","position":4,"name":"Podgrzewacz do butelek z funkcj\u0105 sterylizacji kindaj steamby"}]},{"@type":"WebSite","@id":"https:\/\/kindaj.com\/pl\/#website","url":"https:\/\/kindaj.com\/pl\/","name":"kindaj","description":"minimalistyczne produkty dla dzieci i niemowl\u0105t","publisher":{"@id":"https:\/\/kindaj.com\/pl\/#organization"},"potentialAction":[{"@type":"SearchAction","target":{"@type":"EntryPoint","urlTemplate":"https:\/\/kindaj.com\/pl\/?s={search_term_string}"},"query-input":{"@type":"PropertyValueSpecification","valueRequired":true,"valueName":"search_term_string"}}],"inLanguage":"pl-PL"},{"@type":"Organization","@id":"https:\/\/kindaj.com\/pl\/#organization","name":"kindaj.com","url":"https:\/\/kindaj.com\/pl\/","logo":{"@type":"ImageObject","inLanguage":"pl-PL","@id":"https:\/\/kindaj.com\/pl\/#\/schema\/logo\/image\/","url":"https:\/\/i0.wp.com\/kindaj.com\/wp-content\/uploads\/2021\/02\/kindaj_logo.jpg?fit=2000%2C2000&ssl=1","contentUrl":"https:\/\/i0.wp.com\/kindaj.com\/wp-content\/uploads\/2021\/02\/kindaj_logo.jpg?fit=2000%2C2000&ssl=1","width":2000,"height":2000,"caption":"kindaj.com"},"image":{"@id":"https:\/\/kindaj.com\/pl\/#\/schema\/logo\/image\/"}}]}},"jetpack_sharing_enabled":true,"_links":{"self":[{"href":"https:\/\/kindaj.com\/pl\/wp-json\/wp\/v2\/product\/29293","targetHints":{"allow":["GET"]}}],"collection":[{"href":"https:\/\/kindaj.com\/pl\/wp-json\/wp\/v2\/product"}],"about":[{"href":"https:\/\/kindaj.com\/pl\/wp-json\/wp\/v2\/types\/product"}],"version-history":[{"count":1,"href":"https:\/\/kindaj.com\/pl\/wp-json\/wp\/v2\/product\/29293\/revisions"}],"predecessor-version":[{"id":54030,"href":"https:\/\/kindaj.com\/pl\/wp-json\/wp\/v2\/product\/29293\/revisions\/54030"}],"wp:featuredmedia":[{"embeddable":true,"href":"https:\/\/kindaj.com\/pl\/wp-json\/wp\/v2\/media\/30256"}],"wp:attachment":[{"href":"https:\/\/kindaj.com\/pl\/wp-json\/wp\/v2\/media?parent=29293"}],"wp:term":[{"taxonomy":"product_brand","embeddable":true,"href":"https:\/\/kindaj.com\/pl\/wp-json\/wp\/v2\/product_brand?post=29293"},{"taxonomy":"product_cat","embeddable":true,"href":"https:\/\/kindaj.com\/pl\/wp-json\/wp\/v2\/product_cat?post=29293"},{"taxonomy":"product_tag","embeddable":true,"href":"https:\/\/kindaj.com\/pl\/wp-json\/wp\/v2\/product_tag?post=29293"}],"curies":[{"name":"wp","href":"https:\/\/api.w.org\/{rel}","templated":true}]}}