{"id":29703,"date":"2021-02-08T12:14:54","date_gmt":"2021-02-08T12:14:54","guid":{"rendered":"https:\/\/kindaj.com\/?page_id=29703"},"modified":"2022-09-01T07:29:03","modified_gmt":"2022-09-01T07:29:03","slug":"wysylka-i-platnosci","status":"publish","type":"page","link":"https:\/\/kindaj.com\/pl\/wysylka-i-platnosci\/","title":{"rendered":"wysy\u0142ka i p\u0142atno\u015bci"},"content":{"rendered":"\t\t<div data-elementor-type=\"wp-page\" data-elementor-id=\"29703\" class=\"elementor elementor-29703\" data-elementor-post-type=\"page\">\n\t\t\t\t\t\t<section class=\"elementor-section elementor-top-section elementor-element elementor-element-d075c7c elementor-section-full_width elementor-section-height-default elementor-section-height-default\" data-id=\"d075c7c\" data-element_type=\"section\" data-e-type=\"section\">\n\t\t\t\t\t\t<div class=\"elementor-container elementor-column-gap-default\">\n\t\t\t\t\t<div class=\"elementor-column elementor-col-100 elementor-top-column elementor-element elementor-element-f52751f\" data-id=\"f52751f\" data-element_type=\"column\" data-e-type=\"column\">\n\t\t\t<div class=\"elementor-widget-wrap elementor-element-populated\">\n\t\t\t\t\t\t<div class=\"elementor-element elementor-element-fa5b0fb elementor-widget elementor-widget-breadcrumbs\" data-id=\"fa5b0fb\" data-element_type=\"widget\" data-e-type=\"widget\" data-widget_type=\"breadcrumbs.default\">\n\t\t\t\t<div class=\"elementor-widget-container\">\n\t\t\t\t\t<p id=\"breadcrumbs\"><span><span><a href=\"https:\/\/kindaj.com\/pl\/\">strona g\u0142\u00f3wna<\/a><\/span><\/span><\/p>\t\t\t\t<\/div>\n\t\t\t\t<\/div>\n\t\t\t\t\t<\/div>\n\t\t<\/div>\n\t\t\t\t\t<\/div>\n\t\t<\/section>\n\t\t\t\t<section class=\"elementor-section elementor-top-section elementor-element elementor-element-1960f22 elementor-section-full_width elementor-section-height-default elementor-section-height-default\" data-id=\"1960f22\" data-element_type=\"section\" data-e-type=\"section\">\n\t\t\t\t\t\t<div class=\"elementor-container elementor-column-gap-default\">\n\t\t\t\t\t<div class=\"elementor-column elementor-col-100 elementor-top-column elementor-element elementor-element-8e9d70d\" data-id=\"8e9d70d\" data-element_type=\"column\" data-e-type=\"column\">\n\t\t\t<div class=\"elementor-widget-wrap elementor-element-populated\">\n\t\t\t\t\t\t\t<\/div>\n\t\t<\/div>\n\t\t\t\t\t<\/div>\n\t\t<\/section>\n\t\t\t\t<section class=\"elementor-section elementor-top-section elementor-element elementor-element-baf02bc elementor-section-full_width elementor-section-height-default elementor-section-height-default\" data-id=\"baf02bc\" data-element_type=\"section\" data-e-type=\"section\">\n\t\t\t\t\t\t<div class=\"elementor-container elementor-column-gap-default\">\n\t\t\t\t\t<div class=\"elementor-column elementor-col-100 elementor-top-column elementor-element elementor-element-d6e3e57\" data-id=\"d6e3e57\" data-element_type=\"column\" data-e-type=\"column\">\n\t\t\t<div class=\"elementor-widget-wrap elementor-element-populated\">\n\t\t\t\t\t\t<div class=\"elementor-element elementor-element-2aaba88 elementor-widget-divider--view-line elementor-widget elementor-widget-divider\" data-id=\"2aaba88\" data-element_type=\"widget\" data-e-type=\"widget\" data-widget_type=\"divider.default\">\n\t\t\t\t<div class=\"elementor-widget-container\">\n\t\t\t\t\t\t\t<div class=\"elementor-divider\">\n\t\t\t<span class=\"elementor-divider-separator\">\n\t\t\t\t\t\t<\/span>\n\t\t<\/div>\n\t\t\t\t\t\t<\/div>\n\t\t\t\t<\/div>\n\t\t\t\t\t<\/div>\n\t\t<\/div>\n\t\t\t\t\t<\/div>\n\t\t<\/section>\n\t\t\t\t<section class=\"elementor-section elementor-top-section elementor-element elementor-element-4d4d5bc elementor-section-full_width elementor-section-height-default elementor-section-height-default\" data-id=\"4d4d5bc\" data-element_type=\"section\" data-e-type=\"section\">\n\t\t\t\t\t\t<div class=\"elementor-container elementor-column-gap-default\">\n\t\t\t\t\t<div class=\"elementor-column elementor-col-100 elementor-top-column elementor-element elementor-element-79b2752\" data-id=\"79b2752\" data-element_type=\"column\" data-e-type=\"column\">\n\t\t\t<div class=\"elementor-widget-wrap elementor-element-populated\">\n\t\t\t\t\t\t<div class=\"elementor-element elementor-element-2fc85c3 elementor-widget elementor-widget-accordion\" data-id=\"2fc85c3\" data-element_type=\"widget\" data-e-type=\"widget\" data-widget_type=\"accordion.default\">\n\t\t\t\t<div class=\"elementor-widget-container\">\n\t\t\t\t\t\t\t<div class=\"elementor-accordion\">\n\t\t\t\t\t\t\t<div class=\"elementor-accordion-item\">\n\t\t\t\t\t<div id=\"elementor-tab-title-5011\" class=\"elementor-tab-title\" data-tab=\"1\" role=\"button\" aria-controls=\"elementor-tab-content-5011\" aria-expanded=\"false\">\n\t\t\t\t\t\t\t\t\t\t\t\t\t<span class=\"elementor-accordion-icon elementor-accordion-icon-left\" aria-hidden=\"true\">\n\t\t\t\t\t\t\t\t\t\t\t\t\t\t\t<span class=\"elementor-accordion-icon-closed\"><i class=\"fas fa-plus\"><\/i><\/span>\n\t\t\t\t\t\t\t\t<span class=\"elementor-accordion-icon-opened\"><i class=\"fas fa-minus\"><\/i><\/span>\n\t\t\t\t\t\t\t\t\t\t\t\t\t\t<\/span>\n\t\t\t\t\t\t\t\t\t\t\t\t<a class=\"elementor-accordion-title\" tabindex=\"0\">Polska<\/a>\n\t\t\t\t\t<\/div>\n\t\t\t\t\t<div id=\"elementor-tab-content-5011\" class=\"elementor-tab-content elementor-clearfix\" data-tab=\"1\" role=\"region\" aria-labelledby=\"elementor-tab-title-5011\"><p><strong>Dost\u0119pne kraje<\/strong>\u00a0&#8211; Polska<\/p><p><strong>Wysy\u0142ka<\/strong>\u00a0&#8211; DHL Parcel<\/p><p><strong>P\u0142atno\u015b\u0107<\/strong>\u00a0&#8211; Przelewy24,\u00a0<span style=\"font-size: 0.9rem;\">PayPal, PayU,\u00a0<\/span><span style=\"font-size: 0.9rem;\">Karta p\u0142atnicza (Stripe)<\/span><\/p><p><strong>Czas dostawy<\/strong> &#8211; 1-2 dni<\/p><p>Koszt wysy\u0142ki dost\u0119pny w koszyku po wybraniu kraju dostawy (od 18,03 PLN). Darmowa wysy\u0142ka od 199 PLN.<\/p><\/div>\n\t\t\t\t<\/div>\n\t\t\t\t\t\t\t<div class=\"elementor-accordion-item\">\n\t\t\t\t\t<div id=\"elementor-tab-title-5012\" class=\"elementor-tab-title\" data-tab=\"2\" role=\"button\" aria-controls=\"elementor-tab-content-5012\" aria-expanded=\"false\">\n\t\t\t\t\t\t\t\t\t\t\t\t\t<span class=\"elementor-accordion-icon elementor-accordion-icon-left\" aria-hidden=\"true\">\n\t\t\t\t\t\t\t\t\t\t\t\t\t\t\t<span class=\"elementor-accordion-icon-closed\"><i class=\"fas fa-plus\"><\/i><\/span>\n\t\t\t\t\t\t\t\t<span class=\"elementor-accordion-icon-opened\"><i class=\"fas fa-minus\"><\/i><\/span>\n\t\t\t\t\t\t\t\t\t\t\t\t\t\t<\/span>\n\t\t\t\t\t\t\t\t\t\t\t\t<a class=\"elementor-accordion-title\" tabindex=\"0\">Europa<\/a>\n\t\t\t\t\t<\/div>\n\t\t\t\t\t<div id=\"elementor-tab-content-5012\" class=\"elementor-tab-content elementor-clearfix\" data-tab=\"2\" role=\"region\" aria-labelledby=\"elementor-tab-title-5012\"><p><strong>Dost\u0119pne kraje<\/strong> &#8211; Austria | Belgia | Czechy | Estonia | Finlandia | Francja | Hiszpania | Holandia | Irlandia | Litwa | \u0141otwa | Monako | Niemcy | Portugalia | S\u0142owacja | S\u0142owenia | Szwecja | W\u0119gry | W\u0142ochy<\/p><p><strong>Wysy\u0142ka<\/strong>\u00a0&#8211; DHL Parcel<\/p><p><strong>P\u0142atno\u015b\u0107<\/strong> &#8211;\u00a0 Karta p\u0142atnicza (Stripe), Bancontact (Stripe), SOFORT (Stripe), Giropay (Stripe), EPS (Stripe), iDeal (Stripe)\u00a0<\/p><p><strong>Czas dostawy<\/strong> &#8211; 2-6 dni<\/p><p>Koszt wysy\u0142ki dost\u0119pny w koszyku po wybraniu kraju dostawy (od 9,00\u20ac). Darmowa wysy\u0142ka od 99\u20ac.<\/p><\/div>\n\t\t\t\t<\/div>\n\t\t\t\t\t\t\t\t<\/div>\n\t\t\t\t\t\t<\/div>\n\t\t\t\t<\/div>\n\t\t\t\t\t<\/div>\n\t\t<\/div>\n\t\t\t\t\t<\/div>\n\t\t<\/section>\n\t\t\t\t<\/div>\n\t\t","protected":false},"excerpt":{"rendered":"<p>Polska Dost\u0119pne kraje\u00a0&#8211; Polska Wysy\u0142ka\u00a0&#8211; DHL Parcel P\u0142atno\u015b\u0107\u00a0&#8211; Przelewy24,\u00a0PayPal, PayU,\u00a0Karta p\u0142atnicza (Stripe) Czas dostawy &#8211; 1-2 dni Koszt wysy\u0142ki dost\u0119pny w koszyku po wybraniu kraju dostawy (od 18,03 PLN). Darmowa wysy\u0142ka od 199 PLN. Europa Dost\u0119pne kraje &#8211; Austria | Belgia | Czechy | Estonia | Finlandia | Francja | Hiszpania | Holandia | Irlandia [&hellip;]<\/p>\n","protected":false},"author":1,"featured_media":0,"parent":0,"menu_order":0,"comment_status":"closed","ping_status":"closed","template":"elementor_header_footer","meta":{"_acf_changed":false,"footnotes":""},"class_list":["post-29703","page","type-page","status-publish","hentry"],"acf":[],"yoast_head":"<!-- This site is optimized with the Yoast SEO plugin v27.2 - https:\/\/yoast.com\/product\/yoast-seo-wordpress\/ -->\n<title>kindaj - wysy\u0142ka i p\u0142atno\u015bci<\/title>\n<meta name=\"description\" content=\"Sprawd\u017a kraje i koszt wysy\u0142ki produkt\u00f3w kindaj. Przejrzyj wygodne opcje p\u0142atno\u015bci i wybierz najlepsz\u0105 dla siebie.\" \/>\n<meta name=\"robots\" content=\"index, follow, max-snippet:-1, max-image-preview:large, max-video-preview:-1\" \/>\n<link rel=\"canonical\" href=\"https:\/\/kindaj.com\/pl\/wysylka-i-platnosci\/\" \/>\n<meta property=\"og:locale\" content=\"pl_PL\" \/>\n<meta property=\"og:type\" content=\"article\" \/>\n<meta property=\"og:title\" content=\"kindaj - wysy\u0142ka i p\u0142atno\u015bci\" \/>\n<meta property=\"og:description\" content=\"Sprawd\u017a kraje i koszt wysy\u0142ki produkt\u00f3w kindaj. Przejrzyj wygodne opcje p\u0142atno\u015bci i wybierz najlepsz\u0105 dla siebie.\" \/>\n<meta property=\"og:url\" content=\"https:\/\/kindaj.com\/pl\/wysylka-i-platnosci\/\" \/>\n<meta property=\"og:site_name\" content=\"kindaj\" \/>\n<meta property=\"article:modified_time\" content=\"2022-09-01T07:29:03+00:00\" \/>\n<meta name=\"twitter:card\" content=\"summary_large_image\" \/>\n<meta name=\"twitter:label1\" content=\"Szacowany czas czytania\" \/>\n\t<meta name=\"twitter:data1\" content=\"1 minuta\" \/>\n<script type=\"application\/ld+json\" class=\"yoast-schema-graph\">{\"@context\":\"https:\/\/schema.org\",\"@graph\":[{\"@type\":\"WebPage\",\"@id\":\"https:\/\/kindaj.com\/pl\/wysylka-i-platnosci\/\",\"url\":\"https:\/\/kindaj.com\/pl\/wysylka-i-platnosci\/\",\"name\":\"kindaj - wysy\u0142ka i p\u0142atno\u015bci\",\"isPartOf\":{\"@id\":\"https:\/\/kindaj.com\/pl\/#website\"},\"datePublished\":\"2021-02-08T12:14:54+00:00\",\"dateModified\":\"2022-09-01T07:29:03+00:00\",\"description\":\"Sprawd\u017a kraje i koszt wysy\u0142ki produkt\u00f3w kindaj. Przejrzyj wygodne opcje p\u0142atno\u015bci i wybierz najlepsz\u0105 dla siebie.\",\"breadcrumb\":{\"@id\":\"https:\/\/kindaj.com\/pl\/wysylka-i-platnosci\/#breadcrumb\"},\"inLanguage\":\"pl-PL\",\"potentialAction\":[{\"@type\":\"ReadAction\",\"target\":[\"https:\/\/kindaj.com\/pl\/wysylka-i-platnosci\/\"]}]},{\"@type\":\"BreadcrumbList\",\"@id\":\"https:\/\/kindaj.com\/pl\/wysylka-i-platnosci\/#breadcrumb\",\"itemListElement\":[{\"@type\":\"ListItem\",\"position\":1,\"name\":\"strona g\u0142\u00f3wna\",\"item\":\"https:\/\/kindaj.com\/pl\/\"},{\"@type\":\"ListItem\",\"position\":2,\"name\":\"wysy\u0142ka i p\u0142atno\u015bci\"}]},{\"@type\":\"WebSite\",\"@id\":\"https:\/\/kindaj.com\/pl\/#website\",\"url\":\"https:\/\/kindaj.com\/pl\/\",\"name\":\"kindaj\",\"description\":\"minimalistyczne produkty dla dzieci i niemowl\u0105t\",\"publisher\":{\"@id\":\"https:\/\/kindaj.com\/pl\/#organization\"},\"potentialAction\":[{\"@type\":\"SearchAction\",\"target\":{\"@type\":\"EntryPoint\",\"urlTemplate\":\"https:\/\/kindaj.com\/pl\/?s={search_term_string}\"},\"query-input\":{\"@type\":\"PropertyValueSpecification\",\"valueRequired\":true,\"valueName\":\"search_term_string\"}}],\"inLanguage\":\"pl-PL\"},{\"@type\":\"Organization\",\"@id\":\"https:\/\/kindaj.com\/pl\/#organization\",\"name\":\"kindaj.com\",\"url\":\"https:\/\/kindaj.com\/pl\/\",\"logo\":{\"@type\":\"ImageObject\",\"inLanguage\":\"pl-PL\",\"@id\":\"https:\/\/kindaj.com\/pl\/#\/schema\/logo\/image\/\",\"url\":\"https:\/\/i0.wp.com\/kindaj.com\/wp-content\/uploads\/2021\/02\/kindaj_logo.jpg?fit=2000%2C2000&ssl=1\",\"contentUrl\":\"https:\/\/i0.wp.com\/kindaj.com\/wp-content\/uploads\/2021\/02\/kindaj_logo.jpg?fit=2000%2C2000&ssl=1\",\"width\":2000,\"height\":2000,\"caption\":\"kindaj.com\"},\"image\":{\"@id\":\"https:\/\/kindaj.com\/pl\/#\/schema\/logo\/image\/\"}}]}<\/script>\n<!-- \/ Yoast SEO plugin. -->","yoast_head_json":{"title":"kindaj - wysy\u0142ka i p\u0142atno\u015bci","description":"Sprawd\u017a kraje i koszt wysy\u0142ki produkt\u00f3w kindaj. Przejrzyj wygodne opcje p\u0142atno\u015bci i wybierz najlepsz\u0105 dla siebie.","robots":{"index":"index","follow":"follow","max-snippet":"max-snippet:-1","max-image-preview":"max-image-preview:large","max-video-preview":"max-video-preview:-1"},"canonical":"https:\/\/kindaj.com\/pl\/wysylka-i-platnosci\/","og_locale":"pl_PL","og_type":"article","og_title":"kindaj - wysy\u0142ka i p\u0142atno\u015bci","og_description":"Sprawd\u017a kraje i koszt wysy\u0142ki produkt\u00f3w kindaj. Przejrzyj wygodne opcje p\u0142atno\u015bci i wybierz najlepsz\u0105 dla siebie.","og_url":"https:\/\/kindaj.com\/pl\/wysylka-i-platnosci\/","og_site_name":"kindaj","article_modified_time":"2022-09-01T07:29:03+00:00","twitter_card":"summary_large_image","twitter_misc":{"Szacowany czas czytania":"1 minuta"},"schema":{"@context":"https:\/\/schema.org","@graph":[{"@type":"WebPage","@id":"https:\/\/kindaj.com\/pl\/wysylka-i-platnosci\/","url":"https:\/\/kindaj.com\/pl\/wysylka-i-platnosci\/","name":"kindaj - wysy\u0142ka i p\u0142atno\u015bci","isPartOf":{"@id":"https:\/\/kindaj.com\/pl\/#website"},"datePublished":"2021-02-08T12:14:54+00:00","dateModified":"2022-09-01T07:29:03+00:00","description":"Sprawd\u017a kraje i koszt wysy\u0142ki produkt\u00f3w kindaj. Przejrzyj wygodne opcje p\u0142atno\u015bci i wybierz najlepsz\u0105 dla siebie.","breadcrumb":{"@id":"https:\/\/kindaj.com\/pl\/wysylka-i-platnosci\/#breadcrumb"},"inLanguage":"pl-PL","potentialAction":[{"@type":"ReadAction","target":["https:\/\/kindaj.com\/pl\/wysylka-i-platnosci\/"]}]},{"@type":"BreadcrumbList","@id":"https:\/\/kindaj.com\/pl\/wysylka-i-platnosci\/#breadcrumb","itemListElement":[{"@type":"ListItem","position":1,"name":"strona g\u0142\u00f3wna","item":"https:\/\/kindaj.com\/pl\/"},{"@type":"ListItem","position":2,"name":"wysy\u0142ka i p\u0142atno\u015bci"}]},{"@type":"WebSite","@id":"https:\/\/kindaj.com\/pl\/#website","url":"https:\/\/kindaj.com\/pl\/","name":"kindaj","description":"minimalistyczne produkty dla dzieci i niemowl\u0105t","publisher":{"@id":"https:\/\/kindaj.com\/pl\/#organization"},"potentialAction":[{"@type":"SearchAction","target":{"@type":"EntryPoint","urlTemplate":"https:\/\/kindaj.com\/pl\/?s={search_term_string}"},"query-input":{"@type":"PropertyValueSpecification","valueRequired":true,"valueName":"search_term_string"}}],"inLanguage":"pl-PL"},{"@type":"Organization","@id":"https:\/\/kindaj.com\/pl\/#organization","name":"kindaj.com","url":"https:\/\/kindaj.com\/pl\/","logo":{"@type":"ImageObject","inLanguage":"pl-PL","@id":"https:\/\/kindaj.com\/pl\/#\/schema\/logo\/image\/","url":"https:\/\/i0.wp.com\/kindaj.com\/wp-content\/uploads\/2021\/02\/kindaj_logo.jpg?fit=2000%2C2000&ssl=1","contentUrl":"https:\/\/i0.wp.com\/kindaj.com\/wp-content\/uploads\/2021\/02\/kindaj_logo.jpg?fit=2000%2C2000&ssl=1","width":2000,"height":2000,"caption":"kindaj.com"},"image":{"@id":"https:\/\/kindaj.com\/pl\/#\/schema\/logo\/image\/"}}]}},"jetpack_sharing_enabled":true,"_links":{"self":[{"href":"https:\/\/kindaj.com\/pl\/wp-json\/wp\/v2\/pages\/29703","targetHints":{"allow":["GET"]}}],"collection":[{"href":"https:\/\/kindaj.com\/pl\/wp-json\/wp\/v2\/pages"}],"about":[{"href":"https:\/\/kindaj.com\/pl\/wp-json\/wp\/v2\/types\/page"}],"author":[{"embeddable":true,"href":"https:\/\/kindaj.com\/pl\/wp-json\/wp\/v2\/users\/1"}],"replies":[{"embeddable":true,"href":"https:\/\/kindaj.com\/pl\/wp-json\/wp\/v2\/comments?post=29703"}],"version-history":[{"count":0,"href":"https:\/\/kindaj.com\/pl\/wp-json\/wp\/v2\/pages\/29703\/revisions"}],"wp:attachment":[{"href":"https:\/\/kindaj.com\/pl\/wp-json\/wp\/v2\/media?parent=29703"}],"curies":[{"name":"wp","href":"https:\/\/api.w.org\/{rel}","templated":true}]}}