{"id":29689,"date":"2021-02-08T12:06:37","date_gmt":"2021-02-08T12:06:37","guid":{"rendered":"https:\/\/kindaj.com\/?page_id=29689"},"modified":"2021-04-22T13:05:31","modified_gmt":"2021-04-22T13:05:31","slug":"o-marce","status":"publish","type":"page","link":"https:\/\/kindaj.com\/pl\/o-marce\/","title":{"rendered":"o marce"},"content":{"rendered":"\t\t<div data-elementor-type=\"wp-page\" data-elementor-id=\"29689\" class=\"elementor elementor-29689\" data-elementor-post-type=\"page\">\n\t\t\t\t\t\t<section class=\"elementor-section elementor-top-section elementor-element elementor-element-43ee035 elementor-section-full_width elementor-section-height-default elementor-section-height-default\" data-id=\"43ee035\" data-element_type=\"section\" data-e-type=\"section\">\n\t\t\t\t\t\t<div class=\"elementor-container elementor-column-gap-default\">\n\t\t\t\t\t<div class=\"elementor-column elementor-col-100 elementor-top-column elementor-element elementor-element-69f442e\" data-id=\"69f442e\" data-element_type=\"column\" data-e-type=\"column\">\n\t\t\t<div class=\"elementor-widget-wrap elementor-element-populated\">\n\t\t\t\t\t\t<div class=\"elementor-element elementor-element-2de5860 elementor-widget elementor-widget-breadcrumbs\" data-id=\"2de5860\" data-element_type=\"widget\" data-e-type=\"widget\" data-widget_type=\"breadcrumbs.default\">\n\t\t\t\t<div class=\"elementor-widget-container\">\n\t\t\t\t\t<p id=\"breadcrumbs\"><span><span><a href=\"https:\/\/kindaj.com\/pl\/\">strona g\u0142\u00f3wna<\/a><\/span><\/span><\/p>\t\t\t\t<\/div>\n\t\t\t\t<\/div>\n\t\t\t\t\t<\/div>\n\t\t<\/div>\n\t\t\t\t\t<\/div>\n\t\t<\/section>\n\t\t\t\t<section class=\"elementor-section elementor-top-section elementor-element elementor-element-342fd0e elementor-section-full_width elementor-section-height-default elementor-section-height-default\" data-id=\"342fd0e\" data-element_type=\"section\" data-e-type=\"section\">\n\t\t\t\t\t\t<div class=\"elementor-container elementor-column-gap-default\">\n\t\t\t\t\t<div class=\"elementor-column elementor-col-100 elementor-top-column elementor-element elementor-element-b723455\" data-id=\"b723455\" data-element_type=\"column\" data-e-type=\"column\">\n\t\t\t<div class=\"elementor-widget-wrap elementor-element-populated\">\n\t\t\t\t\t\t\t<\/div>\n\t\t<\/div>\n\t\t\t\t\t<\/div>\n\t\t<\/section>\n\t\t\t\t<section class=\"elementor-section elementor-top-section elementor-element elementor-element-dbf163b elementor-section-full_width elementor-section-height-default elementor-section-height-default\" data-id=\"dbf163b\" data-element_type=\"section\" data-e-type=\"section\">\n\t\t\t\t\t\t<div class=\"elementor-container elementor-column-gap-default\">\n\t\t\t\t\t<div class=\"elementor-column elementor-col-100 elementor-top-column elementor-element elementor-element-3b1b62a\" data-id=\"3b1b62a\" data-element_type=\"column\" data-e-type=\"column\">\n\t\t\t<div class=\"elementor-widget-wrap elementor-element-populated\">\n\t\t\t\t\t\t<div class=\"elementor-element elementor-element-caefd45 elementor-widget-divider--view-line elementor-widget elementor-widget-divider\" data-id=\"caefd45\" data-element_type=\"widget\" data-e-type=\"widget\" data-widget_type=\"divider.default\">\n\t\t\t\t<div class=\"elementor-widget-container\">\n\t\t\t\t\t\t\t<div class=\"elementor-divider\">\n\t\t\t<span class=\"elementor-divider-separator\">\n\t\t\t\t\t\t<\/span>\n\t\t<\/div>\n\t\t\t\t\t\t<\/div>\n\t\t\t\t<\/div>\n\t\t\t\t\t<\/div>\n\t\t<\/div>\n\t\t\t\t\t<\/div>\n\t\t<\/section>\n\t\t\t\t<section class=\"elementor-section elementor-top-section elementor-element elementor-element-c991ba7 elementor-section-full_width elementor-section-height-default elementor-section-height-default\" data-id=\"c991ba7\" data-element_type=\"section\" data-e-type=\"section\">\n\t\t\t\t\t\t<div class=\"elementor-container elementor-column-gap-default\">\n\t\t\t\t\t<div class=\"elementor-column elementor-col-100 elementor-top-column elementor-element elementor-element-f83163f\" data-id=\"f83163f\" data-element_type=\"column\" data-e-type=\"column\">\n\t\t\t<div class=\"elementor-widget-wrap elementor-element-populated\">\n\t\t\t\t\t\t<div class=\"elementor-element elementor-element-b35b8f0 elementor-widget elementor-widget-text-editor\" data-id=\"b35b8f0\" data-element_type=\"widget\" data-e-type=\"widget\" data-widget_type=\"text-editor.default\">\n\t\t\t\t<div class=\"elementor-widget-container\">\n\t\t\t\t\t\t\t\t\t<p>Zapraszamy do \u015bwiata marki kindaj gdzie rodzicielstwo staje si\u0119 prostsze.<\/p>\n<p><br><\/p>\n<p><\/p>\n<h6>kindaj to minimalistyczne, wielofunkcyjne produkty stworzone z my\u015bl\u0105 o niemowl\u0119tach, dzieciach i rodzicach. Akcesoria i urz\u0105dzenia kindaj s\u0105 przemy\u015blane tak aby by\u0142y \u0142atwe w obs\u0142udze, intuicyjne i pe\u0142ni\u0142y wi\u0119cej ni\u017c jedn\u0105 funkcj\u0119. Tutaj nie trzeba wybiera\u0107 pomi\u0119dzy dobrym designem a u\u017cyteczno\u015bci\u0105 produktu. Te artyku\u0142y szybko pokochasz i ci\u0119\u017cko b\u0119dzie Ci si\u0119 z nimi rozsta\u0107, poniewa\u017c u\u0142atwiaj\u0105 codzienne \u017cycie.&nbsp;<\/h6>\n<p>Marka kindaj ma na celu tworzy\u0107 produkty dla dzieci, kt\u00f3re r\u00f3wnie\u017c b\u0119d\u0105 harmonizowa\u0142y z \u017cyciem i potrzebami doros\u0142ych. Wierzymy, \u017ce istnieje zapotrzebowanie na proste (klasyczne kolory, bez dodatkowych ozd\u00f3b) a zarazem funkcjonalne artyku\u0142y dla dzieci oraz niemowl\u0105t.&nbsp;Wychodz\u0105c naprzeciw oczekiwaniom naszych klient\u00f3w &#8211; koncentrujemy si\u0119 na innowacyjnych rozwi\u0105zaniach, pomagaj\u0105cych w \u017cyciu codziennym.&nbsp;Jako\u015b\u0107 artyku\u0142\u00f3w ma dla nas ogromne znaczenie. Wszystkie produkty przechodz\u0105 odpowiednie testy potwierdzaj\u0105ce ich bezpiecze\u0144stwo.&nbsp;Pragniemy, aby nasze produkty towarzyszy\u0142y rodzicom w codziennym \u017cyciu. S\u0142uchamy ich potrzeb a nast\u0119pnie staramy si\u0119 je zrealizowa\u0107 w zgodzie z nasz\u0105 ide\u0105. Na ile to mo\u017cliwe, dbamy r\u00f3wnie\u017c o aspekt ekologiczny.<\/p>\n<p><br><\/p>\n<p><\/p>\n<p>Marka kindaj rozpocz\u0119\u0142a swoj\u0105 przygod\u0119 w 2019 roku od kolekcji&nbsp;<a href=\"https:\/\/kindaj.com\/pl\/kategoria-produktu\/one-classic\/\" target=\"_blank\">one classic<\/a>&nbsp;gdzie flagowym produktem zosta\u0142y szklane butelki do karmienia, kt\u00f3re w kilka sekund mog\u0105 zosta\u0107 przemienione w pojemnik do przechowywania \u017cywno\u015bci dzi\u0119ki dodatkowym nakr\u0119tkom&nbsp;classicCap. W serii one classic znajduj\u0105 si\u0119 tak\u017ce smoczki uspokajaj\u0105ce i akcesoria do butelek.<br>Dobre przyj\u0119cie tej kolekcji przez rodzic\u00f3w i specjalist\u00f3w pozwoli\u0142o na stworzenie kolejnych.&nbsp;<\/p>\n<p><u>W ofercie znajdziesz r\u00f3wnie\u017c kolekcje:<\/u><br>&#8211;<a href=\"https:\/\/kindaj.com\/pl\/kategoria-produktu\/-by\/\" target=\"_blank\"> -by<\/a>,&nbsp;urz\u0105dzenia pomagaj\u0105ce w przygotowywaniu zdrowych posi\u0142k\u00f3w dla dzieci, sterylizacji, podgrzewaniu mleka mamy lub mleka modyfikowanego, odci\u0105ganiu mleka w wygodny spos\u00f3b. W tej kolekcji znajdziesz r\u00f3wnie\u017c innowacyjny produkt czyli podgrzewacz do chusteczek nawil\u017canych.<\/p><p>&#8211;&nbsp;<a href=\"https:\/\/kindaj.com\/pl\/kategoria-produktu\/lulu\/\" target=\"_blank\">lulu<\/a>,&nbsp;wyciszenie dziecka przed snem,<br>&#8211;&nbsp;<a href=\"https:\/\/kindaj.com\/pl\/kategoria-produktu\/basic\" target=\"_blank\">basic<\/a>, silikonowe naczynia dla najm\u0142odszych,<br>&#8211;&nbsp;<a href=\"https:\/\/kindaj.com\/pl\/kategoria-produktu\/colors\/\" target=\"_blank\">colors<\/a>, smoczki uspokajaj\u0105ce wykonane w ca\u0142o\u015bci z silikonu, dost\u0119pne w trzech rozmiarach,<br>&#8211;&nbsp;<a href=\"https:\/\/kindaj.com\/pl\/kategoria-produktu\/bonbon\" target=\"_blank\">bonbon<\/a>, wszelkiego rodzaju tekstylia dzieci\u0119ce wykonane z wysokiej jako\u015bci materia\u0142\u00f3w.<\/p>\n<p><br><\/p>\n<p><\/p>\n<p>Dzi\u0119ki kindaj z \u0142atwo\u015bci\u0105 stworzysz pierwsz\u0105 oraz kolejne wyprawki.<\/p><p><br><\/p>\t\t\t\t\t\t\t\t<\/div>\n\t\t\t\t<\/div>\n\t\t\t\t\t<\/div>\n\t\t<\/div>\n\t\t\t\t\t<\/div>\n\t\t<\/section>\n\t\t\t\t<\/div>\n\t\t","protected":false},"excerpt":{"rendered":"<p>Zapraszamy do \u015bwiata marki kindaj gdzie rodzicielstwo staje si\u0119 prostsze. kindaj to minimalistyczne, wielofunkcyjne produkty stworzone z my\u015bl\u0105 o niemowl\u0119tach, dzieciach i rodzicach. Akcesoria i urz\u0105dzenia kindaj s\u0105 przemy\u015blane tak aby by\u0142y \u0142atwe w obs\u0142udze, intuicyjne i pe\u0142ni\u0142y wi\u0119cej ni\u017c jedn\u0105 funkcj\u0119. Tutaj nie trzeba wybiera\u0107 pomi\u0119dzy dobrym designem a u\u017cyteczno\u015bci\u0105 produktu. Te artyku\u0142y szybko [&hellip;]<\/p>\n","protected":false},"author":1,"featured_media":0,"parent":0,"menu_order":0,"comment_status":"closed","ping_status":"closed","template":"elementor_header_footer","meta":{"_acf_changed":false,"footnotes":""},"class_list":["post-29689","page","type-page","status-publish","hentry"],"acf":[],"yoast_head":"<!-- This site is optimized with the Yoast SEO plugin v27.2 - https:\/\/yoast.com\/product\/yoast-seo-wordpress\/ -->\n<title>o marce - kindaj - minimalistyczne produkty dla dzieci i niemowl\u0105t<\/title>\n<meta name=\"description\" content=\"kindaj to minimalistyczne i wielofunkcyjne akcesoria, urz\u0105dzenia a tak\u017ce tekstylia, kt\u00f3re zosta\u0142y stworzone z my\u015bl\u0105 o dzieciach i rodzicach.\" \/>\n<meta name=\"robots\" content=\"index, follow, max-snippet:-1, max-image-preview:large, max-video-preview:-1\" \/>\n<link rel=\"canonical\" href=\"https:\/\/kindaj.com\/pl\/o-marce\/\" \/>\n<meta property=\"og:locale\" content=\"pl_PL\" \/>\n<meta property=\"og:type\" content=\"article\" \/>\n<meta property=\"og:title\" content=\"kindaj - o marce\" \/>\n<meta property=\"og:description\" content=\"kindaj to minimalistyczne i wielofunkcyjne akcesoria, urz\u0105dzenia a tak\u017ce tekstylia, kt\u00f3re zosta\u0142y stworzone z my\u015bl\u0105 o dzieciach i rodzicach.\" \/>\n<meta property=\"og:url\" content=\"https:\/\/kindaj.com\/pl\/o-marce\/\" \/>\n<meta property=\"og:site_name\" content=\"kindaj\" \/>\n<meta property=\"article:modified_time\" content=\"2021-04-22T13:05:31+00:00\" \/>\n<meta name=\"twitter:card\" content=\"summary_large_image\" \/>\n<meta name=\"twitter:label1\" content=\"Szacowany czas czytania\" \/>\n\t<meta name=\"twitter:data1\" content=\"2 minuty\" \/>\n<script type=\"application\/ld+json\" class=\"yoast-schema-graph\">{\"@context\":\"https:\/\/schema.org\",\"@graph\":[{\"@type\":\"WebPage\",\"@id\":\"https:\/\/kindaj.com\/pl\/o-marce\/\",\"url\":\"https:\/\/kindaj.com\/pl\/o-marce\/\",\"name\":\"o marce - kindaj - minimalistyczne produkty dla dzieci i niemowl\u0105t\",\"isPartOf\":{\"@id\":\"https:\/\/kindaj.com\/pl\/#website\"},\"datePublished\":\"2021-02-08T12:06:37+00:00\",\"dateModified\":\"2021-04-22T13:05:31+00:00\",\"description\":\"kindaj to minimalistyczne i wielofunkcyjne akcesoria, urz\u0105dzenia a tak\u017ce tekstylia, kt\u00f3re zosta\u0142y stworzone z my\u015bl\u0105 o dzieciach i rodzicach.\",\"breadcrumb\":{\"@id\":\"https:\/\/kindaj.com\/pl\/o-marce\/#breadcrumb\"},\"inLanguage\":\"pl-PL\",\"potentialAction\":[{\"@type\":\"ReadAction\",\"target\":[\"https:\/\/kindaj.com\/pl\/o-marce\/\"]}]},{\"@type\":\"BreadcrumbList\",\"@id\":\"https:\/\/kindaj.com\/pl\/o-marce\/#breadcrumb\",\"itemListElement\":[{\"@type\":\"ListItem\",\"position\":1,\"name\":\"strona g\u0142\u00f3wna\",\"item\":\"https:\/\/kindaj.com\/pl\/\"},{\"@type\":\"ListItem\",\"position\":2,\"name\":\"o marce\"}]},{\"@type\":\"WebSite\",\"@id\":\"https:\/\/kindaj.com\/pl\/#website\",\"url\":\"https:\/\/kindaj.com\/pl\/\",\"name\":\"kindaj\",\"description\":\"minimalistyczne produkty dla dzieci i niemowl\u0105t\",\"publisher\":{\"@id\":\"https:\/\/kindaj.com\/pl\/#organization\"},\"potentialAction\":[{\"@type\":\"SearchAction\",\"target\":{\"@type\":\"EntryPoint\",\"urlTemplate\":\"https:\/\/kindaj.com\/pl\/?s={search_term_string}\"},\"query-input\":{\"@type\":\"PropertyValueSpecification\",\"valueRequired\":true,\"valueName\":\"search_term_string\"}}],\"inLanguage\":\"pl-PL\"},{\"@type\":\"Organization\",\"@id\":\"https:\/\/kindaj.com\/pl\/#organization\",\"name\":\"kindaj.com\",\"url\":\"https:\/\/kindaj.com\/pl\/\",\"logo\":{\"@type\":\"ImageObject\",\"inLanguage\":\"pl-PL\",\"@id\":\"https:\/\/kindaj.com\/pl\/#\/schema\/logo\/image\/\",\"url\":\"https:\/\/i0.wp.com\/kindaj.com\/wp-content\/uploads\/2021\/02\/kindaj_logo.jpg?fit=2000%2C2000&ssl=1\",\"contentUrl\":\"https:\/\/i0.wp.com\/kindaj.com\/wp-content\/uploads\/2021\/02\/kindaj_logo.jpg?fit=2000%2C2000&ssl=1\",\"width\":2000,\"height\":2000,\"caption\":\"kindaj.com\"},\"image\":{\"@id\":\"https:\/\/kindaj.com\/pl\/#\/schema\/logo\/image\/\"}}]}<\/script>\n<!-- \/ Yoast SEO plugin. -->","yoast_head_json":{"title":"o marce - kindaj - minimalistyczne produkty dla dzieci i niemowl\u0105t","description":"kindaj to minimalistyczne i wielofunkcyjne akcesoria, urz\u0105dzenia a tak\u017ce tekstylia, kt\u00f3re zosta\u0142y stworzone z my\u015bl\u0105 o dzieciach i rodzicach.","robots":{"index":"index","follow":"follow","max-snippet":"max-snippet:-1","max-image-preview":"max-image-preview:large","max-video-preview":"max-video-preview:-1"},"canonical":"https:\/\/kindaj.com\/pl\/o-marce\/","og_locale":"pl_PL","og_type":"article","og_title":"kindaj - o marce","og_description":"kindaj to minimalistyczne i wielofunkcyjne akcesoria, urz\u0105dzenia a tak\u017ce tekstylia, kt\u00f3re zosta\u0142y stworzone z my\u015bl\u0105 o dzieciach i rodzicach.","og_url":"https:\/\/kindaj.com\/pl\/o-marce\/","og_site_name":"kindaj","article_modified_time":"2021-04-22T13:05:31+00:00","twitter_card":"summary_large_image","twitter_misc":{"Szacowany czas czytania":"2 minuty"},"schema":{"@context":"https:\/\/schema.org","@graph":[{"@type":"WebPage","@id":"https:\/\/kindaj.com\/pl\/o-marce\/","url":"https:\/\/kindaj.com\/pl\/o-marce\/","name":"o marce - kindaj - minimalistyczne produkty dla dzieci i niemowl\u0105t","isPartOf":{"@id":"https:\/\/kindaj.com\/pl\/#website"},"datePublished":"2021-02-08T12:06:37+00:00","dateModified":"2021-04-22T13:05:31+00:00","description":"kindaj to minimalistyczne i wielofunkcyjne akcesoria, urz\u0105dzenia a tak\u017ce tekstylia, kt\u00f3re zosta\u0142y stworzone z my\u015bl\u0105 o dzieciach i rodzicach.","breadcrumb":{"@id":"https:\/\/kindaj.com\/pl\/o-marce\/#breadcrumb"},"inLanguage":"pl-PL","potentialAction":[{"@type":"ReadAction","target":["https:\/\/kindaj.com\/pl\/o-marce\/"]}]},{"@type":"BreadcrumbList","@id":"https:\/\/kindaj.com\/pl\/o-marce\/#breadcrumb","itemListElement":[{"@type":"ListItem","position":1,"name":"strona g\u0142\u00f3wna","item":"https:\/\/kindaj.com\/pl\/"},{"@type":"ListItem","position":2,"name":"o marce"}]},{"@type":"WebSite","@id":"https:\/\/kindaj.com\/pl\/#website","url":"https:\/\/kindaj.com\/pl\/","name":"kindaj","description":"minimalistyczne produkty dla dzieci i niemowl\u0105t","publisher":{"@id":"https:\/\/kindaj.com\/pl\/#organization"},"potentialAction":[{"@type":"SearchAction","target":{"@type":"EntryPoint","urlTemplate":"https:\/\/kindaj.com\/pl\/?s={search_term_string}"},"query-input":{"@type":"PropertyValueSpecification","valueRequired":true,"valueName":"search_term_string"}}],"inLanguage":"pl-PL"},{"@type":"Organization","@id":"https:\/\/kindaj.com\/pl\/#organization","name":"kindaj.com","url":"https:\/\/kindaj.com\/pl\/","logo":{"@type":"ImageObject","inLanguage":"pl-PL","@id":"https:\/\/kindaj.com\/pl\/#\/schema\/logo\/image\/","url":"https:\/\/i0.wp.com\/kindaj.com\/wp-content\/uploads\/2021\/02\/kindaj_logo.jpg?fit=2000%2C2000&ssl=1","contentUrl":"https:\/\/i0.wp.com\/kindaj.com\/wp-content\/uploads\/2021\/02\/kindaj_logo.jpg?fit=2000%2C2000&ssl=1","width":2000,"height":2000,"caption":"kindaj.com"},"image":{"@id":"https:\/\/kindaj.com\/pl\/#\/schema\/logo\/image\/"}}]}},"jetpack_sharing_enabled":true,"_links":{"self":[{"href":"https:\/\/kindaj.com\/pl\/wp-json\/wp\/v2\/pages\/29689","targetHints":{"allow":["GET"]}}],"collection":[{"href":"https:\/\/kindaj.com\/pl\/wp-json\/wp\/v2\/pages"}],"about":[{"href":"https:\/\/kindaj.com\/pl\/wp-json\/wp\/v2\/types\/page"}],"author":[{"embeddable":true,"href":"https:\/\/kindaj.com\/pl\/wp-json\/wp\/v2\/users\/1"}],"replies":[{"embeddable":true,"href":"https:\/\/kindaj.com\/pl\/wp-json\/wp\/v2\/comments?post=29689"}],"version-history":[{"count":0,"href":"https:\/\/kindaj.com\/pl\/wp-json\/wp\/v2\/pages\/29689\/revisions"}],"wp:attachment":[{"href":"https:\/\/kindaj.com\/pl\/wp-json\/wp\/v2\/media?parent=29689"}],"curies":[{"name":"wp","href":"https:\/\/api.w.org\/{rel}","templated":true}]}}