{"id":42175,"date":"2022-06-21T10:39:35","date_gmt":"2022-06-21T11:59:11","guid":{"rendered":"https:\/\/kindaj.com\/shop\/uncategorized\/how-to-expand-babys-diet-day-by-day-50-first-days\/"},"modified":"2025-12-21T11:34:40","modified_gmt":"2025-12-21T11:34:40","slug":"how-to-extend-baby-diet-day-by-day-50-first-days","status":"publish","type":"product","link":"https:\/\/kindaj.com\/en\/shop\/digital-products\/how-to-extend-baby-diet-day-by-day-50-first-days\/","title":{"rendered":"How to expand baby&#8217;s diet day by day. 50 first days."},"content":{"rendered":"<p><span style=\"font-weight: 400;\">Attention! This ebook is available only in polish! &#8220;How to Expand Your Baby&#8217;s Diet Day by Day. The First 50 Days.&#8221; is a digital book with 28 pages. It is for parents starting their adventure with expanding their baby&#8217;s diet, who are clueless in this topic. <\/span><span style=\"font-weight: 400;\">The purpose of this book is to provide the information necessary to understand how and when to begin expanding a healthy infant&#8217;s diet in an digestible way, and to guide the parent through the first 50 days of extending the diet step by step. <\/span><span style=\"font-weight: 400;\"><br \/>\n<\/span><span style=\"font-weight: 400;\">The theoretical part was created on the basis of the current recommendations for expanding the infant&#8217;s diet. It is presented in the form of questions and answers for easier assimilation of information.<\/span><span style=\"font-weight: 400;\"><br \/>\n<\/span><span style=\"font-weight: 400;\">The practical part of the eBook was created under the supervision of a nutritionist. It is created to guide the parent&#8217;s hand in the first 50 days of expanding the infant&#8217;s diet. It consists of a table (ingredients and preparation instructions are written out day after day) and additional 6 recipes rich in nutrients to be prepared in the <a href=\"https:\/\/kindaj.com\/pl\/sklep\/by\/robot-kuchenny-do-gotowania-na-parze-kindaj-cookby\/\">kindaj cookby baby food maker<\/a>.<\/span><\/p>\n<p><span style=\"font-weight: 400;\">You receive the e-book in PDF format to the e-mail address provided during the purchase. Download it to your device and use as much as you need.<\/span><\/p>\n","protected":false},"excerpt":{"rendered":"<p>Attention! This ebook is available only in polish! &#8220;How to Expand Your Baby&#8217;s Diet Day by Day. The First 50 Days.&#8221; is a digital book with 28 pages. It is for parents starting their adventure with expanding their baby&#8217;s diet, who are clueless in this topic. The purpose of this book is to provide the [&hellip;]<\/p>\n","protected":false},"featured_media":44521,"template":"","meta":{"_acf_changed":false},"product_brand":[],"product_cat":[501],"product_tag":[],"class_list":{"0":"post-42175","1":"product","2":"type-product","3":"status-publish","4":"has-post-thumbnail","6":"product_cat-digital-products","8":"first","9":"instock","10":"downloadable","11":"virtual","12":"taxable","13":"purchasable","14":"product-type-simple"},"acf":[],"yoast_head":"<!-- This site is optimized with the Yoast SEO plugin v27.2 - https:\/\/yoast.com\/product\/yoast-seo-wordpress\/ -->\n<title>How to expand your baby&#039;s diet day by day | eBook | kindaj<\/title>\n<meta name=\"description\" content=\"Attention! This ebook is available only in polish! Check out the ebook &quot;How to Expand Your Baby&#039;s Diet Day by Day. The First 50 Days.&quot; Find out how to expand baby&#039;s diet.\" \/>\n<meta name=\"robots\" content=\"index, follow, max-snippet:-1, max-image-preview:large, max-video-preview:-1\" \/>\n<link rel=\"canonical\" href=\"https:\/\/kindaj.com\/en\/shop\/digital-products\/how-to-extend-baby-diet-day-by-day-50-first-days\/\" \/>\n<meta property=\"og:locale\" content=\"en_US\" \/>\n<meta property=\"og:type\" content=\"article\" \/>\n<meta property=\"og:title\" content=\"How to expand baby&#039;s diet day by day. 50 first days.\" \/>\n<meta property=\"og:description\" content=\"Attention! This ebook is available only in polish! Check out the ebook &quot;How to Expand Your Baby&#039;s Diet Day by Day. The First 50 Days.&quot; Find out how to expand baby&#039;s diet.\" \/>\n<meta property=\"og:url\" content=\"https:\/\/kindaj.com\/en\/shop\/digital-products\/how-to-extend-baby-diet-day-by-day-50-first-days\/\" \/>\n<meta property=\"og:site_name\" content=\"kindaj\" \/>\n<meta property=\"article:modified_time\" content=\"2025-12-21T11:34:40+00:00\" \/>\n<meta property=\"og:image\" content=\"https:\/\/kindaj.com\/wp-content\/uploads\/2022\/06\/Projekt-bez-tytulu-3.png\" \/>\n<meta name=\"twitter:card\" content=\"summary_large_image\" \/>\n<meta name=\"twitter:label1\" content=\"Est. reading time\" \/>\n\t<meta name=\"twitter:data1\" content=\"2 minutes\" \/>\n<script type=\"application\/ld+json\" class=\"yoast-schema-graph\">{\"@context\":\"https:\/\/schema.org\",\"@graph\":[{\"@type\":\"WebPage\",\"@id\":\"https:\/\/kindaj.com\/en\/shop\/digital-products\/how-to-extend-baby-diet-day-by-day-50-first-days\/\",\"url\":\"https:\/\/kindaj.com\/en\/shop\/digital-products\/how-to-extend-baby-diet-day-by-day-50-first-days\/\",\"name\":\"How to expand your baby's diet day by day | eBook | kindaj\",\"isPartOf\":{\"@id\":\"https:\/\/kindaj.com\/en\/#website\"},\"primaryImageOfPage\":{\"@id\":\"https:\/\/kindaj.com\/en\/shop\/digital-products\/how-to-extend-baby-diet-day-by-day-50-first-days\/#primaryimage\"},\"image\":{\"@id\":\"https:\/\/kindaj.com\/en\/shop\/digital-products\/how-to-extend-baby-diet-day-by-day-50-first-days\/#primaryimage\"},\"thumbnailUrl\":\"https:\/\/i0.wp.com\/kindaj.com\/wp-content\/uploads\/2022\/06\/okladka-z-ramka%CC%A8-ebook-jak-rozszerzac%CC%81-diete%CC%A8.png?fit=1178%2C1172&ssl=1\",\"datePublished\":\"2022-06-21T11:59:11+00:00\",\"dateModified\":\"2025-12-21T11:34:40+00:00\",\"description\":\"Attention! This ebook is available only in polish! Check out the ebook \\\"How to Expand Your Baby's Diet Day by Day. The First 50 Days.\\\" Find out how to expand baby's diet.\",\"breadcrumb\":{\"@id\":\"https:\/\/kindaj.com\/en\/shop\/digital-products\/how-to-extend-baby-diet-day-by-day-50-first-days\/#breadcrumb\"},\"inLanguage\":\"en-US\",\"potentialAction\":[{\"@type\":\"ReadAction\",\"target\":[\"https:\/\/kindaj.com\/en\/shop\/digital-products\/how-to-extend-baby-diet-day-by-day-50-first-days\/\"]}]},{\"@type\":\"ImageObject\",\"inLanguage\":\"en-US\",\"@id\":\"https:\/\/kindaj.com\/en\/shop\/digital-products\/how-to-extend-baby-diet-day-by-day-50-first-days\/#primaryimage\",\"url\":\"https:\/\/i0.wp.com\/kindaj.com\/wp-content\/uploads\/2022\/06\/okladka-z-ramka%CC%A8-ebook-jak-rozszerzac%CC%81-diete%CC%A8.png?fit=1178%2C1172&ssl=1\",\"contentUrl\":\"https:\/\/i0.wp.com\/kindaj.com\/wp-content\/uploads\/2022\/06\/okladka-z-ramka%CC%A8-ebook-jak-rozszerzac%CC%81-diete%CC%A8.png?fit=1178%2C1172&ssl=1\",\"width\":1178,\"height\":1172,\"caption\":\"jak rozszerza\u0107 diet\u0119 niemowlaka dzie\u0144 po dniu. 50 pierwszych dni. ebook - ok\u0142adka\"},{\"@type\":\"BreadcrumbList\",\"@id\":\"https:\/\/kindaj.com\/en\/shop\/digital-products\/how-to-extend-baby-diet-day-by-day-50-first-days\/#breadcrumb\",\"itemListElement\":[{\"@type\":\"ListItem\",\"position\":1,\"name\":\"home\",\"item\":\"https:\/\/kindaj.com\/en\/home\/\"},{\"@type\":\"ListItem\",\"position\":2,\"name\":\"shop\",\"item\":\"https:\/\/kindaj.com\/en\/shop\/\"},{\"@type\":\"ListItem\",\"position\":3,\"name\":\"digital products\",\"item\":\"https:\/\/kindaj.com\/en\/product-category\/digital-products\/\"},{\"@type\":\"ListItem\",\"position\":4,\"name\":\"How to expand baby&#8217;s diet day by day. 50 first days.\"}]},{\"@type\":\"WebSite\",\"@id\":\"https:\/\/kindaj.com\/en\/#website\",\"url\":\"https:\/\/kindaj.com\/en\/\",\"name\":\"kindaj\",\"description\":\"minimalistyczne produkty dla dzieci i niemowl\u0105t\",\"publisher\":{\"@id\":\"https:\/\/kindaj.com\/en\/#organization\"},\"potentialAction\":[{\"@type\":\"SearchAction\",\"target\":{\"@type\":\"EntryPoint\",\"urlTemplate\":\"https:\/\/kindaj.com\/en\/?s={search_term_string}\"},\"query-input\":{\"@type\":\"PropertyValueSpecification\",\"valueRequired\":true,\"valueName\":\"search_term_string\"}}],\"inLanguage\":\"en-US\"},{\"@type\":\"Organization\",\"@id\":\"https:\/\/kindaj.com\/en\/#organization\",\"name\":\"kindaj.com\",\"url\":\"https:\/\/kindaj.com\/en\/\",\"logo\":{\"@type\":\"ImageObject\",\"inLanguage\":\"en-US\",\"@id\":\"https:\/\/kindaj.com\/en\/#\/schema\/logo\/image\/\",\"url\":\"https:\/\/i0.wp.com\/kindaj.com\/wp-content\/uploads\/2021\/02\/kindaj_logo.jpg?fit=2000%2C2000&ssl=1\",\"contentUrl\":\"https:\/\/i0.wp.com\/kindaj.com\/wp-content\/uploads\/2021\/02\/kindaj_logo.jpg?fit=2000%2C2000&ssl=1\",\"width\":2000,\"height\":2000,\"caption\":\"kindaj.com\"},\"image\":{\"@id\":\"https:\/\/kindaj.com\/en\/#\/schema\/logo\/image\/\"}}]}<\/script>\n<!-- \/ Yoast SEO plugin. -->","yoast_head_json":{"title":"How to expand your baby's diet day by day | eBook | kindaj","description":"Attention! This ebook is available only in polish! Check out the ebook \"How to Expand Your Baby's Diet Day by Day. The First 50 Days.\" Find out how to expand baby's diet.","robots":{"index":"index","follow":"follow","max-snippet":"max-snippet:-1","max-image-preview":"max-image-preview:large","max-video-preview":"max-video-preview:-1"},"canonical":"https:\/\/kindaj.com\/en\/shop\/digital-products\/how-to-extend-baby-diet-day-by-day-50-first-days\/","og_locale":"en_US","og_type":"article","og_title":"How to expand baby's diet day by day. 50 first days.","og_description":"Attention! This ebook is available only in polish! Check out the ebook \"How to Expand Your Baby's Diet Day by Day. The First 50 Days.\" Find out how to expand baby's diet.","og_url":"https:\/\/kindaj.com\/en\/shop\/digital-products\/how-to-extend-baby-diet-day-by-day-50-first-days\/","og_site_name":"kindaj","article_modified_time":"2025-12-21T11:34:40+00:00","og_image":[{"url":"https:\/\/kindaj.com\/wp-content\/uploads\/2022\/06\/Projekt-bez-tytulu-3.png","type":"","width":"","height":""}],"twitter_card":"summary_large_image","twitter_misc":{"Est. reading time":"2 minutes"},"schema":{"@context":"https:\/\/schema.org","@graph":[{"@type":"WebPage","@id":"https:\/\/kindaj.com\/en\/shop\/digital-products\/how-to-extend-baby-diet-day-by-day-50-first-days\/","url":"https:\/\/kindaj.com\/en\/shop\/digital-products\/how-to-extend-baby-diet-day-by-day-50-first-days\/","name":"How to expand your baby's diet day by day | eBook | kindaj","isPartOf":{"@id":"https:\/\/kindaj.com\/en\/#website"},"primaryImageOfPage":{"@id":"https:\/\/kindaj.com\/en\/shop\/digital-products\/how-to-extend-baby-diet-day-by-day-50-first-days\/#primaryimage"},"image":{"@id":"https:\/\/kindaj.com\/en\/shop\/digital-products\/how-to-extend-baby-diet-day-by-day-50-first-days\/#primaryimage"},"thumbnailUrl":"https:\/\/i0.wp.com\/kindaj.com\/wp-content\/uploads\/2022\/06\/okladka-z-ramka%CC%A8-ebook-jak-rozszerzac%CC%81-diete%CC%A8.png?fit=1178%2C1172&ssl=1","datePublished":"2022-06-21T11:59:11+00:00","dateModified":"2025-12-21T11:34:40+00:00","description":"Attention! This ebook is available only in polish! Check out the ebook \"How to Expand Your Baby's Diet Day by Day. The First 50 Days.\" Find out how to expand baby's diet.","breadcrumb":{"@id":"https:\/\/kindaj.com\/en\/shop\/digital-products\/how-to-extend-baby-diet-day-by-day-50-first-days\/#breadcrumb"},"inLanguage":"en-US","potentialAction":[{"@type":"ReadAction","target":["https:\/\/kindaj.com\/en\/shop\/digital-products\/how-to-extend-baby-diet-day-by-day-50-first-days\/"]}]},{"@type":"ImageObject","inLanguage":"en-US","@id":"https:\/\/kindaj.com\/en\/shop\/digital-products\/how-to-extend-baby-diet-day-by-day-50-first-days\/#primaryimage","url":"https:\/\/i0.wp.com\/kindaj.com\/wp-content\/uploads\/2022\/06\/okladka-z-ramka%CC%A8-ebook-jak-rozszerzac%CC%81-diete%CC%A8.png?fit=1178%2C1172&ssl=1","contentUrl":"https:\/\/i0.wp.com\/kindaj.com\/wp-content\/uploads\/2022\/06\/okladka-z-ramka%CC%A8-ebook-jak-rozszerzac%CC%81-diete%CC%A8.png?fit=1178%2C1172&ssl=1","width":1178,"height":1172,"caption":"jak rozszerza\u0107 diet\u0119 niemowlaka dzie\u0144 po dniu. 50 pierwszych dni. ebook - ok\u0142adka"},{"@type":"BreadcrumbList","@id":"https:\/\/kindaj.com\/en\/shop\/digital-products\/how-to-extend-baby-diet-day-by-day-50-first-days\/#breadcrumb","itemListElement":[{"@type":"ListItem","position":1,"name":"home","item":"https:\/\/kindaj.com\/en\/home\/"},{"@type":"ListItem","position":2,"name":"shop","item":"https:\/\/kindaj.com\/en\/shop\/"},{"@type":"ListItem","position":3,"name":"digital products","item":"https:\/\/kindaj.com\/en\/product-category\/digital-products\/"},{"@type":"ListItem","position":4,"name":"How to expand baby&#8217;s diet day by day. 50 first days."}]},{"@type":"WebSite","@id":"https:\/\/kindaj.com\/en\/#website","url":"https:\/\/kindaj.com\/en\/","name":"kindaj","description":"minimalistyczne produkty dla dzieci i niemowl\u0105t","publisher":{"@id":"https:\/\/kindaj.com\/en\/#organization"},"potentialAction":[{"@type":"SearchAction","target":{"@type":"EntryPoint","urlTemplate":"https:\/\/kindaj.com\/en\/?s={search_term_string}"},"query-input":{"@type":"PropertyValueSpecification","valueRequired":true,"valueName":"search_term_string"}}],"inLanguage":"en-US"},{"@type":"Organization","@id":"https:\/\/kindaj.com\/en\/#organization","name":"kindaj.com","url":"https:\/\/kindaj.com\/en\/","logo":{"@type":"ImageObject","inLanguage":"en-US","@id":"https:\/\/kindaj.com\/en\/#\/schema\/logo\/image\/","url":"https:\/\/i0.wp.com\/kindaj.com\/wp-content\/uploads\/2021\/02\/kindaj_logo.jpg?fit=2000%2C2000&ssl=1","contentUrl":"https:\/\/i0.wp.com\/kindaj.com\/wp-content\/uploads\/2021\/02\/kindaj_logo.jpg?fit=2000%2C2000&ssl=1","width":2000,"height":2000,"caption":"kindaj.com"},"image":{"@id":"https:\/\/kindaj.com\/en\/#\/schema\/logo\/image\/"}}]}},"jetpack_sharing_enabled":true,"_links":{"self":[{"href":"https:\/\/kindaj.com\/en\/wp-json\/wp\/v2\/product\/42175","targetHints":{"allow":["GET"]}}],"collection":[{"href":"https:\/\/kindaj.com\/en\/wp-json\/wp\/v2\/product"}],"about":[{"href":"https:\/\/kindaj.com\/en\/wp-json\/wp\/v2\/types\/product"}],"version-history":[{"count":0,"href":"https:\/\/kindaj.com\/en\/wp-json\/wp\/v2\/product\/42175\/revisions"}],"wp:featuredmedia":[{"embeddable":true,"href":"https:\/\/kindaj.com\/en\/wp-json\/wp\/v2\/media\/44521"}],"wp:attachment":[{"href":"https:\/\/kindaj.com\/en\/wp-json\/wp\/v2\/media?parent=42175"}],"wp:term":[{"taxonomy":"product_brand","embeddable":true,"href":"https:\/\/kindaj.com\/en\/wp-json\/wp\/v2\/product_brand?post=42175"},{"taxonomy":"product_cat","embeddable":true,"href":"https:\/\/kindaj.com\/en\/wp-json\/wp\/v2\/product_cat?post=42175"},{"taxonomy":"product_tag","embeddable":true,"href":"https:\/\/kindaj.com\/en\/wp-json\/wp\/v2\/product_tag?post=42175"}],"curies":[{"name":"wp","href":"https:\/\/api.w.org\/{rel}","templated":true}]}}