{"id":32532,"date":"2021-02-04T10:46:41","date_gmt":"2021-02-04T10:46:41","guid":{"rendered":"https:\/\/kindaj.com\/shop\/uncategorized\/baby-bottle-warmer-with-a-steam-sterilizer-function-kindaj-steamby\/"},"modified":"2025-12-21T11:34:43","modified_gmt":"2025-12-21T11:34:43","slug":"baby-bottle-warmer-with-a-steam-sterilizer-function-kindaj-steamby","status":"publish","type":"product","link":"https:\/\/kindaj.com\/en\/shop\/by-en\/baby-bottle-warmer-with-a-steam-sterilizer-function-kindaj-steamby\/","title":{"rendered":"Baby bottle warmer with a steam sterilizer function kindaj steamby"},"content":{"rendered":"<p>kindaj steamby is a 5-in-1 warmer for liquids and solid meals with sterilization function &#8211; bottles and accessories for babies. The warmer has 5 modes: defrosting, milk, formula (mm), food and sterilization. Therefore, in steamby you will defrost mum&#8217;s milk, heat up mum&#8217;s milk, formula, solid meals, e.g. jars, and steam sterilize baby accessories. Each mode has a suitable temperature, so you don&#8217;t have to worry about what temperature to choose. The device will adjust it for you. You can also adjust the temperature according to your needs using the +\/- button.<\/p>\n<p>The device is light and does not take up much space. It has an easy-to-use touchscreen control panel and a shortcut button that facilitates quick activation of the defrosting mode or the milk heating mode. After the heating process is finished, steamby goes into standby mode. This means that it will keep the heated liquid warm until the device is turned off with the on\/off button. However, after the sterilization process, the steamby turns off automatically.<\/p>\n<p>Steamby&#8217;s premise is not to break records in the speed of heating or sterilization. Steamby is to meet the needs of parents who want to use a high-quality but affordable multifunctional device in their home. Kindaj steamby&#8217;s steam sterilization time is approx. 12 min. The heating time is min. several minutes depending on the amount and initial temperature of the liquid in the bottle.<\/p>\n<p>In the kindaj steamby electric heater you can fit 2 bottles with a maximum height of 18 and 19 cm (this is equivalent to two bottles <a href=\"https:\/\/kindaj.com\/en\/product-category\/one-classic-en\/\">one classic240<\/a>) with the lid closed and a maximum diameter of 7 cm.<br \/>\nKindaj steamby is available in white color and requires connection to the socket.<\/p>\n<p>How specialist rate the 5in1 kindaj steamby bottle warmer &#8211; <a href=\"https:\/\/arturrakowski.pl\/sterylizator-do-butelek\/\">read here.<\/a><\/p>\n<p>To learn how to care for the hygiene of the 5-in-1 kindaj steamby heater, read (first) the manual that comes with the product. As an additional help, we also leave a short film &#8211; <a href=\"https:\/\/www.instagram.com\/tv\/CPa9BukAnS4\/\">see<\/a>.<\/p>\n","protected":false},"excerpt":{"rendered":"<p>kindaj steamby is a 5-in-1 warmer for liquids and solid meals with sterilization function &#8211; bottles and accessories for babies. The warmer has 5 modes: defrosting, milk, formula (mm), food and sterilization. Therefore, in steamby you will defrost mum&#8217;s milk, heat up mum&#8217;s milk, formula, solid meals, e.g. jars, and steam sterilize baby accessories. Each [&hellip;]<\/p>\n","protected":false},"featured_media":30256,"template":"","meta":{"_acf_changed":false},"product_brand":[],"product_cat":[495],"product_tag":[],"class_list":{"0":"post-32532","1":"product","2":"type-product","3":"status-publish","4":"has-post-thumbnail","6":"product_cat-by-en","8":"first","9":"instock","10":"sale","11":"taxable","12":"shipping-taxable","13":"purchasable","14":"product-type-simple"},"acf":[],"yoast_head":"<!-- This site is optimized with the Yoast SEO plugin v27.5 - https:\/\/yoast.com\/product\/yoast-seo-wordpress\/ -->\n<title>Baby bottle warmer with a steam sterilizer function kindaj steamby - kindaj<\/title>\n<meta name=\"description\" content=\"buy now - kindaj steamby 5-in-1 heater for liquids and solid meals with the function of sterilizing bottles and accessories for children.\" \/>\n<meta name=\"robots\" content=\"index, follow, max-snippet:-1, max-image-preview:large, max-video-preview:-1\" \/>\n<link rel=\"canonical\" href=\"https:\/\/kindaj.com\/en\/shop\/by-en\/baby-bottle-warmer-with-a-steam-sterilizer-function-kindaj-steamby\/\" \/>\n<meta property=\"og:locale\" content=\"en_US\" \/>\n<meta property=\"og:type\" content=\"article\" \/>\n<meta property=\"og:title\" content=\"Baby bottle warmer with a steam sterilizer function kindaj steamby - kindaj\" \/>\n<meta property=\"og:description\" content=\"buy now - kindaj steamby 5-in-1 heater for liquids and solid meals with the function of sterilizing bottles and accessories for children.\" \/>\n<meta property=\"og:url\" content=\"https:\/\/kindaj.com\/en\/shop\/by-en\/baby-bottle-warmer-with-a-steam-sterilizer-function-kindaj-steamby\/\" \/>\n<meta property=\"og:site_name\" content=\"kindaj\" \/>\n<meta property=\"article:modified_time\" content=\"2025-12-21T11:34:43+00:00\" \/>\n<meta name=\"twitter:card\" content=\"summary_large_image\" \/>\n<meta name=\"twitter:label1\" content=\"Est. reading time\" \/>\n\t<meta name=\"twitter:data1\" content=\"2 minutes\" \/>\n<script type=\"application\/ld+json\" class=\"yoast-schema-graph\">{\"@context\":\"https:\\\/\\\/schema.org\",\"@graph\":[{\"@type\":\"WebPage\",\"@id\":\"https:\\\/\\\/kindaj.com\\\/en\\\/shop\\\/by-en\\\/baby-bottle-warmer-with-a-steam-sterilizer-function-kindaj-steamby\\\/\",\"url\":\"https:\\\/\\\/kindaj.com\\\/en\\\/shop\\\/by-en\\\/baby-bottle-warmer-with-a-steam-sterilizer-function-kindaj-steamby\\\/\",\"name\":\"Baby bottle warmer with a steam sterilizer function kindaj steamby - kindaj\",\"isPartOf\":{\"@id\":\"https:\\\/\\\/kindaj.com\\\/en\\\/#website\"},\"primaryImageOfPage\":{\"@id\":\"https:\\\/\\\/kindaj.com\\\/en\\\/shop\\\/by-en\\\/baby-bottle-warmer-with-a-steam-sterilizer-function-kindaj-steamby\\\/#primaryimage\"},\"image\":{\"@id\":\"https:\\\/\\\/kindaj.com\\\/en\\\/shop\\\/by-en\\\/baby-bottle-warmer-with-a-steam-sterilizer-function-kindaj-steamby\\\/#primaryimage\"},\"thumbnailUrl\":\"https:\\\/\\\/i0.wp.com\\\/kindaj.com\\\/wp-content\\\/uploads\\\/2021\\\/02\\\/KINDAJ_k_1_n.jpg?fit=2500%2C2500&ssl=1\",\"datePublished\":\"2021-02-04T10:46:41+00:00\",\"dateModified\":\"2025-12-21T11:34:43+00:00\",\"description\":\"buy now - kindaj steamby 5-in-1 heater for liquids and solid meals with the function of sterilizing bottles and accessories for children.\",\"breadcrumb\":{\"@id\":\"https:\\\/\\\/kindaj.com\\\/en\\\/shop\\\/by-en\\\/baby-bottle-warmer-with-a-steam-sterilizer-function-kindaj-steamby\\\/#breadcrumb\"},\"inLanguage\":\"en-US\",\"potentialAction\":[{\"@type\":\"ReadAction\",\"target\":[\"https:\\\/\\\/kindaj.com\\\/en\\\/shop\\\/by-en\\\/baby-bottle-warmer-with-a-steam-sterilizer-function-kindaj-steamby\\\/\"]}]},{\"@type\":\"ImageObject\",\"inLanguage\":\"en-US\",\"@id\":\"https:\\\/\\\/kindaj.com\\\/en\\\/shop\\\/by-en\\\/baby-bottle-warmer-with-a-steam-sterilizer-function-kindaj-steamby\\\/#primaryimage\",\"url\":\"https:\\\/\\\/i0.wp.com\\\/kindaj.com\\\/wp-content\\\/uploads\\\/2021\\\/02\\\/KINDAJ_k_1_n.jpg?fit=2500%2C2500&ssl=1\",\"contentUrl\":\"https:\\\/\\\/i0.wp.com\\\/kindaj.com\\\/wp-content\\\/uploads\\\/2021\\\/02\\\/KINDAJ_k_1_n.jpg?fit=2500%2C2500&ssl=1\",\"width\":2500,\"height\":2500,\"caption\":\"bia\u0142y podgrzewacz do mleka i posi\u0142k\u00f3w sta\u0142ych z funkcj\u0105 sterylizacji akcesori\u00f3w dla dzieci kindaj steamby\"},{\"@type\":\"BreadcrumbList\",\"@id\":\"https:\\\/\\\/kindaj.com\\\/en\\\/shop\\\/by-en\\\/baby-bottle-warmer-with-a-steam-sterilizer-function-kindaj-steamby\\\/#breadcrumb\",\"itemListElement\":[{\"@type\":\"ListItem\",\"position\":1,\"name\":\"home\",\"item\":\"https:\\\/\\\/kindaj.com\\\/en\\\/home\\\/\"},{\"@type\":\"ListItem\",\"position\":2,\"name\":\"shop\",\"item\":\"https:\\\/\\\/kindaj.com\\\/en\\\/shop\\\/\"},{\"@type\":\"ListItem\",\"position\":3,\"name\":\"-by\",\"item\":\"https:\\\/\\\/kindaj.com\\\/en\\\/product-category\\\/by-en\\\/\"},{\"@type\":\"ListItem\",\"position\":4,\"name\":\"Baby bottle warmer with a steam sterilizer function kindaj steamby\"}]},{\"@type\":\"WebSite\",\"@id\":\"https:\\\/\\\/kindaj.com\\\/en\\\/#website\",\"url\":\"https:\\\/\\\/kindaj.com\\\/en\\\/\",\"name\":\"kindaj\",\"description\":\"minimalistyczne produkty dla dzieci i niemowl\u0105t\",\"publisher\":{\"@id\":\"https:\\\/\\\/kindaj.com\\\/en\\\/#organization\"},\"potentialAction\":[{\"@type\":\"SearchAction\",\"target\":{\"@type\":\"EntryPoint\",\"urlTemplate\":\"https:\\\/\\\/kindaj.com\\\/en\\\/?s={search_term_string}\"},\"query-input\":{\"@type\":\"PropertyValueSpecification\",\"valueRequired\":true,\"valueName\":\"search_term_string\"}}],\"inLanguage\":\"en-US\"},{\"@type\":\"Organization\",\"@id\":\"https:\\\/\\\/kindaj.com\\\/en\\\/#organization\",\"name\":\"kindaj.com\",\"url\":\"https:\\\/\\\/kindaj.com\\\/en\\\/\",\"logo\":{\"@type\":\"ImageObject\",\"inLanguage\":\"en-US\",\"@id\":\"https:\\\/\\\/kindaj.com\\\/en\\\/#\\\/schema\\\/logo\\\/image\\\/\",\"url\":\"https:\\\/\\\/i0.wp.com\\\/kindaj.com\\\/wp-content\\\/uploads\\\/2021\\\/02\\\/kindaj_logo.jpg?fit=2000%2C2000&ssl=1\",\"contentUrl\":\"https:\\\/\\\/i0.wp.com\\\/kindaj.com\\\/wp-content\\\/uploads\\\/2021\\\/02\\\/kindaj_logo.jpg?fit=2000%2C2000&ssl=1\",\"width\":2000,\"height\":2000,\"caption\":\"kindaj.com\"},\"image\":{\"@id\":\"https:\\\/\\\/kindaj.com\\\/en\\\/#\\\/schema\\\/logo\\\/image\\\/\"}}]}<\/script>\n<!-- \/ Yoast SEO plugin. -->","yoast_head_json":{"title":"Baby bottle warmer with a steam sterilizer function kindaj steamby - kindaj","description":"buy now - kindaj steamby 5-in-1 heater for liquids and solid meals with the function of sterilizing bottles and accessories for children.","robots":{"index":"index","follow":"follow","max-snippet":"max-snippet:-1","max-image-preview":"max-image-preview:large","max-video-preview":"max-video-preview:-1"},"canonical":"https:\/\/kindaj.com\/en\/shop\/by-en\/baby-bottle-warmer-with-a-steam-sterilizer-function-kindaj-steamby\/","og_locale":"en_US","og_type":"article","og_title":"Baby bottle warmer with a steam sterilizer function kindaj steamby - kindaj","og_description":"buy now - kindaj steamby 5-in-1 heater for liquids and solid meals with the function of sterilizing bottles and accessories for children.","og_url":"https:\/\/kindaj.com\/en\/shop\/by-en\/baby-bottle-warmer-with-a-steam-sterilizer-function-kindaj-steamby\/","og_site_name":"kindaj","article_modified_time":"2025-12-21T11:34:43+00:00","twitter_card":"summary_large_image","twitter_misc":{"Est. reading time":"2 minutes"},"schema":{"@context":"https:\/\/schema.org","@graph":[{"@type":"WebPage","@id":"https:\/\/kindaj.com\/en\/shop\/by-en\/baby-bottle-warmer-with-a-steam-sterilizer-function-kindaj-steamby\/","url":"https:\/\/kindaj.com\/en\/shop\/by-en\/baby-bottle-warmer-with-a-steam-sterilizer-function-kindaj-steamby\/","name":"Baby bottle warmer with a steam sterilizer function kindaj steamby - kindaj","isPartOf":{"@id":"https:\/\/kindaj.com\/en\/#website"},"primaryImageOfPage":{"@id":"https:\/\/kindaj.com\/en\/shop\/by-en\/baby-bottle-warmer-with-a-steam-sterilizer-function-kindaj-steamby\/#primaryimage"},"image":{"@id":"https:\/\/kindaj.com\/en\/shop\/by-en\/baby-bottle-warmer-with-a-steam-sterilizer-function-kindaj-steamby\/#primaryimage"},"thumbnailUrl":"https:\/\/i0.wp.com\/kindaj.com\/wp-content\/uploads\/2021\/02\/KINDAJ_k_1_n.jpg?fit=2500%2C2500&ssl=1","datePublished":"2021-02-04T10:46:41+00:00","dateModified":"2025-12-21T11:34:43+00:00","description":"buy now - kindaj steamby 5-in-1 heater for liquids and solid meals with the function of sterilizing bottles and accessories for children.","breadcrumb":{"@id":"https:\/\/kindaj.com\/en\/shop\/by-en\/baby-bottle-warmer-with-a-steam-sterilizer-function-kindaj-steamby\/#breadcrumb"},"inLanguage":"en-US","potentialAction":[{"@type":"ReadAction","target":["https:\/\/kindaj.com\/en\/shop\/by-en\/baby-bottle-warmer-with-a-steam-sterilizer-function-kindaj-steamby\/"]}]},{"@type":"ImageObject","inLanguage":"en-US","@id":"https:\/\/kindaj.com\/en\/shop\/by-en\/baby-bottle-warmer-with-a-steam-sterilizer-function-kindaj-steamby\/#primaryimage","url":"https:\/\/i0.wp.com\/kindaj.com\/wp-content\/uploads\/2021\/02\/KINDAJ_k_1_n.jpg?fit=2500%2C2500&ssl=1","contentUrl":"https:\/\/i0.wp.com\/kindaj.com\/wp-content\/uploads\/2021\/02\/KINDAJ_k_1_n.jpg?fit=2500%2C2500&ssl=1","width":2500,"height":2500,"caption":"bia\u0142y podgrzewacz do mleka i posi\u0142k\u00f3w sta\u0142ych z funkcj\u0105 sterylizacji akcesori\u00f3w dla dzieci kindaj steamby"},{"@type":"BreadcrumbList","@id":"https:\/\/kindaj.com\/en\/shop\/by-en\/baby-bottle-warmer-with-a-steam-sterilizer-function-kindaj-steamby\/#breadcrumb","itemListElement":[{"@type":"ListItem","position":1,"name":"home","item":"https:\/\/kindaj.com\/en\/home\/"},{"@type":"ListItem","position":2,"name":"shop","item":"https:\/\/kindaj.com\/en\/shop\/"},{"@type":"ListItem","position":3,"name":"-by","item":"https:\/\/kindaj.com\/en\/product-category\/by-en\/"},{"@type":"ListItem","position":4,"name":"Baby bottle warmer with a steam sterilizer function kindaj steamby"}]},{"@type":"WebSite","@id":"https:\/\/kindaj.com\/en\/#website","url":"https:\/\/kindaj.com\/en\/","name":"kindaj","description":"minimalistyczne produkty dla dzieci i niemowl\u0105t","publisher":{"@id":"https:\/\/kindaj.com\/en\/#organization"},"potentialAction":[{"@type":"SearchAction","target":{"@type":"EntryPoint","urlTemplate":"https:\/\/kindaj.com\/en\/?s={search_term_string}"},"query-input":{"@type":"PropertyValueSpecification","valueRequired":true,"valueName":"search_term_string"}}],"inLanguage":"en-US"},{"@type":"Organization","@id":"https:\/\/kindaj.com\/en\/#organization","name":"kindaj.com","url":"https:\/\/kindaj.com\/en\/","logo":{"@type":"ImageObject","inLanguage":"en-US","@id":"https:\/\/kindaj.com\/en\/#\/schema\/logo\/image\/","url":"https:\/\/i0.wp.com\/kindaj.com\/wp-content\/uploads\/2021\/02\/kindaj_logo.jpg?fit=2000%2C2000&ssl=1","contentUrl":"https:\/\/i0.wp.com\/kindaj.com\/wp-content\/uploads\/2021\/02\/kindaj_logo.jpg?fit=2000%2C2000&ssl=1","width":2000,"height":2000,"caption":"kindaj.com"},"image":{"@id":"https:\/\/kindaj.com\/en\/#\/schema\/logo\/image\/"}}]}},"jetpack_sharing_enabled":true,"_links":{"self":[{"href":"https:\/\/kindaj.com\/en\/wp-json\/wp\/v2\/product\/32532","targetHints":{"allow":["GET"]}}],"collection":[{"href":"https:\/\/kindaj.com\/en\/wp-json\/wp\/v2\/product"}],"about":[{"href":"https:\/\/kindaj.com\/en\/wp-json\/wp\/v2\/types\/product"}],"version-history":[{"count":0,"href":"https:\/\/kindaj.com\/en\/wp-json\/wp\/v2\/product\/32532\/revisions"}],"wp:featuredmedia":[{"embeddable":true,"href":"https:\/\/kindaj.com\/en\/wp-json\/wp\/v2\/media\/30256"}],"wp:attachment":[{"href":"https:\/\/kindaj.com\/en\/wp-json\/wp\/v2\/media?parent=32532"}],"wp:term":[{"taxonomy":"product_brand","embeddable":true,"href":"https:\/\/kindaj.com\/en\/wp-json\/wp\/v2\/product_brand?post=32532"},{"taxonomy":"product_cat","embeddable":true,"href":"https:\/\/kindaj.com\/en\/wp-json\/wp\/v2\/product_cat?post=32532"},{"taxonomy":"product_tag","embeddable":true,"href":"https:\/\/kindaj.com\/en\/wp-json\/wp\/v2\/product_tag?post=32532"}],"curies":[{"name":"wp","href":"https:\/\/api.w.org\/{rel}","templated":true}]}}