{"id":33357,"date":"2021-04-19T12:38:24","date_gmt":"2021-04-19T12:38:24","guid":{"rendered":"https:\/\/kindaj.com\/shipping-payment\/"},"modified":"2023-02-08T09:39:30","modified_gmt":"2023-02-08T09:39:30","slug":"shipping-payment","status":"publish","type":"page","link":"https:\/\/kindaj.com\/en\/shipping-payment\/","title":{"rendered":"shipping &amp; payment"},"content":{"rendered":"\t\t<div data-elementor-type=\"wp-page\" data-elementor-id=\"33357\" class=\"elementor elementor-33357 elementor-29703\" data-elementor-post-type=\"page\">\n\t\t\t\t\t\t<section class=\"elementor-section elementor-top-section elementor-element elementor-element-d075c7c elementor-section-full_width elementor-section-height-default elementor-section-height-default\" data-id=\"d075c7c\" data-element_type=\"section\" data-e-type=\"section\">\n\t\t\t\t\t\t<div class=\"elementor-container elementor-column-gap-default\">\n\t\t\t\t\t<div class=\"elementor-column elementor-col-100 elementor-top-column elementor-element elementor-element-f52751f\" data-id=\"f52751f\" data-element_type=\"column\" data-e-type=\"column\">\n\t\t\t<div class=\"elementor-widget-wrap elementor-element-populated\">\n\t\t\t\t\t\t<div class=\"elementor-element elementor-element-fa5b0fb elementor-widget elementor-widget-breadcrumbs\" data-id=\"fa5b0fb\" data-element_type=\"widget\" data-e-type=\"widget\" data-widget_type=\"breadcrumbs.default\">\n\t\t\t\t<div class=\"elementor-widget-container\">\n\t\t\t\t\t<p id=\"breadcrumbs\"><span><span><a href=\"https:\/\/kindaj.com\/en\/home\/\">home<\/a><\/span><\/span><\/p>\t\t\t\t<\/div>\n\t\t\t\t<\/div>\n\t\t\t\t\t<\/div>\n\t\t<\/div>\n\t\t\t\t\t<\/div>\n\t\t<\/section>\n\t\t\t\t<section class=\"elementor-section elementor-top-section elementor-element elementor-element-1960f22 elementor-section-full_width elementor-section-height-default elementor-section-height-default\" data-id=\"1960f22\" data-element_type=\"section\" data-e-type=\"section\">\n\t\t\t\t\t\t<div class=\"elementor-container elementor-column-gap-default\">\n\t\t\t\t\t<div class=\"elementor-column elementor-col-100 elementor-top-column elementor-element elementor-element-8e9d70d\" data-id=\"8e9d70d\" data-element_type=\"column\" data-e-type=\"column\">\n\t\t\t<div class=\"elementor-widget-wrap elementor-element-populated\">\n\t\t\t\t\t\t\t<\/div>\n\t\t<\/div>\n\t\t\t\t\t<\/div>\n\t\t<\/section>\n\t\t\t\t<section class=\"elementor-section elementor-top-section elementor-element elementor-element-baf02bc elementor-section-full_width elementor-section-height-default elementor-section-height-default\" data-id=\"baf02bc\" data-element_type=\"section\" data-e-type=\"section\">\n\t\t\t\t\t\t<div class=\"elementor-container elementor-column-gap-default\">\n\t\t\t\t\t<div class=\"elementor-column elementor-col-100 elementor-top-column elementor-element elementor-element-d6e3e57\" data-id=\"d6e3e57\" data-element_type=\"column\" data-e-type=\"column\">\n\t\t\t<div class=\"elementor-widget-wrap elementor-element-populated\">\n\t\t\t\t\t\t<div class=\"elementor-element elementor-element-2aaba88 elementor-widget-divider--view-line elementor-widget elementor-widget-divider\" data-id=\"2aaba88\" data-element_type=\"widget\" data-e-type=\"widget\" data-widget_type=\"divider.default\">\n\t\t\t\t<div class=\"elementor-widget-container\">\n\t\t\t\t\t\t\t<div class=\"elementor-divider\">\n\t\t\t<span class=\"elementor-divider-separator\">\n\t\t\t\t\t\t<\/span>\n\t\t<\/div>\n\t\t\t\t\t\t<\/div>\n\t\t\t\t<\/div>\n\t\t\t\t\t<\/div>\n\t\t<\/div>\n\t\t\t\t\t<\/div>\n\t\t<\/section>\n\t\t\t\t<section class=\"elementor-section elementor-top-section elementor-element elementor-element-4d4d5bc elementor-section-full_width elementor-section-height-default elementor-section-height-default\" data-id=\"4d4d5bc\" data-element_type=\"section\" data-e-type=\"section\">\n\t\t\t\t\t\t<div class=\"elementor-container elementor-column-gap-default\">\n\t\t\t\t\t<div class=\"elementor-column elementor-col-100 elementor-top-column elementor-element elementor-element-79b2752\" data-id=\"79b2752\" data-element_type=\"column\" data-e-type=\"column\">\n\t\t\t<div class=\"elementor-widget-wrap elementor-element-populated\">\n\t\t\t\t\t\t<div class=\"elementor-element elementor-element-2fc85c3 elementor-widget elementor-widget-accordion\" data-id=\"2fc85c3\" data-element_type=\"widget\" data-e-type=\"widget\" data-widget_type=\"accordion.default\">\n\t\t\t\t<div class=\"elementor-widget-container\">\n\t\t\t\t\t\t\t<div class=\"elementor-accordion\">\n\t\t\t\t\t\t\t<div class=\"elementor-accordion-item\">\n\t\t\t\t\t<div id=\"elementor-tab-title-5011\" class=\"elementor-tab-title\" data-tab=\"1\" role=\"button\" aria-controls=\"elementor-tab-content-5011\" aria-expanded=\"false\">\n\t\t\t\t\t\t\t\t\t\t\t\t\t<span class=\"elementor-accordion-icon elementor-accordion-icon-left\" aria-hidden=\"true\">\n\t\t\t\t\t\t\t\t\t\t\t\t\t\t\t<span class=\"elementor-accordion-icon-closed\"><i class=\"fas fa-plus\"><\/i><\/span>\n\t\t\t\t\t\t\t\t<span class=\"elementor-accordion-icon-opened\"><i class=\"fas fa-minus\"><\/i><\/span>\n\t\t\t\t\t\t\t\t\t\t\t\t\t\t<\/span>\n\t\t\t\t\t\t\t\t\t\t\t\t<a class=\"elementor-accordion-title\" tabindex=\"0\">Poland<\/a>\n\t\t\t\t\t<\/div>\n\t\t\t\t\t<div id=\"elementor-tab-content-5011\" class=\"elementor-tab-content elementor-clearfix\" data-tab=\"1\" role=\"region\" aria-labelledby=\"elementor-tab-title-5011\"><p><strong>Available countries<\/strong> &#8211; Poland<\/p>\n<p><strong>Shipping<\/strong> &#8211; DHL Parcel<\/p>\n<p><strong>P\u0142atno\u015b\u0107<\/strong> &#8211; Przelewy24, <span style=\"font-size: 0.9rem;\">PayPal, PayU, <\/span><span style=\"font-size: 0.9rem;\">Karta p\u0142atnicza (Stripe)<\/span><\/p>\n<p><strong>Delivery time<\/strong> &#8211; 1-2 days<\/p>\n<p>The shipping cost is available in the checkout after selecting the country of delivery (from PLN 18.03). Free delivery from 199 PLN.<\/p>\n<\/div>\n\t\t\t\t<\/div>\n\t\t\t\t\t\t\t<div class=\"elementor-accordion-item\">\n\t\t\t\t\t<div id=\"elementor-tab-title-5012\" class=\"elementor-tab-title\" data-tab=\"2\" role=\"button\" aria-controls=\"elementor-tab-content-5012\" aria-expanded=\"false\">\n\t\t\t\t\t\t\t\t\t\t\t\t\t<span class=\"elementor-accordion-icon elementor-accordion-icon-left\" aria-hidden=\"true\">\n\t\t\t\t\t\t\t\t\t\t\t\t\t\t\t<span class=\"elementor-accordion-icon-closed\"><i class=\"fas fa-plus\"><\/i><\/span>\n\t\t\t\t\t\t\t\t<span class=\"elementor-accordion-icon-opened\"><i class=\"fas fa-minus\"><\/i><\/span>\n\t\t\t\t\t\t\t\t\t\t\t\t\t\t<\/span>\n\t\t\t\t\t\t\t\t\t\t\t\t<a class=\"elementor-accordion-title\" tabindex=\"0\">Europe<\/a>\n\t\t\t\t\t<\/div>\n\t\t\t\t\t<div id=\"elementor-tab-content-5012\" class=\"elementor-tab-content elementor-clearfix\" data-tab=\"2\" role=\"region\" aria-labelledby=\"elementor-tab-title-5012\"><p><strong>Available countries<\/strong> &#8211; Austria | Belgium | Czech Republic | Estonia | Finland | France | Spain | Netherlands | Ireland | Lithuania | Latvia | Monaco | Germany | Portugal | Slovakia | Slovenia | Sweden | Hungary | Italy<\/p>\n<p><strong>Shipping<\/strong> &#8211; DHL Parcel<\/p>\n<p><strong>Payment<\/strong> &#8211; Credit Card (Stripe), Bancontact (Stripe), SOFORT (Stripe), Giropay (Stripe), EPS (Stripe), iDeal (Stripe) <\/p>\n<p><strong>Delivery time<\/strong> &#8211; 2-6 days<\/p>\n<p>The shipping cost is available in the checkout after selecting the country of delivery (from 9,00\u20ac). Free delivery from 99\u20ac.<\/p>\n<\/div>\n\t\t\t\t<\/div>\n\t\t\t\t\t\t\t\t<\/div>\n\t\t\t\t\t\t<\/div>\n\t\t\t\t<\/div>\n\t\t\t\t\t<\/div>\n\t\t<\/div>\n\t\t\t\t\t<\/div>\n\t\t<\/section>\n\t\t\t\t<\/div>\n\t\t","protected":false},"excerpt":{"rendered":"<p>Poland Available countries &#8211; Poland Shipping &#8211; DHL Parcel P\u0142atno\u015b\u0107 &#8211; Przelewy24, PayPal, PayU, Karta p\u0142atnicza (Stripe) Delivery time &#8211; 1-2 days The shipping cost is available in the checkout after selecting the country of delivery (from PLN 18.03). Free delivery from 199 PLN. Europe Available countries &#8211; Austria | Belgium | Czech Republic | [&hellip;]<\/p>\n","protected":false},"author":1,"featured_media":0,"parent":0,"menu_order":0,"comment_status":"closed","ping_status":"closed","template":"elementor_header_footer","meta":{"_acf_changed":false,"footnotes":""},"class_list":["post-33357","page","type-page","status-publish","hentry"],"acf":[],"yoast_head":"<!-- This site is optimized with the Yoast SEO plugin v27.2 - https:\/\/yoast.com\/product\/yoast-seo-wordpress\/ -->\n<title>kindaj - shipping &amp; payment<\/title>\n<meta name=\"description\" content=\"Check the countries and the shipping cost of kindaj products. Browse through the payment options and choose the best one for you.\" \/>\n<meta name=\"robots\" content=\"index, follow, max-snippet:-1, max-image-preview:large, max-video-preview:-1\" \/>\n<link rel=\"canonical\" href=\"https:\/\/kindaj.com\/en\/shipping-payment\/\" \/>\n<meta property=\"og:locale\" content=\"en_US\" \/>\n<meta property=\"og:type\" content=\"article\" \/>\n<meta property=\"og:title\" content=\"kindaj - shipping &amp; payment\" \/>\n<meta property=\"og:description\" content=\"Check the countries and the shipping cost of kindaj products. Browse through the payment options and choose the best one for you.\" \/>\n<meta property=\"og:url\" content=\"https:\/\/kindaj.com\/en\/shipping-payment\/\" \/>\n<meta property=\"og:site_name\" content=\"kindaj\" \/>\n<meta property=\"article:modified_time\" content=\"2023-02-08T09:39:30+00:00\" \/>\n<meta name=\"twitter:card\" content=\"summary_large_image\" \/>\n<meta name=\"twitter:label1\" content=\"Est. reading time\" \/>\n\t<meta name=\"twitter:data1\" content=\"1 minute\" \/>\n<script type=\"application\/ld+json\" class=\"yoast-schema-graph\">{\"@context\":\"https:\/\/schema.org\",\"@graph\":[{\"@type\":\"WebPage\",\"@id\":\"https:\/\/kindaj.com\/en\/shipping-payment\/\",\"url\":\"https:\/\/kindaj.com\/en\/shipping-payment\/\",\"name\":\"kindaj - shipping &amp; payment\",\"isPartOf\":{\"@id\":\"https:\/\/kindaj.com\/en\/#website\"},\"datePublished\":\"2021-04-19T12:38:24+00:00\",\"dateModified\":\"2023-02-08T09:39:30+00:00\",\"description\":\"Check the countries and the shipping cost of kindaj products. Browse through the payment options and choose the best one for you.\",\"breadcrumb\":{\"@id\":\"https:\/\/kindaj.com\/en\/shipping-payment\/#breadcrumb\"},\"inLanguage\":\"en-US\",\"potentialAction\":[{\"@type\":\"ReadAction\",\"target\":[\"https:\/\/kindaj.com\/en\/shipping-payment\/\"]}]},{\"@type\":\"BreadcrumbList\",\"@id\":\"https:\/\/kindaj.com\/en\/shipping-payment\/#breadcrumb\",\"itemListElement\":[{\"@type\":\"ListItem\",\"position\":1,\"name\":\"home\",\"item\":\"https:\/\/kindaj.com\/en\/home\/\"},{\"@type\":\"ListItem\",\"position\":2,\"name\":\"shipping &amp; payment\"}]},{\"@type\":\"WebSite\",\"@id\":\"https:\/\/kindaj.com\/en\/#website\",\"url\":\"https:\/\/kindaj.com\/en\/\",\"name\":\"kindaj\",\"description\":\"minimalistyczne produkty dla dzieci i niemowl\u0105t\",\"publisher\":{\"@id\":\"https:\/\/kindaj.com\/en\/#organization\"},\"potentialAction\":[{\"@type\":\"SearchAction\",\"target\":{\"@type\":\"EntryPoint\",\"urlTemplate\":\"https:\/\/kindaj.com\/en\/?s={search_term_string}\"},\"query-input\":{\"@type\":\"PropertyValueSpecification\",\"valueRequired\":true,\"valueName\":\"search_term_string\"}}],\"inLanguage\":\"en-US\"},{\"@type\":\"Organization\",\"@id\":\"https:\/\/kindaj.com\/en\/#organization\",\"name\":\"kindaj.com\",\"url\":\"https:\/\/kindaj.com\/en\/\",\"logo\":{\"@type\":\"ImageObject\",\"inLanguage\":\"en-US\",\"@id\":\"https:\/\/kindaj.com\/en\/#\/schema\/logo\/image\/\",\"url\":\"https:\/\/i0.wp.com\/kindaj.com\/wp-content\/uploads\/2021\/02\/kindaj_logo.jpg?fit=2000%2C2000&ssl=1\",\"contentUrl\":\"https:\/\/i0.wp.com\/kindaj.com\/wp-content\/uploads\/2021\/02\/kindaj_logo.jpg?fit=2000%2C2000&ssl=1\",\"width\":2000,\"height\":2000,\"caption\":\"kindaj.com\"},\"image\":{\"@id\":\"https:\/\/kindaj.com\/en\/#\/schema\/logo\/image\/\"}}]}<\/script>\n<!-- \/ Yoast SEO plugin. -->","yoast_head_json":{"title":"kindaj - shipping &amp; payment","description":"Check the countries and the shipping cost of kindaj products. Browse through the payment options and choose the best one for you.","robots":{"index":"index","follow":"follow","max-snippet":"max-snippet:-1","max-image-preview":"max-image-preview:large","max-video-preview":"max-video-preview:-1"},"canonical":"https:\/\/kindaj.com\/en\/shipping-payment\/","og_locale":"en_US","og_type":"article","og_title":"kindaj - shipping &amp; payment","og_description":"Check the countries and the shipping cost of kindaj products. Browse through the payment options and choose the best one for you.","og_url":"https:\/\/kindaj.com\/en\/shipping-payment\/","og_site_name":"kindaj","article_modified_time":"2023-02-08T09:39:30+00:00","twitter_card":"summary_large_image","twitter_misc":{"Est. reading time":"1 minute"},"schema":{"@context":"https:\/\/schema.org","@graph":[{"@type":"WebPage","@id":"https:\/\/kindaj.com\/en\/shipping-payment\/","url":"https:\/\/kindaj.com\/en\/shipping-payment\/","name":"kindaj - shipping &amp; payment","isPartOf":{"@id":"https:\/\/kindaj.com\/en\/#website"},"datePublished":"2021-04-19T12:38:24+00:00","dateModified":"2023-02-08T09:39:30+00:00","description":"Check the countries and the shipping cost of kindaj products. Browse through the payment options and choose the best one for you.","breadcrumb":{"@id":"https:\/\/kindaj.com\/en\/shipping-payment\/#breadcrumb"},"inLanguage":"en-US","potentialAction":[{"@type":"ReadAction","target":["https:\/\/kindaj.com\/en\/shipping-payment\/"]}]},{"@type":"BreadcrumbList","@id":"https:\/\/kindaj.com\/en\/shipping-payment\/#breadcrumb","itemListElement":[{"@type":"ListItem","position":1,"name":"home","item":"https:\/\/kindaj.com\/en\/home\/"},{"@type":"ListItem","position":2,"name":"shipping &amp; payment"}]},{"@type":"WebSite","@id":"https:\/\/kindaj.com\/en\/#website","url":"https:\/\/kindaj.com\/en\/","name":"kindaj","description":"minimalistyczne produkty dla dzieci i niemowl\u0105t","publisher":{"@id":"https:\/\/kindaj.com\/en\/#organization"},"potentialAction":[{"@type":"SearchAction","target":{"@type":"EntryPoint","urlTemplate":"https:\/\/kindaj.com\/en\/?s={search_term_string}"},"query-input":{"@type":"PropertyValueSpecification","valueRequired":true,"valueName":"search_term_string"}}],"inLanguage":"en-US"},{"@type":"Organization","@id":"https:\/\/kindaj.com\/en\/#organization","name":"kindaj.com","url":"https:\/\/kindaj.com\/en\/","logo":{"@type":"ImageObject","inLanguage":"en-US","@id":"https:\/\/kindaj.com\/en\/#\/schema\/logo\/image\/","url":"https:\/\/i0.wp.com\/kindaj.com\/wp-content\/uploads\/2021\/02\/kindaj_logo.jpg?fit=2000%2C2000&ssl=1","contentUrl":"https:\/\/i0.wp.com\/kindaj.com\/wp-content\/uploads\/2021\/02\/kindaj_logo.jpg?fit=2000%2C2000&ssl=1","width":2000,"height":2000,"caption":"kindaj.com"},"image":{"@id":"https:\/\/kindaj.com\/en\/#\/schema\/logo\/image\/"}}]}},"jetpack_sharing_enabled":true,"_links":{"self":[{"href":"https:\/\/kindaj.com\/en\/wp-json\/wp\/v2\/pages\/33357","targetHints":{"allow":["GET"]}}],"collection":[{"href":"https:\/\/kindaj.com\/en\/wp-json\/wp\/v2\/pages"}],"about":[{"href":"https:\/\/kindaj.com\/en\/wp-json\/wp\/v2\/types\/page"}],"author":[{"embeddable":true,"href":"https:\/\/kindaj.com\/en\/wp-json\/wp\/v2\/users\/1"}],"replies":[{"embeddable":true,"href":"https:\/\/kindaj.com\/en\/wp-json\/wp\/v2\/comments?post=33357"}],"version-history":[{"count":0,"href":"https:\/\/kindaj.com\/en\/wp-json\/wp\/v2\/pages\/33357\/revisions"}],"wp:attachment":[{"href":"https:\/\/kindaj.com\/en\/wp-json\/wp\/v2\/media?parent=33357"}],"curies":[{"name":"wp","href":"https:\/\/api.w.org\/{rel}","templated":true}]}}